{"id":35864,"date":"2025-08-12T11:42:49","date_gmt":"2025-08-12T14:42:49","guid":{"rendered":"https:\/\/wp.ufpel.edu.br\/progep\/?page_id=35864"},"modified":"2025-12-18T11:34:38","modified_gmt":"2025-12-18T14:34:38","slug":"trilha-pgd-curso-de-ferramentas-do-google-turma-1","status":"publish","type":"page","link":"https:\/\/wp.ufpel.edu.br\/progep\/trilha-pgd-curso-de-ferramentas-do-google-turma-1\/","title":{"rendered":"Capacita\u00e7\u00e3o: Trilha PGD: Curso de Ferramentas do Google &#8211; Turma 1"},"content":{"rendered":"\n<div class=\"wp-block-group\"><div class=\"wp-block-group__inner-container is-layout-constrained wp-block-group-is-layout-constrained\">\n<div class=\"acaoStyle\">\n<div class=\"cabecalhoAcoes\">\n<div>Trilha PGD: Curso de Ferramentas do Google &#8211; Turma 1<\/div>\n<p>O <strong>Google Workspace<\/strong> \u00e9 um conjunto de ferramentas de produtividade online, incluindo o <strong>Google Drive<\/strong> para armazenamento e compartilhamento de arquivos. Com o <strong>Google Docs<\/strong>, \u00e9 poss\u00edvel criar e editar textos, enquanto o <strong>Google Planilhas<\/strong> organiza dados e o <strong>Google Apresenta\u00e7\u00f5es<\/strong> permite a cria\u00e7\u00e3o de slides. Para pesquisas, o <strong>Google Formul\u00e1rios<\/strong> \u00e9 a ferramenta ideal. Juntas, essas aplica\u00e7\u00f5es facilitam a colabora\u00e7\u00e3o e o trabalho em equipe na nuvem.<\/p>\n<\/div>\n<div class=\"corpoStyle\"><strong>Facilitador(a): <\/strong>Guilherme Ribeiro Corr\u00eaa (<em>Docente\/Centro de Desenvolvimento Tecnol\u00f3gico\/UFPEL<\/em>)\n<p><strong>Per\u00edodo de realiza\u00e7\u00e3o<\/strong>: 17\/09\/2025 a 17\/10\/2025 <br \/><strong>Carga hor\u00e1ria<\/strong>: 20h<br \/><strong>Disponibilidade do curso: <\/strong> 30 dias <br \/><strong>Modalidade: <\/strong> Online, sem tutoria. O curso \u00e9 oferecido de forma ass\u00edncrona, deste modo, o participante pode acessar o material e realizar as atividades no seu pr\u00f3prio ritmo, sem a presen\u00e7a de um tutor.\u00a0<br \/><strong>Local:\u00a0 <\/strong> Plataforma E-projeto da UFPel\u00a0<br \/><strong>Ementa: <\/strong><\/p>\n<ul>\n<li>Introdu\u00e7\u00e3o ao Google Workspace<\/li>\n<li>Google Drive: Armazenamento e Compartilhamento<\/li>\n<li>Google Docs: Processamento de Texto Online<\/li>\n<li>Google Planilhas: Gerenciamento de Dados e An\u00e1lise<\/li>\n<li>Google Apresenta\u00e7\u00f5es: Cria\u00e7\u00e3o de Slides<\/li>\n<li>Google Formul\u00e1rios: Cria\u00e7\u00e3o de Question\u00e1rios e Pesquisas<\/li>\n<\/ul>\n<p><strong>P\u00fablico Alvo<\/strong>: Servidores(as) docentes, TAE\u2019s e trabalhadores(as) terceirizados(as) ativos(as) da UFPel*.*<\/p>\n<p><strong>Per\u00edodo de inscri\u00e7\u00e3o<\/strong>: 29\/08 a 14\/09<\/p>\n<p><strong>Divulga\u00e7\u00e3o das inscri\u00e7\u00f5es homologadas<\/strong>: 15\/09**, nesta p\u00e1gina.<\/p>\n<p>*Considerando a Pol\u00edtica Nacional de Desenvolvimento de Pessoas, conforme Decreto n\u00ba 9.991\/19, somente ser\u00e3o certificados(as) os(as) servidores(as) p\u00fablicos pertencentes ao Quadro Efetivo da UFPel;<br \/>** Quando homologadas as inscri\u00e7\u00f5es, os(as) selecionados(as) receber\u00e3o e-mail de confirma\u00e7\u00e3o com instru\u00e7\u00f5es.<\/p>\n<p><strong>Observa\u00e7\u00e3o<\/strong>: A homologa\u00e7\u00e3o das inscri\u00e7\u00f5es dos(as) trabalhadores(as) terceirizados ficar\u00e1 condicionada \u00e0 an\u00e1lise pr\u00e9via e manifesta\u00e7\u00e3o por parte do NUGEST\/PRA.<\/p>\n<p><strong><a href=\"https:\/\/wp.ufpel.edu.br\/progep\/files\/2025\/09\/Homologacao-Trilha-PGD_-Curso-de-Ferramentas-do-Google-\u2013-Turma-1.pdf\" target=\"_blank\" rel=\"noopener\">Confira as inscri\u00e7\u00f5es homolgadas aqui<\/a><\/strong><\/p>\n<p><span style=\"font-size: 14pt\"><strong>Contato:<\/strong> cdp.capacita@ufpel.edu.br<\/span><\/p>\n<\/div>\n<\/div>\n<\/div><\/div>\n\n\n\n<p><\/p>\n","protected":false},"excerpt":{"rendered":"<p>Trilha PGD: Curso de Ferramentas do Google &#8211; Turma 1 O Google Workspace \u00e9 um conjunto de ferramentas de produtividade online, incluindo o Google Drive para armazenamento e compartilhamento de arquivos. Com o Google Docs, \u00e9 poss\u00edvel criar e editar textos, enquanto o Google Planilhas organiza dados e o Google Apresenta\u00e7\u00f5es permite a cria\u00e7\u00e3o de [&hellip;]<\/p>\n","protected":false},"author":21,"featured_media":0,"parent":0,"menu_order":0,"comment_status":"closed","ping_status":"closed","template":"","meta":{"footnotes":""},"class_list":["post-35864","page","type-page","status-publish","hentry"],"_links":{"self":[{"href":"https:\/\/wp.ufpel.edu.br\/progep\/wp-json\/wp\/v2\/pages\/35864","targetHints":{"allow":["GET"]}}],"collection":[{"href":"https:\/\/wp.ufpel.edu.br\/progep\/wp-json\/wp\/v2\/pages"}],"about":[{"href":"https:\/\/wp.ufpel.edu.br\/progep\/wp-json\/wp\/v2\/types\/page"}],"author":[{"embeddable":true,"href":"https:\/\/wp.ufpel.edu.br\/progep\/wp-json\/wp\/v2\/users\/21"}],"replies":[{"embeddable":true,"href":"https:\/\/wp.ufpel.edu.br\/progep\/wp-json\/wp\/v2\/comments?post=35864"}],"version-history":[{"count":3,"href":"https:\/\/wp.ufpel.edu.br\/progep\/wp-json\/wp\/v2\/pages\/35864\/revisions"}],"predecessor-version":[{"id":39473,"href":"https:\/\/wp.ufpel.edu.br\/progep\/wp-json\/wp\/v2\/pages\/35864\/revisions\/39473"}],"wp:attachment":[{"href":"https:\/\/wp.ufpel.edu.br\/progep\/wp-json\/wp\/v2\/media?parent=35864"}],"curies":[{"name":"wp","href":"https:\/\/api.w.org\/{rel}","templated":true}]}}