{"id":35835,"date":"2025-08-12T09:17:00","date_gmt":"2025-08-12T12:17:00","guid":{"rendered":"https:\/\/wp.ufpel.edu.br\/progep\/?page_id=35835"},"modified":"2025-09-09T08:48:00","modified_gmt":"2025-09-09T11:48:00","slug":"criando-slides-visualmente-atrativos-com-canva","status":"publish","type":"page","link":"https:\/\/wp.ufpel.edu.br\/progep\/criando-slides-visualmente-atrativos-com-canva\/","title":{"rendered":"Capacita\u00e7\u00e3o: Criando slides visualmente atrativos com Canva &#8211; Turma 2"},"content":{"rendered":"\n<div class=\"wp-block-group\"><div class=\"wp-block-group__inner-container is-layout-constrained wp-block-group-is-layout-constrained\">\n<div class=\"acaoStyle\">\n<div class=\"cabecalhoAcoes\">\n<div style=\"text-align: center\">Criando slides visualmente atrativos com Canva &#8211; Turma 2<\/div>\n<p>Nesta capacita\u00e7\u00e3o, vamos explorar a plataforma Canva, suas diversas possibilidades de design e a ampla biblioteca de elementos dispon\u00edveis. Tamb\u00e9m aprenderemos a criar v\u00eddeos e a realizar o download dos projetos desenvolvidos.<\/p>\n<\/div>\n<div class=\"corpoStyle\"><strong>Facilitador(a): <\/strong>Larissa Medianeira Bolzan (<em>Docente \/ Centro de Engenharias \/ UFPEL<\/em>)\n<p><strong>Per\u00edodo de inscri\u00e7\u00e3o<\/strong>: <s>11\/08\u00a0 a 14\/08\/2025<\/s> <strong style=\"color: red\">INSCRI\u00c7\u00d5ES ENCERRADAS<\/strong><\/p>\n<p><strong>Data de realiza\u00e7\u00e3o:<\/strong> 19\/08 (ter\u00e7a-feira)<br \/><strong>Hor\u00e1rio: <\/strong>9h \u00e0s 12h<br \/><strong>Carga hor\u00e1ria<\/strong>: 03 horas<br \/><strong>N\u00famero de vagas:<\/strong> 09 (vagas remanescentes das inscri\u00e7\u00f5es para a Turma 1)<br \/><strong>Modalidade: <\/strong>Presencial<br \/><strong>Local:\u00a0 <\/strong>Campus Anglo<br \/><strong>Ementa:<\/strong><\/p>\n<ul>\n<li>O que \u00e9 Canva?<\/li>\n<li>Como acessar o Canva\/criar conta?<\/li>\n<li>Modelos de slides e possibilidades do design.<\/li>\n<li>Elementos do Canva.<\/li>\n<li>Possibilidades de criar v\u00eddeos com Canva.<\/li>\n<li>Downloads do produto no Canva.<\/li>\n<\/ul>\n<p><strong>P\u00fablico Alvo<\/strong>: Servidores(as) docentes, TAE\u2019s e trabalhadores(as) terceirizados(as) ativos(as) da UFPel*.*<\/p>\n<p><strong>Divulga\u00e7\u00e3o das inscri\u00e7\u00f5es homologadas<\/strong>: 15\/08\/2025**, nesta p\u00e1gina. Os participantes homologados receber\u00e3o um e-mail de confirma\u00e7\u00e3o.<\/p>\n<p>*Considerando a Pol\u00edtica Nacional de Desenvolvimento de Pessoas, conforme Decreto n\u00ba 9.991\/19, somente ser\u00e3o certificados(as) os(as) servidores(as) p\u00fablicos pertencentes ao Quadro Efetivo da UFPel;<br \/>** Quando homologadas as inscri\u00e7\u00f5es, os(as) selecionados(as) receber\u00e3o e-mail de confirma\u00e7\u00e3o com instru\u00e7\u00f5es.<\/p>\n<p><strong>Observa\u00e7\u00e3o<\/strong>: A homologa\u00e7\u00e3o das inscri\u00e7\u00f5es dos(as) trabalhadores(as) terceirizados ficar\u00e1 condicionada \u00e0 an\u00e1lise pr\u00e9via e manifesta\u00e7\u00e3o por parte do NUGEST\/PRA.<\/p>\n<p><a href=\"https:\/\/wp.ufpel.edu.br\/progep\/files\/2025\/08\/HOMOLOGACAO-Criando-slides-visualmente-atrativos-com-Canva-Turma-2.pdf\" target=\"_blank\" rel=\"noopener\">Confira as Inscri\u00e7\u00f5es Homologadas aqui<\/a><\/p>\n<p><span style=\"font-size: 14pt\"><strong>Contato:<\/strong> cdp.capacita@ufpel.edu.br<\/span><\/p>\n<\/div>\n<\/div>\n<\/div><\/div>\n\n\n\n<p><\/p>\n","protected":false},"excerpt":{"rendered":"<p>Criando slides visualmente atrativos com Canva &#8211; Turma 2 Nesta capacita\u00e7\u00e3o, vamos explorar a plataforma Canva, suas diversas possibilidades de design e a ampla biblioteca de elementos dispon\u00edveis. Tamb\u00e9m aprenderemos a criar v\u00eddeos e a realizar o download dos projetos desenvolvidos. Facilitador(a): Larissa Medianeira Bolzan (Docente \/ Centro de Engenharias \/ UFPEL) Per\u00edodo de inscri\u00e7\u00e3o: [&hellip;]<\/p>\n","protected":false},"author":21,"featured_media":0,"parent":0,"menu_order":0,"comment_status":"closed","ping_status":"closed","template":"","meta":{"footnotes":""},"class_list":["post-35835","page","type-page","status-publish","hentry"],"_links":{"self":[{"href":"https:\/\/wp.ufpel.edu.br\/progep\/wp-json\/wp\/v2\/pages\/35835","targetHints":{"allow":["GET"]}}],"collection":[{"href":"https:\/\/wp.ufpel.edu.br\/progep\/wp-json\/wp\/v2\/pages"}],"about":[{"href":"https:\/\/wp.ufpel.edu.br\/progep\/wp-json\/wp\/v2\/types\/page"}],"author":[{"embeddable":true,"href":"https:\/\/wp.ufpel.edu.br\/progep\/wp-json\/wp\/v2\/users\/21"}],"replies":[{"embeddable":true,"href":"https:\/\/wp.ufpel.edu.br\/progep\/wp-json\/wp\/v2\/comments?post=35835"}],"version-history":[{"count":3,"href":"https:\/\/wp.ufpel.edu.br\/progep\/wp-json\/wp\/v2\/pages\/35835\/revisions"}],"predecessor-version":[{"id":36643,"href":"https:\/\/wp.ufpel.edu.br\/progep\/wp-json\/wp\/v2\/pages\/35835\/revisions\/36643"}],"wp:attachment":[{"href":"https:\/\/wp.ufpel.edu.br\/progep\/wp-json\/wp\/v2\/media?parent=35835"}],"curies":[{"name":"wp","href":"https:\/\/api.w.org\/{rel}","templated":true}]}}