{"id":35756,"date":"2025-08-06T16:12:10","date_gmt":"2025-08-06T19:12:10","guid":{"rendered":"https:\/\/wp.ufpel.edu.br\/progep\/?page_id=35756"},"modified":"2025-09-09T15:02:28","modified_gmt":"2025-09-09T18:02:28","slug":"modelo-capacitacao-mes-do-servidor","status":"publish","type":"page","link":"https:\/\/wp.ufpel.edu.br\/progep\/modelo-capacitacao-mes-do-servidor\/","title":{"rendered":"Modelo Capacita\u00e7\u00e3o M\u00eas do Servidor"},"content":{"rendered":"\n<div class=\"wp-block-group\"><div class=\"wp-block-group__inner-container is-layout-constrained wp-block-group-is-layout-constrained\">\n<div class=\"acaoMesServidorStyle\">\n<div class=\"headerAcaoStyle\">\n<div class=\"mesServidorLogo\">\n<img src=\"https:\/\/wp.ufpel.edu.br\/progep\/files\/2025\/09\/logo-Mes-Pessoa-Servidora.png\">\n<div style=\"font-size: 16pt;text-align: center;font-weight: bold\">M\u00eas da Pessoa Servidora da UFPEL<\/div>\n<\/div>\n<div class=\"cabecalhoAcoes\">\n<div style=\"font-size: 20pt\">Insira o t\u00edtulo Aqui<\/div>\n<p style=\"color: white\"><span>Nesta parte, insira a descri\u00e7\u00e3o da capacita\u00e7\u00e3o. \u00c9 um espa\u00e7o que pode ser usado para explicar algo sobre a capacita\u00e7\u00e3o, assim o que vier abaixo ser\u00e1 mais breve e sucinto.<\/span><\/p>\n<\/div>\n<\/div>\n<main>\n<div class=\"corpoStyle\">\n\n<div>\n\n<strong>Facilitador(a): <\/strong><span>Indique o nome do\/a ministrante (<em>Cargo da lota\u00e7ao\/ SIGLA UNIDADE\/UNIVERSIDADE<\/em>)<\/span>\n<p><span><strong>Data de realiza\u00e7\u00e3o \/ Per\u00edodo de realiza\u00e7\u00e3o<\/strong><\/span>: <span>\u00a0XX\/XX\/XXXX a XX\/XX\/XXXX, <\/span>\u00a0<span>dia-feira<\/span><br \/><strong>Hor\u00e1rio: <\/strong><span>XhXXmin at\u00e9 \u00e0s XXhXXmin<\/span><br \/><strong>Carga hor\u00e1ria<\/strong>:<span> XXh<\/span><br \/><strong>N\u00famero de vagas:<\/strong> <span>XX<\/span><br \/><strong>Modalidade: <\/strong><span>presencial \/ Plataforma Webconf \/ Online, sem tutoria. O curso \u00e9 oferecido de forma ass\u00edncrona, deste modo, o participante pode acessar o material e realizar as atividades no seu pr\u00f3prio ritmo, sem a presen\u00e7a de um tutor.\u00a0<\/span><br \/><strong>Local:\u00a0 <\/strong><span>Sala XXX \/ Sala a definir \/ Audit\u00f3rio da Reitoria \/ Acad\u00eamico (Campus XXXX)\u00a0<\/span><br \/><strong>Ementa: <\/strong><\/p>\n<ul>\n<li><span>Exemplo de ementa em lista<\/span><\/li>\n<li><span>Exemplo de ementa em lista<\/span><\/li>\n<li><span>Exemplo de ementa em lista<\/span><\/li>\n<li><span>Exemplo de ementa em lista<\/span><\/li>\n<\/ul>\n<\/div>\n<div>\n<strong>P\u00fablico Alvo<\/strong>: Servidores(as) docentes, TAE\u2019s e trabalhadores(as) terceirizados(as) ativos(as) da UFPel*.*\n<p><strong>Per\u00edodo de inscri\u00e7\u00e3o<\/strong>: <span>XX\/XX a XX\/XX<\/span><\/p>\n<p><strong>Divulga\u00e7\u00e3o das inscri\u00e7\u00f5es homologadas<\/strong>: <span>XX\/XX<\/span>**, nesta p\u00e1gina.<\/p>\n<p>*Considerando a Pol\u00edtica Nacional de Desenvolvimento de Pessoas, conforme Decreto n\u00ba 9.991\/19, somente ser\u00e3o certificados(as) os(as) servidores(as) p\u00fablicos pertencentes ao Quadro Efetivo da UFPel;<br \/>** Quando homologadas as inscri\u00e7\u00f5es, os(as) selecionados(as) receber\u00e3o e-mail de confirma\u00e7\u00e3o com instru\u00e7\u00f5es.<\/p>\n<p><strong>Observa\u00e7\u00e3o<\/strong>: A homologa\u00e7\u00e3o das inscri\u00e7\u00f5es dos(as) trabalhadores(as) terceirizados ficar\u00e1 condicionada \u00e0 an\u00e1lise pr\u00e9via e manifesta\u00e7\u00e3o por parte do NUGEST\/PRA.<\/p>\n\n<\/div>\n<\/div>\n<footer>\n<strong><a href=\"https:\/\/wp.ufpel.edu.br\/progep\/inscricoes-mes-da-pessoa-servidora\/\" target=\"_blank\" rel=\"noopener\">INSCRI\u00c7\u00d5ES AQUI<\/a><\/strong>\n<div class=\"prevLegal footerMesServidor\"><strong>Contato:<\/strong> cdp.capacita@ufpel.edu.br<\/div>\n<\/footer>\n<\/main>\n<\/div><\/div>\n","protected":false},"excerpt":{"rendered":"<p>M\u00eas da Pessoa Servidora da UFPEL Insira o t\u00edtulo Aqui Nesta parte, insira a descri\u00e7\u00e3o da capacita\u00e7\u00e3o. \u00c9 um espa\u00e7o que pode ser usado para explicar algo sobre a capacita\u00e7\u00e3o, assim o que vier abaixo ser\u00e1 mais breve e sucinto. Facilitador(a): Indique o nome do\/a ministrante (Cargo da lota\u00e7ao\/ SIGLA UNIDADE\/UNIVERSIDADE) Data de realiza\u00e7\u00e3o \/ [&hellip;]<\/p>\n","protected":false},"author":21,"featured_media":0,"parent":0,"menu_order":0,"comment_status":"closed","ping_status":"closed","template":"page-sem-sidebar.php","meta":{"footnotes":""},"class_list":["post-35756","page","type-page","status-publish","hentry"],"_links":{"self":[{"href":"https:\/\/wp.ufpel.edu.br\/progep\/wp-json\/wp\/v2\/pages\/35756","targetHints":{"allow":["GET"]}}],"collection":[{"href":"https:\/\/wp.ufpel.edu.br\/progep\/wp-json\/wp\/v2\/pages"}],"about":[{"href":"https:\/\/wp.ufpel.edu.br\/progep\/wp-json\/wp\/v2\/types\/page"}],"author":[{"embeddable":true,"href":"https:\/\/wp.ufpel.edu.br\/progep\/wp-json\/wp\/v2\/users\/21"}],"replies":[{"embeddable":true,"href":"https:\/\/wp.ufpel.edu.br\/progep\/wp-json\/wp\/v2\/comments?post=35756"}],"version-history":[{"count":3,"href":"https:\/\/wp.ufpel.edu.br\/progep\/wp-json\/wp\/v2\/pages\/35756\/revisions"}],"predecessor-version":[{"id":36869,"href":"https:\/\/wp.ufpel.edu.br\/progep\/wp-json\/wp\/v2\/pages\/35756\/revisions\/36869"}],"wp:attachment":[{"href":"https:\/\/wp.ufpel.edu.br\/progep\/wp-json\/wp\/v2\/media?parent=35756"}],"curies":[{"name":"wp","href":"https:\/\/api.w.org\/{rel}","templated":true}]}}