{"id":35161,"date":"2025-07-16T12:59:32","date_gmt":"2025-07-16T15:59:32","guid":{"rendered":"https:\/\/wp.ufpel.edu.br\/progep\/?page_id=35161"},"modified":"2026-03-11T10:30:07","modified_gmt":"2026-03-11T13:30:07","slug":"estagio-probatorio-servidores-as-docentes-antiga","status":"publish","type":"page","link":"https:\/\/wp.ufpel.edu.br\/progep\/estagio-probatorio-servidores-as-docentes-antiga\/","title":{"rendered":"Est\u00e1gio Probat\u00f3rio Servidores\/as Docentes &#8211; at\u00e9 06\/02\/2025"},"content":{"rendered":"\n<div class=\"wp-block-group\"><div class=\"wp-block-group__inner-container is-layout-constrained wp-block-group-is-layout-constrained\">\n<div class=\"logoTituloModelStyle\"><img class=\"size-medium wp-image-27184 alignleft\" src=\"https:\/\/wp.ufpel.edu.br\/progep\/files\/2025\/03\/logo-progep_atualizacao-nome_AZUL.png\" alt=\"\" \/><\/p>\n<div style=\"padding: 1rem 0\"><strong>Est\u00e1gio Probat\u00f3rio Docentes &#8211; Ingresso at\u00e9 06\/02\/2025<\/strong><\/div>\n<\/div>\n<hr class=\"hrModelStyle\" \/>\n<div class=\"descriptionModelStyle\">Confira nesta p\u00e1gina informa\u00e7\u00f5es acerca do <strong>Est\u00e1gio Probat\u00f3rio<\/strong> <em>com Ingresso at\u00e9 o dia 06\/02\/2025.<\/em><\/div>\n<\/div><\/div>\n\n\n<p class=\"paragrafoComumStyle\">O acompanhamento do <strong>est\u00e1gio probat\u00f3rio (EP)<\/strong> ser\u00e1 de responsabilidade da chefia imediata, apoiada em um processo de tutoria. O papel do\/a tutor\/a ser\u00e1 de colaborar na inser\u00e7\u00e3o socioprofissional do\/a avaliado\/a, assessorar na elabora\u00e7\u00e3o do <strong>Plano de Trabalho<\/strong>, bem como na sua execu\u00e7\u00e3o; participar do processo avaliativo como consultor\/a, subsidiando a <strong>Comiss\u00e3o Avaliadora.<\/strong><\/p>\n<p class=\"paragrafoComumStyle\">A formaliza\u00e7\u00e3o da avalia\u00e7\u00e3o deve ser realizada em dois momentos:<strong> no 18\u00ba m\u00eas (avalia\u00e7\u00e3o parcial) e no 30\u00ba m\u00eas (avalia\u00e7\u00e3o final)<\/strong>, sendo que o processo deve permanecer na unidade e ser encaminhado \u00e0 <strong>SDCS<\/strong> somente ap\u00f3s a avalia\u00e7\u00e3o final.<\/p>\n<p class=\"blocoDIVStyle\" style=\"padding: 3rem;margin: 2rem;font-size: 14pt\"><strong>No processo dever\u00e3o constar os seguintes instrumentos, referentes tanto \u00e0 avalia\u00e7\u00e3o parcial quanto \u00e0 final:<\/strong><br \/><strong>(I)<\/strong> Plano de <strong>Trabalho<\/strong>;<br \/><strong>(II)<\/strong> Relat\u00f3rio de Acompanhamento do<strong> Tutor<\/strong>;<br \/><strong>(III)<\/strong> Relat\u00f3rio de Acompanhamento da <strong>Chefia Imediata<\/strong>;<br \/><strong>(IV)<\/strong> Relat\u00f3rio de <strong>Autoavalia\u00e7\u00e3o<\/strong>;<br \/><strong>(V)<\/strong> Avalia\u00e7\u00e3o dos <strong>Colaterais<\/strong>;<br \/><strong>(VI)<\/strong> Avalia\u00e7\u00e3o dos<strong> Discentes<\/strong>;<br \/><strong>(VII)<\/strong> Pareceres intermedi\u00e1rios e <strong>Relat\u00f3rio final<\/strong> da <strong>Comiss\u00e3o de Avalia\u00e7\u00e3o<\/strong> (que dever\u00e1 ser apreciado e referendado pelo pleno do Departamento ou \u00f3rg\u00e3o equivalente e, posteriormente pelo Conselho Departamental ou de Centro).<br \/><strong>(VIII) Certificados da Forma\u00e7\u00e3o<\/strong> de Professores Ingressantes, oferecida pelo <strong>NUFOR<\/strong> (dois m\u00f3dulos).<\/p>\n<p class=\"paragrafoComumStyle\">De acordo com os termos da\u00a0<a href=\"https:\/\/wp.ufpel.edu.br\/progep\/files\/2023\/06\/Nota_Tecnica_34215257.pdf\" target=\"_blank\"><strong>Nota T\u00e9cnica SEI n\u00ba 15024\/2023\/MGI<\/strong><\/a>, elenca-se a seguir algumas das aus\u00eancias, licen\u00e7as e afastamentos que suspendem ou n\u00e3o o est\u00e1gio probat\u00f3rio:<\/p>\n\n<table id=\"tablepress-143\" class=\"tablepress tablepress-id-143\">\n<thead>\n<tr class=\"row-1\">\n\t<th class=\"column-1\">SUSPENDE O EST\u00c1GIO PROBAT\u00d3RIO - AUS\u00caNCIAS, LICEN\u00c7AS E AFASTAMENTOS<\/th><th class=\"column-2\">N\u00c3O SUSPENDE O EST\u00c1GIO PROBAT\u00d3RIO - AUS\u00caNCIAS, LICEN\u00c7AS E AFASTAMENTOS<\/th>\n<\/tr>\n<\/thead>\n<tbody class=\"row-striping row-hover\">\n<tr class=\"row-2\">\n\t<td class=\"column-1\">1 - Por motivo de doen\u00e7a em pessoa da fam\u00edlia (art. 81, I);<\/td><td class=\"column-2\">1 - F\u00e9rias regulamentares (art. 10, I)<\/td>\n<\/tr>\n<tr class=\"row-3\">\n\t<td class=\"column-1\">2 - Por motivo de afastamento do c\u00f4njuge ou companheiro (art. 81, II);<\/td><td class=\"column-2\">2 - Licen\u00e7a \u00e0 gestante (art. 102, VIII, a);<\/td>\n<\/tr>\n<tr class=\"row-4\">\n\t<td class=\"column-1\">3 - Para o servi\u00e7o militar (art. 81, III);<\/td><td class=\"column-2\">3 - Licen\u00e7a \u00e0 paternidade (art. 102, VIII, a);<\/td>\n<\/tr>\n<tr class=\"row-5\">\n\t<td class=\"column-1\">4 - Para atividade pol\u00edtica (art. 81, VI);<\/td><td class=\"column-2\">4 - Licen\u00e7a \u00e0 adotante (art. 102, VIII, a);<\/td>\n<\/tr>\n<tr class=\"row-6\">\n\t<td class=\"column-1\">5 - Para participa\u00e7\u00e3o em curso de forma\u00e7\u00e3o decorrente de aprova\u00e7\u00e3o em concurso para outro cargo na Administra\u00e7\u00e3o P\u00fablica Federal (art. 20, \u00a7 4\u00ba);<\/td><td class=\"column-2\">5 - Os dias de feriados;<\/td>\n<\/tr>\n<tr class=\"row-7\">\n\t<td class=\"column-1\">6 - Para exerc\u00edcio de mandato eletivo federal, estadual, distrital ou mandato de Prefeito (art. 94, I e II);<\/td><td class=\"column-2\">6 - O descanso semanal remunerado;<\/td>\n<\/tr>\n<tr class=\"row-8\">\n\t<td class=\"column-1\">7 - Para exerc\u00edcio de mandato eletivo de vereador, n\u00e3o havendo compatibilidade de hor\u00e1rio (art. 94, III, b);<br \/>\n<\/td><td class=\"column-2\">7 - Exerc\u00edcio de cargo em comiss\u00e3o ou equivalente dentro do \u00f3rg\u00e3o da carreira do\/a servidor\/a (art. 20, \u00a7 3\u00ba).<br \/>\n<\/td>\n<\/tr>\n<tr class=\"row-9\">\n\t<td class=\"column-1\">8 - Para servir em organismo internacional de que o Brasil participe ou com o qual coopere (art. 96);<\/td><td class=\"column-2\"><\/td>\n<\/tr>\n<tr class=\"row-10\">\n\t<td class=\"column-1\">9 - Exerc\u00edcio de cargo em comiss\u00e3o ou equivalente em \u00f3rg\u00e3o distinto da carreira do\/a servidor\/a (art. 20, \u00a73\u00ba);<\/td><td class=\"column-2\"><\/td>\n<\/tr>\n<tr class=\"row-11\">\n\t<td class=\"column-1\">10 - Licen\u00e7as para tratamento da pr\u00f3pria sa\u00fade do\/a servidor\/a (art. 102, VIII, b);<\/td><td class=\"column-2\"><\/td>\n<\/tr>\n<tr class=\"row-12\">\n\t<td class=\"column-1\">11 - J\u00fari e outros servi\u00e7os obrigat\u00f3rios por lei (art. 102);<\/td><td class=\"column-2\"><\/td>\n<\/tr>\n<tr class=\"row-13\">\n\t<td class=\"column-1\">12 - Miss\u00e3o ou estudo no exterior, quando autorizado o afastamento, conforme dispuser o regulamento (art. 102, VII);<\/td><td class=\"column-2\"><\/td>\n<\/tr>\n<tr class=\"row-14\">\n\t<td class=\"column-1\">13 - Para doa\u00e7\u00e3o de sangue (art. 97, I);<\/td><td class=\"column-2\"><\/td>\n<\/tr>\n<tr class=\"row-15\">\n\t<td class=\"column-1\">14 - Afastamento para casamento (art. 97, III, a);<\/td><td class=\"column-2\"><\/td>\n<\/tr>\n<tr class=\"row-16\">\n\t<td class=\"column-1\">15 - Para alistamento ou recadastramento eleitoral (art. 97, II);<\/td><td class=\"column-2\"><\/td>\n<\/tr>\n<tr class=\"row-17\">\n\t<td class=\"column-1\">16 - Para deslocamento para a nova sede de que trata o art. 18 (art. 102, IX);<\/td><td class=\"column-2\"><\/td>\n<\/tr>\n<tr class=\"row-18\">\n\t<td class=\"column-1\">17 - Por falecimento do c\u00f4njuge, companheiro, pais, madrasta ou padrasto, filhos, enteados, menor sob guarda ou tutela e irm\u00e3os (art. 97, III, b);<\/td><td class=\"column-2\"><\/td>\n<\/tr>\n<tr class=\"row-19\">\n\t<td class=\"column-1\">18 - Licen\u00e7a por motivo de acidente em servi\u00e7o ou doen\u00e7a profissional (art. 102, VIII, d);<\/td><td class=\"column-2\"><\/td>\n<\/tr>\n<tr class=\"row-20\">\n\t<td class=\"column-1\">19 - Faltas injustificadas;<\/td><td class=\"column-2\"><\/td>\n<\/tr>\n<tr class=\"row-21\">\n\t<td class=\"column-1\">20 - Participa\u00e7\u00e3o em competi\u00e7\u00e3o desportiva nacional ou convoca\u00e7\u00e3o para integrar representa\u00e7\u00e3o desportiva nacional no Pa\u00eds ou no Exterior (art. 102, X);<\/td><td class=\"column-2\"><\/td>\n<\/tr>\n<tr class=\"row-22\">\n\t<td class=\"column-1\">21 - Penalidade de suspens\u00e3o, em decorr\u00eancia de PAD, n\u00e3o convertida em multa (artigos 127, II, 130, 131, 141 e 145);<\/td><td class=\"column-2\"><\/td>\n<\/tr>\n<tr class=\"row-23\">\n\t<td class=\"column-1\">22 - Afastamento do exerc\u00edcio do cargo de medida cautelar (art. 147);<\/td><td class=\"column-2\"><\/td>\n<\/tr>\n<tr class=\"row-24\">\n\t<td class=\"column-1\">23 - Afastamento por motivo de pris\u00e3o (art. 229);<\/td><td class=\"column-2\"><\/td>\n<\/tr>\n<tr class=\"row-25\">\n\t<td class=\"column-1\">24 - Cess\u00e3o e Requisi\u00e7\u00e3o de servidor\/a para exerc\u00edcio em outro o\u0301rga\u0303o ou entidade, seja no \u00e2mbito dos Poderes da Uni\u00e3o, dos Estados, do Distrito Federal ou dos Munic\u00edpios.<\/td><td class=\"column-2\"><\/td>\n<\/tr>\n<\/tbody>\n<\/table>\n<!-- #tablepress-143 from cache -->\n<div class=\"linksComum\">\n<div class=\"titleComumStyle\">Base de Conhecimento do SEI:<\/div>\n<p class=\"paragrafoComumStyle blocoDIVStyle\"><strong>Aten\u00e7\u00e3o!<\/strong> Os documentos abaixos s\u00e3o para ingressantes at\u00e9 dia 06\/02\/2025.<\/p>\n<p><a href=\"https:\/\/wp.ufpel.edu.br\/escritoriodeprocessos\/files\/2023\/02\/Estagio-Probatorio-de-Servidor-Docente.pdf\" target=\"_blank\" rel=\"noopener\">Est\u00e1gio Probat\u00f3rio de Servidor\/a Docente &#8211; para ingressantes at\u00e9 14\/07\/2022. Data fim: 06\/02\/2025<\/a><\/p>\n<p><a href=\"https:\/\/wp.ufpel.edu.br\/escritoriodeprocessos\/files\/2023\/05\/Estagio-Probatorio-de-Servidor-Docente-Resolucao-CONSUN-No-762022.pdf\" target=\"_blank\" rel=\"noopener\">Est\u00e1gio Probat\u00f3rio de Servidor\/a Docente (Resolu\u00e7\u00e3o CONSUN 76\/2022) &#8211; para ingressantes a partir de 15\/07\/2022. Data fim: 06\/02\/2025<\/a><\/p>\n<\/div>","protected":false},"excerpt":{"rendered":"<p>Est\u00e1gio Probat\u00f3rio Docentes &#8211; Ingresso at\u00e9 06\/02\/2025 Confira nesta p\u00e1gina informa\u00e7\u00f5es acerca do Est\u00e1gio Probat\u00f3rio com Ingresso at\u00e9 o dia 06\/02\/2025. O acompanhamento do est\u00e1gio probat\u00f3rio (EP) ser\u00e1 de responsabilidade da chefia imediata, apoiada em um processo de tutoria. O papel do\/a tutor\/a ser\u00e1 de colaborar na inser\u00e7\u00e3o socioprofissional do\/a avaliado\/a, assessorar na elabora\u00e7\u00e3o do [&hellip;]<\/p>\n","protected":false},"author":21,"featured_media":0,"parent":0,"menu_order":0,"comment_status":"closed","ping_status":"closed","template":"","meta":{"footnotes":""},"class_list":["post-35161","page","type-page","status-publish","hentry"],"_links":{"self":[{"href":"https:\/\/wp.ufpel.edu.br\/progep\/wp-json\/wp\/v2\/pages\/35161","targetHints":{"allow":["GET"]}}],"collection":[{"href":"https:\/\/wp.ufpel.edu.br\/progep\/wp-json\/wp\/v2\/pages"}],"about":[{"href":"https:\/\/wp.ufpel.edu.br\/progep\/wp-json\/wp\/v2\/types\/page"}],"author":[{"embeddable":true,"href":"https:\/\/wp.ufpel.edu.br\/progep\/wp-json\/wp\/v2\/users\/21"}],"replies":[{"embeddable":true,"href":"https:\/\/wp.ufpel.edu.br\/progep\/wp-json\/wp\/v2\/comments?post=35161"}],"version-history":[{"count":3,"href":"https:\/\/wp.ufpel.edu.br\/progep\/wp-json\/wp\/v2\/pages\/35161\/revisions"}],"predecessor-version":[{"id":40752,"href":"https:\/\/wp.ufpel.edu.br\/progep\/wp-json\/wp\/v2\/pages\/35161\/revisions\/40752"}],"wp:attachment":[{"href":"https:\/\/wp.ufpel.edu.br\/progep\/wp-json\/wp\/v2\/media?parent=35161"}],"curies":[{"name":"wp","href":"https:\/\/api.w.org\/{rel}","templated":true}]}}