{"id":35146,"date":"2025-07-16T10:21:26","date_gmt":"2025-07-16T13:21:26","guid":{"rendered":"https:\/\/wp.ufpel.edu.br\/progep\/?page_id=35146"},"modified":"2025-07-16T10:21:26","modified_gmt":"2025-07-16T13:21:26","slug":"sobre-a-carreira-tae","status":"publish","type":"page","link":"https:\/\/wp.ufpel.edu.br\/progep\/sobre-a-carreira-tae\/","title":{"rendered":"Sobre a Carreira TAE"},"content":{"rendered":"\n<div class=\"wp-block-group\"><div class=\"wp-block-group__inner-container is-layout-constrained wp-block-group-is-layout-constrained\">\n<div class=\"logoTituloModelStyle\"><img class=\"size-medium wp-image-27184 alignleft\" src=\"https:\/\/wp.ufpel.edu.br\/progep\/files\/2025\/03\/logo-progep_atualizacao-nome_AZUL.png\" alt=\"\" \/><\/p>\n<div><strong>Sobre a Carreira TAE<\/strong><\/div>\n<\/div>\n<hr class=\"hrModelStyle\" \/>\n<div class=\"descriptionModelStyle\">Encontre nesta p\u00e1ginas algumas informa\u00e7\u00f5es sobre Remunera\u00e7\u00e3o e Situa\u00e7\u00e3o e Atribui\u00e7\u00e3o dos Cargos.<\/div>\n<\/div><\/div>\n\n<div class=\"botaoStyle sobreCarreiraStyle\"> \n<a href=\"https:\/\/wp.ufpel.edu.br\/progep\/atribuicao-dos-cargos\/\">Atribui\u00e7\u00e3o dos Cargos<\/a>\n<a href=\"https:\/\/wp.ufpel.edu.br\/progep\/situacao-dos-cargos-taes\/\">Situa\u00e7\u00e3o dos Cargos<\/a>\n<a href=\"https:\/\/wp.ufpel.edu.br\/progep\/remuneracao-taes\/\"> Remunera\u00e7\u00e3o TAE&#8217;s<\/a>\n<\/div>","protected":false},"excerpt":{"rendered":"<p>Sobre a Carreira TAE Encontre nesta p\u00e1ginas algumas informa\u00e7\u00f5es sobre Remunera\u00e7\u00e3o e Situa\u00e7\u00e3o e Atribui\u00e7\u00e3o dos Cargos. Atribui\u00e7\u00e3o dos Cargos Situa\u00e7\u00e3o dos Cargos Remunera\u00e7\u00e3o TAE&#8217;s<\/p>\n","protected":false},"author":21,"featured_media":0,"parent":0,"menu_order":0,"comment_status":"closed","ping_status":"closed","template":"","meta":{"footnotes":""},"class_list":["post-35146","page","type-page","status-publish","hentry"],"_links":{"self":[{"href":"https:\/\/wp.ufpel.edu.br\/progep\/wp-json\/wp\/v2\/pages\/35146","targetHints":{"allow":["GET"]}}],"collection":[{"href":"https:\/\/wp.ufpel.edu.br\/progep\/wp-json\/wp\/v2\/pages"}],"about":[{"href":"https:\/\/wp.ufpel.edu.br\/progep\/wp-json\/wp\/v2\/types\/page"}],"author":[{"embeddable":true,"href":"https:\/\/wp.ufpel.edu.br\/progep\/wp-json\/wp\/v2\/users\/21"}],"replies":[{"embeddable":true,"href":"https:\/\/wp.ufpel.edu.br\/progep\/wp-json\/wp\/v2\/comments?post=35146"}],"version-history":[{"count":2,"href":"https:\/\/wp.ufpel.edu.br\/progep\/wp-json\/wp\/v2\/pages\/35146\/revisions"}],"predecessor-version":[{"id":35151,"href":"https:\/\/wp.ufpel.edu.br\/progep\/wp-json\/wp\/v2\/pages\/35146\/revisions\/35151"}],"wp:attachment":[{"href":"https:\/\/wp.ufpel.edu.br\/progep\/wp-json\/wp\/v2\/media?parent=35146"}],"curies":[{"name":"wp","href":"https:\/\/api.w.org\/{rel}","templated":true}]}}