{"id":35071,"date":"2025-07-15T10:25:01","date_gmt":"2025-07-15T13:25:01","guid":{"rendered":"https:\/\/wp.ufpel.edu.br\/progep\/?page_id=35071"},"modified":"2025-07-15T11:23:49","modified_gmt":"2025-07-15T14:23:49","slug":"nomeacoes-edital-15-2024","status":"publish","type":"page","link":"https:\/\/wp.ufpel.edu.br\/progep\/nomeacoes-edital-15-2024\/","title":{"rendered":"Nomea\u00e7\u00f5es &#8211; Edital 15\/2024"},"content":{"rendered":"\n<div class=\"wp-block-group\"><div class=\"wp-block-group__inner-container is-layout-constrained wp-block-group-is-layout-constrained\">\n<div class=\"logoTituloModelStyle\"><img class=\"size-medium wp-image-27184 alignleft\" src=\"https:\/\/wp.ufpel.edu.br\/progep\/files\/2025\/03\/logo-progep_atualizacao-nome_AZUL.png\" style=\"padding:0\" alt=\"\" \/><\/p>\n<div style=\"padding:2rem\"><strong>Nomea\u00e7\u00f5es &#8211; Edital 15\/2024<\/strong><\/div>\n<\/div>\n<hr class=\"hrModelStyle\" \/>\n<div class=\"descriptionModelStyle\">Acompanhe nesta p\u00e1gina a publica\u00e7\u00e3o dos\/as nomeados\/as para cargos t\u00e9cnicos na UFPEL.<\/div>\n<\/div><\/div>\n\n\n<div class=\"pagNomeacoesStyle\">\n<div class=\"cargosNomeConvStyle\">\n<div class=\"cargosTitleStyle\"> Cargos nesta p\u00e1gina:<\/div>\n<div class=\"cargosStyle\">\n<p>Arquiteto e Urbanista<\/p>\n<p>Engenheiro\/\u00c1rea: El\u00e9trica<\/p>\n<p>Fisioterapeuta<\/p>\n<p>M\u00e9dico Veterin\u00e1rio &#8211; \u00canfase: An\u00e1lises Laboratoriais (Patologia Cl\u00ednica)<\/p>\n<p>M\u00e9dico Veterin\u00e1rio &#8211; \u00canfase: Atendimento Cl\u00ednico e Medicina Intensiva de Pequenos Animais<\/p>\n<p>M\u00e9dico Veterin\u00e1rio &#8211; \u00canfase: Diagn\u00f3stico por Imagem<\/p>\n<p>M\u00e9dico\/\u00c1rea: Cirurgia Geral<\/p>\n<p>M\u00e9dico\/\u00c1rea: Hematologia<\/p>\n<p>Produtor Cultural<\/p>\n<\/div>\n<\/div>\n<p> Confira a p\u00e1gina com as informa\u00e7\u00f5es a respeito do certame: <\/p>\n<a href=\"https:\/\/legalleconcursos.com.br\/editais\/ver\/667a516cdae34eeda7a4ef2006b18128\" target=\"_blank\">Certame do Edital 15\/2024<\/a>\n<div class=\"titleStyle\"><strong>Ampla Concorr\u00eancia<\/strong><\/div>\n<div class=\"titleStyle\"><strong>Cargo<\/strong>: Arquiteto e Urbanista<\/div>\n\n<table id=\"tablepress-130\" class=\"tablepress tablepress-id-130\">\n<thead>\n<tr class=\"row-1\">\n\t<th class=\"column-1\">Classifica\u00e7\u00e3o<\/th><th class=\"column-2\">Nome<\/th><th class=\"column-3\">Situa\u00e7\u00e3o<\/th>\n<\/tr>\n<\/thead>\n<tbody class=\"row-striping row-hover\">\n<tr class=\"row-2\">\n\t<td class=\"column-1\">1<\/td><td class=\"column-2\">Cesar Marzullo Aguiar Centeno Rodrigues<\/td><td class=\"column-3\">Nomeado em 24\/02\/2026<\/td>\n<\/tr>\n<tr class=\"row-3\">\n\t<td class=\"column-1\">2<\/td><td class=\"column-2\">Cesar Rodeghiero Rosa<\/td><td class=\"column-3\">Nomeado em 24\/02\/2026<\/td>\n<\/tr>\n<tr class=\"row-4\">\n\t<td class=\"column-1\">3<\/td><td class=\"column-2\">Raquel Ramos Silveira Da Mota<\/td><td class=\"column-3\"><\/td>\n<\/tr>\n<\/tbody>\n<\/table>\n<!-- #tablepress-130 from cache -->\n<div class=\"titleStyle\"><strong>Cargo<\/strong>: Engenheiro\/\u00c1rea: El\u00e9trica<\/div>\n\n<table id=\"tablepress-131\" class=\"tablepress tablepress-id-131\">\n<thead>\n<tr class=\"row-1\">\n\t<th class=\"column-1\">Classifica\u00e7\u00e3o <\/th><th class=\"column-2\">Nome<\/th><th class=\"column-3\">Situa\u00e7\u00e3o<\/th>\n<\/tr>\n<\/thead>\n<tbody class=\"row-striping row-hover\">\n<tr class=\"row-2\">\n\t<td class=\"column-1\">1<\/td><td class=\"column-2\">Leonardo Jonas Piotrowski<\/td><td class=\"column-3\">Nomeado em 28\/07\/2025<\/td>\n<\/tr>\n<tr class=\"row-3\">\n\t<td class=\"column-1\">2<\/td><td class=\"column-2\">Pablo Albuquerque De Campos<\/td><td class=\"column-3\">Nomeado em 28\/10\/2025<\/td>\n<\/tr>\n<tr class=\"row-4\">\n\t<td class=\"column-1\">3<\/td><td class=\"column-2\">Jose Luis Gaiger Xavier<\/td><td class=\"column-3\"><\/td>\n<\/tr>\n<tr class=\"row-5\">\n\t<td class=\"column-1\">4<\/td><td class=\"column-2\">Tiago Schwartz Radatz<\/td><td class=\"column-3\"><\/td>\n<\/tr>\n<tr class=\"row-6\">\n\t<td class=\"column-1\">5<\/td><td class=\"column-2\">Cleo Costa Morais<\/td><td class=\"column-3\"><\/td>\n<\/tr>\n<\/tbody>\n<\/table>\n<!-- #tablepress-131 from cache -->\n<div class=\"titleStyle\"><strong>Cargo<\/strong>: Fisioterapeuta<\/div>\n\n<table id=\"tablepress-132\" class=\"tablepress tablepress-id-132\">\n<thead>\n<tr class=\"row-1\">\n\t<th class=\"column-1\">Classifica\u00e7\u00e3o<\/th><th class=\"column-2\">Nome<\/th><th class=\"column-3\">Situa\u00e7\u00e3o<\/th>\n<\/tr>\n<\/thead>\n<tbody class=\"row-striping row-hover\">\n<tr class=\"row-2\">\n\t<td class=\"column-1\">1<\/td><td class=\"column-2\">Abelardo De Oliveira Soares Junior<\/td><td class=\"column-3\">Nomeado em 03\/09\/2025<\/td>\n<\/tr>\n<tr class=\"row-3\">\n\t<td class=\"column-1\">2<\/td><td class=\"column-2\">Cristina Dos Santos Paludo<\/td><td class=\"column-3\">Nomeada em 24\/02\/2026<\/td>\n<\/tr>\n<tr class=\"row-4\">\n\t<td class=\"column-1\">3<\/td><td class=\"column-2\">Renato Lins Rodrigues<\/td><td class=\"column-3\"><\/td>\n<\/tr>\n<tr class=\"row-5\">\n\t<td class=\"column-1\">4<\/td><td class=\"column-2\">Daniel Tassinari Felber<\/td><td class=\"column-3\"><\/td>\n<\/tr>\n<\/tbody>\n<\/table>\n<!-- #tablepress-132 from cache -->\n<div class=\"titleStyle\"><strong>Cargo<\/strong>: M\u00e9dico Veterin\u00e1rio &#8211; \u00canfase: An\u00e1lises Laboratoriais (Patologia Cl\u00ednica)<\/div>\n\n<table id=\"tablepress-133\" class=\"tablepress tablepress-id-133\">\n<thead>\n<tr class=\"row-1\">\n\t<th class=\"column-1\">Classifica\u00e7\u00e3o<\/th><th class=\"column-2\">Nome<\/th><th class=\"column-3\">Situa\u00e7\u00e3o<\/th>\n<\/tr>\n<\/thead>\n<tbody class=\"row-striping row-hover\">\n<tr class=\"row-2\">\n\t<td class=\"column-1\">1<\/td><td class=\"column-2\">Santila Antunes Cardoso Bravo<\/td><td class=\"column-3\"><\/td>\n<\/tr>\n<tr class=\"row-3\">\n\t<td class=\"column-1\">2<\/td><td class=\"column-2\">Sergiane Baes Pereira<\/td><td class=\"column-3\"><\/td>\n<\/tr>\n<tr class=\"row-4\">\n\t<td class=\"column-1\">3<\/td><td class=\"column-2\">Vanessa Dalla Porta Eder<\/td><td class=\"column-3\"><\/td>\n<\/tr>\n<\/tbody>\n<\/table>\n<!-- #tablepress-133 from cache -->\n<div class=\"titleStyle\"><strong>Cargo<\/strong>: M\u00e9dico Veterin\u00e1rio &#8211; \u00canfase: Atendimento Cl\u00ednico e Medicina Intensiva de Pequenos Animais<\/div>\n\n<table id=\"tablepress-134\" class=\"tablepress tablepress-id-134\">\n<thead>\n<tr class=\"row-1\">\n\t<th class=\"column-1\">Classifica\u00e7\u00e3o<\/th><th class=\"column-2\">Nome<\/th><th class=\"column-3\">Situa\u00e7\u00e3o<\/th>\n<\/tr>\n<\/thead>\n<tbody class=\"row-striping row-hover\">\n<tr class=\"row-2\">\n\t<td class=\"column-1\">1<\/td><td class=\"column-2\">Natalia Horstmann Risso<\/td><td class=\"column-3\">Nomeada em 03\/09\/2025<\/td>\n<\/tr>\n<tr class=\"row-3\">\n\t<td class=\"column-1\">2<\/td><td class=\"column-2\">Angel Ripplinger<\/td><td class=\"column-3\"><\/td>\n<\/tr>\n<tr class=\"row-4\">\n\t<td class=\"column-1\">3<\/td><td class=\"column-2\">Lua Borges Iepsen<\/td><td class=\"column-3\"><\/td>\n<\/tr>\n<tr class=\"row-5\">\n\t<td class=\"column-1\">4<\/td><td class=\"column-2\">Graziele Silveira Da Costa<\/td><td class=\"column-3\"><\/td>\n<\/tr>\n<\/tbody>\n<\/table>\n<!-- #tablepress-134 from cache -->\n<div class=\"titleStyle\"><strong>Cargo<\/strong>: M\u00e9dico Veterin\u00e1rio &#8211; \u00canfase: Diagn\u00f3stico por Imagem<\/div>\n\n<table id=\"tablepress-135\" class=\"tablepress tablepress-id-135\">\n<thead>\n<tr class=\"row-1\">\n\t<th class=\"column-1\">Classifica\u00e7\u00e3o<\/th><th class=\"column-2\">Nome<\/th><th class=\"column-3\">Situa\u00e7\u00e3o<\/th>\n<\/tr>\n<\/thead>\n<tbody class=\"row-striping row-hover\">\n<tr class=\"row-2\">\n\t<td class=\"column-1\">1<\/td><td class=\"column-2\">Claudia Giordani<\/td><td class=\"column-3\">Nomeada em 28\/07\/2025<\/td>\n<\/tr>\n<tr class=\"row-3\">\n\t<td class=\"column-1\">2<\/td><td class=\"column-2\">Eduardo Garcia Fontoura<\/td><td class=\"column-3\"><\/td>\n<\/tr>\n<tr class=\"row-4\">\n\t<td class=\"column-1\">3<\/td><td class=\"column-2\">Bairon De Araujo Hannemann<\/td><td class=\"column-3\"><\/td>\n<\/tr>\n<\/tbody>\n<\/table>\n<!-- #tablepress-135 from cache -->\n<div class=\"titleStyle\"><strong>Cargo<\/strong>: M\u00e9dico\/\u00c1rea: Cirurgia Geral<\/div>\n\n<table id=\"tablepress-136\" class=\"tablepress tablepress-id-136\">\n<thead>\n<tr class=\"row-1\">\n\t<th class=\"column-1\">Classifica\u00e7\u00e3o<\/th><th class=\"column-2\">Nome<\/th><th class=\"column-3\">Situa\u00e7\u00e3o<\/th>\n<\/tr>\n<\/thead>\n<tbody class=\"row-striping row-hover\">\n<tr class=\"row-2\">\n\t<td class=\"column-1\">1<\/td><td class=\"column-2\">Pedro Funari Pereira<\/td><td class=\"column-3\">Nomeado em 28\/07\/2025<\/td>\n<\/tr>\n<tr class=\"row-3\">\n\t<td class=\"column-1\">2<\/td><td class=\"column-2\">Victor Felipe Dos Santos Tejada<\/td><td class=\"column-3\"><\/td>\n<\/tr>\n<tr class=\"row-4\">\n\t<td class=\"column-1\">3<\/td><td class=\"column-2\">Camilo Luna Garavazzo<\/td><td class=\"column-3\"><\/td>\n<\/tr>\n<tr class=\"row-5\">\n\t<td class=\"column-1\">4<\/td><td class=\"column-2\">Karinhela Tatiegene Junges Amaral<\/td><td class=\"column-3\"><\/td>\n<\/tr>\n<tr class=\"row-6\">\n\t<td class=\"column-1\">5<\/td><td class=\"column-2\">Emanuel Firmo Rodrigues<\/td><td class=\"column-3\"><\/td>\n<\/tr>\n<\/tbody>\n<\/table>\n<!-- #tablepress-136 from cache -->\n<div class=\"titleStyle\"><strong>Cargo<\/strong>: M\u00e9dico\/\u00c1rea: Hematologia<\/div>\n\n<table id=\"tablepress-137\" class=\"tablepress tablepress-id-137\">\n<thead>\n<tr class=\"row-1\">\n\t<th class=\"column-1\">Classifica\u00e7\u00e3o<\/th><th class=\"column-2\">Nome<\/th><th class=\"column-3\">Situa\u00e7\u00e3o<\/th>\n<\/tr>\n<\/thead>\n<tbody class=\"row-striping row-hover\">\n<tr class=\"row-2\">\n\t<td class=\"column-1\">1<\/td><td class=\"column-2\">Nathalia Helbig Dias<\/td><td class=\"column-3\">Nomeada em 28\/07\/2025<\/td>\n<\/tr>\n<tr class=\"row-3\">\n\t<td class=\"column-1\">2<\/td><td class=\"column-2\">Alice Lucena Nunes Leal<\/td><td class=\"column-3\">Nomeada em 04\/08\/2025<\/td>\n<\/tr>\n<\/tbody>\n<\/table>\n<!-- #tablepress-137 from cache -->\n<div class=\"titleStyle\"><strong>Cargo<\/strong>: Produtor Cultural<\/div>\n\n<table id=\"tablepress-138\" class=\"tablepress tablepress-id-138\">\n<thead>\n<tr class=\"row-1\">\n\t<th class=\"column-1\">Classifica\u00e7\u00e3o<\/th><th class=\"column-2\">Nome<\/th><th class=\"column-3\">Situa\u00e7\u00e3o<\/th>\n<\/tr>\n<\/thead>\n<tbody class=\"row-striping row-hover\">\n<tr class=\"row-2\">\n\t<td class=\"column-1\">1<\/td><td class=\"column-2\">Debora Pereira Lucas Costa<\/td><td class=\"column-3\"><\/td>\n<\/tr>\n<tr class=\"row-3\">\n\t<td class=\"column-1\">2<\/td><td class=\"column-2\">Patricia Ruas Dias<\/td><td class=\"column-3\"><\/td>\n<\/tr>\n<tr class=\"row-4\">\n\t<td class=\"column-1\">3<\/td><td class=\"column-2\">Igor Araujo Porto<\/td><td class=\"column-3\"><\/td>\n<\/tr>\n<\/tbody>\n<\/table>\n<!-- #tablepress-138 from cache -->\n<div class=\"titleStyle\"><strong>COTAS PcD<\/strong><\/div>\n\n<table id=\"tablepress-139\" class=\"tablepress tablepress-id-139\">\n<thead>\n<tr class=\"row-1\">\n\t<th class=\"column-1\">Classifica\u00e7\u00e3o<\/th><th class=\"column-2\">Nome<\/th><th class=\"column-3\">Cargo\/\u00c1rea<\/th><th class=\"column-4\">Situa\u00e7\u00e3o<\/th>\n<\/tr>\n<\/thead>\n<tbody class=\"row-striping row-hover\">\n<tr class=\"row-2\">\n\t<td class=\"column-1\">1<\/td><td class=\"column-2\">Krischna Silveira Duarte<\/td><td class=\"column-3\">Produtor Cultural<\/td><td class=\"column-4\">Nomeada em 28\/07\/2025<\/td>\n<\/tr>\n<tr class=\"row-3\">\n\t<td class=\"column-1\">2<\/td><td class=\"column-2\">Cristiane Dos Santos Nunes<\/td><td class=\"column-3\">Arquiteto e Urbanista<\/td><td class=\"column-4\"><\/td>\n<\/tr>\n<tr class=\"row-4\">\n\t<td class=\"column-1\">3<\/td><td class=\"column-2\">Marcela Brandao Costa<\/td><td class=\"column-3\">M\u00e9d. Vet. - \u00canfase: An\u00e1lises <br \/> Laboratoriais (Patologia Cl\u00ednica)<\/td><td class=\"column-4\"><\/td>\n<\/tr>\n<\/tbody>\n<\/table>\n<!-- #tablepress-139 from cache -->\n<div class=\"titleStyle\"><strong>COTAS RACIAIS<\/strong><\/div>\n\n<table id=\"tablepress-140\" class=\"tablepress tablepress-id-140\">\n<thead>\n<tr class=\"row-1\">\n\t<th class=\"column-1\">Classifica\u00e7\u00e3o<\/th><th class=\"column-2\">Nome<\/th><th class=\"column-3\">Cargo\/\u00c1rea<\/th><th class=\"column-4\">Situa\u00e7\u00e3o<\/th>\n<\/tr>\n<\/thead>\n<tbody class=\"row-striping row-hover\">\n<tr class=\"row-2\">\n\t<td class=\"column-1\">1<\/td><td class=\"column-2\">Sirlene De Mello Sope\u00f1a<br \/>\n<br \/>\n<\/td><td class=\"column-3\">Arquiteto e Urbanista<\/td><td class=\"column-4\">Nomeada em 30\/07\/2025<\/td>\n<\/tr>\n<tr class=\"row-3\">\n\t<td class=\"column-1\">2<\/td><td class=\"column-2\">Ana Paula Nunes Gomes<\/td><td class=\"column-3\">Produtor Cultural<\/td><td class=\"column-4\"><\/td>\n<\/tr>\n<tr class=\"row-4\">\n\t<td class=\"column-1\">3<\/td><td class=\"column-2\">Danilo Franco Regis Passos Souza<\/td><td class=\"column-3\">\t<br \/>\nM\u00e9d. Vet. - \u00canfase: An\u00e1lises <br \/> Laboratoriais (Patologia Cl\u00ednica)<\/td><td class=\"column-4\">Nomeado em 28\/08\/2025<\/td>\n<\/tr>\n<tr class=\"row-5\">\n\t<td class=\"column-1\">4<\/td><td class=\"column-2\">Joseana De Lima Andrades<\/td><td class=\"column-3\">\t<br \/>\nM\u00e9d. Vet. - \u00canf.: Atend. Cl\u00ednico <br \/>e Med. Intensiva de Pequenos Animais<\/td><td class=\"column-4\"><\/td>\n<\/tr>\n<tr class=\"row-6\">\n\t<td class=\"column-1\">5<\/td><td class=\"column-2\">Liandra Vigil Leivas<\/td><td class=\"column-3\">\t<br \/>\nFisioterapeuta<\/td><td class=\"column-4\">Nomeada em 24\/02\/2026<\/td>\n<\/tr>\n<\/tbody>\n<\/table>\n<!-- #tablepress-140 from cache -->\n<\/div>\n","protected":false},"excerpt":{"rendered":"<p>Nomea\u00e7\u00f5es &#8211; Edital 15\/2024 Acompanhe nesta p\u00e1gina a publica\u00e7\u00e3o dos\/as nomeados\/as para cargos t\u00e9cnicos na UFPEL. Cargos nesta p\u00e1gina: Arquiteto e Urbanista Engenheiro\/\u00c1rea: El\u00e9trica Fisioterapeuta M\u00e9dico Veterin\u00e1rio &#8211; \u00canfase: An\u00e1lises Laboratoriais (Patologia Cl\u00ednica) M\u00e9dico Veterin\u00e1rio &#8211; \u00canfase: Atendimento Cl\u00ednico e Medicina Intensiva de Pequenos Animais M\u00e9dico Veterin\u00e1rio &#8211; \u00canfase: Diagn\u00f3stico por Imagem M\u00e9dico\/\u00c1rea: Cirurgia Geral [&hellip;]<\/p>\n","protected":false},"author":21,"featured_media":0,"parent":0,"menu_order":0,"comment_status":"closed","ping_status":"closed","template":"","meta":{"footnotes":""},"class_list":["post-35071","page","type-page","status-publish","hentry"],"_links":{"self":[{"href":"https:\/\/wp.ufpel.edu.br\/progep\/wp-json\/wp\/v2\/pages\/35071","targetHints":{"allow":["GET"]}}],"collection":[{"href":"https:\/\/wp.ufpel.edu.br\/progep\/wp-json\/wp\/v2\/pages"}],"about":[{"href":"https:\/\/wp.ufpel.edu.br\/progep\/wp-json\/wp\/v2\/types\/page"}],"author":[{"embeddable":true,"href":"https:\/\/wp.ufpel.edu.br\/progep\/wp-json\/wp\/v2\/users\/21"}],"replies":[{"embeddable":true,"href":"https:\/\/wp.ufpel.edu.br\/progep\/wp-json\/wp\/v2\/comments?post=35071"}],"version-history":[{"count":4,"href":"https:\/\/wp.ufpel.edu.br\/progep\/wp-json\/wp\/v2\/pages\/35071\/revisions"}],"predecessor-version":[{"id":35108,"href":"https:\/\/wp.ufpel.edu.br\/progep\/wp-json\/wp\/v2\/pages\/35071\/revisions\/35108"}],"wp:attachment":[{"href":"https:\/\/wp.ufpel.edu.br\/progep\/wp-json\/wp\/v2\/media?parent=35071"}],"curies":[{"name":"wp","href":"https:\/\/api.w.org\/{rel}","templated":true}]}}