{"id":34312,"date":"2025-07-01T15:47:41","date_gmt":"2025-07-01T18:47:41","guid":{"rendered":"https:\/\/wp.ufpel.edu.br\/progep\/?page_id=34312"},"modified":"2025-10-22T10:31:48","modified_gmt":"2025-10-22T13:31:48","slug":"capacitacao-plm-5","status":"publish","type":"page","link":"https:\/\/wp.ufpel.edu.br\/progep\/capacitacao-plm-5\/","title":{"rendered":"Capacita\u00e7\u00e3o: Programa Mulheres L\u00edderes: A &#8220;S\u00edndrome da Impostora&#8221; e os Desafios para a Lideran\u00e7a Feminina"},"content":{"rendered":"\n<div class=\"wp-block-group\"><div class=\"wp-block-group__inner-container is-layout-constrained wp-block-group-is-layout-constrained\">\n<div class=\"acaoStyle\">\n<div class=\"cabecalhoAcoes\">\n<div style=\"font-weight: bold;color: red;background-color: yellow;padding: 1rem;border-radius: 0.75rem;margin-bottom: 1rem\">ATEN\u00c7\u00c3O! O EVENTO FOI REAGENDADO PARA O DIA<strong>\u00a021\/08<\/strong><\/div>\n<div>Programa Mulheres L\u00edderes: A &#8220;S\u00edndrome da Impostora&#8221; e os Desafios para a Lideran\u00e7a Feminina<\/div>\n<p>Apesar dos avan\u00e7os, meninas e mulheres ainda enfrentam <strong>desafios significativos<\/strong> no cen\u00e1rio atual, como a persist\u00eancia da desigualdade de g\u00eanero, a viol\u00eancia e a sub-representa\u00e7\u00e3o em posi\u00e7\u00f5es de poder. No ambiente de trabalho, a <strong>sororidade<\/strong> emerge como um pilar essencial para combater o <strong>fen\u00f4meno da impostora<\/strong>, que afeta a autoconfian\u00e7a feminina, e criar redes de apoio. Para impulsionar a equidade, \u00e9 crucial desenvolver <strong>estrat\u00e9gias eficazes<\/strong> que motivem e promovam a ascens\u00e3o de <strong>lideran\u00e7as femininas<\/strong> na ci\u00eancia e em todas as esferas da sociedade, garantindo mentoria, visibilidade e pol\u00edticas que incentivem a participa\u00e7\u00e3o plena e equitativa.<\/p>\n<\/div>\n<div class=\"corpoStyle\"><strong>Facilitador(a): <\/strong>M\u00e1rcia Foster Mesko (<em>Docente do Centro de Ci\u00eancias Qu\u00edmica, Farmac\u00eauticas e de Alimentos\/CCQFA<\/em>)\n<p><strong>Data de realiza\u00e7\u00e3o<\/strong>: <strong style=\"color: red\">21\/08<\/strong> <br \/><strong>Hor\u00e1rio: <\/strong>10h \u00e0s 12h<br \/><strong>Carga hor\u00e1ria<\/strong>: 2h<br \/><strong>Modalidade: <\/strong>presencial<br \/><strong>Local:\u00a0 <\/strong>Audit\u00f3rio Acad\u00eamico (Campus Anglo)<br \/><strong>Ementa: <\/strong><\/p>\n<ul>\n<li>Desafios e perspectivas para as meninas e mulheres no contexto atual;<\/li>\n<li>Reflex\u00f5es sobre os ambientes de trabalho, a sororidade e o fen\u00f4meno da impostora;<\/li>\n<li>Estrat\u00e9gias para motivar e promover lideran\u00e7as femininas na ci\u00eancia e na sociedade.<\/li>\n<\/ul>\n<p><strong>P\u00fablico Alvo<\/strong>: Servidores(as) docentes, TAE\u2019s e trabalhadores(as) terceirizados(as) ativos(as) da UFPel*.*<\/p>\n<p><strong>Per\u00edodo de inscri\u00e7\u00e3o<\/strong>: 14\/07 a 18\/08<\/p>\n<p><strong>Divulga\u00e7\u00e3o das inscri\u00e7\u00f5es homologadas<\/strong>: 19\/08**, nesta p\u00e1gina.<\/p>\n<p>*Considerando a Pol\u00edtica Nacional de Desenvolvimento de Pessoas, conforme Decreto n\u00ba 9.991\/19, somente ser\u00e3o certificados(as) os(as) servidores(as) p\u00fablicos pertencentes ao Quadro Efetivo da UFPel;<br \/>** Quando homologadas as inscri\u00e7\u00f5es, os(as) selecionados(as) receber\u00e3o e-mail de confirma\u00e7\u00e3o com instru\u00e7\u00f5es.<\/p>\n<p><strong>Observa\u00e7\u00e3o<\/strong>: A homologa\u00e7\u00e3o das inscri\u00e7\u00f5es dos(as) trabalhadores(as) terceirizados ficar\u00e1 condicionada \u00e0 an\u00e1lise pr\u00e9via e manifesta\u00e7\u00e3o por parte do NUGEST\/PRA.<\/p>\n<p><a href=\"https:\/\/wp.ufpel.edu.br\/progep\/files\/2025\/08\/HOMOLOGACAO-Programa-Mulheres-Lideres_-A-Sindrome-da-Impostora-e-os-Desafios-para-a-Lideranca-Feminina-1.pdf\" target=\"_blank\" rel=\"noopener\">Confira as inscri\u00e7\u00f5es homologadas aqui<\/a><br \/>Ainda \u00e9 poss\u00edvel fazer sua inscri\u00e7\u00e3o abaixo:<\/p>\n<p><strong><a href=\"https:\/\/wp.ufpel.edu.br\/progep\/inscricoes-para-curso\/\" target=\"_blank\" rel=\"noopener\">INSCRI\u00c7\u00d5ES<\/a><\/strong><\/p>\n<p><span style=\"font-size: 14pt\"><strong>Contato:<\/strong> cdp.capacita@ufpel.edu.br<\/span><\/p>\n<\/div>\n<\/div>\n<\/div><\/div>\n","protected":false},"excerpt":{"rendered":"<p>ATEN\u00c7\u00c3O! O EVENTO FOI REAGENDADO PARA O DIA\u00a021\/08 Programa Mulheres L\u00edderes: A &#8220;S\u00edndrome da Impostora&#8221; e os Desafios para a Lideran\u00e7a Feminina Apesar dos avan\u00e7os, meninas e mulheres ainda enfrentam desafios significativos no cen\u00e1rio atual, como a persist\u00eancia da desigualdade de g\u00eanero, a viol\u00eancia e a sub-representa\u00e7\u00e3o em posi\u00e7\u00f5es de poder. No ambiente de trabalho, [&hellip;]<\/p>\n","protected":false},"author":21,"featured_media":0,"parent":0,"menu_order":0,"comment_status":"closed","ping_status":"closed","template":"","meta":{"footnotes":""},"class_list":["post-34312","page","type-page","status-publish","hentry"],"_links":{"self":[{"href":"https:\/\/wp.ufpel.edu.br\/progep\/wp-json\/wp\/v2\/pages\/34312","targetHints":{"allow":["GET"]}}],"collection":[{"href":"https:\/\/wp.ufpel.edu.br\/progep\/wp-json\/wp\/v2\/pages"}],"about":[{"href":"https:\/\/wp.ufpel.edu.br\/progep\/wp-json\/wp\/v2\/types\/page"}],"author":[{"embeddable":true,"href":"https:\/\/wp.ufpel.edu.br\/progep\/wp-json\/wp\/v2\/users\/21"}],"replies":[{"embeddable":true,"href":"https:\/\/wp.ufpel.edu.br\/progep\/wp-json\/wp\/v2\/comments?post=34312"}],"version-history":[{"count":3,"href":"https:\/\/wp.ufpel.edu.br\/progep\/wp-json\/wp\/v2\/pages\/34312\/revisions"}],"predecessor-version":[{"id":38404,"href":"https:\/\/wp.ufpel.edu.br\/progep\/wp-json\/wp\/v2\/pages\/34312\/revisions\/38404"}],"wp:attachment":[{"href":"https:\/\/wp.ufpel.edu.br\/progep\/wp-json\/wp\/v2\/media?parent=34312"}],"curies":[{"name":"wp","href":"https:\/\/api.w.org\/{rel}","templated":true}]}}