{"id":34294,"date":"2025-07-01T14:28:07","date_gmt":"2025-07-01T17:28:07","guid":{"rendered":"https:\/\/wp.ufpel.edu.br\/progep\/?page_id=34294"},"modified":"2025-10-28T14:26:44","modified_gmt":"2025-10-28T17:26:44","slug":"edital-clube-de-beneficios","status":"publish","type":"page","link":"https:\/\/wp.ufpel.edu.br\/progep\/edital-clube-de-beneficios\/","title":{"rendered":"Edital Clube de Benef\u00edcios"},"content":{"rendered":"\n<div class=\"wp-block-group\"><div class=\"wp-block-group__inner-container is-layout-constrained wp-block-group-is-layout-constrained\">\n<div class=\"logoTituloModelStyle\"><img class=\"size-medium wp-image-27184 alignleft\" src=\"https:\/\/wp.ufpel.edu.br\/progep\/files\/2025\/03\/logo-progep_atualizacao-nome_AZUL.png\" alt=\"\" \/>\n<div style=\"padding: 3rem 0;font-size: 20pt\"><strong>Edital Clube de Benef\u00edcios<\/strong><\/div>\n<\/div>\n<hr class=\"hrModelStyle\" \/>\n<div class=\"descriptionModelStyle\">Confira o <strong>Edital do Clube de Benef\u00edcios.<\/strong><\/div>\n<\/div><\/div>\n\n\n<div class=\"botaoStyle pduBotao\">\n<a href=\"https:\/\/wp.ufpel.edu.br\/progep\/files\/2025\/07\/SEI_23110.021795_2025_12.pdf\" target=\"_blank\"> Edital Clube Benef\u00edcios<\/a>\n\n<a href=\"https:\/\/wp.ufpel.edu.br\/progep\/files\/2025\/10\/SEI_3400757_PRA_Edital_Credenciamento_03_2025_Retificado.pdf\" target=\"_blank\"> Edital Clube Benef\u00edcios &#8211; Retificado <\/a>\n\n<a> Anexo I<\/a>\n\n\n<a href=\"https:\/\/wp.ufpel.edu.br\/progep\/files\/2025\/10\/ANEXO_2.pdf\" target=\"_blank\"> Anexo II<\/a>\n\n\n<\/div>\n\n<div class=\"descriptionModelStyle\">Confira as empresas participantes:<\/div>\n<div class=\"botaoStyle pduBotao\">\n<a href=\"https:\/\/wp.ufpel.edu.br\/progep\/clube-de-beneficios\/\">Empresas Parceiras<\/a>\n<\/div>\n","protected":false},"excerpt":{"rendered":"<p>Edital Clube de Benef\u00edcios Confira o Edital do Clube de Benef\u00edcios. Edital Clube Benef\u00edcios Edital Clube Benef\u00edcios &#8211; Retificado Anexo I Anexo II Confira as empresas participantes: Empresas Parceiras<\/p>\n","protected":false},"author":21,"featured_media":0,"parent":0,"menu_order":0,"comment_status":"closed","ping_status":"closed","template":"","meta":{"footnotes":""},"class_list":["post-34294","page","type-page","status-publish","hentry"],"_links":{"self":[{"href":"https:\/\/wp.ufpel.edu.br\/progep\/wp-json\/wp\/v2\/pages\/34294","targetHints":{"allow":["GET"]}}],"collection":[{"href":"https:\/\/wp.ufpel.edu.br\/progep\/wp-json\/wp\/v2\/pages"}],"about":[{"href":"https:\/\/wp.ufpel.edu.br\/progep\/wp-json\/wp\/v2\/types\/page"}],"author":[{"embeddable":true,"href":"https:\/\/wp.ufpel.edu.br\/progep\/wp-json\/wp\/v2\/users\/21"}],"replies":[{"embeddable":true,"href":"https:\/\/wp.ufpel.edu.br\/progep\/wp-json\/wp\/v2\/comments?post=34294"}],"version-history":[{"count":2,"href":"https:\/\/wp.ufpel.edu.br\/progep\/wp-json\/wp\/v2\/pages\/34294\/revisions"}],"predecessor-version":[{"id":38550,"href":"https:\/\/wp.ufpel.edu.br\/progep\/wp-json\/wp\/v2\/pages\/34294\/revisions\/38550"}],"wp:attachment":[{"href":"https:\/\/wp.ufpel.edu.br\/progep\/wp-json\/wp\/v2\/media?parent=34294"}],"curies":[{"name":"wp","href":"https:\/\/api.w.org\/{rel}","templated":true}]}}