{"id":33570,"date":"2025-06-26T15:51:35","date_gmt":"2025-06-26T18:51:35","guid":{"rendered":"https:\/\/wp.ufpel.edu.br\/progep\/?page_id=33570"},"modified":"2025-08-20T08:57:21","modified_gmt":"2025-08-20T11:57:21","slug":"capacitacao-comunicacao-no-teletrabalho","status":"publish","type":"page","link":"https:\/\/wp.ufpel.edu.br\/progep\/capacitacao-comunicacao-no-teletrabalho\/","title":{"rendered":"Capacita\u00e7\u00e3o: Comunica\u00e7\u00e3o no Teletrabalho"},"content":{"rendered":"\n<div class=\"wp-block-group\"><div class=\"wp-block-group__inner-container is-layout-constrained wp-block-group-is-layout-constrained\">\n<div class=\"acaoStyle\">\n<div class=\"cabecalhoAcoes\">\n<div>Estrat\u00e9gias para Melhoria da Comunica\u00e7\u00e3o no Teletrabalho \u2013 Turma 1\/2025<\/div>\n<\/div>\n<div class=\"corpoStyle\"><strong>Ministrante: <\/strong>Caroline Casali (<em>Docente \/ Centro de Ci\u00eancias Socio-organizacionais<\/em>)\n<p><strong>Per\u00edodo<\/strong>: de 15\/07\/2025 a 15\/08\/2025<br \/><strong>Carga hor\u00e1ria<\/strong>: 20h<br \/><strong>Modalidade: <\/strong>Online, sem tutoria. O curso \u00e9 oferecido de forma ass\u00edncrona, deste modo, o participante pode acessar o material e realizar as atividades no seu pr\u00f3prio ritmo, sem a presen\u00e7a de um tutor.<br \/><strong>Local:\u00a0 <\/strong>plataforma E-projeto da UFPel <br \/><strong>Ementa: <\/strong><\/p>\n<ul>\n<li>M\u00f3dulo 1: Desafios da comunica\u00e7\u00e3o no teletrabalho<\/li>\n<li>M\u00f3dulo 2: Estrat\u00e9gias de comunica\u00e7\u00e3o para o trabalho remoto em equipes<\/li>\n<li>M\u00f3dulo 3: Estrat\u00e9gias de comunica\u00e7\u00e3o para acordos e resultados<\/li>\n<li>M\u00f3dulo 4: Estrat\u00e9gias e ferramentas para reuni\u00f5es online<\/li>\n<li>M\u00f3dulo 5: Ferramentas de comunica\u00e7\u00e3o para o teletrabalho<\/li>\n<\/ul>\n<p><strong>P\u00fablico Alvo<\/strong>: Servidores(as) docentes, TAE\u2019s e trabalhadores(as) terceirizados(as) ativos(as) da UFPel*.*<\/p>\n<p><strong>Per\u00edodo de inscri\u00e7\u00e3o<\/strong>: 27\/06 a 10\/07<\/p>\n<p><strong>Divulga\u00e7\u00e3o das inscri\u00e7\u00f5es homologadas<\/strong>: 11\/07**, nesta p\u00e1gina.<\/p>\n<p>*Considerando a Pol\u00edtica Nacional de Desenvolvimento de Pessoas, conforme Decreto n\u00ba 9.991\/19, somente ser\u00e3o certificados(as) os(as) servidores(as) p\u00fablicos pertencentes ao Quadro Efetivo da UFPel;<br \/>** Quando homologadas as inscri\u00e7\u00f5es, os(as) selecionados(as) receber\u00e3o e-mail de confirma\u00e7\u00e3o com instru\u00e7\u00f5es.<\/p>\n<p><strong>Observa\u00e7\u00e3o<\/strong>: A homologa\u00e7\u00e3o das inscri\u00e7\u00f5es dos(as) trabalhadores(as) terceirizados ficar\u00e1 condicionada \u00e0 an\u00e1lise pr\u00e9via e manifesta\u00e7\u00e3o por parte do NUGEST\/PRA.<\/p>\n<p><strong><a href=\"https:\/\/wp.ufpel.edu.br\/progep\/files\/2025\/07\/Homologacao-Estrategias-para-Melhoria-da-Comunicacao-no-Teletrabalho.pdf\" target=\"_blank\" rel=\"noopener\">Confira as inscri\u00e7\u00f5es homologadas aqui<\/a><\/strong><\/p>\n<p><span style=\"font-size: 14pt\"><strong>Contato:<\/strong> cdp.capacita@ufpel.edu.br<\/span><\/p>\n<\/div>\n<\/div>\n<\/div><\/div>\n","protected":false},"excerpt":{"rendered":"<p>Estrat\u00e9gias para Melhoria da Comunica\u00e7\u00e3o no Teletrabalho \u2013 Turma 1\/2025 Ministrante: Caroline Casali (Docente \/ Centro de Ci\u00eancias Socio-organizacionais) Per\u00edodo: de 15\/07\/2025 a 15\/08\/2025Carga hor\u00e1ria: 20hModalidade: Online, sem tutoria. O curso \u00e9 oferecido de forma ass\u00edncrona, deste modo, o participante pode acessar o material e realizar as atividades no seu pr\u00f3prio ritmo, sem a presen\u00e7a [&hellip;]<\/p>\n","protected":false},"author":21,"featured_media":0,"parent":0,"menu_order":0,"comment_status":"closed","ping_status":"closed","template":"","meta":{"footnotes":""},"class_list":["post-33570","page","type-page","status-publish","hentry"],"_links":{"self":[{"href":"https:\/\/wp.ufpel.edu.br\/progep\/wp-json\/wp\/v2\/pages\/33570","targetHints":{"allow":["GET"]}}],"collection":[{"href":"https:\/\/wp.ufpel.edu.br\/progep\/wp-json\/wp\/v2\/pages"}],"about":[{"href":"https:\/\/wp.ufpel.edu.br\/progep\/wp-json\/wp\/v2\/types\/page"}],"author":[{"embeddable":true,"href":"https:\/\/wp.ufpel.edu.br\/progep\/wp-json\/wp\/v2\/users\/21"}],"replies":[{"embeddable":true,"href":"https:\/\/wp.ufpel.edu.br\/progep\/wp-json\/wp\/v2\/comments?post=33570"}],"version-history":[{"count":3,"href":"https:\/\/wp.ufpel.edu.br\/progep\/wp-json\/wp\/v2\/pages\/33570\/revisions"}],"predecessor-version":[{"id":36016,"href":"https:\/\/wp.ufpel.edu.br\/progep\/wp-json\/wp\/v2\/pages\/33570\/revisions\/36016"}],"wp:attachment":[{"href":"https:\/\/wp.ufpel.edu.br\/progep\/wp-json\/wp\/v2\/media?parent=33570"}],"curies":[{"name":"wp","href":"https:\/\/api.w.org\/{rel}","templated":true}]}}