{"id":33548,"date":"2025-06-26T15:24:23","date_gmt":"2025-06-26T18:24:23","guid":{"rendered":"https:\/\/wp.ufpel.edu.br\/progep\/?page_id=33548"},"modified":"2025-10-22T10:32:03","modified_gmt":"2025-10-22T13:32:03","slug":"capacitacao-pml-julho","status":"publish","type":"page","link":"https:\/\/wp.ufpel.edu.br\/progep\/capacitacao-pml-julho\/","title":{"rendered":"Capacita\u00e7\u00e3o: Programa Mulheres L\u00edderes: Mulheres negras: desafios, resist\u00eancias e protagonismos"},"content":{"rendered":"\n<div class=\"wp-block-group\"><div class=\"wp-block-group__inner-container is-layout-constrained wp-block-group-is-layout-constrained\">\n<div class=\"acaoStyle\">\n<div class=\"cabecalhoAcoes\">\n<div>Programa Mulheres L\u00edderes: Mulheres negras: desafios, resist\u00eancias e protagonismos<\/div>\n<p>O Programa Mulheres L\u00edderes tem o intuito de reconhecer, valorizar e estimular a trajet\u00f3ria profissional de mulheres na Universidade, bem como capacit\u00e1-las para o desenvolvimento das compet\u00eancias governamentais, institucionais e gerenciais priorit\u00e1rias para o desempenho das atividades de gest\u00e3o.<\/p>\n<\/div>\n<div class=\"corpoStyle\">\n<p><strong>Palestrante: <\/strong>Daniela Brizolara (<em>Vice-Prefeita de Pelotas<\/em>)<br \/><strong>Facilitadora<\/strong>: Cl\u00e1udia Daiane Garcia Molet (<em>Pr\u00f3-Reitora de A\u00e7\u00f5es Afirmativas e Equidade da UFPel<\/em>)<br \/><strong>Data de realiza\u00e7\u00e3o<\/strong>: 25\/07 (sexta-feira) <br \/><strong>Hor\u00e1rio: <\/strong>15h \u00e0s 17h<br \/><strong>Carga hor\u00e1ria<\/strong>: 2h<br \/><strong>Modalidade: <\/strong>presencial<br \/><strong>Local:\u00a0 <\/strong>Audit\u00f3rio da Reitoria, 4\u00ba andar (Campus Anglo)<\/p>\n<p><strong>P\u00fablico Alvo<\/strong>: Servidores(as) docentes, TAE\u2019s e trabalhadores(as) terceirizados(as) ativos(as) da UFPel*.*<\/p>\n<p><strong>Per\u00edodo de inscri\u00e7\u00e3o<\/strong>: 02\/07 a 22\/07<\/p>\n<p><strong>Divulga\u00e7\u00e3o das inscri\u00e7\u00f5es homologadas<\/strong>: 23\/07**, nesta p\u00e1gina.<\/p>\n<p>*Considerando a Pol\u00edtica Nacional de Desenvolvimento de Pessoas, conforme Decreto n\u00ba 9.991\/19, somente ser\u00e3o certificados(as) os(as) servidores(as) p\u00fablicos pertencentes ao Quadro Efetivo da UFPel;<br \/>** Quando homologadas as inscri\u00e7\u00f5es, os(as) selecionados(as) receber\u00e3o e-mail de confirma\u00e7\u00e3o com instru\u00e7\u00f5es.<\/p>\n<p><strong>Observa\u00e7\u00e3o<\/strong>: A homologa\u00e7\u00e3o das inscri\u00e7\u00f5es dos(as) trabalhadores(as) terceirizados ficar\u00e1 condicionada \u00e0 an\u00e1lise pr\u00e9via e manifesta\u00e7\u00e3o por parte do NUGEST\/PRA.<\/p>\n<p><strong><a href=\"https:\/\/wp.ufpel.edu.br\/progep\/files\/2025\/07\/HOMOLOGACAO-Programa-Mulheres-Lideres_-Mulheres-negras_-desafios-resistencias-e-protagonismos.pdf\" target=\"_blank\" rel=\"noopener\">Confira as inscri\u00e7\u00f5es homologadas aqui!<\/a><\/strong><\/p>\n<p><span style=\"font-size: 14pt\"><strong>Contato:<\/strong> cdp.capacita@ufpel.edu.br<\/span><\/p>\n<\/div>\n<\/div>\n<\/div><\/div>\n","protected":false},"excerpt":{"rendered":"<p>Programa Mulheres L\u00edderes: Mulheres negras: desafios, resist\u00eancias e protagonismos O Programa Mulheres L\u00edderes tem o intuito de reconhecer, valorizar e estimular a trajet\u00f3ria profissional de mulheres na Universidade, bem como capacit\u00e1-las para o desenvolvimento das compet\u00eancias governamentais, institucionais e gerenciais priorit\u00e1rias para o desempenho das atividades de gest\u00e3o. Palestrante: Daniela Brizolara (Vice-Prefeita de Pelotas)Facilitadora: Cl\u00e1udia [&hellip;]<\/p>\n","protected":false},"author":21,"featured_media":0,"parent":0,"menu_order":0,"comment_status":"closed","ping_status":"closed","template":"","meta":{"footnotes":""},"class_list":["post-33548","page","type-page","status-publish","hentry"],"_links":{"self":[{"href":"https:\/\/wp.ufpel.edu.br\/progep\/wp-json\/wp\/v2\/pages\/33548","targetHints":{"allow":["GET"]}}],"collection":[{"href":"https:\/\/wp.ufpel.edu.br\/progep\/wp-json\/wp\/v2\/pages"}],"about":[{"href":"https:\/\/wp.ufpel.edu.br\/progep\/wp-json\/wp\/v2\/types\/page"}],"author":[{"embeddable":true,"href":"https:\/\/wp.ufpel.edu.br\/progep\/wp-json\/wp\/v2\/users\/21"}],"replies":[{"embeddable":true,"href":"https:\/\/wp.ufpel.edu.br\/progep\/wp-json\/wp\/v2\/comments?post=33548"}],"version-history":[{"count":3,"href":"https:\/\/wp.ufpel.edu.br\/progep\/wp-json\/wp\/v2\/pages\/33548\/revisions"}],"predecessor-version":[{"id":38405,"href":"https:\/\/wp.ufpel.edu.br\/progep\/wp-json\/wp\/v2\/pages\/33548\/revisions\/38405"}],"wp:attachment":[{"href":"https:\/\/wp.ufpel.edu.br\/progep\/wp-json\/wp\/v2\/media?parent=33548"}],"curies":[{"name":"wp","href":"https:\/\/api.w.org\/{rel}","templated":true}]}}