{"id":33542,"date":"2025-06-25T15:52:31","date_gmt":"2025-06-25T18:52:31","guid":{"rendered":"https:\/\/wp.ufpel.edu.br\/progep\/?page_id=33542"},"modified":"2025-10-22T10:30:00","modified_gmt":"2025-10-22T13:30:00","slug":"capacitacao-formacao-para-avaliacao-biopsicossocial-de-pessoas-com-deficiencia","status":"publish","type":"page","link":"https:\/\/wp.ufpel.edu.br\/progep\/capacitacao-formacao-para-avaliacao-biopsicossocial-de-pessoas-com-deficiencia\/","title":{"rendered":"Capacita\u00e7\u00e3o: Forma\u00e7\u00e3o para Avalia\u00e7\u00e3o biopsicossocial de Pessoas com defici\u00eancia"},"content":{"rendered":"\n<div class=\"wp-block-group\"><div class=\"wp-block-group__inner-container is-layout-constrained wp-block-group-is-layout-constrained\">\n<div class=\"acaoStyle\">\n<div class=\"cabecalhoAcoes\">\n<div>Forma\u00e7\u00e3o para Avalia\u00e7\u00e3o biopsicossocial de Pessoas com defici\u00eancia pelo IFBrA \u2013 \u00cdndice de Funcionalidade Brasileiro Aplicado \u00e0 Aposentadoria<\/div>\n<p>A capacita\u00e7\u00e3o pretende desenvolver o aprendizado e aplica\u00e7\u00e3o do modelo biopsicossocial para fins de concess\u00e3o de direitos \u00e0 Pessoa com Defici\u00eancia, pela vis\u00e3o sist\u00eamica e de integralidade, incluindo n\u00e3o s\u00f3 estruturas do corpo.<\/p>\n<\/div>\n<div class=\"corpoStyle\"><strong>Facilitador(a): <\/strong>Lailah Vasconcelos de Oliveira Vilela (<em> Auditora Fiscal do Trabalho \/ Minist\u00e9rio do Trabalho e Emprego<\/em>)<\/p>\n<p><strong>Per\u00edodo<\/strong>: de 30\/06\/2025 e 02\/07\/2025 <br \/><strong>Hor\u00e1rio: <\/strong>8h30min \u00e0s 12h30min<br \/><strong>Carga hor\u00e1ria<\/strong>: 8h<br \/><strong>Modalidade: <\/strong>Online<br \/><strong>Local:\u00a0 <\/strong>Plataforma Webconf<br \/><strong>Ementa: <\/strong><\/p>\n<ol>\n<li>Conceitos fundamentais da avalia\u00e7\u00e3o biopsicossocial;<\/li>\n<li>CIF;<\/li>\n<li>Determina\u00e7\u00f5es legais;<\/li>\n<li>Constru\u00e7\u00e3o do Instrumento, Hist\u00f3rico, Vers\u00f5es;<\/li>\n<li>Estrutura e funcionamento do Instrumento;<\/li>\n<li>Discuss\u00e3o de casos pr\u00e1ticos trazidos pelos servidores\/simulados;<\/li>\n<li>Estudo do Manual de aplica\u00e7\u00e3o.<\/li>\n<\/ol>\n<\/div>\n<\/div>\n<\/div><\/div>\n","protected":false},"excerpt":{"rendered":"<p>Forma\u00e7\u00e3o para Avalia\u00e7\u00e3o biopsicossocial de Pessoas com defici\u00eancia pelo IFBrA \u2013 \u00cdndice de Funcionalidade Brasileiro Aplicado \u00e0 Aposentadoria A capacita\u00e7\u00e3o pretende desenvolver o aprendizado e aplica\u00e7\u00e3o do modelo biopsicossocial para fins de concess\u00e3o de direitos \u00e0 Pessoa com Defici\u00eancia, pela vis\u00e3o sist\u00eamica e de integralidade, incluindo n\u00e3o s\u00f3 estruturas do corpo. Facilitador(a): Lailah Vasconcelos de [&hellip;]<\/p>\n","protected":false},"author":21,"featured_media":0,"parent":0,"menu_order":0,"comment_status":"closed","ping_status":"closed","template":"","meta":{"footnotes":""},"class_list":["post-33542","page","type-page","status-publish","hentry"],"_links":{"self":[{"href":"https:\/\/wp.ufpel.edu.br\/progep\/wp-json\/wp\/v2\/pages\/33542","targetHints":{"allow":["GET"]}}],"collection":[{"href":"https:\/\/wp.ufpel.edu.br\/progep\/wp-json\/wp\/v2\/pages"}],"about":[{"href":"https:\/\/wp.ufpel.edu.br\/progep\/wp-json\/wp\/v2\/types\/page"}],"author":[{"embeddable":true,"href":"https:\/\/wp.ufpel.edu.br\/progep\/wp-json\/wp\/v2\/users\/21"}],"replies":[{"embeddable":true,"href":"https:\/\/wp.ufpel.edu.br\/progep\/wp-json\/wp\/v2\/comments?post=33542"}],"version-history":[{"count":3,"href":"https:\/\/wp.ufpel.edu.br\/progep\/wp-json\/wp\/v2\/pages\/33542\/revisions"}],"predecessor-version":[{"id":38398,"href":"https:\/\/wp.ufpel.edu.br\/progep\/wp-json\/wp\/v2\/pages\/33542\/revisions\/38398"}],"wp:attachment":[{"href":"https:\/\/wp.ufpel.edu.br\/progep\/wp-json\/wp\/v2\/media?parent=33542"}],"curies":[{"name":"wp","href":"https:\/\/api.w.org\/{rel}","templated":true}]}}