{"id":33488,"date":"2025-06-24T17:15:54","date_gmt":"2025-06-24T20:15:54","guid":{"rendered":"https:\/\/wp.ufpel.edu.br\/progep\/?page_id=33488"},"modified":"2025-10-22T10:33:06","modified_gmt":"2025-10-22T13:33:06","slug":"capacitacao-tira-duvidas-sobre-o-levantamento-de-necessidades-de-capacitacao","status":"publish","type":"page","link":"https:\/\/wp.ufpel.edu.br\/progep\/capacitacao-tira-duvidas-sobre-o-levantamento-de-necessidades-de-capacitacao\/","title":{"rendered":"Capacita\u00e7\u00e3o: Tira-d\u00favidas sobre o LNC"},"content":{"rendered":"\n<div class=\"wp-block-group\"><div class=\"wp-block-group__inner-container is-layout-constrained wp-block-group-is-layout-constrained\">\n<div class=\"acaoStyle\">\n<div class=\"cabecalhoAcoes\">\n<div style=\"text-align: center\"><strong>Tira-d\u00favidas sobre o Levantamento de Necessidades de Capacita\u00e7\u00e3o<\/strong><\/div>\n<p>O Levantamento de Necessidades de Capacita\u00e7\u00e3o (LNC) \u00e9 a etapa que antecede a elabora\u00e7\u00e3o do Plano de Desenvolvimento de Pessoas (PDP). Para que o(a) servidor(a) possa solicitar apoio financeiro para capacita\u00e7\u00e3o atrav\u00e9s dos editais de apoio para a\u00e7\u00f5es externas da PROGEP, bem como se afastar (licen\u00e7a para capacita\u00e7\u00e3o e afastamento para p\u00f3s-gradua\u00e7\u00e3o stricto sensu) ou solicitar a\u00e7\u00e3o de desenvolvimento em servi\u00e7o ser\u00e1 necess\u00e1rio constar no PDP da Institui\u00e7\u00e3o a a\u00e7\u00e3o de desenvolvimento (necessidade) a ser atendida com essa capacita\u00e7\u00e3o\/afastamento, conforme previs\u00e3o do art. 19 do Decreto n\u00ba 9.991\/2019.<\/p>\n<\/div>\n<div class=\"corpoStyle\"><strong>Facilitadores(as): <\/strong> Equipe da Coordena\u00e7\u00e3o de Desenvolvimento de Pessoal (<em>PROGEP<\/em>)\n<p><strong>Data de realiza\u00e7\u00e3o<\/strong>: 07\/07 (segunda-feira)<br \/><strong>Hor\u00e1rio: <\/strong>10h \u00e0s 11h<br \/><strong>Carga hor\u00e1ria<\/strong>: 1h<br \/><strong>Modalidade: <\/strong>online<br \/><strong>Local:\u00a0 <\/strong>Plataforma Webconf<br \/><strong>Ementa: <\/strong><\/p>\n<ul>\n<li>Import\u00e2ncia do Plano de Desenvolvimento de Pessoas;<\/li>\n<li>O que \u00e9 o Levantamento de Necessidades de Capacita\u00e7\u00e3o;<\/li>\n<li>LNC e PDP na UFPel para 2026 LNC e PDP na UFPel para 2026.<\/li>\n<\/ul>\n<p>Observa\u00e7\u00e3o: o link para acesso \u00e0 sala webconf ser\u00e1 enviado para o email dos representantes de equipe e chefias, conforme Memorando-Circular 1. Em caso de n\u00e3o recebimento, favor solicit\u00e1-lo atrav\u00e9s do cdp.capacita@ufpel.edu.br<\/p>\n<\/div>\n<\/div>\n<\/div><\/div>\n","protected":false},"excerpt":{"rendered":"<p>Tira-d\u00favidas sobre o Levantamento de Necessidades de Capacita\u00e7\u00e3o O Levantamento de Necessidades de Capacita\u00e7\u00e3o (LNC) \u00e9 a etapa que antecede a elabora\u00e7\u00e3o do Plano de Desenvolvimento de Pessoas (PDP). Para que o(a) servidor(a) possa solicitar apoio financeiro para capacita\u00e7\u00e3o atrav\u00e9s dos editais de apoio para a\u00e7\u00f5es externas da PROGEP, bem como se afastar (licen\u00e7a para [&hellip;]<\/p>\n","protected":false},"author":21,"featured_media":0,"parent":0,"menu_order":0,"comment_status":"closed","ping_status":"closed","template":"","meta":{"footnotes":""},"class_list":["post-33488","page","type-page","status-publish","hentry"],"_links":{"self":[{"href":"https:\/\/wp.ufpel.edu.br\/progep\/wp-json\/wp\/v2\/pages\/33488","targetHints":{"allow":["GET"]}}],"collection":[{"href":"https:\/\/wp.ufpel.edu.br\/progep\/wp-json\/wp\/v2\/pages"}],"about":[{"href":"https:\/\/wp.ufpel.edu.br\/progep\/wp-json\/wp\/v2\/types\/page"}],"author":[{"embeddable":true,"href":"https:\/\/wp.ufpel.edu.br\/progep\/wp-json\/wp\/v2\/users\/21"}],"replies":[{"embeddable":true,"href":"https:\/\/wp.ufpel.edu.br\/progep\/wp-json\/wp\/v2\/comments?post=33488"}],"version-history":[{"count":3,"href":"https:\/\/wp.ufpel.edu.br\/progep\/wp-json\/wp\/v2\/pages\/33488\/revisions"}],"predecessor-version":[{"id":38409,"href":"https:\/\/wp.ufpel.edu.br\/progep\/wp-json\/wp\/v2\/pages\/33488\/revisions\/38409"}],"wp:attachment":[{"href":"https:\/\/wp.ufpel.edu.br\/progep\/wp-json\/wp\/v2\/media?parent=33488"}],"curies":[{"name":"wp","href":"https:\/\/api.w.org\/{rel}","templated":true}]}}