{"id":33332,"date":"2025-06-17T16:31:40","date_gmt":"2025-06-17T19:31:40","guid":{"rendered":"https:\/\/wp.ufpel.edu.br\/progep\/?page_id=33332"},"modified":"2026-01-27T17:38:55","modified_gmt":"2026-01-27T20:38:55","slug":"afastamento-para-pos-graduacao-pos-doutorado","status":"publish","type":"page","link":"https:\/\/wp.ufpel.edu.br\/progep\/afastamento-para-pos-graduacao-pos-doutorado\/","title":{"rendered":"Afastamento para P\u00f3s-Gradua\u00e7\u00e3o\/ P\u00f3s-Doutorado"},"content":{"rendered":"\n<div class=\"wp-block-group\"><div class=\"wp-block-group__inner-container is-layout-constrained wp-block-group-is-layout-constrained\">\n<div class=\"logoTituloModelStyle\"><img class=\"size-medium wp-image-27184 alignleft\" style=\"padding: 0\" src=\"https:\/\/wp.ufpel.edu.br\/progep\/files\/2025\/03\/logo-progep_atualizacao-nome_AZUL.png\" alt=\"\" \/><\/p>\n<div style=\"padding: 2rem 0\"><strong>Afastamento para P\u00f3s-Gradua\u00e7\u00e3o\/ P\u00f3s-Doutorado<\/strong><\/div>\n<\/div>\n<hr class=\"hrModelStyle\" \/>\n<div class=\"descriptionModelStyle\">Confira nesta p\u00e1gina informa\u00e7\u00f5es sobre Afastamento para P\u00f3s-Gradua\u00e7\u00e3o\/P\u00f3s-Doutorado.<\/div>\n<\/div><\/div>\n\n\n<div class=\"blocoDIVStyle titleComumStyle\">O que \u00e9?<\/div>\n<p class=\"paragrafoComumStyle\">O afastamento para estudo \u00e9 a <b>autoriza\u00e7\u00e3o formal<\/b> que permite a <b>servidores\/as se ausentarem totalmente de suas atividades<\/b> para <b>dedicar-se a cursos de mestrado, doutorado ou p\u00f3s-doutorado<\/b>. Isso pode ocorrer tanto no <b>Brasil quanto no exterior.<\/b><\/p>\n<div class=\"blocoDIVStyle titleComumStyle\">Quem pode solicitar?<\/div>\n<p class=\"paragrafoComumStyle\">Podem solicitar afastamento os\/as servidores\/as t\u00e9cnico-administrativos em educa\u00e7\u00e3o (TAEs) e docentes que atendam aos seguintes crit\u00e9rios:<\/p>\n<p class=\"paragrafoComumStyle\"><strong>(1)<\/strong> Estar em efetivo exerc\u00edcio;<\/p>\n<p class=\"paragrafoComumStyle\"><strong>(2)<\/strong> Ter tempo m\u00ednimo de exerc\u00edcio na UFPel (conforme edital para realiza\u00e7\u00e3o do Processo Seletivo para a concess\u00e3o dos afastamentos);<\/p>\n<p class=\"paragrafoComumStyle\"><strong>(3)<\/strong> Ter programa de p\u00f3s-gradua\u00e7\u00e3o ou pesquisa <strong>aprovado por institui\u00e7\u00e3o reconhecida;<\/strong><\/p>\n<div class=\"blocoDIVStyle titleComumStyle\">Tipos de Afastamento<\/div>\n<p class=\"paragrafoComumStyle\"><strong>P\u00f3s-Gradua\u00e7\u00e3o Stricto Sensu<\/strong> (Mestrado\/Doutorado) (Necess\u00e1rio comprovante de matricula).<\/p>\n<p class=\"paragrafoComumStyle\"><strong>P\u00f3s-Doutorado<\/strong> (Necess\u00e1ria carta de aceite da institui\u00e7\u00e3o de destino e projeto de pesquisa).<\/p>\n<div class=\"blocoDIVStyle paragrafoComumStyle\" style=\"padding-bottom: .5rem !important\">\n<p style=\"font-size: 16pt\"><strong>Aten\u00e7\u00e3o!<\/strong><\/p>\n<p>(1) Ap\u00f3s a reuni\u00e3o de toda a documenta\u00e7\u00e3o e envio atrav\u00e9s do processo no <strong><a href=\"https:\/\/sei.ufpel.edu.br\/sip\/login.php?sigla_orgao_sistema=UFPel&amp;sigla_sistema=SEI&amp;infra_url=L3NlaS8=\" target=\"_blank\">SEI<\/a>, o solicitante dever\u00e1 acompanhar a tramita\u00e7\u00e3o<\/strong> e eventuais solicita\u00e7\u00f5es de complementa\u00e7\u00e3o!<\/p>\n<p>(2) Durante o per\u00edodo de afastamento \u00e9\u00a0<b>responsabilidade do(a) servidor(a) t\u00e9cnico-administrativo(a)<\/b> que o <b>plano de trabalho seja criado, pactuado e avaliado no sistema Cobalto para fins de avalia\u00e7\u00e3o de desempenho<\/b> para progress\u00e3o por m\u00e9rito. O crit\u00e9iro de avalia\u00e7\u00e3o ser\u00e1 com base\u00a0 na apresenta\u00e7\u00e3o do hist\u00f3rico de notas do curso.<\/p>\n<\/div>\n<div class=\"paragrafoComumStyle\">A partir de 06 de setembro de 2019, com a publica\u00e7\u00e3o do <a href=\"https:\/\/www.planalto.gov.br\/ccivil_03\/_ato2019-2022\/2019\/decreto\/D9991.htm\" target=\"blank\"><strong>Decreto n\u00ba 9.991\/2019<\/strong><\/a>, foram estabelecidos novos procedimentos para solicita\u00e7\u00e3o dos afastamentos.<\/div>\n<div class=\"paragrafoComumStyle\">A <a href=\"https:\/\/wp.ufpel.edu.br\/scs\/files\/2022\/09\/SEI_UFPel-1877446-Resolucao-82.2022.pdf\" target=\"_blank\"><strong>Resolu\u00e7\u00e3o n\u00ba 82\/2022<\/strong><\/a> institui o programa de Capacita\u00e7\u00e3o dos(as) servidores(as) da Universidade Federal de Pelotas.<\/div>\n<div class=\"paragrafoComumStyle\">Desta forma, foram publicados editais para realiza\u00e7\u00e3o do Processo Seletivo para a concess\u00e3o dos afastamentos contendo as informa\u00e7\u00f5es necess\u00e1rias para solicita\u00e7\u00e3o e requisitos para concess\u00e3o.<\/div>\n<div class=\"blocoDIVStyle\">\n<div class=\"afastStyleLink\">\n<div class=\"titleComumStyle\">DOCENTE<\/div>\n<a href=\"https:\/\/wp.ufpel.edu.br\/progep\/files\/2025\/10\/SEI_3331621_Edital_PROGEP_5.pdf\" target=\"_blank\" rel=\"noopener\">Edital 05\/2025 -Servidores\/as Docente &#8211; 2026<\/a><br \/>\n<a href=\"https:\/\/wp.ufpel.edu.br\/progep\/files\/2024\/10\/SEI_UFPel-2769275-Edital-PROGEP-DOC.pdf\" target=\"_blank\" rel=\"noopener\">Edital 09\/2024- Docente &#8211; 2025<\/a><br \/><a href=\"https:\/\/wp.ufpel.edu.br\/progep\/files\/2025\/07\/SEI-_-UFPel-Solicitacao-de-Afastamento-para-Pos-Graduacao_Pos-Doutorado-Docente-SDCS.pdf\" target=\"_blank\" rel=\"noopener\">Base de Conhecimento para Afastamento Servidor\/a Docente<\/a>\n<\/div>\n<hr class=\"small-styled-hr\" \/>\n<div class=\"afastStyleLink\">\n<div class=\"titleComumStyle\">T\u00c9CNICO\/A ADMINISTRATIVO\/A<\/div>\n<a href=\"https:\/\/wp.ufpel.edu.br\/progep\/files\/2025\/10\/SEI_3331617_Edital_PROGEP_4.pdf\" target=\"_blank\" rel=\"noopener\">Edital 4\/2025 &#8211; T\u00e9cnico\/a Administrativo\/a &#8211; 2026<\/a><br \/>\n<a href=\"https:\/\/wp.ufpel.edu.br\/progep\/files\/2024\/10\/SEI_UFPel-2769061-Edital-PROGEP-TAES.pdf\" target=\"_blank\" rel=\"noopener\">Edital 8\/2024 &#8211; T\u00e9cnico Administrativo &#8211; 2025<\/a><br \/><a href=\"https:\/\/wp.ufpel.edu.br\/progep\/files\/2025\/07\/SEI-_-UFPel-Solicitacao-de-Afastamento-para-Pos-Graduacao_Pos-Doutorado-Tecnico-Administrativo-SDCS.pdf\" target=\"_blank\" rel=\"noopener\">Base de Conhecimento para Afastamento TAES<\/a>\n<\/div>\n<\/div>\n<hr class=\"small-styled-hr\" \/>\n<div class=\"titleComumStyle\">Documentos comprobat\u00f3rios de participa\u00e7\u00e3o:<\/div>\n<div class=\"blocoDIVStyle tabelasRepoDoc\" style=\"padding: 2rem 1rem\"><span class=\"collapseomatic \" id=\"id69d12c40bb20d\"  tabindex=\"0\" title=\"Documentos comprobat\u00f3rios de participa\u00e7\u00e3o\"    >Documentos comprobat\u00f3rios de participa\u00e7\u00e3o<\/span><div id=\"target-id69d12c40bb20d\" class=\"collapseomatic_content \">\n<div class=\"afastStyleLink2 \">\n<div class=\"paragrafoComumStyle\"><strong>O(A) servidor(a) dever\u00e1 comprovar a participa\u00e7\u00e3o efetiva<\/strong> no curso de p\u00f3s-gradua\u00e7\u00e3o que gerou seu afastamento, no prazo de at\u00e9 30 (trinta) dias da data de retorno \u00e0s atividades, devendo apresentar:<\/div>\n<div class=\"paragrafoComumStyle\">I &#8211; <strong>Certificado ou documento equivalente<\/strong> que comprove a participa\u00e7\u00e3o;<\/div>\n<div class=\"paragrafoComumStyle\">II &#8211; <strong>Relat\u00f3rio das atividades desenvolvidas<\/strong>, contendo a data de in\u00edcio e fim da atividade;<\/div>\n<div class=\"paragrafoComumStyle\">III &#8211;<strong> e, c\u00f3pia de monografia, trabalho de conclus\u00e3o de curso, disserta\u00e7\u00e3o de mestrado, tese de doutorado, de livre-doc\u00eancia ou est\u00e1gio p\u00f3s-doutoral com assinatura do orientador,<\/strong> contendo a data de in\u00edcio e fim da atividade, quando for o caso.<\/div>\n<div class=\"paragrafoComumStyle\">A n\u00e3o apresenta\u00e7\u00e3o da documenta\u00e7\u00e3o comprobat\u00f3ria sujeitar\u00e1 o(a) servidor(a) a ressarcir a UFPel dos gastos com seu aperfei\u00e7oamento, na forma da lei.<\/div>\n<\/div>\n<\/div>\n<\/div>\n\n<hr class=\"small-styled-hr\" \/>\n<div class=\"titleComumStyle\">Prorroga\u00e7\u00e3o do Afastamento<\/div>\n<div class=\"blocoDIVStyle tabelasRepoDoc\" style=\"padding: 2rem 1rem\"><span class=\"collapseomatic \" id=\"id69d12c40bb2a7\"  tabindex=\"0\" title=\"Prorroga\u00e7\u00e3o\"    >Prorroga\u00e7\u00e3o<\/span><div id=\"target-id69d12c40bb2a7\" class=\"collapseomatic_content \">\n<div class=\"afastStyleLink2 \">\n<div class=\"paragrafoComumStyle\">Para solicitar a prorroga\u00e7\u00e3o do afastamento, o(a) servidor(a) dever\u00e1 reabrir o processo inicial e inserir os documentos conforme descrito na Base de Conhecimento, com anteced\u00eancia m\u00ednima de 30 dias em rela\u00e7\u00e3o \u00e0 data final do afastamento autorizado.<\/div>\n<div class=\"paragrafoComumStyle\" style=\"margin: 0\"><strong>I &#8211;<\/strong> Incluir e assinar o formul\u00e1rio de solicita\u00e7\u00e3o <strong>\u201cPROGEP Solicit. Prorroga\u00e7\u00e3o de Afastamento Docente\u201d<\/strong> ou <strong>\u201cPessoal: Prorroga\u00e7\u00e3o de Afastamento para P\u00f3s-Gradua\u00e7\u00e3o\/P\u00f3s-Doutorado \u2013 T\u00e9cnico-administrativo\u201d<\/strong>;<\/div>\n<div class=\"paragrafoComumStyle\" style=\"margin: 0\"><strong>II &#8211;<\/strong> Anexar o <strong>documento com justificativa fundamentada do orientador\/supervisor<\/strong> para a prorroga\u00e7\u00e3o pretendida (se redigido em l\u00edngua estrangeira, anexar tamb\u00e9m, a tradu\u00e7\u00e3o);<\/div>\n<div class=\"paragrafoComumStyle\" style=\"margin: 0\"><strong>III &#8211;<\/strong> O documento com <strong>cronograma de atividades<\/strong>, m\u00eas a m\u00eas, para o per\u00edodo solicitado (assinado pelo orientador);<\/div>\n<div class=\"paragrafoComumStyle\" style=\"margin: 0\"><strong>IV &#8211;<\/strong> A <strong>declara\u00e7\u00e3o da institui\u00e7\u00e3o de ensino comprovando prazo para conclus\u00e3o do curso<\/strong> e enviar o processo \u00e0 autoridade m\u00e1xima da Unidade (Diretor(a)\/Pr\u00f3-reitor(a))<\/div>\n<div class=\"paragrafoComumStyle\" style=\"margin: 0\"><strong>V &#8211;<\/strong> A autoridade m\u00e1xima da Unidade dever\u00e1 analisar a solicita\u00e7\u00e3o e ap\u00f3s, incluir e assinar o formul\u00e1rio <strong>&#8220;PROGEP Prorroga\u00e7\u00e3o Afastamento DOC (Chefia)&#8221;<\/strong> ou <strong>\u201cPROGEP Solic. Prorroga\u00e7\u00e3o Afastamento P\u00f3s-Grad TAE\u201d<\/strong>, enviando o processo \u00e0 Se\u00e7\u00e3o de Desenvolvimento na Carreira dos Servidores (SDCS) se solicita\u00e7\u00e3o aprovada. Em caso de n\u00e3o aprova\u00e7\u00e3o, devolver ao servidor(a) para ci\u00eancia.<\/div>\n<div class=\"paragrafoComumStyle\">Ap\u00f3s, o processo dever\u00e1 ser encaminhado para Se\u00e7\u00e3o de Desenvolvimento na Carreira dos Servidores &#8211; SDCS.<\/div>\n<div class=\"paragrafoComumStyle\"><strong>Docente<\/strong><\/div>\n<p><a href=\"https:\/\/wp.ufpel.edu.br\/progep\/files\/2025\/07\/SEI-_-UFPel-Solicitacao-de-Prorrogacao-de-Afastamento-para-Pos-Graduacao_-Pos-Doutorado-Docente-SDCS.pdf\" target=\"_blank\" rel=\"noopener\">Base de Conhecimento para Prorroga\u00e7\u00e3o Servidor\/a Docente<\/a><\/p>\n<div class=\"paragrafoComumStyle\"><strong>T\u00e9cnico Administrativo<\/strong><\/div>\n<p><a href=\"https:\/\/wp.ufpel.edu.br\/progep\/files\/2025\/07\/SEI-_-UFPel-Solicitacao-de-Prorrogacao-de-Afastamento-para-Pos-Graduacao_-Pos-Doutorado-Tecnico-Administrativo-SDCS.pdf\" target=\"_blank\" rel=\"noopener\">Base de Conhecimento para Prorroga\u00e7\u00e3o TAES<\/a><\/p>\n<\/div>\n<\/div>\n<\/div>\n<hr class=\"small-styled-hr\" \/>\n<div class=\"titleComumStyle\">Encerramento atencipado do afastamento<\/div>\n<div class=\"blocoDIVStyle tabelasRepoDoc\" style=\"padding: 2rem 1rem\"><span class=\"collapseomatic \" id=\"id69d12c40bb2d4\"  tabindex=\"0\" title=\"Encerramento atencipado\"    >Encerramento atencipado<\/span><div id=\"target-id69d12c40bb2d4\" class=\"collapseomatic_content \">\n<div class=\"afastStyleLink2 \">\n<div class=\"paragrafoComumStyle\">O\/a servidor\/a dever\u00e1 solicitar o encerramento do afastamento para P\u00f3s-Gradua\u00e7\u00e3o ou P\u00f3s-Doutorado nas seguintes situa\u00e7\u00f5es:<\/div>\n<ul>\n<li class=\"paragrafoComumStyle\">retorno \u00e0s\u00a0atividades na sua unidade de lota\u00e7\u00e3o antes do prazo final do afastamento autorizado atrav\u00e9s de\u00a0portaria;<\/li>\n<li class=\"paragrafoComumStyle\">se a defesa ou conclus\u00e3o da pesquisa venha a ser conclu\u00eddo antes do t\u00e9rmino do per\u00edodo de afastamento, neste caso, o\/a servidor\/a deve retornar \u00e0s suas atividades.<\/li>\n<\/ul>\n<p class=\"paragrafoComumStyle\"><strong>Para solicitar o retorno antecipado, o\/a servidor\/a deve:<\/strong><br \/><strong>(1)<\/strong> Preencher o formul\u00e1rio \u201cPROGEP \u2013 Solicita\u00e7\u00e3o de Encerramento de Afastamento\u201d;<br \/><strong>(2)<\/strong> Obter a assinatura da chefia imediata;<br \/><strong>(3)<\/strong> Anexar atestado, certificado de conclus\u00e3o ou declara\u00e7\u00e3o com previs\u00e3o de conclus\u00e3o do curso;<br \/><strong>(4)<\/strong> Incluir, se for o caso, a solicita\u00e7\u00e3o de rescis\u00e3o do contrato de professor\/a substituto\/a, assinada pelo diretor da unidade e enviada ao NUCAD;<br \/><strong>(5)<\/strong> Encaminhar a documenta\u00e7\u00e3o \u00e0 SDCS (Se\u00e7\u00e3o de Desenvolvimento na Carreira do Servidor).<\/p>\n<\/div>\n<div class=\"titleComumStyle\"><strong>IMPORTANTE<\/strong><\/div>\n<div class=\"paragrafoComumStyle\">Nas situa\u00e7\u00f5es de afastamentos para P\u00f3s-Gradua\u00e7\u00e3o dever\u00e1 ser encaminhado documento da institui\u00e7\u00e3o de ensino, informando o prazo final para realiza\u00e7\u00e3o da defesa da disserta\u00e7\u00e3o ou tese.<\/div>\n<\/div>\n<\/div>\n<hr class=\"small-styled-hr\" \/>\n<div class=\"titleComumStyle\">Perguntas Frequentes<\/div>\n<div class=\"blocoDIVStyle tabelasRepoDoc\" style=\"padding: 2rem 1rem\"><span class=\"collapseomatic \" id=\"id69d12c40bb2fc\"  tabindex=\"0\" title=\" Perguntas Frequentes \u2013 Afastamento para P\u00f3s-Gradua\u00e7\u00e3o (Stricto Sensu)\"    > Perguntas Frequentes \u2013 Afastamento para P\u00f3s-Gradua\u00e7\u00e3o (Stricto Sensu)<\/span><div id=\"target-id69d12c40bb2fc\" class=\"collapseomatic_content \">\n<div class=\"afastStyleLink2 \">\n<p class=\"paragrafoComumStyle\"><strong>1. Quem pode solicitar afastamento para cursar p\u00f3s-gradua\u00e7\u00e3o?<\/strong> Servidores(as) t\u00e9cnico-administrativos(as) e docentes da UFPel que estejam em efetivo exerc\u00edcio e atendam aos crit\u00e9rios estabelecidos na legisla\u00e7\u00e3o vigente e nas normativas internas da Universidade.<\/p>\n<p class=\"paragrafoComumStyle\"><strong>2. O afastamento \u00e9 um direito autom\u00e1tico do(a) servidor(a)?<\/strong> N\u00e3o. O afastamento para p\u00f3s-gradua\u00e7\u00e3o \u00e9 uma possibilidade legal, mas depende de an\u00e1lise e autoriza\u00e7\u00e3o da chefia imediata, da unidade e da Pr\u00f3-Reitoria de Gest\u00e3o de Pessoas (PROGEP), com base nos impactos para o servi\u00e7o e na relev\u00e2ncia da forma\u00e7\u00e3o para a institui\u00e7\u00e3o.<\/p>\n<p class=\"paragrafoComumStyle\"><strong>3. \u00c9 poss\u00edvel se afastar para cursos em institui\u00e7\u00f5es estrangeiras?<\/strong> Sim, desde que o curso seja reconhecido oficialmente e o afastamento seja autorizado conforme os tr\u00e2mites institucionais e legais. \u00c9 necess\u00e1rio apresentar documenta\u00e7\u00e3o comprobat\u00f3ria da aceita\u00e7\u00e3o e do v\u00ednculo com a institui\u00e7\u00e3o estrangeira.<\/p>\n<p class=\"paragrafoComumStyle\"><strong>4. Durante o afastamento, continuo recebendo sal\u00e1rio?<\/strong> Sim, o(a) servidor(a) permanece em exerc\u00edcio com remunera\u00e7\u00e3o integral, desde que o afastamento esteja formalmente autorizado e n\u00e3o haja preju\u00edzo \u00e0 institui\u00e7\u00e3o.<\/p>\n<p class=\"paragrafoComumStyle\"><strong>5. Posso receber bolsas de estudo durante o afastamento?<\/strong> Sim, \u00e9 permitido o recebimento de bolsa, desde que compat\u00edvel com a legisla\u00e7\u00e3o e declarada no processo de afastamento.<\/p>\n<p class=\"paragrafoComumStyle\"><strong>6. Durante o afastamento para p\u00f3s-gradua\u00e7\u00e3o, continuo recebendo o adicional de insalubridade ou periculosidade?<\/strong> N\u00e3o. Durante o afastamento integral, o(a) servidor(a) deixa de exercer suas atividades laborais habituais e, portanto, n\u00e3o faz jus ao pagamento de adicionais ocupacionais como insalubridade ou periculosidade, que exigem exposi\u00e7\u00e3o efetiva a agentes nocivos.<\/p>\n<div class=\"paragrafoComumStyle\"><strong>7. Como solicitar o retorno antecipado do afastamento para p\u00f3s-gradua\u00e7\u00e3o\/p\u00f3s-doutorado?<\/strong> Para solicitar o retorno antecipado, o(a) servidor(a) deve:\n<ul>\n<li>Preencher o formul\u00e1rio <em>\u201cPROGEP \u2013 Solicita\u00e7\u00e3o de Encerramento de Afastamento\u201d<\/em>;<\/li>\n<li>Obter a assinatura da chefia imediata;<\/li>\n<li>Anexar atestado, certificado de conclus\u00e3o ou declara\u00e7\u00e3o com previs\u00e3o de conclus\u00e3o do curso;<\/li>\n<li>Incluir, se for o caso, a solicita\u00e7\u00e3o de rescis\u00e3o do contrato de professor\/a substituto\/a, assinada pela dire\u00e7\u00e3o da unidade e enviada ao NUCAD;<\/li>\n<li>Encaminhar a documenta\u00e7\u00e3o \u00e0 SDCS (Se\u00e7\u00e3o de Desenvolvimento na Carreira do Servidor).<\/li>\n<\/ul>\n<\/div>\n<p class=\"paragrafoComumStyle\"><strong>8. \u00c9 poss\u00edvel pedir novo afastamento para outra p\u00f3s-gradua\u00e7\u00e3o?<\/strong><br \/>Sim, desde que o(a) servidor(a) tenha cumprido o tempo de perman\u00eancia na UFPel ap\u00f3s o \u00faltimo afastamento e siga os crit\u00e9rios legais e institucionais vigentes.<\/p>\n<p class=\"paragrafoComumStyle\"><strong>9. A p\u00f3s-gradua\u00e7\u00e3o precisa estar alinhada com o trabalho que exer\u00e7o na UFPel?<\/strong> Sim. A forma\u00e7\u00e3o deve estar relacionada ao cargo ocupado e \u00e0s demandas institucionais, de prefer\u00eancia prevista no Plano Plurianual de Capacita\u00e7\u00e3o e no PDP \u2013 Plano de Desenvolvimento de Pessoas.<\/p>\n<p class=\"paragrafoComumStyle\"><strong>10. Posso pedir f\u00e9rias durante o per\u00edodo de afastamento para p\u00f3s-gradua\u00e7\u00e3o?<\/strong> Durante o afastamento integral, n\u00e3o \u00e9 poss\u00edvel o gozo efetivo de f\u00e9rias, pois o(a) servidor(a) n\u00e3o est\u00e1 em exerc\u00edcio. No entanto, \u00e9 poss\u00edvel solicitar o pagamento das f\u00e9rias acumuladas, com autoriza\u00e7\u00e3o da chefia, sem frui\u00e7\u00e3o do per\u00edodo.<\/p>\n<p class=\"paragrafoComumStyle\"><strong>11. Posso atuar como orientador(a), participar de bancas ou desenvolver projetos paralelos durante o afastamento?<\/strong> N\u00e3o. O afastamento integral exige dedica\u00e7\u00e3o exclusiva. O(A) servidor(a) n\u00e3o pode exercer atividades funcionais vinculadas ao cargo, como orienta\u00e7\u00f5es, participa\u00e7\u00e3o em bancas ou projetos institucionais. Caso deseje manter essas atividades, deve solicitar a altera\u00e7\u00e3o para <strong>A\u00e7\u00e3o de Desenvolvimento em Servi\u00e7o<\/strong>, com carga hor\u00e1ria definida e compat\u00edvel, mediante autoriza\u00e7\u00e3o da chefia.<\/p>\n<p class=\"paragrafoComumStyle\"><strong>12. Ap\u00f3s o t\u00e9rmino do afastamento para p\u00f3s-gradua\u00e7\u00e3o, sou obrigado(a) a permanecer na UFPel por algum per\u00edodo?<\/strong> Sim. Conforme o \u00a7 4\u00ba do art. 96-A da Lei n\u00ba 8.112\/1990, o(a) servidor(a) deve permanecer em exerc\u00edcio por per\u00edodo igual ao do afastamento concedido. O n\u00e3o cumprimento dessa exig\u00eancia pode resultar em ressarcimento proporcional dos valores recebidos durante o afastamento.<\/p>\n<p class=\"paragrafoComumStyle\"><strong>13. O que acontece se eu pedir exonera\u00e7\u00e3o ou aposentadoria antes de cumprir o tempo de perman\u00eancia ap\u00f3s o afastamento?<\/strong> Caso o(a) servidor(a) solicite exonera\u00e7\u00e3o ou aposentadoria antes de cumprir o tempo de perman\u00eancia, dever\u00e1 ressarcir \u00e0 UFPel os gastos com seu aperfei\u00e7oamento, conforme o \u00a7 5\u00ba do art. 96-A da Lei n\u00ba 8.112\/1990, observando-se o disposto no art. 47 da mesma Lei.<\/p>\n<p class=\"paragrafoComumStyle\"><strong>14. O que acontece se eu n\u00e3o concluir o curso ou n\u00e3o obter o t\u00edtulo ao final do afastamento?<\/strong> Se o(a) servidor(a) n\u00e3o obtiver o t\u00edtulo ou grau que justificou o afastamento no prazo previsto, ser\u00e1 igualmente obrigado a ressarcir os gastos \u00e0 institui\u00e7\u00e3o, conforme o \u00a7 6\u00ba do art. 96-A da Lei n\u00ba 8.112\/1990. Essa regra pode ser excepcionalmente flexibilizada em caso de for\u00e7a maior ou caso fortuito, a crit\u00e9rio do dirigente m\u00e1ximo da UFPel.<\/p>\n<\/div>\n<\/div>\n<\/div>\n<div class=\"prevLegal linksComum\">\n<div class=\"titleComumStyle\">Fundamenta\u00e7\u00e3o Legal:<\/div>\n<a href=\"https:\/\/www.planalto.gov.br\/ccivil_03\/_ato2019-2022\/2019\/decreto\/D9991.htm\" target=\"_blank\" rel=\"noopener\"> Decreto n\u00ba 9.991, de 28 de agosto de 2019<\/a><a href=\"https:\/\/wp.ufpel.edu.br\/progep\/files\/2025\/08\/INSTRUCAO-NORMATIVA-SGP-ENAP-SEDGG-ME-No-21-DE-1o-DE-FEVEREIRO-DE-2021-4.pdf\" target=\"_blank\" rel=\"noopener\">Instru\u00e7\u00e3o Normativa n\u00ba 21, de 1\u00ba de fevereiro de 2021<\/a><a href=\"https:\/\/wp.ufpel.edu.br\/progep\/files\/2025\/08\/Nota-Tecnica-SEI-no-29961-2021-ME.pdf\" target=\"_blank\" rel=\"noopener\">Nota T\u00e9cnica n\u00ba 29.961\/2021\/ME<\/a><a href=\"https:\/\/www.planalto.gov.br\/ccivil_03\/leis\/l8112cons.htm\" target=\"_blank\" rel=\"noopener\">Lei n\u00ba 8.112, de 11 de dezembro de 1990<\/a><a href=\"https:\/\/www.planalto.gov.br\/ccivil_03\/_ato2011-2014\/2012\/lei\/l12772.htm\" target=\"_blank\" rel=\"noopener\">Lei n\u00ba 12.772, de 28 de dezembro de 2012<\/a><a href=\"https:\/\/wp.ufpel.edu.br\/scs\/files\/2015\/03\/Resolu%C3%A7%C3%A3o-23.2015.pdf\" target=\"_blank\" rel=\"noopener\">Resolu\u00e7\u00e3o COCEPE n\u00ba 23, de 09 de julho de 2015<\/a><a href=\"https:\/\/wp.ufpel.edu.br\/scs\/files\/2022\/09\/SEI_UFPel-1877446-Resolucao-82.2022.pdf\" target=\"_blank\" rel=\"noopener\">Resolu\u00e7\u00e3o CONSUN n\u00ba 82, de 16 de setembro de 2022<\/a>\n<\/div>","protected":false},"excerpt":{"rendered":"<p>Afastamento para P\u00f3s-Gradua\u00e7\u00e3o\/ P\u00f3s-Doutorado Confira nesta p\u00e1gina informa\u00e7\u00f5es sobre Afastamento para P\u00f3s-Gradua\u00e7\u00e3o\/P\u00f3s-Doutorado. O que \u00e9? O afastamento para estudo \u00e9 a autoriza\u00e7\u00e3o formal que permite a servidores\/as se ausentarem totalmente de suas atividades para dedicar-se a cursos de mestrado, doutorado ou p\u00f3s-doutorado. Isso pode ocorrer tanto no Brasil quanto no exterior. Quem pode solicitar? Podem [&hellip;]<\/p>\n","protected":false},"author":21,"featured_media":0,"parent":0,"menu_order":0,"comment_status":"closed","ping_status":"closed","template":"","meta":{"footnotes":""},"class_list":["post-33332","page","type-page","status-publish","hentry"],"_links":{"self":[{"href":"https:\/\/wp.ufpel.edu.br\/progep\/wp-json\/wp\/v2\/pages\/33332","targetHints":{"allow":["GET"]}}],"collection":[{"href":"https:\/\/wp.ufpel.edu.br\/progep\/wp-json\/wp\/v2\/pages"}],"about":[{"href":"https:\/\/wp.ufpel.edu.br\/progep\/wp-json\/wp\/v2\/types\/page"}],"author":[{"embeddable":true,"href":"https:\/\/wp.ufpel.edu.br\/progep\/wp-json\/wp\/v2\/users\/21"}],"replies":[{"embeddable":true,"href":"https:\/\/wp.ufpel.edu.br\/progep\/wp-json\/wp\/v2\/comments?post=33332"}],"version-history":[{"count":3,"href":"https:\/\/wp.ufpel.edu.br\/progep\/wp-json\/wp\/v2\/pages\/33332\/revisions"}],"predecessor-version":[{"id":40389,"href":"https:\/\/wp.ufpel.edu.br\/progep\/wp-json\/wp\/v2\/pages\/33332\/revisions\/40389"}],"wp:attachment":[{"href":"https:\/\/wp.ufpel.edu.br\/progep\/wp-json\/wp\/v2\/media?parent=33332"}],"curies":[{"name":"wp","href":"https:\/\/api.w.org\/{rel}","templated":true}]}}