{"id":33190,"date":"2025-06-13T09:17:39","date_gmt":"2025-06-13T12:17:39","guid":{"rendered":"https:\/\/wp.ufpel.edu.br\/progep\/?page_id=33190"},"modified":"2025-08-01T11:31:07","modified_gmt":"2025-08-01T14:31:07","slug":"chamada-publica-05-2025","status":"publish","type":"page","link":"https:\/\/wp.ufpel.edu.br\/progep\/chamada-publica-05-2025\/","title":{"rendered":"Chamada P\u00fablica 05\/2025"},"content":{"rendered":"\n<p><a href=\"https:\/\/wp.ufpel.edu.br\/progep\/files\/2025\/08\/SEI_3114157_Edital_PROGEP_11-1.pdf\">Chamada P\u00fablica de Remo\u00e7\u00e3o 05\/2025<\/a><\/p>\n\n\n\n<p><a href=\"https:\/\/wp.ufpel.edu.br\/progep\/files\/2025\/08\/SEI_3114668_Edital_PROGEP_12.pdf\">Chamada P\u00fablica 05\/2025 &#8211; RETIFICA\u00c7\u00c3O<\/a><\/p>\n\n\n\n<p><a href=\"https:\/\/wp.ufpel.edu.br\/progep\/files\/2025\/08\/SEI_3141919_Edital_PROGEP_16.pdf\">RESULTADO FINAL<\/a><\/p>\n\n\n\n<p><\/p>\n","protected":false},"excerpt":{"rendered":"<p>Chamada P\u00fablica de Remo\u00e7\u00e3o 05\/2025 Chamada P\u00fablica 05\/2025 &#8211; RETIFICA\u00c7\u00c3O RESULTADO FINAL<\/p>\n","protected":false},"author":21,"featured_media":0,"parent":0,"menu_order":0,"comment_status":"closed","ping_status":"closed","template":"","meta":{"footnotes":""},"class_list":["post-33190","page","type-page","status-publish","hentry"],"_links":{"self":[{"href":"https:\/\/wp.ufpel.edu.br\/progep\/wp-json\/wp\/v2\/pages\/33190","targetHints":{"allow":["GET"]}}],"collection":[{"href":"https:\/\/wp.ufpel.edu.br\/progep\/wp-json\/wp\/v2\/pages"}],"about":[{"href":"https:\/\/wp.ufpel.edu.br\/progep\/wp-json\/wp\/v2\/types\/page"}],"author":[{"embeddable":true,"href":"https:\/\/wp.ufpel.edu.br\/progep\/wp-json\/wp\/v2\/users\/21"}],"replies":[{"embeddable":true,"href":"https:\/\/wp.ufpel.edu.br\/progep\/wp-json\/wp\/v2\/comments?post=33190"}],"version-history":[{"count":3,"href":"https:\/\/wp.ufpel.edu.br\/progep\/wp-json\/wp\/v2\/pages\/33190\/revisions"}],"predecessor-version":[{"id":35657,"href":"https:\/\/wp.ufpel.edu.br\/progep\/wp-json\/wp\/v2\/pages\/33190\/revisions\/35657"}],"wp:attachment":[{"href":"https:\/\/wp.ufpel.edu.br\/progep\/wp-json\/wp\/v2\/media?parent=33190"}],"curies":[{"name":"wp","href":"https:\/\/api.w.org\/{rel}","templated":true}]}}