{"id":32981,"date":"2025-06-10T11:47:31","date_gmt":"2025-06-10T14:47:31","guid":{"rendered":"https:\/\/wp.ufpel.edu.br\/progep\/?page_id=32981"},"modified":"2025-10-22T10:30:18","modified_gmt":"2025-10-22T13:30:18","slug":"capacitacao-5a-edicao-fg-servicos-e-ferramentas-de-ti-na-ufpel","status":"publish","type":"page","link":"https:\/\/wp.ufpel.edu.br\/progep\/capacitacao-5a-edicao-fg-servicos-e-ferramentas-de-ti-na-ufpel\/","title":{"rendered":"Capacita\u00e7\u00e3o: 5\u00aa Edi\u00e7\u00e3o FG: Servi\u00e7os e Ferramentas de TI na UFPEL"},"content":{"rendered":"\n<div class=\"wp-block-group\"><div class=\"wp-block-group__inner-container is-layout-constrained wp-block-group-is-layout-constrained\">\n<div class=\"acaoStyle\">\n<div class=\"cabecalhoAcoes\">\n<div style=\"font-weight: bold;color: red;background-color: yellow;padding: 1rem;border-radius: 0.75rem;margin-bottom: 1rem\">ATEN\u00c7\u00c3O INSCRI\u00c7\u00d5ES PRORROGADAS. EVENTO REAGENDADO<\/div>\n<div>5\u00aa Edi\u00e7\u00e3o da Forma\u00e7\u00e3o de Gestores: Servi\u00e7os e Ferramentas de TI na UFPEL: Vis\u00e3o Pr\u00e1tica<\/div>\n<p>A capacita\u00e7\u00e3o tem como objetivo apresentar e orientar o uso dos principais servi\u00e7os e ferramentas institucionais, abordando desde recursos de comunica\u00e7\u00e3o e colabora\u00e7\u00e3o, como Webmail, Listas de E-mails, Docs e Webconf, at\u00e9 servi\u00e7os de apoio t\u00e9cnico e infraestrutura, como Atendimento e Suporte, Encurtador de Links, Outsourcing de Impress\u00e3o, Survey\/Redcap, WUFPel, Projetos de Rede L\u00f3gica e Acesso \u00e0 Internet.<\/p>\n<\/div>\n<div class=\"corpoStyle\"><strong>Facilitador(a): <\/strong>Eduardo Maro\u00f1as Monks<br \/>(<em>Analista de Tecnologia da Informa\u00e7\u00e3o \/ Coordenador de Redes e Infraestruturas SGTIC\/UFPEL<\/em>)<\/p>\n<div style=\"color: red\"><strong>Nova data de realiza\u00e7\u00e3o<\/strong>: 02\/07 (Quarta-feira)<\/div>\n<div><strong>Hor\u00e1rio: <\/strong>14h \u00e0s 16h<br \/><strong>Carga hor\u00e1ria<\/strong>: 2h<br \/><strong>Modalidade: <\/strong>presencial<br \/><strong>Local:\u00a0 <\/strong>Campus Anglo, sala a definir <br \/><strong>Ementa: <\/strong><\/div>\n<ul>\n<li>Atendimento e Suporte;<\/li>\n<li>Webmail;<\/li>\n<li>Listas de e-mails;<\/li>\n<li>Docs;<\/li>\n<li>Webconf;<\/li>\n<li>Encurtador de Links;<\/li>\n<li>Outsourcing de Impress\u00e3o;<\/li>\n<li>Survey\/Redcap;<\/li>\n<li>WUFPel;<\/li>\n<li>Projetos de rede l\u00f3gica;<\/li>\n<li>Acesso \u00e0 Internet.<\/li>\n<\/ul>\n<p><strong>P\u00fablico Alvo<\/strong>: Servidores\/as que exercem cargos de dire\u00e7\u00e3o e chefias das unidades administrativas e acad\u00eamicas*.<\/p>\n<p><strong>Per\u00edodo de inscri\u00e7\u00e3o<\/strong>: 10\/06 a 30\/06\/2025<\/p>\n<p><strong>Divulga\u00e7\u00e3o das inscri\u00e7\u00f5es homologadas<\/strong>: 01\/07\/2025**, nesta p\u00e1gina.<\/p>\n<p>*Considerando a Pol\u00edtica Nacional de Desenvolvimento de Pessoas, conforme Decreto n\u00ba 9.991\/19, somente ser\u00e3o certificados(as) os(as) servidores(as) p\u00fablicos pertencentes ao Quadro Efetivo da UFPel;<br \/>** Quando homologadas as inscri\u00e7\u00f5es, os(as) selecionados(as) receber\u00e3o e-mail de confirma\u00e7\u00e3o com instru\u00e7\u00f5es.<\/p>\n<p><strong>Observa\u00e7\u00e3o<\/strong>: A homologa\u00e7\u00e3o das inscri\u00e7\u00f5es dos(as) trabalhadores(as) terceirizados ficar\u00e1 condicionada \u00e0 an\u00e1lise pr\u00e9via e manifesta\u00e7\u00e3o por parte do NUGEST\/PRA.<\/p>\n<p><strong><a href=\"https:\/\/wp.ufpel.edu.br\/progep\/files\/2025\/06\/HOMOLOGACAO-Formacao-de-Gestores_-Servicos-e-Ferramentas-de-TI-na-UFPEL_-Visao-Pratica-2.pdf\" target=\"_blank\" rel=\"noopener\">Confira as Inscri\u00e7\u00f5es Homologadas aqui!<\/a><\/strong><\/p>\n<p><span style=\"font-size: 14pt\"><strong>Contato:<\/strong> cdp.capacita@ufpel.edu.br<\/span><\/p>\n<\/div>\n<\/div>\n<\/div><\/div>\n\n\n\n<p><\/p>\n","protected":false},"excerpt":{"rendered":"<p>ATEN\u00c7\u00c3O INSCRI\u00c7\u00d5ES PRORROGADAS. EVENTO REAGENDADO 5\u00aa Edi\u00e7\u00e3o da Forma\u00e7\u00e3o de Gestores: Servi\u00e7os e Ferramentas de TI na UFPEL: Vis\u00e3o Pr\u00e1tica A capacita\u00e7\u00e3o tem como objetivo apresentar e orientar o uso dos principais servi\u00e7os e ferramentas institucionais, abordando desde recursos de comunica\u00e7\u00e3o e colabora\u00e7\u00e3o, como Webmail, Listas de E-mails, Docs e Webconf, at\u00e9 servi\u00e7os de apoio [&hellip;]<\/p>\n","protected":false},"author":21,"featured_media":0,"parent":0,"menu_order":0,"comment_status":"closed","ping_status":"closed","template":"","meta":{"footnotes":""},"class_list":["post-32981","page","type-page","status-publish","hentry"],"_links":{"self":[{"href":"https:\/\/wp.ufpel.edu.br\/progep\/wp-json\/wp\/v2\/pages\/32981","targetHints":{"allow":["GET"]}}],"collection":[{"href":"https:\/\/wp.ufpel.edu.br\/progep\/wp-json\/wp\/v2\/pages"}],"about":[{"href":"https:\/\/wp.ufpel.edu.br\/progep\/wp-json\/wp\/v2\/types\/page"}],"author":[{"embeddable":true,"href":"https:\/\/wp.ufpel.edu.br\/progep\/wp-json\/wp\/v2\/users\/21"}],"replies":[{"embeddable":true,"href":"https:\/\/wp.ufpel.edu.br\/progep\/wp-json\/wp\/v2\/comments?post=32981"}],"version-history":[{"count":3,"href":"https:\/\/wp.ufpel.edu.br\/progep\/wp-json\/wp\/v2\/pages\/32981\/revisions"}],"predecessor-version":[{"id":38399,"href":"https:\/\/wp.ufpel.edu.br\/progep\/wp-json\/wp\/v2\/pages\/32981\/revisions\/38399"}],"wp:attachment":[{"href":"https:\/\/wp.ufpel.edu.br\/progep\/wp-json\/wp\/v2\/media?parent=32981"}],"curies":[{"name":"wp","href":"https:\/\/api.w.org\/{rel}","templated":true}]}}