{"id":32711,"date":"2025-05-22T11:50:10","date_gmt":"2025-05-22T14:50:10","guid":{"rendered":"https:\/\/wp.ufpel.edu.br\/progep\/?page_id=32711"},"modified":"2026-04-16T12:31:33","modified_gmt":"2026-04-16T15:31:33","slug":"guia-da-pessoa-servidora-ufpel","status":"publish","type":"page","link":"https:\/\/wp.ufpel.edu.br\/progep\/guia-da-pessoa-servidora-ufpel\/","title":{"rendered":"Guia da Pessoa Servidora"},"content":{"rendered":"\n<div class=\"wp-block-group\"><div class=\"wp-block-group__inner-container is-layout-constrained wp-block-group-is-layout-constrained\">\n<div class=\"logoTituloModelStyle\"><img class=\"size-medium wp-image-27184 alignleft\" src=\"https:\/\/wp.ufpel.edu.br\/progep\/files\/2025\/03\/logo-progep_atualizacao-nome_AZUL.png\" alt=\"\" \/>\n<div style=\"font-size: 25pt;padding: 2.5rem 0.5rem\"><strong>Guia da Pessoa Servidora UFPEL<\/strong><\/div>\n<\/div>\n<hr class=\"hrModelStyle\" \/>\n<div class=\"descriptionModelStyle\">Conhe\u00e7a o <strong>Guia da Pessoa Servidora UFPEL<\/strong>, nele voc\u00ea encontrar\u00e1 os primeiros passos na institui\u00e7\u00e3o e uma forma de compreender as carreiras enquanto pessoa servidora UFPEL.\u00a0<\/div>\n<\/div><\/div>\n\n\n<div class=\"guiaDaLiderancaStyle botaoStyle botaoGrandeStyle\"><a href=\"https:\/\/wp.ufpel.edu.br\/progep\/files\/2026\/04\/Guia-da-Pessoa-Servidora-3.pdf\">Confira aqui o Guia da Pessoa Servidora UFPel<\/a><\/div>\n\n\n<p><\/p>\n\n\n<div class=\"blocoDIVStyle titleComumStyle\"> Guia da Pessoa Servidora da UFPEL: Veja mais informa\u00e7\u00f5es nas p\u00e1ginas abaixo\n<\/div>\n<div class=\"cartoesGuiaStyle\">\n\n<div class=\"cardGuiaStyle\">\n<div class=\"letraGuiaStyle\">\nA\n<\/div>\n<div class=\"linksGuiaStyle\">\n<a href=\"https:\/\/wp.ufpel.edu.br\/progep\/?page_id=22168&amp;preview=true\">Abono de Perman\u00eancia<\/a>\n<a href=\"https:\/\/wp.ufpel.edu.br\/progep\/acao-de-desenvolvimento-em-servico-2\/\" rel=\"noopener\">A\u00e7\u00e3o de Desenvolvimento em Servi\u00e7o<\/a>\n<a href=\"https:\/\/wp.ufpel.edu.br\/progep\/aceleracao-da-progressao-por-capacitacao\/\" rel=\"noopener\">Acelera\u00e7\u00e3o da Progress\u00e3o por Capacita\u00e7\u00e3o<\/a>\n<a class=\"sou-gov\" href=\"https:\/\/sougov.sigepe.gov.br\/sougov\/\" target=\"_blank\">Acesso ao SouGov<\/a>\n<a href=\"https:\/\/wp.ufpel.edu.br\/progep\/csqv\/ciat-comunicacao-interna-de-acidente-de-trabalho\/\">Acidente em Servi\u00e7o \/ Trabalho<\/a>\n<a href=\"https:\/\/wp.ufpel.edu.br\/progep\/?page_id=23020&amp;preview=true\">Acompanhamento Psicossocial do Servidor<\/a>\n<a href=\"https:\/\/wp.ufpel.edu.br\/progep\/administracao-de-pessoal\/manual-do-servidor\/acumulo-de-cargos-empregos-e-funcoes\/\">Ac\u00famulo de Cargos, Empregos e Fun\u00e7\u00f5es<\/a>\n<a href=\"https:\/\/wp.ufpel.edu.br\/progep\/adicional-noturno\/\">Adicional Noturno<\/a>\n<\/div>\n<\/div>\n\n\n<div class=\"cardGuiaStyle\">\n<div class=\"letraGuiaStyle\">\nA\n<\/div>\n<div class=\"linksGuiaStyle\">\n\n\n<a href=\"https:\/\/wp.ufpel.edu.br\/progep\/?page_id=22171&amp;preview=true\">Afastamento para Mandato Eletivo<\/a><br \/>\n<a href=\"https:\/\/wp.ufpel.edu.br\/progep\/?page_id=23111&amp;preview=true\">Afastamento para Participa\u00e7\u00e3o em Competi\u00e7\u00e3o Desportiva<\/a><br \/>\n<a href=\"https:\/\/wp.ufpel.edu.br\/progep\/afastamento-para-pos-graduacao-pos-doutorado\/\" rel=\"noopener\">Afastamento para P\u00f3s-Gradua\u00e7\u00e3o\/P\u00f3s-Doutorado \n<\/a><br \/>\n<a href=\"https:\/\/wp.ufpel.edu.br\/progep\/?page_id=23114&amp;preview=true\">Afastamento para servir como Jurado e outros servi\u00e7os obrigat\u00f3rios por lei\u00a0<\/a>\n<a href=\"https:\/\/wp.ufpel.edu.br\/progep\/administracao-de-pessoal\/manual-do-servidor\/atualizacao-cadastral\/\">Atualiza\u00e7\u00e3o Cadastral (demais dados)<\/a>\n<a href=\"https:\/\/wp.ufpel.edu.br\/progep\/?page_id=22191&amp;preview=true\">Altera\u00e7\u00e3o de Dados Banc\u00e1rios<\/a>\n\n<\/div>\n<\/div>\n\n<div class=\"cardGuiaStyle\">\n<div class=\"letraGuiaStyle\">\nA\n<\/div>\n<div class=\"linksGuiaStyle\">\n\n\n<a href=\"https:\/\/wp.ufpel.edu.br\/progep\/?page_id=23168&amp;preview=true\">Altera\u00e7\u00e3o de Endere\u00e7o<\/a>\n<a href=\"https:\/\/wp.ufpel.edu.br\/progep\/administracao-de-pessoal\/manual-do-servidor\/alteracao-de-regime-de-trabalho\/\">Altera\u00e7\u00e3o de Jornada de Trabalho<\/a>\n<a href=\"https:\/\/wp.ufpel.edu.br\/progep\/?page_id=23117&amp;preview=true\">Atestados e Declara\u00e7\u00f5es<\/a>\n<a href=\"https:\/\/wp.ufpel.edu.br\/progep\/administracao-de-pessoal\/manual-do-servidor\/atualizacao-cadastral\/\">Atualiza\u00e7\u00e3o Cadastral<\/a>\n<a href=\"https:\/\/wp.ufpel.edu.br\/progep\/?page_id=22220&amp;preview=true\">Aposentadorias<\/a>\n<a href=\"https:\/\/wp.ufpel.edu.br\/progep\/aproveitamento-de-concurso\/\" rel=\"noopener\"> Aproveitamento de Concursos <\/a>\n<a href=\"https:\/\/wp.ufpel.edu.br\/progep\/atribuicao-dos-cargos\/\">Atribui\u00e7\u00e3o dos Cargos<\/a>\n<a href=\"https:\/\/wp.ufpel.edu.br\/progep\/?page_id=23120&amp;preview=true\">Aus\u00eancia para Alistamento ou Recadastramento Eleitoral<\/a>\n<a href=\"https:\/\/wp.ufpel.edu.br\/progep\/?page_id=23123&amp;preview=true\">Aus\u00eancia para Doa\u00e7\u00e3o de Sangue<\/a>\n<a href=\"https:\/\/wp.ufpel.edu.br\/progep\/?page_id=23126&amp;preview=true\">Aus\u00eancia por motivo de Casamento<\/a>\n<a href=\"https:\/\/wp.ufpel.edu.br\/progep\/?page_id=23130&amp;preview=true\">Aus\u00eancia por motivo de Falecimento de familiar<\/a>\n\n<\/div>\n<\/div>\n\n<div class=\"cardGuiaStyle\">\n<div class=\"letraGuiaStyle\">\nA\n<\/div>\n<div class=\"linksGuiaStyle\">\n\n\n\n\n<a href=\"https:\/\/wp.ufpel.edu.br\/progep\/?page_id=23133&amp;preview=true\">Aux\u00edlio Funeral<\/a>\n<a href=\"https:\/\/wp.ufpel.edu.br\/sei\/files\/2023\/03\/Auxilio-Natalidade.pdf\">Aux\u00edlio-Natalidade<\/a>\n<a href=\"https:\/\/wp.ufpel.edu.br\/sei\/files\/2023\/03\/Auxilio-Natalidade-Pai.pdf\">Aux\u00edlio-Natalidade (Pai)<\/a>\n<a href=\"https:\/\/wp.ufpel.edu.br\/sei\/files\/2023\/03\/Auxilio-Pre-Escolar.pdf\">Aux\u00edlio Pr\u00e9-Escolar<\/a>\n<a href=\"https:\/\/wp.ufpel.edu.br\/progep\/?page_id=23139&amp;preview=true\">Aux\u00edlio Reclus\u00e3o<\/a>\n<a href=\"https:\/\/wp.ufpel.edu.br\/sei\/files\/2024\/08\/Auxilio-Transporte.pdf\">Aux\u00edlio Transporte<\/a>\n<a href=\"https:\/\/wp.ufpel.edu.br\/progep\/?page_id=23066&amp;preview=true\">Avalia\u00e7\u00e3o para concess\u00e3o de Hor\u00e1rio Especial<\/a>\n<a href=\"https:\/\/wp.ufpel.edu.br\/progep\/csqv\/isencao-do-imposto-de-renda\/\">Avalia\u00e7\u00e3o para fins de Isen\u00e7\u00e3o de Imposto de Renda<\/a>\n<a href=\"https:\/\/wp.ufpel.edu.br\/progep\/avaliacao-de-desempenho-de-tecnico-administrativo\/\" rel=\"noopener\">Avalia\u00e7\u00e3o de Desempenho<\/a>\n<a href=\"https:\/\/wp.ufpel.edu.br\/progep\/administracao-de-pessoal\/manual-do-servidor\/averbacao-de-tempo-de-servicocontribuicao\/\">Averba\u00e7\u00e3o de Tempo de Contribui\u00e7\u00e3o<\/a>\n\n<\/div>\n<\/div>\n\n\n\n\n<div class=\"cardGuiaStyle\">\n<div class=\"letraGuiaStyle\">\nC\n<\/div>\n<div class=\"linksGuiaStyle\">\n\n<a href=\"https:\/\/wp.ufpel.edu.br\/progep\/direitos-e-vantagens-2\/\">Cadastro\/Altera\u00e7\u00e3o\/Exclus\u00e3o de Dependente<\/a><br \/>\n<a href=\"https:\/\/wp.ufpel.edu.br\/progep\/?page_id=23176&amp;preview=true\" rel=\"noopener\"> Ced\u00eancia e Requisi\u00e7\u00e3o <\/a>\n<a href=\"https:\/\/wp.ufpel.edu.br\/progep\/administracao-de-pessoal\/manual-do-servidor\/certidao-de-tempo-de-contribuicao\/\">Contagem\/Certid\u00e3o de Tempo de Contribui\u00e7\u00e3o<\/a>\n<a href=\"https:\/\/wp.ufpel.edu.br\/progep\/?page_id=22200&amp;preview=true\" rel=\"noopener\"> Colabora\u00e7\u00e3o T\u00e9cnica <\/a>\n<a href=\"https:\/\/wp.ufpel.edu.br\/progep\/csqv\/concessao-de-adicionais-ocupacionais\/\">Concess\u00e3o de Adicional Ocupacional (insalubridade\/ periculosidade\/ radia\u00e7\u00e3o ionizante)<\/a>\n<a href=\"https:\/\/wp.ufpel.edu.br\/progep\/controle-de-lotacoes-de-exercicio\/\" rel=\"noopener\"> Controle de Lota\u00e7\u00f5es de Exerc\u00edcio <\/a>\n<\/div>\n<\/div>\n\n<div class=\"cardGuiaStyle\">\n<div class=\"letraGuiaStyle\">\nD\n<\/div>\n<div class=\"linksGuiaStyle\">\n<a href=\"https:\/\/wp.ufpel.edu.br\/progep\/?page_id=23099&amp;preview=true\" rel=\"noopener\"> Designa\u00e7\u00e3o e Dispensa de Chefia <\/a>\n<a href=\"https:\/\/wp.ufpel.edu.br\/progep\/?page_id=23142&amp;preview=true\">Dispensa por Servi\u00e7o Prestado \u00e0 Justi\u00e7a Eleitoral<\/a>\n<\/div>\n<\/div>\n\n<div class=\"cardGuiaStyle\">\n<div class=\"letraGuiaStyle\">\nE\n<\/div>\n<div class=\"linksGuiaStyle\">\n<a href=\"https:\/\/wp.ufpel.edu.br\/progep\/ppp-perfil-profissiografico-previdenciario\/\">Elabora\u00e7\u00e3o de Perfil profissiografico previdenci\u00e1rio (PPP)<\/a>\n<a href=\"https:\/\/wp.ufpel.edu.br\/progep\/estagio-probatorio-docente\/\" rel=\"noopener\">Est\u00e1gio Probat\u00f3rio\u00a0Servidores\/as Docentes<\/a>\n<a href=\"https:\/\/wp.ufpel.edu.br\/progep\/cdp\/estagio-probatorio\/\" rel=\"noopener\">Est\u00e1gio Probat\u00f3rio TAE&#8217;s<\/a>\n<a href=\"https:\/\/wp.ufpel.edu.br\/progep\/?page_id=23050&amp;preview=true\">Exames Admissionais<\/a>\n<a href=\"https:\/\/wp.ufpel.edu.br\/progep\/?page_id=23032&amp;preview=true\">Exames M\u00e9dicos Peri\u00f3dicos<\/a>\n<a href=\"https:\/\/wp.ufpel.edu.br\/progep\/?page_id=23179&amp;preview=true\" rel=\"noopener\"> Exerc\u00edcio Provis\u00f3rio <\/a>\n<\/div>\n<\/div>\n\n<div class=\"cardGuiaStyle\">\n<div class=\"letraGuiaStyle\">\nF\n<\/div>\n<div class=\"linksGuiaStyle\">\n<a href=\"https:\/\/wp.ufpel.edu.br\/progep\/administracao-de-pessoal\/manual-do-servidor\/ferias-web\/\">F\u00e9rias (programa\u00e7\u00e3o, altera\u00e7\u00e3o e interrup\u00e7\u00e3o)<\/a>\n\n<\/div>\n<\/div>\n\n<div class=\"cardGuiaStyle\">\n<div class=\"letraGuiaStyle\">\nH\n<\/div>\n<div class=\"linksGuiaStyle\">\n<a href=\"https:\/\/wp.ufpel.edu.br\/progep\/cdp\/horario-especial\/\" rel=\"noopener\">Hor\u00e1rio Especial \u2014 Servidor\/a Estudante<\/a>\n<\/div>\n<\/div>\n\n<div class=\"cardGuiaStyle\">\n<div class=\"letraGuiaStyle\">\nI\n<\/div>\n<div class=\"linksGuiaStyle\">\n<a href=\"https:\/\/wp.ufpel.edu.br\/progep\/incentivo-a-qualificacao-de-tecnico-administrativo\/\" rel=\"noopener\">Incentivo \u00e0 Qualifica\u00e7\u00e3o<\/a>\n<a href=\"https:\/\/wp.ufpel.edu.br\/progep\/procedimentos-para-ingresso-cont-temporaria\/\" rel=\"noopener\"> Ingresso &#8211; Contrata\u00e7\u00e3o Tempor\u00e1ria<\/a>\n<a href=\"https:\/\/wp.ufpel.edu.br\/progep\/procedimentos-para-ingresso\/\" rel=\"noopener\"> Ingresso &#8211; Servidores\/as Efetivos\/as <\/a>\n<a href=\"https:\/\/wp.ufpel.edu.br\/progep\/?page_id=22217&amp;preview=true\">Isen\u00e7\u00e3o de Imposto de Renda<\/a>\n<\/div>\n<\/div>\n\n<div class=\"cardGuiaStyle\">\n<div class=\"letraGuiaStyle\">\nL\n<\/div>\n<div class=\"linksGuiaStyle\">\n\n<a href=\"https:\/\/wp.ufpel.edu.br\/sei\/files\/2018\/06\/Licen%C3%A7a-Adotante-Prorrogra%C3%A7%C3%A3o-de-Lince%C3%A7a-Adotante.pdf\">Licen\u00e7a Adotante e Prorroga\u00e7\u00e3o de Licen\u00e7a Adotante<\/a>\n<a href=\"https:\/\/wp.ufpel.edu.br\/sei\/files\/2023\/01\/Licenca-Gestante-e-Prorrogacao.pdf\">Licen\u00e7a Gestante e Prorroga\u00e7\u00e3o<\/a>\n<a href=\"https:\/\/wp.ufpel.edu.br\/sei\/files\/2023\/03\/Licenca-Maternidade-e-Prorrogacao-para-Contratadas-Temporariamente.pdf\">Licen\u00e7a Maternidade e Prorroga\u00e7\u00e3o (para Contratadas Temporariamente)<\/a>\n<a href=\"https:\/\/wp.ufpel.edu.br\/sei\/files\/2023\/10\/Licenca-Paternidade-e-Prorrogacao.pdf\">Licen\u00e7a Paternidade e Prorroga\u00e7\u00e3o<\/a>\n<a href=\"https:\/\/wp.ufpel.edu.br\/sei\/files\/2024\/09\/Licenca-para-Acompanhar-Conjuge-ou-Companheiroa.pdf\">Licen\u00e7a para Acompanhar C\u00f4njuge ou Companheiro(a)<\/a>\n<\/div>\n<\/div>\n\n\n\n<div class=\"cardGuiaStyle\">\n<div class=\"letraGuiaStyle\">\nL\n<\/div>\n<div class=\"linksGuiaStyle\">\n<a href=\"https:\/\/wp.ufpel.edu.br\/progep\/?page_id=23054&amp;preview=true\">Licen\u00e7a para Acompanhamento de familiar enfermo<\/a>\n<a href=\"https:\/\/wp.ufpel.edu.br\/sei\/files\/2023\/10\/Licenca-para-Atividade-Politica.pdf\">Licen\u00e7a para Atividade Pol\u00edtica<\/a>\n<a href=\"https:\/\/wp.ufpel.edu.br\/progep\/licenca-para-capacitacao-2\/\" rel=\"noopener\">Licen\u00e7a para Capacita\u00e7\u00e3o &#8211; TAE e Docentes<\/a>\n<a href=\"https:\/\/wp.ufpel.edu.br\/sei\/files\/2023\/10\/Licenca-para-o-Desempenho-de-Mandato-Classista.pdf\">Licen\u00e7a para o Desempenho de Mandato Classista<\/a>\n<a href=\"https:\/\/wp.ufpel.edu.br\/sei\/files\/2024\/08\/Licenca-para-Tratar-de-Interesses-Particulares.pdf\">Licen\u00e7a para Tratar de Interesses Particulares<\/a>\n<a href=\"https:\/\/wp.ufpel.edu.br\/progep\/csqv\/licenca-para-tratamento-de-saude-servidor-a\/\">Licen\u00e7a para Tratamento de Sa\u00fade<\/a>\n<\/div>\n<\/div>\n<div class=\"cardGuiaStyle\">\n<div class=\"letraGuiaStyle\">\nM\n<\/div>\n<div class=\"linksGuiaStyle\">\n<a href=\"https:\/\/wp.ufpel.edu.br\/progep\/?page_id=23186&amp;preview=true\" rel=\"noopener\"> M\u00e9dicos Residentes <\/a>\n<\/div>\n<\/div>\n<div class=\"cardGuiaStyle\">\n<div class=\"letraGuiaStyle\">\nN\n<\/div>\n<div class=\"linksGuiaStyle\">\n<a href=\"https:\/\/wp.ufpel.edu.br\/progep\/?page_id=23103&amp;preview=true\" rel=\"noopener\"> Nomea\u00e7\u00e3o e Exonera\u00e7\u00e3o de Cargos de Dire\u00e7\u00e3o <\/a>\n<\/div>\n<\/div>\n<div class=\"cardGuiaStyle\">\n<div class=\"letraGuiaStyle\">\nP\n<\/div>\n<div class=\"linksGuiaStyle\">\n<a href=\"https:\/\/wp.ufpel.edu.br\/progep\/?page_id=23145&amp;preview=true\">Pens\u00e3o Civil<\/a>\n<a href=\"https:\/\/wp.ufpel.edu.br\/progep\/?page_id=23182&amp;preview=true\" rel=\"noopener\"> Professor Volunt\u00e1rio <\/a>\n<a href=\"https:\/\/wp.ufpel.edu.br\/progep\/programa-de-educacao-para-aposentadoria-evoluidade\/\">Programa de Educa\u00e7\u00e3o para Aposentadoria (Evoluidade)<\/a>\n<a href=\"https:\/\/wp.ufpel.edu.br\/progep\/?page_id=23058&amp;preview=true\">Programa Viva Bem UFPEL<\/a>\n<a href=\"https:\/\/wp.ufpel.edu.br\/progep\/progressao-por-merito\/\" rel=\"noopener\">Progress\u00e3o por M\u00e9rito \u2014 TAE&#8217;s<\/a>\n<a href=\"https:\/\/wp.ufpel.edu.br\/progep\/promocao-e-progressao-docente\/\">Progress\u00e3o e Promo\u00e7\u00e3o Funcional Docente<\/a>\n<\/div>\n<\/div>\n<div class=\"cardGuiaStyle\">\n<div class=\"letraGuiaStyle\">\nR\n<\/div>\n<div class=\"linksGuiaStyle\">\n<a href=\"https:\/\/wp.ufpel.edu.br\/progep\/?page_id=22214&amp;preview=true\">Recadastramento<\/a>\n<a href=\"https:\/\/wp.ufpel.edu.br\/progep\/?page_id=22180&amp;preview=true\" rel=\"noopener\"> Recondu\u00e7\u00e3o<\/a>\n<a href=\"https:\/\/wp.ufpel.edu.br\/progep\/reconhecimento-de-saberes-e-competencias\/\">Reconhecimento de Saberes e Compet\u00eancias<\/a>\n<a href=\"https:\/\/wp.ufpel.edu.br\/progep\/administracao-de-pessoal\/manual-do-servidor\/redistribuicao\/\" rel=\"noopener\"> Redistribui\u00e7\u00e3o <\/a>\n<a href=\"https:\/\/wp.ufpel.edu.br\/progep\/?page_id=22184&amp;preview=true\" rel=\"noopener\"> Reintegra\u00e7\u00e3o <\/a>\n<a href=\"https:\/\/wp.ufpel.edu.br\/progep\/administracao-de-pessoal\/manual-do-servidor\/remocao-de-servidor-tecnico-administrativo\/\" rel=\"noopener\"> Remo\u00e7\u00e3o<\/a>\n<a href=\"https:\/\/wp.ufpel.edu.br\/progep\/?page_id=22187&amp;preview=true\" rel=\"noopener\"> Revers\u00e3o <\/a>\n<\/div>\n<\/div>\n<div class=\"cardGuiaStyle\">\n<div class=\"letraGuiaStyle\">\nR\n<\/div>\n<div class=\"linksGuiaStyle\">\n\n<a href=\"https:\/\/wp.ufpel.edu.br\/progep\/relatorio-de-licencas-para-tratamento-de-saude\">Relat\u00f3rio de Licen\u00e7as para Tratamento de Sa\u00fade<\/a>\n<a href=\"https:\/\/wp.ufpel.edu.br\/progep\/reposicionamento-da-carreira-docente-medida-provisoria\/\" rel=\"noopener\">Reposicionamento da carreira Docente &#8211; Medida Provis\u00f3ria\u00a0<\/a>\n<a href=\"https:\/\/wp.ufpel.edu.br\/progep\/remuneracao-servidores-as-docentes\/\" rel=\"noopener\">Remunera\u00e7\u00e3o Servidores\/as Docentes<\/a>\n<a href=\"https:\/\/wp.ufpel.edu.br\/progep\/remuneracao-taes\/\"> Remunera\u00e7\u00e3o TAE&#8217;s<\/a>\n<a href=\"https:\/\/wp.ufpel.edu.br\/progep\/reposicionamento-da-carreira-tae-medida-provisoria\/\">Reposicionamento da carreira TAE \u2013 Medida Provis\u00f3ria<\/a>\n<a href=\"https:\/\/wp.ufpel.edu.br\/progep\/cdp\/retribuicao-por-titulacao-de-docentes\/\" rel=\"noopener\">Retribui\u00e7\u00e3o por Titula\u00e7\u00e3o<\/a>\n\n<\/div>\n<\/div>\n\n<div class=\"cardGuiaStyle\">\n<div class=\"letraGuiaStyle\">\nS\n<\/div>\n<div class=\"linksGuiaStyle\">\n<a href=\"https:\/\/wp.ufpel.edu.br\/progep\/sigepe-frequencia\/\" rel=\"noopener\">SIGEPE Frequ\u00eancia<\/a>\n<a href=\"https:\/\/wp.ufpel.edu.br\/progep\/?page_id=23154&amp;preview=true\">SISREF<\/a>\n<a href=\"https:\/\/wp.ufpel.edu.br\/progep\/?page_id=23157&amp;preview=true\">Substitui\u00e7\u00e3o de Chefia (pagamento)<\/a>\n<a href=\"https:\/\/wp.ufpel.edu.br\/progep\/situacao-dos-cargos-taes\/\">Situa\u00e7\u00e3o dos Cargos<\/a>\n\n<\/div>\n<\/div>\n\n\n<div class=\"cardGuiaStyle\">\n<div class=\"letraGuiaStyle\">\nV\n<\/div>\n<div class=\"linksGuiaStyle\">\n\n\n<a href=\"https:\/\/wp.ufpel.edu.br\/progep\/?page_id=23106&amp;preview=true\" rel=\"noopener\"> Vac\u00e2ncias <\/a>\n\n<\/div>\n<\/div>\n\n<\/div>\n\n<p><\/p>\n","protected":false},"excerpt":{"rendered":"<p>Guia da Pessoa Servidora UFPEL Conhe\u00e7a o Guia da Pessoa Servidora UFPEL, nele voc\u00ea encontrar\u00e1 os primeiros passos na institui\u00e7\u00e3o e uma forma de compreender as carreiras enquanto pessoa servidora UFPEL.\u00a0 Confira aqui o Guia da Pessoa Servidora UFPel Guia da Pessoa Servidora da UFPEL: Veja mais informa\u00e7\u00f5es nas p\u00e1ginas abaixo A Abono de Perman\u00eancia [&hellip;]<\/p>\n","protected":false},"author":21,"featured_media":0,"parent":0,"menu_order":0,"comment_status":"closed","ping_status":"closed","template":"page-sem-sidebar.php","meta":{"footnotes":""},"class_list":["post-32711","page","type-page","status-publish","hentry"],"_links":{"self":[{"href":"https:\/\/wp.ufpel.edu.br\/progep\/wp-json\/wp\/v2\/pages\/32711","targetHints":{"allow":["GET"]}}],"collection":[{"href":"https:\/\/wp.ufpel.edu.br\/progep\/wp-json\/wp\/v2\/pages"}],"about":[{"href":"https:\/\/wp.ufpel.edu.br\/progep\/wp-json\/wp\/v2\/types\/page"}],"author":[{"embeddable":true,"href":"https:\/\/wp.ufpel.edu.br\/progep\/wp-json\/wp\/v2\/users\/21"}],"replies":[{"embeddable":true,"href":"https:\/\/wp.ufpel.edu.br\/progep\/wp-json\/wp\/v2\/comments?post=32711"}],"version-history":[{"count":3,"href":"https:\/\/wp.ufpel.edu.br\/progep\/wp-json\/wp\/v2\/pages\/32711\/revisions"}],"predecessor-version":[{"id":41139,"href":"https:\/\/wp.ufpel.edu.br\/progep\/wp-json\/wp\/v2\/pages\/32711\/revisions\/41139"}],"wp:attachment":[{"href":"https:\/\/wp.ufpel.edu.br\/progep\/wp-json\/wp\/v2\/media?parent=32711"}],"curies":[{"name":"wp","href":"https:\/\/api.w.org\/{rel}","templated":true}]}}