{"id":32675,"date":"2025-05-21T13:46:18","date_gmt":"2025-05-21T16:46:18","guid":{"rendered":"https:\/\/wp.ufpel.edu.br\/progep\/?page_id=32675"},"modified":"2025-10-22T10:30:51","modified_gmt":"2025-10-22T13:30:51","slug":"capacitacao-etica-e-ia-na-educacao","status":"publish","type":"page","link":"https:\/\/wp.ufpel.edu.br\/progep\/capacitacao-etica-e-ia-na-educacao\/","title":{"rendered":"Capacita\u00e7\u00e3o: \u00c9tica e IA na Educa\u00e7\u00e3o"},"content":{"rendered":"\n<div class=\"wp-block-group\"><div class=\"wp-block-group__inner-container is-layout-constrained wp-block-group-is-layout-constrained\">\n<div class=\"acaoStyle\">\n<div class=\"cabecalhoAcoes\">\n<div><strong>Uso \u00c9tico da Intelig\u00eancia Artificial na Educa\u00e7\u00e3o<\/strong><\/div>\n<p>Um dos assuntos que h\u00e1 pertin\u00eancia em discuss\u00e3o na atualidade \u00e9 a Intelig\u00eancia Artificial e seu uso. Nesta capacita\u00e7\u00e3o, ser\u00e1 apresentada uma introdu\u00e7\u00e3o sobre a IA, seus benef\u00edcios e desafios. Com o intuito de discutir a \u00c9tica em seu uso e apresentar formas educacionais para manuseio da ferramenta.<\/p>\n<\/div>\n<div class=\"corpoStyle\"><strong>Facilitador(a): <\/strong>Fl\u00e1via Braga de Azambuja (<em>Docente \/ Centro de Ci\u00eancias Socio-Organizacionais \/ UFPEL<\/em>)\n<p><strong>Data de realiza\u00e7\u00e3o<\/strong>: 10\/06 (ter\u00e7a-feira) <br \/><strong>Hor\u00e1rio: <\/strong>14h \u00e0s 17h<br \/><strong>Carga hor\u00e1ria<\/strong>: 3h<br \/><strong>Modalidade: <\/strong>Presencial<br \/><strong>Local:\u00a0 <\/strong>Audit\u00f3rio Acad\u00eamico (Campus Anglo)<br \/><strong>Ementa: <\/strong><\/p>\n<ol type=\"I\">\n<li>Apresenta\u00e7\u00e3o e Contexto;<\/li>\n<li>Introdu\u00e7\u00e3o \u00e0 Intelig\u00eancia Artificial;<\/li>\n<li>IA Generativa;<\/li>\n<li>Benef\u00edcios e Desafios da IA;<\/li>\n<li>Limita\u00e7\u00f5es da Intelig\u00eancia Artificial;<\/li>\n<li>\u00c9tica na IA;<\/li>\n<li>Uso Eficaz e \u00c9tico da IA na Educa\u00e7\u00e3o;<\/li>\n<li>Prompts e Intera\u00e7\u00e3o com IA;<\/li>\n<li>Aplica\u00e7\u00f5es Educacionais da IA;<\/li>\n<li>Considera\u00e7\u00f5es Finais.<\/li>\n<\/ol>\n<p><strong>P\u00fablico Alvo<\/strong>: Servidores(as) docentes, TAE\u2019s e trabalhadores(as) terceirizados(as) ativos(as) da UFPel*.*<\/p>\n<p><strong>Per\u00edodo de inscri\u00e7\u00e3o<\/strong>: 21\/05 a 05\/06<\/p>\n<p><strong>Divulga\u00e7\u00e3o das inscri\u00e7\u00f5es homologadas<\/strong>: 06\/06**, nesta p\u00e1gina.<\/p>\n<p>*Considerando a Pol\u00edtica Nacional de Desenvolvimento de Pessoas, conforme Decreto n\u00ba 9.991\/19, somente ser\u00e3o certificados(as) os(as) servidores(as) p\u00fablicos pertencentes ao Quadro Efetivo da UFPel;<br \/>** Quando homologadas as inscri\u00e7\u00f5es, os(as) selecionados(as) receber\u00e3o e-mail de confirma\u00e7\u00e3o com instru\u00e7\u00f5es.<\/p>\n<p><strong>Observa\u00e7\u00e3o<\/strong>: A homologa\u00e7\u00e3o das inscri\u00e7\u00f5es dos(as) trabalhadores(as) terceirizados ficar\u00e1 condicionada \u00e0 an\u00e1lise pr\u00e9via e manifesta\u00e7\u00e3o por parte do NUGEST\/PRA.<\/p>\n<a href=\"https:\/\/wp.ufpel.edu.br\/progep\/files\/2025\/06\/HOMOLOGACAO-Presencial-Uso-Etico-da-IA-na-Educacao.pdf\" target=\"_blank\">Confira as inscri\u00e7\u00f5es homologadas<\/a><br \/>\n<p><span style=\"font-size: 14pt\"><strong>Contato:<\/strong> cdp.capacita@ufpel.edu.br<\/span><\/p>\n<\/div>\n<\/div>\n<\/div><\/div>\n","protected":false},"excerpt":{"rendered":"<p>Uso \u00c9tico da Intelig\u00eancia Artificial na Educa\u00e7\u00e3o Um dos assuntos que h\u00e1 pertin\u00eancia em discuss\u00e3o na atualidade \u00e9 a Intelig\u00eancia Artificial e seu uso. Nesta capacita\u00e7\u00e3o, ser\u00e1 apresentada uma introdu\u00e7\u00e3o sobre a IA, seus benef\u00edcios e desafios. Com o intuito de discutir a \u00c9tica em seu uso e apresentar formas educacionais para manuseio da ferramenta. [&hellip;]<\/p>\n","protected":false},"author":21,"featured_media":0,"parent":0,"menu_order":0,"comment_status":"closed","ping_status":"closed","template":"","meta":{"footnotes":""},"class_list":["post-32675","page","type-page","status-publish","hentry"],"_links":{"self":[{"href":"https:\/\/wp.ufpel.edu.br\/progep\/wp-json\/wp\/v2\/pages\/32675","targetHints":{"allow":["GET"]}}],"collection":[{"href":"https:\/\/wp.ufpel.edu.br\/progep\/wp-json\/wp\/v2\/pages"}],"about":[{"href":"https:\/\/wp.ufpel.edu.br\/progep\/wp-json\/wp\/v2\/types\/page"}],"author":[{"embeddable":true,"href":"https:\/\/wp.ufpel.edu.br\/progep\/wp-json\/wp\/v2\/users\/21"}],"replies":[{"embeddable":true,"href":"https:\/\/wp.ufpel.edu.br\/progep\/wp-json\/wp\/v2\/comments?post=32675"}],"version-history":[{"count":3,"href":"https:\/\/wp.ufpel.edu.br\/progep\/wp-json\/wp\/v2\/pages\/32675\/revisions"}],"predecessor-version":[{"id":38401,"href":"https:\/\/wp.ufpel.edu.br\/progep\/wp-json\/wp\/v2\/pages\/32675\/revisions\/38401"}],"wp:attachment":[{"href":"https:\/\/wp.ufpel.edu.br\/progep\/wp-json\/wp\/v2\/media?parent=32675"}],"curies":[{"name":"wp","href":"https:\/\/api.w.org\/{rel}","templated":true}]}}