{"id":32287,"date":"2025-05-06T15:57:46","date_gmt":"2025-05-06T18:57:46","guid":{"rendered":"https:\/\/wp.ufpel.edu.br\/progep\/?page_id=32287"},"modified":"2025-05-22T15:21:53","modified_gmt":"2025-05-22T18:21:53","slug":"capacitacao-capes-proap-ppg","status":"publish","type":"page","link":"https:\/\/wp.ufpel.edu.br\/progep\/capacitacao-capes-proap-ppg\/","title":{"rendered":"Capacita\u00e7\u00e3o: CAPES PROAP PPG"},"content":{"rendered":"\n<div class=\"wp-block-group\"><div class=\"wp-block-group__inner-container is-layout-constrained wp-block-group-is-layout-constrained\">\n<div class=\"acaoStyle\">\n<div class=\"cabecalhoAcoes\">\n<div><strong>Procedimentos para utiliza\u00e7\u00e3o dos recursos CAPES PROAP e recursos pr\u00f3prios para os Programas de P\u00f3s-Gradua\u00e7\u00e3o (PPG)<\/strong><\/div>\n<p>Apresentar aos participantes os procedimentos executados pelo N\u00facleo de Execu\u00e7\u00e3o Or\u00e7ament\u00e1ria da Pr\u00f3-Reitoria de Pesquisa e P\u00f3s-Gradua\u00e7\u00e3o, buscando a compreens\u00e3o e a otimiza\u00e7\u00e3o dos processos que envolvem desde o or\u00e7amento, abertura de cr\u00e9dito, compras, di\u00e1rias e passagens, aux\u00edlio financeiro, at\u00e9 o envio \u00e0 liquida\u00e7\u00e3o da despesa.<\/p>\n<\/div>\n<div class=\"corpoStyle\"><strong>Facilitador(a): <\/strong>Fabiane Bergmann Xavier (<em>Administradora\/N\u00facleo de Execu\u00e7\u00e3o Or\u00e7ament\u00e1ria (NEOR)\/ Pr\u00f3-Reitoria de P\u00f3s Gradua\u00e7\u00e3o<\/em>)\n<p><strong>Turma Campus Anglo<\/strong><br \/><strong>Data de realiza\u00e7\u00e3o<\/strong>: 26\/05\/2025<br \/><strong>Hor\u00e1rio<\/strong>: das 8h30 \u00e0s 11h30, segunda-feira<br \/><strong>N\u00famero de vagas:<\/strong> 30<br \/><strong>Local<\/strong>: Audit\u00f3rio Acad\u00eamico<\/p>\n<p><strong>Turma Campus Cap\u00e3o do Le\u00e3o<\/strong><br \/><strong>Data de realiza\u00e7\u00e3o<\/strong>: 29\/05\/2025 <br \/><strong>Hor\u00e1rio<\/strong>: das 14h \u00e0s 17h, quinta-feira<br \/><strong>N\u00famero de vagas:<\/strong> 30<br \/><strong>Local<\/strong>: Audit\u00f3rio FAMET<\/p>\n<p><strong>Carga hor\u00e1ria<\/strong>: 3h<br \/><strong>Modalidade: <\/strong>presencial<br \/><strong>Ementa: <\/strong><\/p>\n<ul>\n<li>Gest\u00e3o de recursos (PROAP e recursos pr\u00f3prios) compreendendo:\n<ul>\n<li>or\u00e7amento;<\/li>\n<li>abertura de cr\u00e9dito;<\/li>\n<li>compras;<\/li>\n<li>aux\u00edlio financeiro;<\/li>\n<li>di\u00e1rias e passagens.<\/li>\n<\/ul>\n<\/li>\n<\/ul>\n<p><strong>P\u00fablico Alvo Espec\u00edfico<\/strong>: Coordenadores, Coordenadores Adjuntos e secret\u00e1rios dos PPGs da UFPel*.<br \/>*(Os servidores p\u00fablico-alvo deste curso devem realizar sua inscri\u00e7\u00e3o por meio do link recebido por e-mail)<br \/>\u2794 Se n\u00e3o localizar o e-mail, favor entrar em contato conosco atrav\u00e9s do e-mail: cdp.capacita@ufpel.edu.br<\/p>\n<p><a href=\"https:\/\/wp.ufpel.edu.br\/progep\/files\/2025\/05\/HOMOLOGACAO-Roda-de-conversa-sobre-procedimentos-para-utilizacao-dos-recursos-CAPES-PROAP-e-recursos-proprios-para-os-Programas-de-Pos-Graduacao-PPG.pdf\">Confira a inscri\u00e7\u00f5es homologadas no Campus Anglo<\/a><\/p>\n<p><span style=\"font-size: 14pt\"><strong>Contato:<\/strong> cdp.capacita@ufpel.edu.br<\/span><\/p>\n<\/div>\n<\/div>\n<\/div><\/div>\n","protected":false},"excerpt":{"rendered":"<p>Procedimentos para utiliza\u00e7\u00e3o dos recursos CAPES PROAP e recursos pr\u00f3prios para os Programas de P\u00f3s-Gradua\u00e7\u00e3o (PPG) Apresentar aos participantes os procedimentos executados pelo N\u00facleo de Execu\u00e7\u00e3o Or\u00e7ament\u00e1ria da Pr\u00f3-Reitoria de Pesquisa e P\u00f3s-Gradua\u00e7\u00e3o, buscando a compreens\u00e3o e a otimiza\u00e7\u00e3o dos processos que envolvem desde o or\u00e7amento, abertura de cr\u00e9dito, compras, di\u00e1rias e passagens, aux\u00edlio financeiro, [&hellip;]<\/p>\n","protected":false},"author":21,"featured_media":0,"parent":0,"menu_order":0,"comment_status":"closed","ping_status":"closed","template":"","meta":{"footnotes":""},"class_list":["post-32287","page","type-page","status-publish","hentry"],"_links":{"self":[{"href":"https:\/\/wp.ufpel.edu.br\/progep\/wp-json\/wp\/v2\/pages\/32287","targetHints":{"allow":["GET"]}}],"collection":[{"href":"https:\/\/wp.ufpel.edu.br\/progep\/wp-json\/wp\/v2\/pages"}],"about":[{"href":"https:\/\/wp.ufpel.edu.br\/progep\/wp-json\/wp\/v2\/types\/page"}],"author":[{"embeddable":true,"href":"https:\/\/wp.ufpel.edu.br\/progep\/wp-json\/wp\/v2\/users\/21"}],"replies":[{"embeddable":true,"href":"https:\/\/wp.ufpel.edu.br\/progep\/wp-json\/wp\/v2\/comments?post=32287"}],"version-history":[{"count":19,"href":"https:\/\/wp.ufpel.edu.br\/progep\/wp-json\/wp\/v2\/pages\/32287\/revisions"}],"predecessor-version":[{"id":32792,"href":"https:\/\/wp.ufpel.edu.br\/progep\/wp-json\/wp\/v2\/pages\/32287\/revisions\/32792"}],"wp:attachment":[{"href":"https:\/\/wp.ufpel.edu.br\/progep\/wp-json\/wp\/v2\/media?parent=32287"}],"curies":[{"name":"wp","href":"https:\/\/api.w.org\/{rel}","templated":true}]}}