{"id":32127,"date":"2025-04-28T08:39:15","date_gmt":"2025-04-28T11:39:15","guid":{"rendered":"https:\/\/wp.ufpel.edu.br\/progep\/?page_id=32127"},"modified":"2025-10-22T10:26:53","modified_gmt":"2025-10-22T13:26:53","slug":"capacitacao-3a-edicao-do-cine-debate","status":"publish","type":"page","link":"https:\/\/wp.ufpel.edu.br\/progep\/capacitacao-3a-edicao-do-cine-debate\/","title":{"rendered":"Capacita\u00e7\u00e3o: 3\u00aa Edi\u00e7\u00e3o do Cine Debate"},"content":{"rendered":"\n<div class=\"wp-block-group\"><div class=\"wp-block-group__inner-container is-layout-constrained wp-block-group-is-layout-constrained\">\n<div class=\"acaoStyle\">\n<div class=\"cabecalhoAcoes\">\n<div style=\"font-weight: bold;color: yellow;background-color: red;padding: 1rem;border-radius: 0.75rem;margin-bottom: 1rem\">ATEN\u00c7\u00c3O EVENTO CANCELADO<\/div>\n<div>3\u00aa Edi\u00e7\u00e3o do Cine Debate: dialogando sobre sa\u00fade, emo\u00e7\u00f5es e bem-estar<\/div>\n<p>Nesta terceira edi\u00e7\u00e3o, a Coordena\u00e7\u00e3o de Sa\u00fade e Qualidade de Vida (CSQV) busca continuar a promo\u00e7\u00e3o da discuss\u00e3o sobre sa\u00fade, emo\u00e7\u00f5es e bem-estar por meio de filme exibido no Cine UFPel. Neste encontro com a arte, a reflex\u00e3o sobre a sa\u00fade e o cuidado s\u00e3o estimulados.<\/p>\n<\/div>\n<div class=\"corpoStyle\"><strong>Facilitador(a): <\/strong>Equipe multiprofissional da Coordena\u00e7\u00e3o de Sa\u00fade e Qualidade de Vida\/ Pr\u00f3-Reitoria de Gest\u00e3o com Pessoas\n<p><strong>Data<\/strong>: 29\/05\/2025 (Quinta-feira)<br \/><strong>Hor\u00e1rio: <\/strong>14h \u00e0s 17h<br \/><strong>Carga hor\u00e1ria<\/strong>: 3h<br \/><strong>N\u00famero de vagas:<\/strong> 40<br \/><strong>Modalidade: <\/strong>presencial<br \/><strong>Local:\u00a0 <\/strong>Audit\u00f3rio Acad\u00eamico Campus Anglo<br \/><strong>Ementa: <\/strong><\/p>\n<ul>\n<li>Exibi\u00e7\u00e3o de um filme como ponto de partida para a reflex\u00e3o e di\u00e1logo sobre sa\u00fade mental;<\/li>\n<li>Discuss\u00e3o de tem\u00e1ticas relacionadas \u00e0 sa\u00fade, emo\u00e7\u00f5es e bem-estar;<\/li>\n<li>Abordagem de aspectos sociais, culturais e psicol\u00f3gicos presentes nas obras;<\/li>\n<li>Est\u00edmulo ao autocuidado e \u00e0 constru\u00e7\u00e3o de espa\u00e7os de escuta e acolhimento;<\/li>\n<li>Promo\u00e7\u00e3o da empatia e da sensibiliza\u00e7\u00e3o para quest\u00f5es de sa\u00fade mental.<\/li>\n<\/ul>\n<p><strong>P\u00fablico Alvo<\/strong>: Servidores(as) docentes, TAE\u2019s e trabalhadores(as) terceirizados(as) ativos(as) da UFPel*.*<\/p>\n<p>*Considerando a Pol\u00edtica Nacional de Desenvolvimento de Pessoas, conforme Decreto n\u00ba 9.991\/19, somente ser\u00e3o certificados(as) os(as) servidores(as) p\u00fablicos pertencentes ao Quadro Efetivo da UFPel;<br \/>** Quando homologadas as inscri\u00e7\u00f5es, os(as) selecionados(as) receber\u00e3o e-mail de confirma\u00e7\u00e3o com instru\u00e7\u00f5es.<\/p>\n<p><strong>Observa\u00e7\u00e3o<\/strong>: A homologa\u00e7\u00e3o das inscri\u00e7\u00f5es dos(as) trabalhadores(as) terceirizados ficar\u00e1 condicionada \u00e0 an\u00e1lise pr\u00e9via e manifesta\u00e7\u00e3o por parte do NUGEST\/PRA.<\/p>\n<p><span style=\"font-size: 14pt\"><strong>Contato:<\/strong> cdp.capacita@ufpel.edu.br<\/span><\/p>\n<\/div>\n<\/div>\n<\/div><\/div>\n","protected":false},"excerpt":{"rendered":"<p>ATEN\u00c7\u00c3O EVENTO CANCELADO 3\u00aa Edi\u00e7\u00e3o do Cine Debate: dialogando sobre sa\u00fade, emo\u00e7\u00f5es e bem-estar Nesta terceira edi\u00e7\u00e3o, a Coordena\u00e7\u00e3o de Sa\u00fade e Qualidade de Vida (CSQV) busca continuar a promo\u00e7\u00e3o da discuss\u00e3o sobre sa\u00fade, emo\u00e7\u00f5es e bem-estar por meio de filme exibido no Cine UFPel. Neste encontro com a arte, a reflex\u00e3o sobre a sa\u00fade [&hellip;]<\/p>\n","protected":false},"author":21,"featured_media":0,"parent":0,"menu_order":0,"comment_status":"closed","ping_status":"closed","template":"","meta":{"footnotes":""},"class_list":["post-32127","page","type-page","status-publish","hentry"],"_links":{"self":[{"href":"https:\/\/wp.ufpel.edu.br\/progep\/wp-json\/wp\/v2\/pages\/32127","targetHints":{"allow":["GET"]}}],"collection":[{"href":"https:\/\/wp.ufpel.edu.br\/progep\/wp-json\/wp\/v2\/pages"}],"about":[{"href":"https:\/\/wp.ufpel.edu.br\/progep\/wp-json\/wp\/v2\/types\/page"}],"author":[{"embeddable":true,"href":"https:\/\/wp.ufpel.edu.br\/progep\/wp-json\/wp\/v2\/users\/21"}],"replies":[{"embeddable":true,"href":"https:\/\/wp.ufpel.edu.br\/progep\/wp-json\/wp\/v2\/comments?post=32127"}],"version-history":[{"count":3,"href":"https:\/\/wp.ufpel.edu.br\/progep\/wp-json\/wp\/v2\/pages\/32127\/revisions"}],"predecessor-version":[{"id":38390,"href":"https:\/\/wp.ufpel.edu.br\/progep\/wp-json\/wp\/v2\/pages\/32127\/revisions\/38390"}],"wp:attachment":[{"href":"https:\/\/wp.ufpel.edu.br\/progep\/wp-json\/wp\/v2\/media?parent=32127"}],"curies":[{"name":"wp","href":"https:\/\/api.w.org\/{rel}","templated":true}]}}