{"id":31755,"date":"2025-04-16T11:24:19","date_gmt":"2025-04-16T14:24:19","guid":{"rendered":"https:\/\/wp.ufpel.edu.br\/progep\/?page_id=31755"},"modified":"2025-07-04T15:17:27","modified_gmt":"2025-07-04T18:17:27","slug":"painel-de-dados","status":"publish","type":"page","link":"https:\/\/wp.ufpel.edu.br\/progep\/painel-de-dados\/","title":{"rendered":"Painel de Dados"},"content":{"rendered":"\n<div class=\"wp-block-group\"><div class=\"wp-block-group__inner-container is-layout-constrained wp-block-group-is-layout-constrained\">\n<div class=\"logoTituloModelStyle\"><img class=\"size-medium wp-image-27184 alignleft\" src=\"https:\/\/wp.ufpel.edu.br\/progep\/files\/2025\/03\/logo-progep_atualizacao-nome_AZUL.png\" alt=\"\" \/><\/p>\n<div style=\"padding: 2.5rem 0 3rem;font-size: 25pt\"><strong>Painel de Dados<\/strong><\/div>\n<\/div>\n<hr class=\"hrModelStyle\" \/>\n<div class=\"descriptionModelStyle\">Visando atender \u00e0s crescentes demandas sociais por transpar\u00eancia no Setor P\u00fablico e baseando-se na Lei N\u00ba 12.527\/2011, a UFPEL disponibiliza <strong>Painel com informa\u00e7\u00f5es sobre Servidores Ativos da UFPEL<\/strong> e <strong>Hist\u00f3rico de Movimenta\u00e7\u00f5es<\/strong> desde <em>2019<\/em>.<\/div>\n<\/div><\/div>\n\n<div class=\"paragrafoComumStyle\">Os gr\u00e1ficos e tabelas dos pain\u00e9is s\u00e3o interativos e possuem diversos filtros para que o usu\u00e1rio obtenha informa\u00e7\u00f5es precisas conforme suas necessidades.<\/div>\n<div class=\"botao-servidores-ativos botaoStyle\">\n<a href=\"https:\/\/lookerstudio.google.com\/reporting\/78347e30-e11a-476c-a54d-9502c8f44c99\/page\/p_j6admec4dd\" class=\"\" target=\"_blank\"> Painel de Transpar\u00eancia Ativa de Servidores <\/a>\n<\/div>","protected":false},"excerpt":{"rendered":"<p>Painel de Dados Visando atender \u00e0s crescentes demandas sociais por transpar\u00eancia no Setor P\u00fablico e baseando-se na Lei N\u00ba 12.527\/2011, a UFPEL disponibiliza Painel com informa\u00e7\u00f5es sobre Servidores Ativos da UFPEL e Hist\u00f3rico de Movimenta\u00e7\u00f5es desde 2019. Os gr\u00e1ficos e tabelas dos pain\u00e9is s\u00e3o interativos e possuem diversos filtros para que o usu\u00e1rio obtenha informa\u00e7\u00f5es [&hellip;]<\/p>\n","protected":false},"author":21,"featured_media":0,"parent":0,"menu_order":0,"comment_status":"closed","ping_status":"closed","template":"","meta":{"footnotes":""},"class_list":["post-31755","page","type-page","status-publish","hentry"],"_links":{"self":[{"href":"https:\/\/wp.ufpel.edu.br\/progep\/wp-json\/wp\/v2\/pages\/31755","targetHints":{"allow":["GET"]}}],"collection":[{"href":"https:\/\/wp.ufpel.edu.br\/progep\/wp-json\/wp\/v2\/pages"}],"about":[{"href":"https:\/\/wp.ufpel.edu.br\/progep\/wp-json\/wp\/v2\/types\/page"}],"author":[{"embeddable":true,"href":"https:\/\/wp.ufpel.edu.br\/progep\/wp-json\/wp\/v2\/users\/21"}],"replies":[{"embeddable":true,"href":"https:\/\/wp.ufpel.edu.br\/progep\/wp-json\/wp\/v2\/comments?post=31755"}],"version-history":[{"count":21,"href":"https:\/\/wp.ufpel.edu.br\/progep\/wp-json\/wp\/v2\/pages\/31755\/revisions"}],"predecessor-version":[{"id":34441,"href":"https:\/\/wp.ufpel.edu.br\/progep\/wp-json\/wp\/v2\/pages\/31755\/revisions\/34441"}],"wp:attachment":[{"href":"https:\/\/wp.ufpel.edu.br\/progep\/wp-json\/wp\/v2\/media?parent=31755"}],"curies":[{"name":"wp","href":"https:\/\/api.w.org\/{rel}","templated":true}]}}