{"id":31402,"date":"2025-04-11T09:37:01","date_gmt":"2025-04-11T12:37:01","guid":{"rendered":"https:\/\/wp.ufpel.edu.br\/progep\/?page_id=31402"},"modified":"2025-04-29T15:21:51","modified_gmt":"2025-04-29T18:21:51","slug":"capacitacao-5a-edicao-da-formacao-de-gestores","status":"publish","type":"page","link":"https:\/\/wp.ufpel.edu.br\/progep\/capacitacao-5a-edicao-da-formacao-de-gestores\/","title":{"rendered":"Capacita\u00e7\u00e3o: 5\u00aa Edi\u00e7\u00e3o da Forma\u00e7\u00e3o de Gestores"},"content":{"rendered":"\n<div class=\"wp-block-group\"><div class=\"wp-block-group__inner-container is-layout-constrained wp-block-group-is-layout-constrained\">\n<div class=\"acaoStyle\">\n<div class=\"cabecalhoAcoes\">\n<div>5\u00aa Edi\u00e7\u00e3o da Forma\u00e7\u00e3o de Gestores: Conversa com a PROGEP<\/div>\n<p>No segundo m\u00f3dulo da <strong>5\u00aa Edi\u00e7\u00e3o da Forma\u00e7\u00e3o de Gestores: Conversa com a PROGEP<\/strong>, haver\u00e1 uma conversa com a equipe da PROGEP sobre assuntos pertinentes \u00e0 ger\u00eancia de pessoas na universidade, oportunidade na qual, ser\u00e1 apresentado o Manual de Gestores.<\/p>\n<\/div>\n<div class=\"corpoStyle\"><strong>Facilitadores(as): <\/strong>Equipe da Pr\u00f3-Reitoria de Gest\u00e3o com Pessoas\n<p><strong>Data<\/strong>: 29\/04\/2025 (ter\u00e7a-feira)<br \/><strong>Hor\u00e1rio: <\/strong>das 8h30min \u00e0s 11h30min<br \/><strong>Carga hor\u00e1ria<\/strong>: 3h<br \/><strong>Modalidade: <\/strong>presencial<br \/><strong>Local:\u00a0 <\/strong>Audit\u00f3rio Acad\u00eamico (Campus Anglo)<br \/><strong>Ementa: <\/strong><\/p>\n<ul>\n<li>Lan\u00e7amento e entrega do Manual do Gestor<\/li>\n<li>Frequ\u00eancia<\/li>\n<li>PGD<\/li>\n<li>Est\u00e1gio Probat\u00f3rio (papel da chefia)<\/li>\n<li>Plano Plurianual de Capacita\u00e7\u00e3o<\/li>\n<li>Participa\u00e7\u00e3o em a\u00e7\u00f5es de capacita\u00e7\u00e3o<\/li>\n<li>Adicionais Ocupacionais<\/li>\n<\/ul>\n<p><strong>P\u00fablico Alvo<\/strong>: Servidores\/as que exercem cargos de dire\u00e7\u00e3o e chefias das unidades administrativas e acad\u00eamicas*.*<\/p>\n<p><strong>Per\u00edodo de inscri\u00e7\u00e3o<\/strong>: 11\/04 a 27\/04<\/p>\n<p><strong>Divulga\u00e7\u00e3o das inscri\u00e7\u00f5es homologadas<\/strong>: 28\/04**, nesta p\u00e1gina.<\/p>\n<p>*Considerando a Pol\u00edtica Nacional de Desenvolvimento de Pessoas, conforme Decreto n\u00ba 9.991\/19, somente ser\u00e3o certificados(as) os(as) servidores(as) p\u00fablicos pertencentes ao Quadro Efetivo da UFPel;<br \/>** Quando homologadas as inscri\u00e7\u00f5es, os(as) selecionados(as) receber\u00e3o e-mail de confirma\u00e7\u00e3o com instru\u00e7\u00f5es.<strong><a href=\"https:\/\/wp.ufpel.edu.br\/progep\/files\/2025\/04\/HOMOLOGACAO-Formacao-de-Gestores-Conversa-com-a-PROPGEP-1.pdf\" target=\"_blank\" rel=\"noopener\">Confira as inscri\u00e7\u00f5es homologadas aqui!<\/a><\/strong>\n<\/p>\n<p><span style=\"font-size: 14pt\"><strong>Contato:<\/strong> cdp.capacita@ufpel.edu.br<\/span><\/p>\n<\/div>\n<\/div>\n<\/div><\/div>\n\n","protected":false},"excerpt":{"rendered":"<p>5\u00aa Edi\u00e7\u00e3o da Forma\u00e7\u00e3o de Gestores: Conversa com a PROGEP No segundo m\u00f3dulo da 5\u00aa Edi\u00e7\u00e3o da Forma\u00e7\u00e3o de Gestores: Conversa com a PROGEP, haver\u00e1 uma conversa com a equipe da PROGEP sobre assuntos pertinentes \u00e0 ger\u00eancia de pessoas na universidade, oportunidade na qual, ser\u00e1 apresentado o Manual de Gestores. Facilitadores(as): Equipe da Pr\u00f3-Reitoria de [&hellip;]<\/p>\n","protected":false},"author":21,"featured_media":0,"parent":0,"menu_order":0,"comment_status":"closed","ping_status":"closed","template":"","meta":{"footnotes":""},"class_list":["post-31402","page","type-page","status-publish","hentry"],"_links":{"self":[{"href":"https:\/\/wp.ufpel.edu.br\/progep\/wp-json\/wp\/v2\/pages\/31402","targetHints":{"allow":["GET"]}}],"collection":[{"href":"https:\/\/wp.ufpel.edu.br\/progep\/wp-json\/wp\/v2\/pages"}],"about":[{"href":"https:\/\/wp.ufpel.edu.br\/progep\/wp-json\/wp\/v2\/types\/page"}],"author":[{"embeddable":true,"href":"https:\/\/wp.ufpel.edu.br\/progep\/wp-json\/wp\/v2\/users\/21"}],"replies":[{"embeddable":true,"href":"https:\/\/wp.ufpel.edu.br\/progep\/wp-json\/wp\/v2\/comments?post=31402"}],"version-history":[{"count":10,"href":"https:\/\/wp.ufpel.edu.br\/progep\/wp-json\/wp\/v2\/pages\/31402\/revisions"}],"predecessor-version":[{"id":32177,"href":"https:\/\/wp.ufpel.edu.br\/progep\/wp-json\/wp\/v2\/pages\/31402\/revisions\/32177"}],"wp:attachment":[{"href":"https:\/\/wp.ufpel.edu.br\/progep\/wp-json\/wp\/v2\/media?parent=31402"}],"curies":[{"name":"wp","href":"https:\/\/api.w.org\/{rel}","templated":true}]}}