{"id":31330,"date":"2025-04-10T15:45:13","date_gmt":"2025-04-10T18:45:13","guid":{"rendered":"https:\/\/wp.ufpel.edu.br\/progep\/?page_id=31330"},"modified":"2025-10-22T10:23:25","modified_gmt":"2025-10-22T13:23:25","slug":"capacitacao-oficina-atendimento-em-libras","status":"publish","type":"page","link":"https:\/\/wp.ufpel.edu.br\/progep\/capacitacao-oficina-atendimento-em-libras\/","title":{"rendered":"Capacita\u00e7\u00e3o: Oficina: Atendimento em Libras"},"content":{"rendered":"\n<div class=\"wp-block-group\"><div class=\"wp-block-group__inner-container is-layout-constrained wp-block-group-is-layout-constrained\">\n<div class=\"acaoStyle\">\n<div class=\"cabecalhoAcoes\">\n<div>Oficina: Atendimento em Libras para Servidores(as) das<br \/>Bibliotecas da UFPel<\/div>\n<p>Essa capacita\u00e7\u00e3o \u00e9 voltada a cumprir com as pol\u00edticas de inclus\u00e3o da UFPel e, tendo em vista a cria\u00e7\u00e3o do curso de Letras Libras\/Literatura Surda que resultam no aumento do p\u00fablico surdo usu\u00e1rio da Libras, o atendimento qualificado nesta l\u00edngua por parte dos(as) servidores(as) das bibliotecas torna-se imprescind\u00edvel.<\/p>\n<\/div>\n<div class=\"corpoStyle\"><strong>Facilitador(a): <\/strong>Jean Michel Carrett Farias (<em>Assistente em Administra\u00e7\u00e3o\/ CLC<\/em>)\n<p><strong>Per\u00edodo<\/strong>: de\u00a0 15\/04\/2025 a 17\/04\/2025<br \/><strong>Hor\u00e1rio: <\/strong>8h \u00e0s 12h<br \/><strong>Carga hor\u00e1ria<\/strong>: 12h<br \/><strong>N\u00famero de vagas:<\/strong> 15<br \/><strong>Modalidade: <\/strong>presencial<br \/><strong>Local<\/strong>: Audit\u00f3rio da Biblioteca (Campus Anglo)<br \/><strong>Ementa: <\/strong><\/p>\n<ul>\n<li>O P\u00fablico Surdo da UFPel<\/li>\n<li>Como podemos tornar a biblioteca mais inclusiva para a pessoa surda?<\/li>\n<li>Apresenta\u00e7\u00e3o de conte\u00fados em Libras relacionados com a tem\u00e1tica<\/li>\n<li>Pr\u00e1ticas de atendimento em Libras<\/li>\n<li>Avalia\u00e7\u00e3o<\/li>\n<\/ul>\n<p><strong>P\u00fablico Alvo<\/strong>: Servidores(as) que atuem na biblioteca, para atenderem o p\u00fablico surdo.*<\/p>\n<p><strong>Per\u00edodo de inscri\u00e7\u00e3o<\/strong>: at\u00e9 12\/04\u00a0<\/p>\n<p><strong>Divulga\u00e7\u00e3o das inscri\u00e7\u00f5es homologadas<\/strong>: 14\/04**, nesta p\u00e1gina.<\/p>\n<p>*Considerando a Pol\u00edtica Nacional de Desenvolvimento de Pessoas, conforme Decreto n\u00ba 9.991\/19, somente ser\u00e3o certificados(as) os(as) servidores(as) p\u00fablicos pertencentes ao Quadro Efetivo da UFPel;<br \/>.<strong><a href=\"https:\/\/wp.ufpel.edu.br\/progep\/files\/2025\/04\/HOMOLOGACAO-Oficina_-Atendimento-em-Libras-para-Servidores-das-Bibliotecas-da-UFPel.pdf\" rel=\"noopener\">Confira os homologados aqui!<\/a><\/strong><\/p>\n<p><span style=\"font-size: 14pt\"><strong>Contato:<\/strong> cdp.capacita@ufpel.edu.br<\/span><\/p>\n<\/div>\n<\/div>\n<\/div><\/div>\n","protected":false},"excerpt":{"rendered":"<p>Oficina: Atendimento em Libras para Servidores(as) dasBibliotecas da UFPel Essa capacita\u00e7\u00e3o \u00e9 voltada a cumprir com as pol\u00edticas de inclus\u00e3o da UFPel e, tendo em vista a cria\u00e7\u00e3o do curso de Letras Libras\/Literatura Surda que resultam no aumento do p\u00fablico surdo usu\u00e1rio da Libras, o atendimento qualificado nesta l\u00edngua por parte dos(as) servidores(as) das bibliotecas [&hellip;]<\/p>\n","protected":false},"author":21,"featured_media":0,"parent":0,"menu_order":0,"comment_status":"closed","ping_status":"closed","template":"","meta":{"footnotes":""},"class_list":["post-31330","page","type-page","status-publish","hentry"],"_links":{"self":[{"href":"https:\/\/wp.ufpel.edu.br\/progep\/wp-json\/wp\/v2\/pages\/31330","targetHints":{"allow":["GET"]}}],"collection":[{"href":"https:\/\/wp.ufpel.edu.br\/progep\/wp-json\/wp\/v2\/pages"}],"about":[{"href":"https:\/\/wp.ufpel.edu.br\/progep\/wp-json\/wp\/v2\/types\/page"}],"author":[{"embeddable":true,"href":"https:\/\/wp.ufpel.edu.br\/progep\/wp-json\/wp\/v2\/users\/21"}],"replies":[{"embeddable":true,"href":"https:\/\/wp.ufpel.edu.br\/progep\/wp-json\/wp\/v2\/comments?post=31330"}],"version-history":[{"count":3,"href":"https:\/\/wp.ufpel.edu.br\/progep\/wp-json\/wp\/v2\/pages\/31330\/revisions"}],"predecessor-version":[{"id":38388,"href":"https:\/\/wp.ufpel.edu.br\/progep\/wp-json\/wp\/v2\/pages\/31330\/revisions\/38388"}],"wp:attachment":[{"href":"https:\/\/wp.ufpel.edu.br\/progep\/wp-json\/wp\/v2\/media?parent=31330"}],"curies":[{"name":"wp","href":"https:\/\/api.w.org\/{rel}","templated":true}]}}