{"id":31302,"date":"2025-04-10T11:27:40","date_gmt":"2025-04-10T14:27:40","guid":{"rendered":"https:\/\/wp.ufpel.edu.br\/progep\/?page_id=31302"},"modified":"2025-10-22T10:29:07","modified_gmt":"2025-10-22T13:29:07","slug":"capacitacao-pratica-de-mindfulness","status":"publish","type":"page","link":"https:\/\/wp.ufpel.edu.br\/progep\/capacitacao-pratica-de-mindfulness\/","title":{"rendered":"Capacita\u00e7\u00e3o: Pr\u00e1tica de Mindfulness"},"content":{"rendered":"\n<div class=\"wp-block-group\"><div class=\"wp-block-group__inner-container is-layout-constrained wp-block-group-is-layout-constrained\">\n<div class=\"acaoStyle\">\n<div class=\"cabecalhoAcoes\">\n<div>Mindfulness na Pr\u00e1tica: encontros para o bem-estar<\/div>\n<p>Curso de mindfulness com abordagem te\u00f3rico-pr\u00e1tica onde os(as) trabalhadores(as) participar\u00e3o de discuss\u00f5es e viv\u00eancias que poder\u00e3o atuar na redu\u00e7\u00e3o do estresse e ansiedade, no aprimoramento das habilidades de regula\u00e7\u00e3o emocional, na maior percep\u00e7\u00e3o dos estados mentais e padr\u00f5es comportamentais e na promo\u00e7\u00e3o do bem-estar e qualidade de vida. Ser\u00e1 realizada a aferi\u00e7\u00e3o dos sinais fisiol\u00f3gicos, press\u00e3o arterial, frequ\u00eancia card\u00edaca e temperatura corporal. Ser\u00e3o 8 encontros presenciais com periodicidade semanal e dura\u00e7\u00e3o de 90 minutos em m\u00e9dia. Este curso ser\u00e1 realizado a partir de uma parceria com um projeto de mestrado da UFPEL e por esta raz\u00e3o incluir\u00e1 t\u00e9cnicos(as) administrativos(as) em educa\u00e7\u00e3o que atenderem aos crit\u00e9rios de inclus\u00e3o no estudo, respeitando a ordem de inscri\u00e7\u00e3o. Se selecionado(a), ser\u00e1 enviado um email para informar sobre sua participa\u00e7\u00e3o. Este grupo ser\u00e1 ofertado em outro momento a todos(as) Trabalhadores(as) da UFPEL.<\/p>\n<\/div>\n<div class=\"corpoStyle\"><strong>Facilitadoras: <\/strong>Equipe multiprofissional da Coordena\u00e7\u00e3o de Sa\u00fade e Qualidade de Vida (CSQV)\/ PROGEP: Aline da Rosa Pizarro (<em>Enfermeira da CSQV<\/em>), Ang\u00e9lica Gon\u00e7alves Peter (<em>Psic\u00f3loga<\/em>\u00a0<em>da CSQV<\/em>), Deciane Pintanela de Carvalho (<em>Enfermeira da CSQV<\/em><em>) e <\/em>T\u00e2nia Luiza Stigger Vieira (<em>T\u00e9cnica em Enfermagem da CSQV<\/em>).<strong style=\"font-size: revert;text-align: justify\"><br \/>Per\u00edodo<\/strong><span style=\"font-size: revert;text-align: justify\">: de 14\/05\/2025 \u00e0 02\/07\/2025<br \/><\/span><strong style=\"font-size: revert;text-align: justify\">Realiza\u00e7\u00e3o<\/strong><span style=\"font-size: revert;text-align: justify\">: Quartas-feiras<br \/><\/span><strong style=\"font-size: revert;text-align: justify\">Hor\u00e1rio: <\/strong><em style=\"font-size: revert;text-align: justify\">Turma 1<\/em><span style=\"font-size: revert;text-align: justify\">: 8:15h \u00e0s 9h45min. <\/span><em style=\"font-size: revert;text-align: justify\">Turma 2<\/em><span style=\"font-size: revert;text-align: justify\">: 10h30min \u00e0s 12h<br \/><\/span><strong style=\"font-size: revert;text-align: justify\">Carga hor\u00e1ria<\/strong><span style=\"font-size: revert;text-align: justify\">: 32h<br \/><\/span><strong style=\"font-size: revert;text-align: justify\">N\u00famero de vagas:<\/strong><span style=\"font-size: revert;text-align: justify\"> 20<br \/><\/span><strong style=\"font-size: revert;text-align: justify\">Modalidade: <\/strong><span style=\"font-size: revert;text-align: justify\">presencial<br \/><\/span><strong style=\"font-size: revert;text-align: justify\">Local:\u00a0 <\/strong><span style=\"font-size: revert;text-align: justify\">Campus Anglo, sala 340.<br \/><\/span><strong style=\"font-size: revert;text-align: justify\">Ementa:<br \/><\/strong>&#8211; Introdu\u00e7\u00e3o ao mindfulness;<br \/>&#8211; Mindfulness para redu\u00e7\u00e3o do estresse e da ansiedade;<br \/>&#8211; Import\u00e2ncia do mindfulness para regula\u00e7\u00e3o emocional;<br \/>&#8211; Pr\u00e1ticas formais e informais de mindfulness;<br \/>&#8211; Aten\u00e7\u00e3o Plena nas atividades di\u00e1rias;<br \/>&#8211; Integra\u00e7\u00e3o da pr\u00e1tica regular de mindfulness no cotidiano.\n<strong style=\"font-size: revert;text-align: justify\">P\u00fablico Alvo<\/strong><span style=\"font-size: revert;text-align: justify\">: T\u00e9cnicos(as) administrativos(as) em educa\u00e7\u00e3o interessados(as) em desenvolver habilidades de regula\u00e7\u00e3o emocional e aten\u00e7\u00e3o plena.*<\/span>\n<p><strong>Per\u00edodo de inscri\u00e7\u00e3o<\/strong>: 10\/04 a 11\/05<\/p>\n<p><strong>Divulga\u00e7\u00e3o das inscri\u00e7\u00f5es homologadas<\/strong>: 12\/05**, nesta p\u00e1gina.<\/p>\n<p>*Considerando a Pol\u00edtica Nacional de Desenvolvimento de Pessoas, conforme Decreto n\u00ba 9.991\/19, somente ser\u00e3o certificados(as) os(as) servidores(as) p\u00fablicos pertencentes ao Quadro Efetivo da UFPel;<br \/>** Quando homologadas as inscri\u00e7\u00f5es, os(as) selecionados(as) receber\u00e3o e-mail de confirma\u00e7\u00e3o com instru\u00e7\u00f5es.<\/p>\n<p><strong><a href=\"https:\/\/wp.ufpel.edu.br\/progep\/files\/2025\/05\/HOMOLOGACAO-Programa-de-Mindfulness-.pdf\" target=\"_blank\" rel=\"noopener\">Confira as inscri\u00e7\u00f5es homologadas aqui<\/a><\/strong><\/p>\n<p><span style=\"font-size: 14pt\"><strong>Contato:<\/strong> cdp.capacita@ufpel.edu.br<\/span><\/p>\n<\/div>\n<\/div>\n\n<\/div><\/div>\n","protected":false},"excerpt":{"rendered":"<p>Mindfulness na Pr\u00e1tica: encontros para o bem-estar Curso de mindfulness com abordagem te\u00f3rico-pr\u00e1tica onde os(as) trabalhadores(as) participar\u00e3o de discuss\u00f5es e viv\u00eancias que poder\u00e3o atuar na redu\u00e7\u00e3o do estresse e ansiedade, no aprimoramento das habilidades de regula\u00e7\u00e3o emocional, na maior percep\u00e7\u00e3o dos estados mentais e padr\u00f5es comportamentais e na promo\u00e7\u00e3o do bem-estar e qualidade de vida. [&hellip;]<\/p>\n","protected":false},"author":21,"featured_media":0,"parent":0,"menu_order":0,"comment_status":"closed","ping_status":"closed","template":"","meta":{"footnotes":""},"class_list":["post-31302","page","type-page","status-publish","hentry"],"_links":{"self":[{"href":"https:\/\/wp.ufpel.edu.br\/progep\/wp-json\/wp\/v2\/pages\/31302","targetHints":{"allow":["GET"]}}],"collection":[{"href":"https:\/\/wp.ufpel.edu.br\/progep\/wp-json\/wp\/v2\/pages"}],"about":[{"href":"https:\/\/wp.ufpel.edu.br\/progep\/wp-json\/wp\/v2\/types\/page"}],"author":[{"embeddable":true,"href":"https:\/\/wp.ufpel.edu.br\/progep\/wp-json\/wp\/v2\/users\/21"}],"replies":[{"embeddable":true,"href":"https:\/\/wp.ufpel.edu.br\/progep\/wp-json\/wp\/v2\/comments?post=31302"}],"version-history":[{"count":3,"href":"https:\/\/wp.ufpel.edu.br\/progep\/wp-json\/wp\/v2\/pages\/31302\/revisions"}],"predecessor-version":[{"id":38396,"href":"https:\/\/wp.ufpel.edu.br\/progep\/wp-json\/wp\/v2\/pages\/31302\/revisions\/38396"}],"wp:attachment":[{"href":"https:\/\/wp.ufpel.edu.br\/progep\/wp-json\/wp\/v2\/media?parent=31302"}],"curies":[{"name":"wp","href":"https:\/\/api.w.org\/{rel}","templated":true}]}}