{"id":31251,"date":"2025-04-09T16:43:57","date_gmt":"2025-04-09T19:43:57","guid":{"rendered":"https:\/\/wp.ufpel.edu.br\/progep\/?page_id=31251"},"modified":"2025-04-30T11:15:35","modified_gmt":"2025-04-30T14:15:35","slug":"programa-mulheres-lideres-alem-do-codigo","status":"publish","type":"page","link":"https:\/\/wp.ufpel.edu.br\/progep\/programa-mulheres-lideres-alem-do-codigo\/","title":{"rendered":"Capacita\u00e7\u00e3o:  Programa Mulheres L\u00edderes"},"content":{"rendered":"<div class=\"acaoStyle\">\n<div class=\"cabecalhoAcoes\">\n<div>Programa Mulheres L\u00edderes: Al\u00e9m do c\u00f3digo:<br \/>\nO impacto e a Lideran\u00e7a Feminina na Tecnologia<\/div>\n<p>A capacita\u00e7\u00e3o faz parte do Programa Mulheres L\u00edderes. Nessa capacita\u00e7\u00e3o, o cen\u00e1rio da computa\u00e7\u00e3o ser\u00e1 o foco e principalmente o espa\u00e7o da mulher, sua presen\u00e7a e lideran\u00e7a na \u00e1rea da Tecnologia. O desenvolvimento de habilidades, como tamb\u00e9m o lugar de grupos de apoio na jornada, ser\u00e3o t\u00f3picos presentes.<\/p>\n<\/div>\n<div class=\"corpoStyle\"><strong>Facilitadoras: <\/strong>Brenda Salenave Santana (Docente CDTEC), Ana Marilza Pernas (Docente CDTEC)<br \/>\n<strong>Data: <\/strong>30<span style=\"font-weight: 400\">\/04\/2025 (quarta-feira)<\/span><br \/>\n<strong>Hor\u00e1rio: <span style=\"font-weight: 400\">das 9h30min \u00e0s 11h30min<\/span><\/strong><br \/>\n<strong>Modalidade: <\/strong>presencial<br \/>\n<strong>Local: <\/strong>Audit\u00f3rio da Reitoria (Campus Anglo)<br \/>\n<strong>Ementa: <\/strong><\/p>\n<ul>\n<li>Panorama Atual e Desafios;<\/li>\n<li>Desenvolvimento de Habilidades, T\u00e9cnicas Essenciais;<\/li>\n<li>Mentoria e Comunidades de Apoio;\n<ul>\n<li>Casos de Sucesso: projetos e comunidades existentes;<\/li>\n<li>A import\u00e2ncia e o impacto da mentoria para o desenvolvimento profissional:<\/li>\n<li>Como encontrar e se beneficiar de programas de mentoria;<\/li>\n<li>O papel das comunidades e grupos de apoio para mulheres na tecnologia:<\/li>\n<\/ul>\n<\/li>\n<li>Recursos e Oportunidades.<\/li>\n<\/ul>\n<p><strong>P\u00fablico Alvo<\/strong>: Servidores(as) docentes, TAE\u2019s e trabalhadores(as) terceirizados(as) ativos(as) da UFPel*<\/p>\n<p><strong>Per\u00edodo de inscri\u00e7\u00e3o<\/strong>: 10\/04 a 27\/04<\/p>\n<p><strong>Divulga\u00e7\u00e3o das inscri\u00e7\u00f5es homologadas<\/strong>: 28\/04**, nesta p\u00e1gina.<\/p>\n<p>*Considerando a Pol\u00edtica Nacional de Desenvolvimento de Pessoas, conforme Decreto n\u00ba 9.991\/19, somente ser\u00e3o certificados os(as) servidores(as) p\u00fablicos pertencentes ao Quadro Efetivo da UFPel;<br \/>\n** Quando homologadas as inscri\u00e7\u00f5es, os selecionados receber\u00e3o e-mail de confirma\u00e7\u00e3o com instru\u00e7\u00f5es.<\/p>\n<p>Observa\u00e7\u00e3o: A homologa\u00e7\u00e3o das inscri\u00e7\u00f5es dos(as) trabalhadores(as) terceirizados ficar\u00e1 condicionada \u00e0 an\u00e1lise pr\u00e9via e manifesta\u00e7\u00e3o por parte do NUGEST\/PRA.<br \/>\n<a href=\"https:\/\/wp.ufpel.edu.br\/progep\/files\/2025\/04\/HOMOLOGACAO-Presencial-Programa-Mulheres-Lideres_-Alem-do-codigo_-O-impacto-e-a-Lideranca-Feminina-na-Tecnologia.pdf\" target=\"_blank\" rel=\"noopener\">Confira as inscri\u00e7\u00f5es homologadas aqui!<\/a><\/p>\n<p><span style=\"font-size: 14pt\"><strong>Contato:<\/strong> cdp.capacita@ufpel.edu.br<\/span><\/p>\n<\/div>\n<\/div>\n","protected":false},"excerpt":{"rendered":"<p>Programa Mulheres L\u00edderes: Al\u00e9m do c\u00f3digo: O impacto e a Lideran\u00e7a Feminina na Tecnologia A capacita\u00e7\u00e3o faz parte do Programa Mulheres L\u00edderes. Nessa capacita\u00e7\u00e3o, o cen\u00e1rio da computa\u00e7\u00e3o ser\u00e1 o foco e principalmente o espa\u00e7o da mulher, sua presen\u00e7a e lideran\u00e7a na \u00e1rea da Tecnologia. O desenvolvimento de habilidades, como tamb\u00e9m o lugar de grupos [&hellip;]<\/p>\n","protected":false},"author":21,"featured_media":0,"parent":0,"menu_order":0,"comment_status":"closed","ping_status":"closed","template":"","meta":{"footnotes":""},"class_list":["post-31251","page","type-page","status-publish","hentry"],"_links":{"self":[{"href":"https:\/\/wp.ufpel.edu.br\/progep\/wp-json\/wp\/v2\/pages\/31251","targetHints":{"allow":["GET"]}}],"collection":[{"href":"https:\/\/wp.ufpel.edu.br\/progep\/wp-json\/wp\/v2\/pages"}],"about":[{"href":"https:\/\/wp.ufpel.edu.br\/progep\/wp-json\/wp\/v2\/types\/page"}],"author":[{"embeddable":true,"href":"https:\/\/wp.ufpel.edu.br\/progep\/wp-json\/wp\/v2\/users\/21"}],"replies":[{"embeddable":true,"href":"https:\/\/wp.ufpel.edu.br\/progep\/wp-json\/wp\/v2\/comments?post=31251"}],"version-history":[{"count":29,"href":"https:\/\/wp.ufpel.edu.br\/progep\/wp-json\/wp\/v2\/pages\/31251\/revisions"}],"predecessor-version":[{"id":32217,"href":"https:\/\/wp.ufpel.edu.br\/progep\/wp-json\/wp\/v2\/pages\/31251\/revisions\/32217"}],"wp:attachment":[{"href":"https:\/\/wp.ufpel.edu.br\/progep\/wp-json\/wp\/v2\/media?parent=31251"}],"curies":[{"name":"wp","href":"https:\/\/api.w.org\/{rel}","templated":true}]}}