{"id":31057,"date":"2025-04-08T10:37:11","date_gmt":"2025-04-08T13:37:11","guid":{"rendered":"https:\/\/wp.ufpel.edu.br\/progep\/?page_id=31057"},"modified":"2025-06-02T09:59:24","modified_gmt":"2025-06-02T12:59:24","slug":"capacitacao-semana-de-luta-contra-o-assedio","status":"publish","type":"page","link":"https:\/\/wp.ufpel.edu.br\/progep\/capacitacao-semana-de-luta-contra-o-assedio\/","title":{"rendered":"Capacita\u00e7\u00e3o: Semana de Luta Contra o Ass\u00e9dio"},"content":{"rendered":"<div class=\"imageCapacitaSemanaAssedio\" style=\"background: linear-gradient(90deg, rgba(228, 228, 228, 1) 0%, rgba(234, 234, 234, 1) 100%)\"><img class=\"aligncenter\" src=\"https:\/\/wp.ufpel.edu.br\/progep\/files\/2025\/04\/Group-28.png\" alt=\"\" \/><br \/>\n<img class=\"imgCapacitaQuadrado aligncenter\" src=\"https:\/\/wp.ufpel.edu.br\/progep\/files\/2025\/04\/WhatsApp-Image-2025-04-10-at-18.05.19.jpeg\" \/><\/div>\n<div class=\"capacitaSemanadoAssedio\">\n<div>Semana de Luta Contra o Ass\u00e9dio<\/div>\n<div>e outras Viol\u00eancias no Trabalho na UFPel<\/div>\n<p>A Semana de Luta Contra o Ass\u00e9dio busca realizar iniciativas diversificadas, como palestras, treinamentos e produ\u00e7\u00e3o de conte\u00fados, entre outras, para sensibilizar servidores(as), trabalhadores(as) terceirizados(s) e equipes sobre a import\u00e2ncia do combate ao ass\u00e9dio moral, psicol\u00f3gico e sexual, bem como outras formas de viol\u00eancia, no ambiente de trabalho da UFPEL. O ass\u00e9dio refere-se a um comportamento abusivo, intencional e frequente que ocorre no ambiente de trabalho e visa constranger, humilhar e desqualificar um indiv\u00edduo ou grupo, degradando as suas condi\u00e7\u00f5es de trabalho e amea\u00e7ando a sua integridade pessoal e profissional. Esse \u00e9, portanto, problema s\u00e9rio e complexo, advindo de fatores sociais, econ\u00f4micos, organizacionais e culturais.<\/p>\n<\/div>\n<div class=\"infoCapacitacaoSemana headCapacita\">\n<div class=\"infoCapacitaCollum\"><strong>Facilitadoras<\/strong>:<br \/>\nTha\u00edse Mendes Farias (PROGEP\/UFPEL),<br \/>\nMaria Helena Concei\u00e7\u00e3o Silveira (PROGEP\/UFPEL),<br \/>\nAng\u00e9lica Gon\u00e7alves Peter (PROGEP\/UFPEL),<br \/>\nJessica da Silva Avila (PROGEP\/UFPEL),<br \/>\nJana\u00edze Batalha Neves (PROAFE\/UFPEL)<br \/>\nSimone de Biazzi \u00c1vila Batista da Silveira (FURG)<br \/>\n<strong>Modalidade<\/strong>: Presencial, com uma atividade <em>Online<\/em>.<br \/>\n<strong>Carga hor\u00e1ria total:<\/strong> 20h<br \/>\n<strong>Data:<\/strong> 05 de maio a 09 de maio de 2025<\/div>\n<div class=\"infoCapacitaEmenta\"><strong>Ementa:<\/strong><br \/>\nAss\u00e9dio moral, psicol\u00f3gico e sexual;<br \/>\nViol\u00eancias de G\u00eanero;<br \/>\nMicroagress\u00f5es raciais;<br \/>\nComunica\u00e7\u00e3o N\u00e3o Violenta;<br \/>\nRegula\u00e7\u00e3o Emocional<br \/>\n.<strong>P\u00fablico alvo:<\/strong> Servidores(as) docentes, TAE\u2019s e trabalhadores(as) terceirizados(as) ativos(as) da UFPel.<br \/>\n<strong>Per\u00edodo de inscri\u00e7\u00e3o<\/strong>: 14\/04 at\u00e9 dia 28\/04<br \/>\n<strong>Divulga\u00e7\u00e3o das inscri\u00e7\u00f5es homologadas<\/strong>: 30\/04**, nesta p\u00e1gina.<\/div>\n<\/div>\n<div class=\"infoProgramacaoSemana\">\n<h2>Programa\u00e7\u00e3o:<\/h2>\n<blockquote><p>O que mais impressiona nos fracos \u00e9 que eles precisam humilhar os outros, para se sentirem fortes! <strong>Gandhi<\/strong><\/p><\/blockquote>\n<div>\n<h3>RESPEITO \u00c9 BOM E TODAS AS PESSOAS MERECEM! ASS\u00c9DIO NA UFPEL, N\u00c3O!!!<\/h3>\n\n<table id=\"tablepress-13\" class=\"tablepress tablepress-id-13\">\n<thead>\n<tr class=\"row-1\">\n\t<th class=\"column-1\">Dia da atividade<\/th><th class=\"column-2\">Atividades\/Tem\u00e1ticas<\/th><th class=\"column-3\">Local Manh\u00e3\/Hor\u00e1rio<\/th><th class=\"column-4\">Local Tarde\/Hor\u00e1rio<\/th>\n<\/tr>\n<\/thead>\n<tbody class=\"row-striping row-hover\">\n<tr class=\"row-2\">\n\t<td class=\"column-1\">Segunda (05\/05)<\/td><td class=\"column-2\">1) Ass\u00e9dio no trabalho<\/td><td class=\"column-3\">Reagendada para o dia 26\/05<\/td><td class=\"column-4\">Reagendada para o dia 26\/05<\/td>\n<\/tr>\n<tr class=\"row-3\">\n\t<td class=\"column-1\">Ter\u00e7a (06\/05)<\/td><td class=\"column-2\">2) Viol\u00eancias de G\u00eanero<\/td><td class=\"column-3\">10h-12h (Campus Cap\u00e3o do Le\u00e3o, Sala de aula 8 - Aul\u00e1rio)<\/td><td class=\"column-4\">14h-16h (Campus Anglo, Audit\u00f3rio Acad\u00eamico)<\/td>\n<\/tr>\n<tr class=\"row-4\">\n\t<td class=\"column-1\">Quarta (07\/05)<\/td><td class=\"column-2\">3) Microagress\u00f5es Raciais<\/td><td class=\"column-3\">12h-14h (Campus Cap\u00e3o do Le\u00e3o, Sala de aula 1 - Aul\u00e1rio)<\/td><td class=\"column-4\">16h-18h (Campus Anglo, Audit\u00f3rio Acad\u00eamico)<\/td>\n<\/tr>\n<tr class=\"row-5\">\n\t<td class=\"column-1\">Quinta (08\/05)<\/td><td class=\"column-2\">4) Comunica\u00e7\u00e3o N\u00e3o Violenta<\/td><td class=\"column-3\"><\/td><td class=\"column-4\">14h-17h (Plataforma Webconf, Online)<\/td>\n<\/tr>\n<tr class=\"row-6\">\n\t<td class=\"column-1\">Sexta (09\/05)<\/td><td class=\"column-2\">5) Regula\u00e7\u00e3o Emocional<\/td><td class=\"column-3\">12h-14h (Campus Cap\u00e3o do Le\u00e3o, Sala de aula 1 - Aul\u00e1rio)<\/td><td class=\"column-4\">16h-18h (Campus Anglo, Audit\u00f3rio Acad\u00eamico)<\/td>\n<\/tr>\n<tr class=\"row-7\">\n\t<td class=\"column-1\">Finaliza\u00e7\u00e3o<\/td><td class=\"column-2\">Samba no deck do Anglo \u00e0s 18h.<\/td><td class=\"column-3\"><\/td><td class=\"column-4\"><\/td>\n<\/tr>\n<\/tbody>\n<\/table>\n<!-- #tablepress-13 from cache -->\nConfira as Inscri\u00e7\u00f5es homologadas abaixo:<\/p>\n<div class=\"homologadoSemanadoAssedioStyle\"><a style=\"width: 50%\" href=\"https:\/\/wp.ufpel.edu.br\/progep\/files\/2025\/04\/1-HOMOLOGACAO-Presencial-Terca-Capao.pdf\" target=\"_blank\" rel=\"noopener\">Viol\u00eancias de G\u00eanero &#8211; Cap\u00e3o do Le\u00e3o<\/a><br \/>\n<a style=\"width: 50%\" href=\"https:\/\/wp.ufpel.edu.br\/progep\/files\/2025\/04\/2-HOMOLOGACAO-Presencial-Terca-Anglo.pdf\" target=\"_blank\" rel=\"noopener\">Viol\u00eancias de G\u00eanero &#8211; Anglo<\/a><\/div>\n<div class=\"homologadoSemanadoAssedioStyle\"><a style=\"width: 50%\" href=\"https:\/\/wp.ufpel.edu.br\/progep\/files\/2025\/04\/3-HOMOLOGACAO-Presencial-Quarta-Capao.pdf\" target=\"_blank\" rel=\"noopener\">Microagress\u00f5es Raciais &#8211; Cap\u00e3o do Le\u00e3o<\/a><br \/>\n<a style=\"width: 50%\" href=\"https:\/\/wp.ufpel.edu.br\/progep\/files\/2025\/04\/4-HOMOLOGACAO-Presencial-Quarta-Anglo.pdf\" target=\"_blank\" rel=\"noopener\">Microagress\u00f5es Raciais &#8211; Anglo<\/a><\/div>\n<p><a href=\"https:\/\/wp.ufpel.edu.br\/progep\/files\/2025\/04\/5-HOMOLOGACAO-Capacita-na-Web-Comunicacao-Nao-Violenta.pdf\" target=\"_blank\" rel=\"noopener\">Comunica\u00e7\u00e3o N\u00e3o Violenta \u2013 Ferramenta de Enfrentamento ao Ass\u00e9dio &#8211; Plataforma Webconf<\/a><\/p>\n<div class=\"homologadoSemanadoAssedioStyle\"><a style=\"width: 50%\" href=\"https:\/\/wp.ufpel.edu.br\/progep\/files\/2025\/04\/7-HOMOLOGACAO-Presencial-Sexta-Capao.pdf\" target=\"_blank\" rel=\"noopener\">Regula\u00e7\u00e3o Emocional &#8211; Camp\u00e3o do Le\u00e3o<\/a><br \/>\n<a style=\"width: 50%\" href=\"https:\/\/wp.ufpel.edu.br\/progep\/files\/2025\/04\/8-HOMOLOGACAO-Presencial-Sexta-Anglo.pdf\" target=\"_blank\" rel=\"noopener\">Regula\u00e7\u00e3o Emocional &#8211; Anglo<\/a><\/div>\n<\/div>\n<\/div>\n<div class=\"infoCapacitacaoSemanaFooter\">*Considerando a Pol\u00edtica Nacional de Desenvolvimento de Pessoas, conforme Decreto n\u00ba 9.991\/19, somente ser\u00e3o certificados os servidores p\u00fablicos pertencentes ao Quadro Efetivo da UFPel;<br \/>\n** Quando homologadas as inscri\u00e7\u00f5es, os selecionados receber\u00e3o e-mail de confirma\u00e7\u00e3o com instru\u00e7\u00f5es.<br \/>\n<strong>Observa\u00e7\u00e3o<\/strong>: A homologa\u00e7\u00e3o das inscri\u00e7\u00f5es dos(as) trabalhadores(as) terceirizados ficar\u00e1 condicionada \u00e0 an\u00e1lise pr\u00e9via e manifesta\u00e7\u00e3o por parte do NUGEST\/PRA.<br \/>\n<strong>Contato SFS<\/strong>:\u00a0cdp.capacita@ufpel.edu.br<\/div>\n","protected":false},"excerpt":{"rendered":"<p>Semana de Luta Contra o Ass\u00e9dio e outras Viol\u00eancias no Trabalho na UFPel A Semana de Luta Contra o Ass\u00e9dio busca realizar iniciativas diversificadas, como palestras, treinamentos e produ\u00e7\u00e3o de conte\u00fados, entre outras, para sensibilizar servidores(as), trabalhadores(as) terceirizados(s) e equipes sobre a import\u00e2ncia do combate ao ass\u00e9dio moral, psicol\u00f3gico e sexual, bem como outras formas [&hellip;]<\/p>\n","protected":false},"author":21,"featured_media":0,"parent":0,"menu_order":0,"comment_status":"closed","ping_status":"closed","template":"page-sem-sidebar.php","meta":{"footnotes":""},"class_list":["post-31057","page","type-page","status-publish","hentry"],"_links":{"self":[{"href":"https:\/\/wp.ufpel.edu.br\/progep\/wp-json\/wp\/v2\/pages\/31057","targetHints":{"allow":["GET"]}}],"collection":[{"href":"https:\/\/wp.ufpel.edu.br\/progep\/wp-json\/wp\/v2\/pages"}],"about":[{"href":"https:\/\/wp.ufpel.edu.br\/progep\/wp-json\/wp\/v2\/types\/page"}],"author":[{"embeddable":true,"href":"https:\/\/wp.ufpel.edu.br\/progep\/wp-json\/wp\/v2\/users\/21"}],"replies":[{"embeddable":true,"href":"https:\/\/wp.ufpel.edu.br\/progep\/wp-json\/wp\/v2\/comments?post=31057"}],"version-history":[{"count":76,"href":"https:\/\/wp.ufpel.edu.br\/progep\/wp-json\/wp\/v2\/pages\/31057\/revisions"}],"predecessor-version":[{"id":32813,"href":"https:\/\/wp.ufpel.edu.br\/progep\/wp-json\/wp\/v2\/pages\/31057\/revisions\/32813"}],"wp:attachment":[{"href":"https:\/\/wp.ufpel.edu.br\/progep\/wp-json\/wp\/v2\/media?parent=31057"}],"curies":[{"name":"wp","href":"https:\/\/api.w.org\/{rel}","templated":true}]}}