{"id":31035,"date":"2025-04-04T15:47:50","date_gmt":"2025-04-04T18:47:50","guid":{"rendered":"https:\/\/wp.ufpel.edu.br\/progep\/?page_id=31035"},"modified":"2025-06-30T16:21:57","modified_gmt":"2025-06-30T19:21:57","slug":"exercicio-fisico-e-saude-sugestoes-para-iniciar-recomecar-e-manter-se-ativo","status":"publish","type":"page","link":"https:\/\/wp.ufpel.edu.br\/progep\/exercicio-fisico-e-saude-sugestoes-para-iniciar-recomecar-e-manter-se-ativo\/","title":{"rendered":"Capacita\u00e7\u00e3o: Capacita na Web: Exerc\u00edcio F\u00edsico e Sa\u00fade"},"content":{"rendered":"<div class=\"acaoStyle\">\n<div class=\"cabecalhoAcoes\">\n<div>Exerc\u00edcio F\u00edsico e Sa\u00fade: Sugest\u00f5es para iniciar, recome\u00e7ar e manter-se ativo<\/div>\n<p>A capacita\u00e7\u00e3o busca abordar os temas de Atividade F\u00edsica\/Exerc\u00edcio F\u00edsico. Os benef\u00edcios da pr\u00e1tica de atividade f\u00edsica nas nossas vidas. Como planejar tempo semanal ideal para a pr\u00e1tica de AF e a alimenta\u00e7\u00e3o antes, durante e p\u00f3s AF. Sobre o jejum em AF.\u00a0 E, ainda, sugest\u00f5es de como manter-se ativo.<\/p>\n<\/div>\n<div class=\"corpoStyle\"><strong>Facilitador(a): <\/strong>Eliana K\u00f6hler Kr\u00f6ning\u00a0(T\u00e9cnica desportiva na PROGEP\/CSQV)<br \/>\n<b><\/b><b>Modalidade:\u00a0<\/b><em>Online<\/em>.<br \/>\n<strong>Carga hor\u00e1ria:<\/strong> 1h30min<br \/>\n<strong>Data<\/strong>: 24 de abril de 2025<br \/>\n<strong>Hor\u00e1rio: <\/strong>15h.<br \/>\n<strong>Realiza\u00e7\u00e3o<\/strong>: Plataforma Webconf<br \/>\n<strong>Ementa:<\/strong><br \/>\n&#8211; Atividade F\u00edsica\/Exerc\u00edcio F\u00edsico;<br \/>\n&#8211; Benef\u00edcios da pr\u00e1tica de atividade f\u00edsica;<br \/>\n&#8211; Tempo semanal ideal para a pr\u00e1tica de AF;<br \/>\n&#8211; Alimenta\u00e7\u00e3o antes, durante e p\u00f3s AF;<br \/>\n&#8211; AF em jejum;<br \/>\n&#8211; Sugest\u00f5es de como manter-se ativo.<\/p>\n<p class=\"v1MsoNormal\"><strong>P\u00fablico:<\/strong><br \/>\n&#8211; Servidores(as) docentes, TAE\u2019s e trabalhadores(as) terceirizados(as) ativos(as) da UFPel*<\/p>\n<p><strong>Per\u00edodo de inscri\u00e7\u00e3o<\/strong>: 07\/04 at\u00e9 dia 21\/04<\/p>\n<p><strong>Divulga\u00e7\u00e3o das inscri\u00e7\u00f5es homologadas<\/strong>: 22\/04**, nesta p\u00e1gina.<\/p>\n<p>*Considerando a Pol\u00edtica Nacional de Desenvolvimento de Pessoas, conforme Decreto n\u00ba 9.991\/19, somente ser\u00e3o certificados os servidores p\u00fablicos pertencentes ao Quadro Efetivo da UFPel;<br \/>\n** Quando homologadas as inscri\u00e7\u00f5es, os selecionados receber\u00e3o e-mail de confirma\u00e7\u00e3o com instru\u00e7\u00f5es.<\/p>\n<p>Observa\u00e7\u00e3o: A homologa\u00e7\u00e3o das inscri\u00e7\u00f5es dos(as) trabalhadores(as) terceirizados ficar\u00e1 condicionada \u00e0 an\u00e1lise pr\u00e9via e manifesta\u00e7\u00e3o por parte do NUGEST\/PRA.<\/p>\n<p><a href=\"https:\/\/wp.ufpel.edu.br\/progep\/files\/2025\/04\/HOMOLOGACAO-Capacita-na-Web-Exercicio-Fisico-e-Saude_-Sugestoes-para-iniciar-recomecar-e-manter-se-ativo.pdf\" target=\"_blank\"> Confira as inscri\u00e7\u00f5es homologadas aqui!<\/a><\/p>\n<p><strong>Contato SFS:<\/strong>\u00a0cdp.capacita@ufpel.edu.br<\/p>\n<\/div>\n<\/div>\n","protected":false},"excerpt":{"rendered":"<p>Exerc\u00edcio F\u00edsico e Sa\u00fade: Sugest\u00f5es para iniciar, recome\u00e7ar e manter-se ativo A capacita\u00e7\u00e3o busca abordar os temas de Atividade F\u00edsica\/Exerc\u00edcio F\u00edsico. Os benef\u00edcios da pr\u00e1tica de atividade f\u00edsica nas nossas vidas. Como planejar tempo semanal ideal para a pr\u00e1tica de AF e a alimenta\u00e7\u00e3o antes, durante e p\u00f3s AF. Sobre o jejum em AF.\u00a0 E, [&hellip;]<\/p>\n","protected":false},"author":21,"featured_media":0,"parent":0,"menu_order":0,"comment_status":"closed","ping_status":"closed","template":"","meta":{"footnotes":""},"class_list":["post-31035","page","type-page","status-publish","hentry"],"_links":{"self":[{"href":"https:\/\/wp.ufpel.edu.br\/progep\/wp-json\/wp\/v2\/pages\/31035","targetHints":{"allow":["GET"]}}],"collection":[{"href":"https:\/\/wp.ufpel.edu.br\/progep\/wp-json\/wp\/v2\/pages"}],"about":[{"href":"https:\/\/wp.ufpel.edu.br\/progep\/wp-json\/wp\/v2\/types\/page"}],"author":[{"embeddable":true,"href":"https:\/\/wp.ufpel.edu.br\/progep\/wp-json\/wp\/v2\/users\/21"}],"replies":[{"embeddable":true,"href":"https:\/\/wp.ufpel.edu.br\/progep\/wp-json\/wp\/v2\/comments?post=31035"}],"version-history":[{"count":13,"href":"https:\/\/wp.ufpel.edu.br\/progep\/wp-json\/wp\/v2\/pages\/31035\/revisions"}],"predecessor-version":[{"id":34280,"href":"https:\/\/wp.ufpel.edu.br\/progep\/wp-json\/wp\/v2\/pages\/31035\/revisions\/34280"}],"wp:attachment":[{"href":"https:\/\/wp.ufpel.edu.br\/progep\/wp-json\/wp\/v2\/media?parent=31035"}],"curies":[{"name":"wp","href":"https:\/\/api.w.org\/{rel}","templated":true}]}}