{"id":30573,"date":"2025-03-27T08:55:09","date_gmt":"2025-03-27T11:55:09","guid":{"rendered":"https:\/\/wp.ufpel.edu.br\/progep\/?page_id=30573"},"modified":"2025-12-17T14:56:58","modified_gmt":"2025-12-17T17:56:58","slug":"detox-digital-uso-consciente-e-equilibrado-da-tecnologia-modulo-1-o-uso-excessivo-da-tecnologia-turma-1-2025","status":"publish","type":"page","link":"https:\/\/wp.ufpel.edu.br\/progep\/detox-digital-uso-consciente-e-equilibrado-da-tecnologia-modulo-1-o-uso-excessivo-da-tecnologia-turma-1-2025\/","title":{"rendered":"Capacita\u00e7\u00e3o: Detox Digital 1 &#8211; Turma 1\/2025"},"content":{"rendered":"<div class=\"acaoStyle\">\n<div class=\"cabecalhoAcoes\">\n<div>Detox Digital: uso consciente e equilibrado da tecnologia \u2013 M\u00f3dulo 1: O uso excessivo da tecnologia &#8211; Turma 1\/2025<\/div>\n<p>Neste curso ser\u00e3o abordados conte\u00fados que auxiliem o desenvolvimento do pensamento cr\u00edtico em rela\u00e7\u00e3o ao uso da tecnologia. O curso est\u00e1 organizado em <strong data-start=\"164\" data-end=\"187\">4 m\u00f3dulos<\/strong>, e para garantir que voc\u00ea tenha acesso ao material sempre que precisar, possui um <em>e-book<\/em> com todo o conte\u00fado abordado durante as aulas. Inscreva-se para saber mais!<\/p>\n<\/div>\n<div class=\"corpoStyle\">\n<p><strong>Ministrante<\/strong>: Gerson Rios Leme (Docente do Centro de Artes\/UFPEL)<br \/>\n<strong style=\"text-align: justify;color: var(--cor-texto);font-family: var(--fonte-corpo)\">Modalidade:<\/strong><span style=\"text-align: justify;color: var(--cor-texto);font-family: var(--fonte-corpo)\"> Online, sem tutoria. O curso \u00e9 oferecido de forma ass\u00edncrona, deste modo, o participante pode acessar o material e realizar as atividades no seu pr\u00f3prio ritmo, sem a presen\u00e7a de um tutor.<\/span><br \/>\n<strong style=\"color: var(--cor-texto);font-family: var(--fonte-corpo)\">Per\u00edodo:\u00a0<\/strong> 10 de abril a 10 de maio de 2025<span style=\"color: var(--cor-texto);font-family: var(--fonte-corpo)\"><br \/>\n<\/span><strong style=\"color: var(--cor-texto);font-family: var(--fonte-corpo)\">Carga hor\u00e1ria:<\/strong><span style=\"color: var(--cor-texto);font-family: var(--fonte-corpo)\"> 30 horas<\/span><span style=\"text-align: justify;color: var(--cor-texto);font-family: var(--fonte-corpo)\"><br \/>\n<\/span><strong>Realiza\u00e7\u00e3o<\/strong>: Plataforma E-projeto da UFPel<br \/>\n<span style=\"text-align: justify;color: var(--cor-texto);font-family: var(--fonte-corpo)\"><span style=\"text-align: justify;color: var(--cor-texto);font-family: var(--fonte-corpo)\"><strong>Ementa:<\/strong><br \/>\n<\/span><\/span><\/p>\n<ul>\n<li class=\"Texto_Justificado\">Tecnologia;<\/li>\n<li class=\"Texto_Justificado\">O uso da tecnologia<\/li>\n<li class=\"Texto_Justificado\">O uso excessivo da tecnologia<\/li>\n<li>O uso consciente da tecnologia<\/li>\n<\/ul>\n<p><strong>Avalia\u00e7\u00e3o:<\/strong> Na Avalia\u00e7\u00e3o Final \u00e9 necess\u00e1rio que os participantes obtenham, no m\u00ednimo, a nota 7 (sete) para aprova\u00e7\u00e3o no curso.<br \/>\n<strong>P\u00fablico Alvo:<\/strong> Servidores(as) docentes, TAE\u2019s e trabalhadores(as) terceirizados(as) ativos(as) da UFPel*<br \/>\n<strong>Per\u00edodo de inscri\u00e7\u00e3o<\/strong>: 27\/03 a 07\/04<br \/>\n<strong style=\"text-align: justify;color: var(--cor-texto);font-family: var(--fonte-corpo)\">Divulga\u00e7\u00e3o das inscri\u00e7\u00f5es homologadas:<\/strong><span style=\"text-align: justify;color: var(--cor-texto);font-family: var(--fonte-corpo)\"> 08\/04**, nesta p\u00e1gina.<\/span><br \/>\n*Considerando a Pol\u00edtica Nacional de Desenvolvimento de Pessoas, conforme Decreto n\u00ba 9.991\/19, somente ser\u00e3o certificados os servidores p\u00fablicos pertencentes ao Quadro Efetivo da UFPel;<br \/>\n** Quando homologadas as inscri\u00e7\u00f5es, os selecionados receber\u00e3o e-mail de confirma\u00e7\u00e3o com instru\u00e7\u00f5es.<\/p>\n<p><a href=\"https:\/\/wp.ufpel.edu.br\/progep\/files\/2025\/04\/Homologacao-Detox-Digital_-uso-consciente-e-equilibrado-da-tecnologia-\u2013-Modulo-1_-O-uso-excessivo-da-tecnologia.pdf\" target=\"_blank\"> Confira as inscri\u00e7\u00f5es homologadas aqui!<\/a><\/p>\n<\/div>\n<\/div>\n","protected":false},"excerpt":{"rendered":"<p>Detox Digital: uso consciente e equilibrado da tecnologia \u2013 M\u00f3dulo 1: O uso excessivo da tecnologia &#8211; Turma 1\/2025 Neste curso ser\u00e3o abordados conte\u00fados que auxiliem o desenvolvimento do pensamento cr\u00edtico em rela\u00e7\u00e3o ao uso da tecnologia. O curso est\u00e1 organizado em 4 m\u00f3dulos, e para garantir que voc\u00ea tenha acesso ao material sempre que [&hellip;]<\/p>\n","protected":false},"author":21,"featured_media":0,"parent":0,"menu_order":0,"comment_status":"closed","ping_status":"closed","template":"","meta":{"footnotes":""},"class_list":["post-30573","page","type-page","status-publish","hentry"],"_links":{"self":[{"href":"https:\/\/wp.ufpel.edu.br\/progep\/wp-json\/wp\/v2\/pages\/30573","targetHints":{"allow":["GET"]}}],"collection":[{"href":"https:\/\/wp.ufpel.edu.br\/progep\/wp-json\/wp\/v2\/pages"}],"about":[{"href":"https:\/\/wp.ufpel.edu.br\/progep\/wp-json\/wp\/v2\/types\/page"}],"author":[{"embeddable":true,"href":"https:\/\/wp.ufpel.edu.br\/progep\/wp-json\/wp\/v2\/users\/21"}],"replies":[{"embeddable":true,"href":"https:\/\/wp.ufpel.edu.br\/progep\/wp-json\/wp\/v2\/comments?post=30573"}],"version-history":[{"count":3,"href":"https:\/\/wp.ufpel.edu.br\/progep\/wp-json\/wp\/v2\/pages\/30573\/revisions"}],"predecessor-version":[{"id":39411,"href":"https:\/\/wp.ufpel.edu.br\/progep\/wp-json\/wp\/v2\/pages\/30573\/revisions\/39411"}],"wp:attachment":[{"href":"https:\/\/wp.ufpel.edu.br\/progep\/wp-json\/wp\/v2\/media?parent=30573"}],"curies":[{"name":"wp","href":"https:\/\/api.w.org\/{rel}","templated":true}]}}