{"id":30514,"date":"2025-03-26T08:26:16","date_gmt":"2025-03-26T11:26:16","guid":{"rendered":"https:\/\/wp.ufpel.edu.br\/progep\/?page_id=30514"},"modified":"2025-04-01T09:12:16","modified_gmt":"2025-04-01T12:12:16","slug":"chamada-publica-03-2025","status":"publish","type":"page","link":"https:\/\/wp.ufpel.edu.br\/progep\/chamada-publica-03-2025\/","title":{"rendered":"Chamada P\u00fablica 03\/2025"},"content":{"rendered":"<p><a href=\"https:\/\/wp.ufpel.edu.br\/progep\/files\/2025\/03\/SEI_3001322_Edital_PROGEP_5.pdf\">Chamada P\u00fablica de Remo\u00e7\u00e3o 03\/2025<\/a><\/p>\n<p><a href=\"https:\/\/wp.ufpel.edu.br\/progep\/files\/2025\/04\/SEI_3008621_Edital_PROGEP_6-1.pdf\">Resultado Final<\/a><\/p>\n","protected":false},"excerpt":{"rendered":"<p>Chamada P\u00fablica de Remo\u00e7\u00e3o 03\/2025 Resultado Final<\/p>\n","protected":false},"author":52,"featured_media":0,"parent":0,"menu_order":0,"comment_status":"closed","ping_status":"closed","template":"","meta":{"footnotes":""},"class_list":["post-30514","page","type-page","status-publish","hentry"],"_links":{"self":[{"href":"https:\/\/wp.ufpel.edu.br\/progep\/wp-json\/wp\/v2\/pages\/30514","targetHints":{"allow":["GET"]}}],"collection":[{"href":"https:\/\/wp.ufpel.edu.br\/progep\/wp-json\/wp\/v2\/pages"}],"about":[{"href":"https:\/\/wp.ufpel.edu.br\/progep\/wp-json\/wp\/v2\/types\/page"}],"author":[{"embeddable":true,"href":"https:\/\/wp.ufpel.edu.br\/progep\/wp-json\/wp\/v2\/users\/52"}],"replies":[{"embeddable":true,"href":"https:\/\/wp.ufpel.edu.br\/progep\/wp-json\/wp\/v2\/comments?post=30514"}],"version-history":[{"count":3,"href":"https:\/\/wp.ufpel.edu.br\/progep\/wp-json\/wp\/v2\/pages\/30514\/revisions"}],"predecessor-version":[{"id":30896,"href":"https:\/\/wp.ufpel.edu.br\/progep\/wp-json\/wp\/v2\/pages\/30514\/revisions\/30896"}],"wp:attachment":[{"href":"https:\/\/wp.ufpel.edu.br\/progep\/wp-json\/wp\/v2\/media?parent=30514"}],"curies":[{"name":"wp","href":"https:\/\/api.w.org\/{rel}","templated":true}]}}