{"id":30449,"date":"2025-03-25T14:30:11","date_gmt":"2025-03-25T17:30:11","guid":{"rendered":"https:\/\/wp.ufpel.edu.br\/progep\/?page_id=30449"},"modified":"2025-11-27T16:51:53","modified_gmt":"2025-11-27T19:51:53","slug":"reposicionamento-da-carreira-docente-medida-provisoria","status":"publish","type":"page","link":"https:\/\/wp.ufpel.edu.br\/progep\/reposicionamento-da-carreira-docente-medida-provisoria\/","title":{"rendered":"Reposicionamento da carreira Docente &#8211; Medida Provis\u00f3ria"},"content":{"rendered":"\n<div class=\"wp-block-group\"><div class=\"wp-block-group__inner-container is-layout-constrained wp-block-group-is-layout-constrained\">\n<div class=\"logoTituloModelStyle\"><img class=\"size-medium wp-image-27184 alignleft\" src=\"https:\/\/wp.ufpel.edu.br\/progep\/files\/2025\/03\/logo-progep_atualizacao-nome_AZUL.png\" alt=\"\" \/><\/p>\n<div style=\"padding: 1rem 0\"><strong>Reposicionamento da carreira Docente &#8211; Medida Provis\u00f3ria<\/strong><\/div>\n<\/div>\n<hr class=\"hrModelStyle\" \/>\n<div class=\"descriptionModelStyle\">As carreiras dos(as) servidores(as) federais foram alteradas a partir da <a href=\"https:\/\/www.in.gov.br\/en\/web\/dou\/-\/lei-n-15.141-de-2-de-junho-de-2025-633791330\" target=\"_blank\"><strong>Lei n\u00ba 15.141, de 2 de junho de 2025<\/strong><\/a>. Confira nesta p\u00e1gina o que mudar\u00e1 na carreira Docente. Fique atualizado(a)!<\/div>\n<\/div><\/div>\n\n<h2 style=\"text-align: center\"><span style=\"font-size: 14pt\">Como fica o meu posicionamento na nova estrutura da carreira?<\/span><\/h2>\n<p style=\"text-indent: 2.5rem;padding: 0 1rem\"><span style=\"font-size: 14pt\"> Para identificar o seu novo posicionamento na carreira, localize o seu posicionamento atual na coluna &#8220;Situa\u00e7\u00e3o at\u00e9 31\/12\/2024&#8221; e veja qual \u00e9 a posi\u00e7\u00e3o correspondente na coluna &#8220;Situa\u00e7\u00e3o a partir de 01\/01\/2025&#8221;.<\/span><\/p>\n<div class=\"tabelasRepoDoc\">\n<p><span style=\"font-size: 14pt\"><span class=\"collapseomatic \" id=\"id69e9aa0a96a35\"  tabindex=\"0\" title=\"Tabela Professor Magist\u00e9rio Superior\"    >Tabela Professor Magist\u00e9rio Superior<\/span><div id=\"target-id69e9aa0a96a35\" class=\"collapseomatic_content \"><\/span><br \/>\n<span style=\"font-size: 14pt\">\n<table id=\"tablepress-6\" class=\"tablepress tablepress-id-6 tbody-has-connected-cells\">\n<thead>\n<tr class=\"row-1\">\n\t<th colspan=\"3\" class=\"column-1\">Situa\u00e7\u00e3o at\u00e9 31\/12\/2024<\/th><th colspan=\"3\" class=\"column-4\">Situa\u00e7\u00e3o a partir de 01\/01\/2025<\/th>\n<\/tr>\n<\/thead>\n<tbody class=\"row-striping row-hover\">\n<tr class=\"row-2\">\n\t<td class=\"column-1\">Classe<\/td><td class=\"column-2\">Denomina\u00e7\u00e3o<\/td><td class=\"column-3\">N\u00edvel<\/td><td class=\"column-4\">N\u00edvel<\/td><td class=\"column-5\">Denomina\u00e7\u00e3o<\/td><td class=\"column-6\">Classe<\/td>\n<\/tr>\n<tr class=\"row-3\">\n\t<td class=\"column-1\">E<\/td><td class=\"column-2\">Titular<\/td><td class=\"column-3\">1<\/td><td class=\"column-4\">1<\/td><td class=\"column-5\">Titular<\/td><td class=\"column-6\">D<\/td>\n<\/tr>\n<tr class=\"row-4\">\n\t<td rowspan=\"4\" class=\"column-1\">D<\/td><td rowspan=\"4\" class=\"column-2\">Associado<\/td><td class=\"column-3\">4<\/td><td class=\"column-4\">4<\/td><td rowspan=\"4\" class=\"column-5\">Associado<\/td><td rowspan=\"4\" class=\"column-6\">C<\/td>\n<\/tr>\n<tr class=\"row-5\">\n\t<td class=\"column-3\">3<\/td><td class=\"column-4\">3<\/td>\n<\/tr>\n<tr class=\"row-6\">\n\t<td class=\"column-3\">2<\/td><td class=\"column-4\">2<\/td>\n<\/tr>\n<tr class=\"row-7\">\n\t<td class=\"column-3\">1<\/td><td class=\"column-4\">1<\/td>\n<\/tr>\n<tr class=\"row-8\">\n\t<td rowspan=\"4\" class=\"column-1\">C<\/td><td rowspan=\"4\" class=\"column-2\">Adjunto<\/td><td class=\"column-3\">4<\/td><td class=\"column-4\">4<\/td><td rowspan=\"4\" class=\"column-5\">Adjunto<\/td><td rowspan=\"4\" class=\"column-6\">B<\/td>\n<\/tr>\n<tr class=\"row-9\">\n\t<td class=\"column-3\">3<\/td><td class=\"column-4\">3<\/td>\n<\/tr>\n<tr class=\"row-10\">\n\t<td class=\"column-3\">2<\/td><td class=\"column-4\">2<\/td>\n<\/tr>\n<tr class=\"row-11\">\n\t<td class=\"column-3\">1<\/td><td class=\"column-4\">1<\/td>\n<\/tr>\n<tr class=\"row-12\">\n\t<td rowspan=\"2\" class=\"column-1\">B<\/td><td rowspan=\"2\" class=\"column-2\">Assistente<\/td><td class=\"column-3\">2<\/td><td rowspan=\"8\" class=\"column-4\">1<\/td><td rowspan=\"8\" class=\"column-5\">Assistente<\/td><td rowspan=\"8\" class=\"column-6\">A<\/td>\n<\/tr>\n<tr class=\"row-13\">\n\t<td class=\"column-3\">1<\/td>\n<\/tr>\n<tr class=\"row-14\">\n\t<td rowspan=\"6\" class=\"column-1\">A<\/td><td class=\"column-2\">Adjunto-A, se doutor<\/td><td rowspan=\"3\" class=\"column-3\">2<\/td>\n<\/tr>\n<tr class=\"row-15\">\n\t<td class=\"column-2\">Assistente-A, se mestre<\/td>\n<\/tr>\n<tr class=\"row-16\">\n\t<td class=\"column-2\">Auxiliar-A, se Graduado ou Especialista<\/td>\n<\/tr>\n<tr class=\"row-17\">\n\t<td class=\"column-2\">Adjunto-A, se doutor<\/td><td rowspan=\"3\" class=\"column-3\">1<\/td>\n<\/tr>\n<tr class=\"row-18\">\n\t<td class=\"column-2\">Assistente-A, se mestre<\/td>\n<\/tr>\n<tr class=\"row-19\">\n\t<td class=\"column-2\">Auxiliar-A, se Graduado ou Especialista<\/td>\n<\/tr>\n<\/tbody>\n<\/table>\n<!-- #tablepress-6 from cache --><\/span><br \/>\n<span style=\"font-size: 14pt\"><em>Anexo LXXVIII da Medida Provis\u00f3ria n\u00ba. 1.286\/2024; novo Anexo II da Lei 12.772\/2012, adaptado<\/em><\/span><\/p>\n<p><span style=\"font-size: 14pt\"><\/div><\/span><\/p>\n<\/div>\n<div class=\"tabelasRepoDoc\"><span style=\"font-size: 14pt\"><span class=\"collapseomatic \" id=\"id69e9aa0ab97bd\"  tabindex=\"0\" title=\"Tabela Professor do Ensino B\u00e1sico, T\u00e9cnico e Tecnol\u00f3gico\"    >Tabela Professor do Ensino B\u00e1sico, T\u00e9cnico e Tecnol\u00f3gico<\/span><div id=\"target-id69e9aa0ab97bd\" class=\"collapseomatic_content \"><\/span><br \/>\n<span style=\"font-size: 14pt\">\n<table id=\"tablepress-7\" class=\"tablepress tablepress-id-7 tbody-has-connected-cells\">\n<thead>\n<tr class=\"row-1\">\n\t<th colspan=\"2\" class=\"column-1\">Situa\u00e7\u00e3o at\u00e9 31\/12\/2024<\/th><th colspan=\"2\" class=\"column-3\">Situa\u00e7\u00e3o a partir de 01\/01\/2025<\/th>\n<\/tr>\n<\/thead>\n<tbody class=\"row-striping row-hover\">\n<tr class=\"row-2\">\n\t<td class=\"column-1\">Classe<\/td><td class=\"column-2\">N\u00edvel<\/td><td class=\"column-3\">Classe<\/td><td class=\"column-4\">N\u00edvel<\/td>\n<\/tr>\n<tr class=\"row-3\">\n\t<td class=\"column-1\">Titular<\/td><td class=\"column-2\">1<\/td><td class=\"column-3\">Titular<\/td><td class=\"column-4\">1<\/td>\n<\/tr>\n<tr class=\"row-4\">\n\t<td rowspan=\"4\" class=\"column-1\">D IV<\/td><td class=\"column-2\">4<\/td><td rowspan=\"4\" class=\"column-3\">C<\/td><td class=\"column-4\">4<\/td>\n<\/tr>\n<tr class=\"row-5\">\n\t<td class=\"column-2\">3<\/td><td class=\"column-4\">3<\/td>\n<\/tr>\n<tr class=\"row-6\">\n\t<td class=\"column-2\">2<\/td><td class=\"column-4\">2<\/td>\n<\/tr>\n<tr class=\"row-7\">\n\t<td class=\"column-2\">1<\/td><td class=\"column-4\">1<\/td>\n<\/tr>\n<tr class=\"row-8\">\n\t<td rowspan=\"4\" class=\"column-1\">D III<\/td><td class=\"column-2\">4<\/td><td rowspan=\"4\" class=\"column-3\">B<\/td><td class=\"column-4\">4<\/td>\n<\/tr>\n<tr class=\"row-9\">\n\t<td class=\"column-2\">3<\/td><td class=\"column-4\">3<\/td>\n<\/tr>\n<tr class=\"row-10\">\n\t<td class=\"column-2\">2<\/td><td class=\"column-4\">2<\/td>\n<\/tr>\n<tr class=\"row-11\">\n\t<td class=\"column-2\">1<\/td><td class=\"column-4\">1<\/td>\n<\/tr>\n<tr class=\"row-12\">\n\t<td rowspan=\"2\" class=\"column-1\">D II<\/td><td class=\"column-2\">2<\/td><td rowspan=\"4\" class=\"column-3\">A<\/td><td rowspan=\"4\" class=\"column-4\">1<\/td>\n<\/tr>\n<tr class=\"row-13\">\n\t<td class=\"column-2\">1<\/td>\n<\/tr>\n<tr class=\"row-14\">\n\t<td rowspan=\"2\" class=\"column-1\">D I<\/td><td class=\"column-2\">2<\/td>\n<\/tr>\n<tr class=\"row-15\">\n\t<td class=\"column-2\">1<\/td>\n<\/tr>\n<\/tbody>\n<\/table>\n<!-- #tablepress-7 from cache --><\/span><br \/>\n<span style=\"font-size: 14pt\"><em>Anexo LXXVIII da Medida Provis\u00f3ria n\u00ba. 1.286\/2024; novo Anexo II da Lei 12.772\/2012, adaptado<\/em><\/span><br \/>\n<span style=\"font-size: 14pt\"><\/div><\/span><\/div>\n<h2 style=\"text-align: center\"><span style=\"font-size: 14pt\">Como e quando o reposicionamento ser\u00e1 realizado?<\/span><\/h2>\n<p style=\"text-indent: 2.5rem;padding: 0 1rem\"><span style=\"font-size: 14pt\">O reposicionamento dos(as) servidores(as) nas novas estruturas de carreira ser\u00e1 efetuado pela Administra\u00e7\u00e3o P\u00fablica Federal por meio do Sistema Integrado de Administra\u00e7\u00e3o de Pessoal (SIAPE), o sistema que gera a folha de pagamentos. Conforme <a href=\"https:\/\/wp.ufpel.edu.br\/progep\/files\/2025\/03\/SEI_2995264_Comunicado_5.pdf\">Comunicado PROGEP n\u00ba 5\/2025<\/a>, o Minist\u00e9rio da Gest\u00e3o e Inova\u00e7\u00e3o em Servi\u00e7os P\u00fablicos est\u00e1 atualizando os Sistemas Estruturantes de Gest\u00e3o de Pessoal, com previs\u00e3o de reflexos na folha de abril (paga em maio), ap\u00f3s a san\u00e7\u00e3o da Lei Or\u00e7ament\u00e1ria Anual de 2025.<\/span><\/p>\n<p style=\"text-indent: 2.5rem;padding: 0 1rem\"><span style=\"font-size: 14pt\">Destacamos, contudo, que\u00a0<strong>n\u00e3o\u00a0<\/strong>\u00e9 necess\u00e1rio solicitar o reposicionamento, ele ser\u00e1 feito de forma autom\u00e1tica. Al\u00e9m disso, <strong>o novo posicionamento na carreira ser\u00e1 retroativo \u00e0 data de 01\/01\/2025<\/strong>, inclusive no que se refere a efeitos financeiros.<\/span><\/p>\n<h2 style=\"text-align: center\"><span style=\"font-size: 14pt\">Como ficam as progress\u00f5es com vig\u00eancia a partir de 01\/01\/2025?<\/span><\/h2>\n<p style=\"text-indent: 2.5rem;padding: 0 1rem\"><span style=\"font-size: 14pt\">A concess\u00e3o de progress\u00f5es com data de vig\u00eancia a partir de 01\/01\/2025 depende da efetiva\u00e7\u00e3o do reposicionamento dos(as) servidores(as) no SIAPE, visto que estas concess\u00f5es devem ser realizadas com base na nova estrutura das carreiras.<\/span><\/p>\n<p style=\"text-indent: 2.5rem;padding: 0 1rem\"><span style=\"font-size: 14pt\">Deste modo, at\u00e9 que o reposicionamento seja efetivado nos sistemas, a concess\u00e3o das progress\u00f5es e promo\u00e7\u00f5es n\u00e3o poder\u00e1 ser realizada. Destacamos, contudo, que assim que os(as) servidores(as) estiverem posicionados na nova estrutura, a concess\u00e3o ser\u00e1 realizada de forma retroativa \u00e0 data de direito, conforme as regras vigentes.<\/span><\/p>\n<p style=\"text-indent: 2.5rem;padding: 0 1rem\"><span style=\"font-size: 14pt\">Destaca-se que os(as) docentes continuem autuando seus processos de requerimento de promo\u00e7\u00e3o para as classes de Associado e Titular normalmente, ainda que, no caso dos interst\u00edcios conclu\u00eddos a partir de 2025, a concess\u00e3o s\u00f3 v\u00e1 ocorrer ap\u00f3s a efetiva\u00e7\u00e3o do reposicionamento na nova estrutura da carreira.<\/span><\/p>\n<h2 style=\"text-align: center\"><span style=\"font-size: 14pt\">Quando receberei os efeitos financeiros?<\/span><\/h2>\n<p style=\"text-indent: 2.5rem;padding: 0 1rem\"><span style=\"font-size: 14pt\">Qualquer efeito financeiro referente ao reposicionamento dos(as) servidores(as), \u00e0 concess\u00e3o de progress\u00f5es e promo\u00e7\u00f5es com vig\u00eancia a partir de 01\/01\/2025 e a qualquer outro benef\u00edcio advindo desta mudan\u00e7a da legisla\u00e7\u00e3o s\u00f3 ser\u00e1 efetivado na folha de pagamentos a partir da san\u00e7\u00e3o da Lei Or\u00e7ament\u00e1ria Anual (LOA) de 2025, por for\u00e7a do Art. 215 da <a href=\"https:\/\/www.planalto.gov.br\/ccivil_03\/_ato2023-2026\/2024\/mpv\/mpv1286.htm\" target=\"_blank\" rel=\"nofollow noopener noreferrer\" data-extlink=\"\">Medida Provis\u00f3ria 1.286, de 31\/12\/2024,<\/a>\u00a0contudo, com efeitos retroativos \u00e0 data de direito.<\/span><\/p>","protected":false},"excerpt":{"rendered":"<p>Reposicionamento da carreira Docente &#8211; Medida Provis\u00f3ria As carreiras dos(as) servidores(as) federais foram alteradas a partir da Lei n\u00ba 15.141, de 2 de junho de 2025. Confira nesta p\u00e1gina o que mudar\u00e1 na carreira Docente. Fique atualizado(a)! Como fica o meu posicionamento na nova estrutura da carreira? Para identificar o seu novo posicionamento na carreira, [&hellip;]<\/p>\n","protected":false},"author":21,"featured_media":0,"parent":0,"menu_order":0,"comment_status":"closed","ping_status":"closed","template":"","meta":{"footnotes":""},"class_list":["post-30449","page","type-page","status-publish","hentry"],"_links":{"self":[{"href":"https:\/\/wp.ufpel.edu.br\/progep\/wp-json\/wp\/v2\/pages\/30449","targetHints":{"allow":["GET"]}}],"collection":[{"href":"https:\/\/wp.ufpel.edu.br\/progep\/wp-json\/wp\/v2\/pages"}],"about":[{"href":"https:\/\/wp.ufpel.edu.br\/progep\/wp-json\/wp\/v2\/types\/page"}],"author":[{"embeddable":true,"href":"https:\/\/wp.ufpel.edu.br\/progep\/wp-json\/wp\/v2\/users\/21"}],"replies":[{"embeddable":true,"href":"https:\/\/wp.ufpel.edu.br\/progep\/wp-json\/wp\/v2\/comments?post=30449"}],"version-history":[{"count":3,"href":"https:\/\/wp.ufpel.edu.br\/progep\/wp-json\/wp\/v2\/pages\/30449\/revisions"}],"predecessor-version":[{"id":38949,"href":"https:\/\/wp.ufpel.edu.br\/progep\/wp-json\/wp\/v2\/pages\/30449\/revisions\/38949"}],"wp:attachment":[{"href":"https:\/\/wp.ufpel.edu.br\/progep\/wp-json\/wp\/v2\/media?parent=30449"}],"curies":[{"name":"wp","href":"https:\/\/api.w.org\/{rel}","templated":true}]}}