{"id":30433,"date":"2025-03-25T10:28:49","date_gmt":"2025-03-25T13:28:49","guid":{"rendered":"https:\/\/wp.ufpel.edu.br\/progep\/?page_id=30433"},"modified":"2025-06-30T16:20:32","modified_gmt":"2025-06-30T19:20:32","slug":"trilhas-de-formacao-seguranca-de-ti-mantendo-seu-ambiente-protegido","status":"publish","type":"page","link":"https:\/\/wp.ufpel.edu.br\/progep\/trilhas-de-formacao-seguranca-de-ti-mantendo-seu-ambiente-protegido\/","title":{"rendered":"Capacita\u00e7\u00e3o: Trilhas de Forma\u00e7\u00e3o &#8211; Seguran\u00e7a de TI"},"content":{"rendered":"<div class=\"acaoStyle\">\n<div class=\"cabecalhoAcoes\">\n<div>Trilhas de Forma\u00e7\u00e3o &#8211; Seguran\u00e7a de TI: Mantendo seu ambiente protegido<\/div>\n<p>A apresenta\u00e7\u00e3o visa conscientizar os participantes sobre os principais riscos de seguran\u00e7a da informa\u00e7\u00e3o e fornecer orienta\u00e7\u00f5es pr\u00e1ticas para proteger seus dados e dispositivos no ambiente on-line. O participante vai aprender a usar ferramentas que ir\u00e3o facilitar seu dia a dia.<\/p>\n<\/div>\n<div class=\"corpoStyle\"><strong>Facilitador: <\/strong> Rafael Padilha (Analista de Tecnologia da Informa\u00e7\u00e3o\/SGTIC)<br \/>\n<strong>Data de Realiza\u00e7\u00e3o: <\/strong>16\/04\/2025<br \/>\n<strong>Carga hor\u00e1ria:<\/strong> 2h<br \/>\n<strong>Hor\u00e1rio:<\/strong> das 8h30min \u00e0s 10h30min<span style=\"text-align: justify;color: var(--cor-texto);font-family: var(--fonte-corpo)\"><br \/>\n<\/span><strong style=\"text-align: justify;color: var(--cor-texto);font-family: var(--fonte-corpo)\">Modalidade:<\/strong><span style=\"text-align: justify;color: var(--cor-texto);font-family: var(--fonte-corpo)\"> Presencial<br \/>\n<\/span><strong style=\"text-align: justify;color: var(--cor-texto);font-family: var(--fonte-corpo)\">Local:<\/strong><span style=\"text-align: justify;color: var(--cor-texto);font-family: var(--fonte-corpo)\"> Campus Anglo, Audit\u00f3rio Acad\u00eamico<\/span><\/p>\n<p> <strong>Ementa:<br \/>\n<\/strong>&#8211; Riscos de seguran\u00e7a da informa\u00e7\u00e3o;<\/span><br \/>\n<span style=\"text-align: justify;color: var(--cor-texto);font-family: var(--fonte-corpo)\">&#8211; Pr\u00e1ticas para proteger seus dados e dispositivos no ambiente on-line;<\/span><br \/>\n<span style=\"text-align: justify;color: var(--cor-texto);font-family: var(--fonte-corpo)\">&#8211; Ferramentas para o dia a dia.<\/span><\/p>\n<p><strong>P\u00fablico Alvo:<\/strong> Servidores(as) docentes, TAE\u2019s e trabalhadores(as) terceirizados(as) ativos(as) da UFPel*<br \/>\n<strong>Per\u00edodo de inscri\u00e7\u00e3o<\/strong>: 31\/03 a 13\/04<br \/>\n<strong style=\"text-align: justify;color: var(--cor-texto);font-family: var(--fonte-corpo)\">Divulga\u00e7\u00e3o das inscri\u00e7\u00f5es homologadas:<\/strong><span style=\"text-align: justify;color: var(--cor-texto);font-family: var(--fonte-corpo)\"> 14\/04**, nesta p\u00e1gina.<\/span><br \/>\n*Considerando a Pol\u00edtica Nacional de Desenvolvimento de Pessoas, conforme Decreto n\u00ba 9.991\/19, somente ser\u00e3o certificados os servidores p\u00fablicos pertencentes ao Quadro Efetivo da UFPel;<br \/>\n** Quando homologadas as inscri\u00e7\u00f5es, os selecionados receber\u00e3o e-mail de confirma\u00e7\u00e3o com instru\u00e7\u00f5es.<br \/>\nObserva\u00e7\u00e3o: A homologa\u00e7\u00e3o das inscri\u00e7\u00f5es dos(as) trabalhadores(as) terceirizados ficar\u00e1 condicionada \u00e0 an\u00e1lise pr\u00e9via e manifesta\u00e7\u00e3o por parte do NUGEST\/PRA.<a href=\"https:\/\/wp.ufpel.edu.br\/progep\/files\/2025\/04\/HOMOLOGACAO-Seguranca-de-TI_-Mantendo-seu-ambiente-protegido.pdf\" target=\"_blank\"> Confira as inscri\u00e7\u00f5es homologadas!<\/a><\/div>\n<\/div>\n","protected":false},"excerpt":{"rendered":"<p>Trilhas de Forma\u00e7\u00e3o &#8211; Seguran\u00e7a de TI: Mantendo seu ambiente protegido A apresenta\u00e7\u00e3o visa conscientizar os participantes sobre os principais riscos de seguran\u00e7a da informa\u00e7\u00e3o e fornecer orienta\u00e7\u00f5es pr\u00e1ticas para proteger seus dados e dispositivos no ambiente on-line. O participante vai aprender a usar ferramentas que ir\u00e3o facilitar seu dia a dia. Facilitador: Rafael Padilha [&hellip;]<\/p>\n","protected":false},"author":21,"featured_media":0,"parent":0,"menu_order":0,"comment_status":"closed","ping_status":"closed","template":"","meta":{"footnotes":""},"class_list":["post-30433","page","type-page","status-publish","hentry"],"_links":{"self":[{"href":"https:\/\/wp.ufpel.edu.br\/progep\/wp-json\/wp\/v2\/pages\/30433","targetHints":{"allow":["GET"]}}],"collection":[{"href":"https:\/\/wp.ufpel.edu.br\/progep\/wp-json\/wp\/v2\/pages"}],"about":[{"href":"https:\/\/wp.ufpel.edu.br\/progep\/wp-json\/wp\/v2\/types\/page"}],"author":[{"embeddable":true,"href":"https:\/\/wp.ufpel.edu.br\/progep\/wp-json\/wp\/v2\/users\/21"}],"replies":[{"embeddable":true,"href":"https:\/\/wp.ufpel.edu.br\/progep\/wp-json\/wp\/v2\/comments?post=30433"}],"version-history":[{"count":18,"href":"https:\/\/wp.ufpel.edu.br\/progep\/wp-json\/wp\/v2\/pages\/30433\/revisions"}],"predecessor-version":[{"id":34277,"href":"https:\/\/wp.ufpel.edu.br\/progep\/wp-json\/wp\/v2\/pages\/30433\/revisions\/34277"}],"wp:attachment":[{"href":"https:\/\/wp.ufpel.edu.br\/progep\/wp-json\/wp\/v2\/media?parent=30433"}],"curies":[{"name":"wp","href":"https:\/\/api.w.org\/{rel}","templated":true}]}}