{"id":30376,"date":"2025-03-25T09:58:07","date_gmt":"2025-03-25T12:58:07","guid":{"rendered":"https:\/\/wp.ufpel.edu.br\/progep\/?page_id=30376"},"modified":"2025-06-30T16:20:23","modified_gmt":"2025-06-30T19:20:23","slug":"programa-de-educacao-para-a-aposentadoria-dosas-servidoresas-ufpel-evoluidade-2025-i","status":"publish","type":"page","link":"https:\/\/wp.ufpel.edu.br\/progep\/programa-de-educacao-para-a-aposentadoria-dosas-servidoresas-ufpel-evoluidade-2025-i\/","title":{"rendered":"Capacita\u00e7\u00e3o: PROGRAMA EVOLUIDADE 2025\/I"},"content":{"rendered":"<div class=\"acaoStyle\">\n<div class=\"cabecalhoAcoes\">\n<div>PROGRAMA DE EDUCA\u00c7\u00c3O PARA A APOSENTADORIA DOS(AS) SERVIDORES(AS) UFPEL &#8211; EVOLUIDADE 2025\/I<\/div>\n<p>O Evoluidade \u00e9 um programa psicoeducativo sobre a educa\u00e7\u00e3o para a aposentadoria propiciando aos(\u00e0s) participantes a reflex\u00e3o e discuss\u00e3o em torno da transi\u00e7\u00e3o e prepara\u00e7\u00e3o para essa etapa, auxiliando no planejamento do novo momento da vida ap\u00f3s a finaliza\u00e7\u00e3o do v\u00ednculo formal com o trabalho.<\/p>\n<\/div>\n<div class=\"corpoStyle\"><strong>Facilitadora: <\/strong>\u00a0Maria Helena Concei\u00e7\u00e3o Silveira (Psic\u00f3loga da CSQV\/PROGEP)<br \/><strong>Per\u00edodo de Realiza\u00e7\u00e3o: <\/strong>16\/04\/25 a 18\/06\/2025<br \/><strong>Carga hor\u00e1ria:<\/strong> 44h<br \/><strong>Hor\u00e1rio de realiza\u00e7\u00e3o dos encontros:<\/strong> das 14h \u00e0s 18h<br \/><strong style=\"text-align: justify;color: var(--cor-texto);font-family: var(--fonte-corpo)\">N\u00famero de Vagas<\/strong><span style=\"text-align: justify;color: var(--cor-texto);font-family: var(--fonte-corpo)\">: 20<br \/><\/span><strong style=\"text-align: justify;color: var(--cor-texto);font-family: var(--fonte-corpo)\">Modalidade:<\/strong><span style=\"text-align: justify;color: var(--cor-texto);font-family: var(--fonte-corpo)\"> Presencial<br \/><\/span><strong style=\"text-align: justify;color: var(--cor-texto);font-family: var(--fonte-corpo)\">Local:<\/strong><span style=\"text-align: justify;color: var(--cor-texto);font-family: var(--fonte-corpo)\"> Campus Anglo, sala 211 B<\/span><\/p>\n<p style=\"text-align: center\"><span style=\"font-size: 14pt\"><strong>Programa\u00e7\u00e3o<\/strong><\/span><\/p>\n\n<table id=\"tablepress-5\" class=\"tablepress tablepress-id-5\">\n<thead>\n<tr class=\"row-1\">\n\t<th class=\"column-1\">Data<\/th><th class=\"column-2\">Conte\u00fado por Aula<\/th><th class=\"column-3\">Carga Hor\u00e1ria<\/th>\n<\/tr>\n<\/thead>\n<tbody class=\"row-striping row-hover\">\n<tr class=\"row-2\">\n\t<td class=\"column-1\">16\/04<\/td><td class=\"column-2\">Sentidos e significados da identidade, trabalho e da aposentadoria<\/td><td class=\"column-3\">04 horas<\/td>\n<\/tr>\n<tr class=\"row-3\">\n\t<td class=\"column-1\">23\/04<\/td><td class=\"column-2\">\u00c1reas da vida e mudan\u00e7a de comportamento<br \/>\nOcupa\u00e7\u00f5es - O que farei depois de aposentar?<\/td><td class=\"column-3\">04 horas<\/td>\n<\/tr>\n<tr class=\"row-4\">\n\t<td class=\"column-1\">30\/04<\/td><td class=\"column-2\">Relacionamento social e familiar na aposentadoria - Mudar\u00e1 alguma coisa quando aposentar? Lazer? J\u00e1 sei aproveitar momentos longe do trabalho?<\/td><td class=\"column-3\">04 horas<\/td>\n<\/tr>\n<tr class=\"row-5\">\n\t<td class=\"column-1\">07\/05<\/td><td class=\"column-2\">Oficina de Cria\u00e7\u00e3o<\/td><td class=\"column-3\">04 horas<\/td>\n<\/tr>\n<tr class=\"row-6\">\n\t<td class=\"column-1\">14\/05<\/td><td class=\"column-2\">Como cuidar agora de minha sa\u00fade para viver bem minha aposentadoria?<\/td><td class=\"column-3\">04 horas<\/td>\n<\/tr>\n<tr class=\"row-7\">\n\t<td class=\"column-1\">21\/05<\/td><td class=\"column-2\">Oficina de Cria\u00e7\u00e3o<\/td><td class=\"column-3\">04 horas<\/td>\n<\/tr>\n<tr class=\"row-8\">\n\t<td class=\"column-1\">28\/05<\/td><td class=\"column-2\">Envelhecimento Ativo Fases de adapta\u00e7\u00e3o \u00e0 aposentadoria<\/td><td class=\"column-3\">04 horas<\/td>\n<\/tr>\n<tr class=\"row-9\">\n\t<td class=\"column-1\">04\/06<\/td><td class=\"column-2\">Aposentadoria dos(as) Servidores(as) P\u00fablicos(as) Federais \u2013 aspectos legais e procedimentos administrativos<\/td><td class=\"column-3\">04 horas<\/td>\n<\/tr>\n<tr class=\"row-10\">\n\t<td class=\"column-1\">11\/06<\/td><td class=\"column-2\">Educa\u00e7\u00e3o Financeira\u2013 Organiza\u00e7\u00e3o do or\u00e7amento pessoal e planejamento para a aposentadoria<\/td><td class=\"column-3\">04 horas<\/td>\n<\/tr>\n<tr class=\"row-11\">\n\t<td class=\"column-1\">18\/06<\/td><td class=\"column-2\">Oficina de Cria\u00e7\u00e3o<\/td><td class=\"column-3\">04 horas<\/td>\n<\/tr>\n<tr class=\"row-12\">\n\t<td class=\"column-1\">25\/06<\/td><td class=\"column-2\">Projeto de Vida<\/td><td class=\"column-3\">04 horas<\/td>\n<\/tr>\n<\/tbody>\n<\/table>\n<!-- #tablepress-5 from cache -->\n<p><strong>P\u00fablico Alvo:<\/strong> Servidores(as) docentes, TAE\u2019s e trabalhadores(as) terceirizados(as) ativos(as) da UFPel*<\/p>\n<p><strong>Per\u00edodo de inscri\u00e7\u00e3o<\/strong>: 31\/03 a 13\/04<\/p>\n<p><strong>Divulga\u00e7\u00e3o das inscri\u00e7\u00f5es homologadas:<\/strong> 14\/04**, nesta p\u00e1gina.<\/p>\n<p>*Considerando a Pol\u00edtica Nacional de Desenvolvimento de Pessoas, conforme Decreto n\u00ba 9.991\/19, somente ser\u00e3o certificados os servidores p\u00fablicos pertencentes ao Quadro Efetivo da UFPel;<br \/>** Quando homologadas as inscri\u00e7\u00f5es, os selecionados receber\u00e3o e-mail de confirma\u00e7\u00e3o com instru\u00e7\u00f5es.<\/p>\n<p>Observa\u00e7\u00e3o: A homologa\u00e7\u00e3o das inscri\u00e7\u00f5es dos(as) trabalhadores(as) terceirizados ficar\u00e1 condicionada \u00e0 an\u00e1lise pr\u00e9via e manifesta\u00e7\u00e3o por parte do NUGEST\/PRA.<\/p>\n<p><a href=\"https:\/\/wp.ufpel.edu.br\/progep\/files\/2025\/04\/HOMOLOGACAO-Programa-Evoluidade.pdf\" target=\"_blank\"> Confira as inscri\u00e7\u00f5es homologadas aqui!<\/a><\/p>\n<\/div>\n<\/div>\n","protected":false},"excerpt":{"rendered":"<p>PROGRAMA DE EDUCA\u00c7\u00c3O PARA A APOSENTADORIA DOS(AS) SERVIDORES(AS) UFPEL &#8211; EVOLUIDADE 2025\/I O Evoluidade \u00e9 um programa psicoeducativo sobre a educa\u00e7\u00e3o para a aposentadoria propiciando aos(\u00e0s) participantes a reflex\u00e3o e discuss\u00e3o em torno da transi\u00e7\u00e3o e prepara\u00e7\u00e3o para essa etapa, auxiliando no planejamento do novo momento da vida ap\u00f3s a finaliza\u00e7\u00e3o do v\u00ednculo formal com [&hellip;]<\/p>\n","protected":false},"author":21,"featured_media":0,"parent":0,"menu_order":0,"comment_status":"closed","ping_status":"closed","template":"","meta":{"footnotes":""},"class_list":["post-30376","page","type-page","status-publish","hentry"],"_links":{"self":[{"href":"https:\/\/wp.ufpel.edu.br\/progep\/wp-json\/wp\/v2\/pages\/30376","targetHints":{"allow":["GET"]}}],"collection":[{"href":"https:\/\/wp.ufpel.edu.br\/progep\/wp-json\/wp\/v2\/pages"}],"about":[{"href":"https:\/\/wp.ufpel.edu.br\/progep\/wp-json\/wp\/v2\/types\/page"}],"author":[{"embeddable":true,"href":"https:\/\/wp.ufpel.edu.br\/progep\/wp-json\/wp\/v2\/users\/21"}],"replies":[{"embeddable":true,"href":"https:\/\/wp.ufpel.edu.br\/progep\/wp-json\/wp\/v2\/comments?post=30376"}],"version-history":[{"count":18,"href":"https:\/\/wp.ufpel.edu.br\/progep\/wp-json\/wp\/v2\/pages\/30376\/revisions"}],"predecessor-version":[{"id":34276,"href":"https:\/\/wp.ufpel.edu.br\/progep\/wp-json\/wp\/v2\/pages\/30376\/revisions\/34276"}],"wp:attachment":[{"href":"https:\/\/wp.ufpel.edu.br\/progep\/wp-json\/wp\/v2\/media?parent=30376"}],"curies":[{"name":"wp","href":"https:\/\/api.w.org\/{rel}","templated":true}]}}