{"id":30303,"date":"2025-03-21T09:56:29","date_gmt":"2025-03-21T12:56:29","guid":{"rendered":"https:\/\/wp.ufpel.edu.br\/progep\/?page_id=30303"},"modified":"2026-01-15T11:15:20","modified_gmt":"2026-01-15T14:15:20","slug":"aceleracao-da-progressao-por-capacitacao","status":"publish","type":"page","link":"https:\/\/wp.ufpel.edu.br\/progep\/aceleracao-da-progressao-por-capacitacao\/","title":{"rendered":"Acelera\u00e7\u00e3o da progress\u00e3o por capacita\u00e7\u00e3o"},"content":{"rendered":"\n<div class=\"wp-block-group\"><div class=\"wp-block-group__inner-container is-layout-constrained wp-block-group-is-layout-constrained\">\n<div class=\"logoTituloModelStyle\"><img class=\"size-medium wp-image-27184 alignleft\" src=\"https:\/\/wp.ufpel.edu.br\/progep\/files\/2025\/03\/logo-progep_atualizacao-nome_AZUL.png\" alt=\"\" \/><\/p>\n<div style=\"padding: 2rem 0\"><strong>Acelera\u00e7\u00e3o da progress\u00e3o por capacita\u00e7\u00e3o<\/strong><\/div>\n<\/div>\n<hr class=\"hrModelStyle\" \/>\n<div class=\"descriptionModelStyle\">A Progress\u00e3o por Capacita\u00e7\u00e3o foi alterada pela <a href=\"https:\/\/www.in.gov.br\/en\/web\/dou\/-\/lei-n-15.141-de-2-de-junho-de-2025-633791330\">LEI N\u00ba 15.141, DE 2 DE JUNHO DE 2025<\/a>, passando a ser nomeada de <strong>Acelera\u00e7\u00e3o da progress\u00e3o por capacita\u00e7\u00e3o<\/strong>.\u00a0<\/div>\n<\/div><\/div>\n\n\n<div class=\"titleComumStyle\"><strong>O que \u00e9?<\/strong><\/div>\n<p class=\"paragrafoComumStyle\">\u00c9 a <strong>mudan\u00e7a do padr\u00e3o de vencimento<\/strong>, decorrente da obten\u00e7\u00e3o pelo(a) servidor(a), de certifica\u00e7\u00e3o em Programa de Capacita\u00e7\u00e3o, compat\u00edvel com o cargo ocupado, o ambiente organizacional e a carga hor\u00e1ria m\u00ednima exigida, conforme tabela abaixo, respeitando o <strong>interst\u00edcio<\/strong> de <strong>cinco anos<\/strong> de efetivo exerc\u00edcio e cumprida a carga hor\u00e1ria m\u00ednima.<\/span><\/p>\n<div class=\"blocoDIVStyle\">\n<div class=\"titleComumStyle\"><strong>Como fazer?<\/strong><\/div>\n<p class=\"paragrafoMenorStyle\">Confira a documenta\u00e7\u00e3o exigida e os tr\u00e2mites do processo.<\/p>\n<p class=\"paragrafoMenorStyle\">Primeiramente, o(a) servidor(a) dever\u00e1 abrir no <a href=\"https:\/\/sei.ufpel.edu.br\/sip\/login.php?sigla_orgao_sistema=UFPel&amp;sigla_sistema=SEI&amp;infra_url=L3NlaS8=\" target=\"_blank\">SEI<\/a> o processo \u201c<strong>Pessoal: Acelera\u00e7\u00e3o da Progress\u00e3o TAE<\/strong>\u201d e anexar os seguintes documentos:<\/p>\n<p class=\"paragrafoMenorStyle\">\u2013 Documento SEI <strong>\u201cPROGEP Acelera\u00e7\u00e3o da Progress\u00e3o\u201d<\/strong><\/p>\n<p class=\"paragrafoMenorStyle\">\u2013 Somente um <strong>certificado<\/strong> (frente e verso) com as horas exigidas correspondente ao n\u00edvel do cargo;<\/p>\n<p class=\"paragrafoMenorStyle\">Ap\u00f3s, o processo dever\u00e1 ser encaminhado para Se\u00e7\u00e3o de Desenvolvimento da Carreira dos Servidores (<strong>SDCS<\/strong>).<\/p>\n<p class=\"paragrafoMenorStyle\">\u00c9 importante destacar que, conforme estipulado pelo \u00a7 1\u00ba do artigo 11 do <a href=\"https:\/\/www.planalto.gov.br\/ccivil_03\/_ato2015-2018\/2015\/decreto\/d8539.htm\" target=\"_blank\">Decreto n\u00ba 8.539, de 08 de outubro de 2015<\/a>, <em>\u201cO teor e a integridade dos documentos digitalizados s\u00e3o de responsabilidade do interessado, que responder\u00e1 nos termos da legisla\u00e7\u00e3o civil, penal e administrativamente por eventuais fraudes\u201d <cite>\u2014 Decreto n\u00ba 8.539, de 08 de outubro de 2015<\/cite><\/em>.<\/p>\n<\/div>\n<p class=\"paragrafoMenorStyle\"><strong>Informa\u00e7\u00f5es gerais<\/strong><\/p>\n<p class=\"paragrafoMenorStyle\">1. A partir de 01\/01\/2025, a carreira dos(as) t\u00e9cnico(a)-administrativos(as) passou a ser estruturada em 19 padr\u00f5es de vencimento, <strong>deixando de existir o n\u00edvel de capacita\u00e7\u00e3o que era alterado pela antiga <em>progress\u00e3o por capacita\u00e7\u00e3o<\/em><\/strong>.\u00a0A <strong>acelera\u00e7\u00e3o da progress\u00e3o por capacita\u00e7\u00e3o<\/strong> pode ocorrer a cada cinco anos e promove a mudan\u00e7a de padr\u00e3o de vencimento.<\/p>\n<p class=\"paragrafoMenorStyle\">2. A carga hor\u00e1ria da a\u00e7\u00e3o de capacita\u00e7\u00e3o necess\u00e1ria para obter a acelera\u00e7\u00e3o \u00e9 definida conforme o n\u00edvel de classifica\u00e7\u00e3o do cargo:<\/p>\n<p><span style=\"font-size: 14pt\">\n<table id=\"tablepress-4\" class=\"tablepress tablepress-id-4\">\n<thead>\n<tr class=\"row-1\">\n\t<th class=\"column-1\">N\u00edvel de classifica\u00e7\u00e3o do cargo<\/th><th class=\"column-2\">Carga hor\u00e1ria de capacita\u00e7\u00e3o<\/th>\n<\/tr>\n<\/thead>\n<tbody class=\"row-striping row-hover\">\n<tr class=\"row-2\">\n\t<td class=\"column-1\">A<\/td><td class=\"column-2\">40 horas<\/td>\n<\/tr>\n<tr class=\"row-3\">\n\t<td class=\"column-1\">B<\/td><td class=\"column-2\">60 horas<\/td>\n<\/tr>\n<tr class=\"row-4\">\n\t<td class=\"column-1\">C<\/td><td class=\"column-2\">90 horas<\/td>\n<\/tr>\n<tr class=\"row-5\">\n\t<td class=\"column-1\">D<\/td><td class=\"column-2\">120 horas<\/td>\n<\/tr>\n<tr class=\"row-6\">\n\t<td class=\"column-1\">E<\/td><td class=\"column-2\">150 horas<\/td>\n<\/tr>\n<\/tbody>\n<\/table>\n<!-- #tablepress-4 from cache --><\/span><\/p>\n<p class=\"paragrafoMenorStyle\">3. O <em>curso e\/ou a\u00e7\u00e3o de capacita\u00e7\u00e3o<\/em> apresentados devem ser compat\u00edveis com o cargo ocupado pelo(a) servidor(a). Al\u00e9m disso, o evento de capacita\u00e7\u00e3o ser\u00e1 computado uma \u00fanica vez.<\/span><\/p>\n<p class=\"paragrafoMenorStyle\">4. Para a solicita\u00e7\u00e3o de acelera\u00e7\u00e3o da progress\u00e3o por capacita\u00e7\u00e3o, \u00e9 permitido o aproveitamento de a\u00e7\u00e3o de capacita\u00e7\u00e3o realizada para outros prop\u00f3sitos, como licen\u00e7a para capacita\u00e7\u00e3o, plano de capacita\u00e7\u00e3o do Programa de Gest\u00e3o e Desempenho (PGD) e compensa\u00e7\u00e3o de hor\u00e1rio especial. <\/p>\n<div class=\"blocoDIVStyle\"><strong>Legisla\u00e7\u00e3o Antiga<\/strong>: <a href=\"https:\/\/wp.ufpel.edu.br\/progep\/cdp\/progressao-por-capacitacao-profissional-de-tecnico-administrativo\/\">Progress\u00e3o por Capacita\u00e7\u00e3o Profissional TAE<\/a><\/div>\n<div class=\"prevLegal linksComum\">\n<div class=\"titleComumStyle\">Fundamento legal<\/div>\n<p><a href=\"https:\/\/www.in.gov.br\/en\/web\/dou\/-\/lei-n-15.141-de-2-de-junho-de-2025-633791330\" target=\"_blank\">LEI N\u00ba 15.141, DE 2 DE JUNHO DE 2025<\/a><a href=\"https:\/\/www.planalto.gov.br\/ccivil_03\/_ato2004-2006\/2005\/lei\/l11091.htm\" target=\"_blank\">Lei n\u00ba 11.091, de 12 de janeiro de 2005<\/a><a href=\"http:\/\/www.planalto.gov.br\/ccivil_03\/_Ato2004-2006\/2006\/Decreto\/D5824.htm\" target=\"_blank\">Decreto n\u00ba 5.824\/2006<\/a><a href=\"http:\/\/portal.mec.gov.br\/arquivos\/pdf\/canalcggp\/portarias\/pt09_2006.pdf\" target=\"_blank\">Portaria MEC n\u00ba 09\/2006\u00a0 (Define os cursos de capacita\u00e7\u00e3o que n\u00e3o sejam de educa\u00e7\u00e3o formal)<\/a>\n<\/div>\n\n","protected":false},"excerpt":{"rendered":"<p>Acelera\u00e7\u00e3o da progress\u00e3o por capacita\u00e7\u00e3o A Progress\u00e3o por Capacita\u00e7\u00e3o foi alterada pela LEI N\u00ba 15.141, DE 2 DE JUNHO DE 2025, passando a ser nomeada de Acelera\u00e7\u00e3o da progress\u00e3o por capacita\u00e7\u00e3o.\u00a0 O que \u00e9? \u00c9 a mudan\u00e7a do padr\u00e3o de vencimento, decorrente da obten\u00e7\u00e3o pelo(a) servidor(a), de certifica\u00e7\u00e3o em Programa de Capacita\u00e7\u00e3o, compat\u00edvel com o [&hellip;]<\/p>\n","protected":false},"author":21,"featured_media":0,"parent":0,"menu_order":0,"comment_status":"closed","ping_status":"closed","template":"","meta":{"footnotes":""},"class_list":["post-30303","page","type-page","status-publish","hentry"],"_links":{"self":[{"href":"https:\/\/wp.ufpel.edu.br\/progep\/wp-json\/wp\/v2\/pages\/30303","targetHints":{"allow":["GET"]}}],"collection":[{"href":"https:\/\/wp.ufpel.edu.br\/progep\/wp-json\/wp\/v2\/pages"}],"about":[{"href":"https:\/\/wp.ufpel.edu.br\/progep\/wp-json\/wp\/v2\/types\/page"}],"author":[{"embeddable":true,"href":"https:\/\/wp.ufpel.edu.br\/progep\/wp-json\/wp\/v2\/users\/21"}],"replies":[{"embeddable":true,"href":"https:\/\/wp.ufpel.edu.br\/progep\/wp-json\/wp\/v2\/comments?post=30303"}],"version-history":[{"count":2,"href":"https:\/\/wp.ufpel.edu.br\/progep\/wp-json\/wp\/v2\/pages\/30303\/revisions"}],"predecessor-version":[{"id":40134,"href":"https:\/\/wp.ufpel.edu.br\/progep\/wp-json\/wp\/v2\/pages\/30303\/revisions\/40134"}],"wp:attachment":[{"href":"https:\/\/wp.ufpel.edu.br\/progep\/wp-json\/wp\/v2\/media?parent=30303"}],"curies":[{"name":"wp","href":"https:\/\/api.w.org\/{rel}","templated":true}]}}