{"id":30176,"date":"2025-03-14T15:15:45","date_gmt":"2025-03-14T18:15:45","guid":{"rendered":"https:\/\/wp.ufpel.edu.br\/progep\/?page_id=30176"},"modified":"2026-03-30T11:10:09","modified_gmt":"2026-03-30T14:10:09","slug":"galeria-da-progep","status":"publish","type":"page","link":"https:\/\/wp.ufpel.edu.br\/progep\/galeria-da-progep\/","title":{"rendered":"Galeria da PROGEP"},"content":{"rendered":"\n<div class=\"wp-block-group\"><div class=\"wp-block-group__inner-container is-layout-constrained wp-block-group-is-layout-constrained\">\n<div class=\"logoTituloModelStyle\"><img class=\"size-medium wp-image-27184 alignleft\" src=\"https:\/\/wp.ufpel.edu.br\/progep\/files\/2025\/03\/logo-progep_atualizacao-nome_AZUL.png\" alt=\"\" \/><\/p>\n<div style=\"font-size:30pt;padding: 2.5rem\"><strong>Galeria da PROGEP<\/strong><\/div>\n<\/div>\n<hr class=\"hrModelStyle\" \/>\n<div class=\"descriptionModelStyle\">Confira nesta p\u00e1gina a galeria de fotos da Pr\u00f3-Reitoria de Gest\u00e3o com Pessoas. Escolha um de nossos \u00e1lbuns abaixo:<\/div>\n<\/div><\/div>\n\n\n<div class=\"galleriaDaPROGEP \">\n    <div class=\"albunsProgep\">\n\n        <div class=\"cardVerticalGaleria\">\n            <img src=\"https:\/\/wp.ufpel.edu.br\/progep\/files\/2025\/09\/logo-Mes-Pessoa-Servidora.png\" alt=\"Logo M\u00eas da Pessoa Servidora UFPEL\">\n              <div class=\"titleComumStyle\">M\u00eas da Pessoa Servidora UFPel 2025<\/div>\n              <a href=\"https:\/\/wp.ufpel.edu.br\/progep\/album-mes-da-pessoa-servidora-2025\/\">\n                  Confira este \u00e1lbum da PROGEP!\n               <\/a>\n        <\/div>\n        <div class=\"cardVerticalGaleria\">\n           <img src=\"https:\/\/wp.ufpel.edu.br\/progep\/files\/2025\/10\/aposentados-1-1.png\" alt=\"Design Aposentados\">\n               <div class=\"titleComumStyle\">Cerim\u00f4nia de Aposentados UFPel<\/div>\n                <a href=\"https:\/\/wp.ufpel.edu.br\/progep\/galeria-albuns-cerimonias-de-aposentados-ufpel\/\">Confira esta cole\u00e7\u00e3o da PROGEP!<\/a>\n               <\/a>\n        <\/div>\n   <\/div>\n    <div class=\"albunsProgep\">\n\n        <div class=\"cardVerticalGaleria\" style=\"background-image: linear-gradient(-20deg, #d558c8 0%, #24d292 100%);color: white\">\n          <img src=\"https:\/\/wp.ufpel.edu.br\/progep\/files\/2025\/10\/WhatsApp-Image-2025-10-02-at-09.59.37.jpeg\" alt=\"Imagem Gestoras da UFPel\" style=\"margin: 0\">\n                <div class=\"titleComumStyle\">Programa Mulheres L\u00edderes<\/div>\n                <a href=\"https:\/\/wp.ufpel.edu.br\/progep\/galeria-albuns-programa-mulheres-lideres\/\">Confira esta cole\u00e7\u00e3o da PROGEP!<\/a>\n        <\/div>\n           <div class=\"cardVerticalGaleria\">\n           <img src=\"https:\/\/wp.ufpel.edu.br\/progep\/files\/2024\/12\/Logo-UFPEL.png\" alt=\"Logo UFPEL\" style=\"width: 30%;border-radius: 60%;margin: 0 auto;padding: 1rem;box-shadow: 0\">\n                 <div class=\"titleComumStyle\">Posse Ingressantes TAES e Docentes 2025<\/div>\n                <a href=\"https:\/\/wp.ufpel.edu.br\/progep\/galeria-da-progep-album-posse-de-ingressantes-2025\/\">Confira este \u00e1lbum da PROGEP!<\/a>\n        <\/div>\n                  \n                <\/div>\n\n\n\n <div class=\"albunsProgep\">\n\n           <div class=\"cardVerticalGaleria\">\n           <img src=\"https:\/\/wp.ufpel.edu.br\/progep\/files\/2024\/12\/Logo-UFPEL.png\" alt=\"Logo UFPEL\" style=\"width: 30%;border-radius: 60%;margin: 0 auto;padding: 1rem;box-shadow: 0\">\n                 <div class=\"titleComumStyle\">Posse Ingressantes TAES e Docentes 2026<\/div>\n                <a href=\"https:\/\/wp.ufpel.edu.br\/progep\/galeria-da-progep-album-da-posse-de-ingressantes-de-2026\/\">Confira este \u00e1lbum da PROGEP!<\/a>\n        <\/div>\n                  \n                <\/div>\n\n\n\n\n\n<\/div>\n","protected":false},"excerpt":{"rendered":"<p>Galeria da PROGEP Confira nesta p\u00e1gina a galeria de fotos da Pr\u00f3-Reitoria de Gest\u00e3o com Pessoas. Escolha um de nossos \u00e1lbuns abaixo: M\u00eas da Pessoa Servidora UFPel 2025 Confira este \u00e1lbum da PROGEP! Cerim\u00f4nia de Aposentados UFPel Confira esta cole\u00e7\u00e3o da PROGEP! Programa Mulheres L\u00edderes Confira esta cole\u00e7\u00e3o da PROGEP! Posse Ingressantes TAES e Docentes [&hellip;]<\/p>\n","protected":false},"author":21,"featured_media":0,"parent":0,"menu_order":0,"comment_status":"closed","ping_status":"closed","template":"page-sem-sidebar.php","meta":{"footnotes":""},"class_list":["post-30176","page","type-page","status-publish","hentry"],"_links":{"self":[{"href":"https:\/\/wp.ufpel.edu.br\/progep\/wp-json\/wp\/v2\/pages\/30176","targetHints":{"allow":["GET"]}}],"collection":[{"href":"https:\/\/wp.ufpel.edu.br\/progep\/wp-json\/wp\/v2\/pages"}],"about":[{"href":"https:\/\/wp.ufpel.edu.br\/progep\/wp-json\/wp\/v2\/types\/page"}],"author":[{"embeddable":true,"href":"https:\/\/wp.ufpel.edu.br\/progep\/wp-json\/wp\/v2\/users\/21"}],"replies":[{"embeddable":true,"href":"https:\/\/wp.ufpel.edu.br\/progep\/wp-json\/wp\/v2\/comments?post=30176"}],"version-history":[{"count":3,"href":"https:\/\/wp.ufpel.edu.br\/progep\/wp-json\/wp\/v2\/pages\/30176\/revisions"}],"predecessor-version":[{"id":40975,"href":"https:\/\/wp.ufpel.edu.br\/progep\/wp-json\/wp\/v2\/pages\/30176\/revisions\/40975"}],"wp:attachment":[{"href":"https:\/\/wp.ufpel.edu.br\/progep\/wp-json\/wp\/v2\/media?parent=30176"}],"curies":[{"name":"wp","href":"https:\/\/api.w.org\/{rel}","templated":true}]}}