{"id":3,"date":"2009-06-24T11:50:31","date_gmt":"2009-06-24T14:50:31","guid":{"rendered":"https:\/\/wp.ufpel.edu.br\/prgrh\/?page_id=3"},"modified":"2026-04-17T15:04:05","modified_gmt":"2026-04-17T18:04:05","slug":"contato","status":"publish","type":"page","link":"https:\/\/wp.ufpel.edu.br\/progep\/contato\/","title":{"rendered":"Fale Conosco"},"content":{"rendered":"\n<div class=\"wp-block-group\"><div class=\"wp-block-group__inner-container is-layout-constrained wp-block-group-is-layout-constrained\">\n<div class=\"logoTituloModelStyle\"><img class=\"size-medium wp-image-27184 alignleft\" src=\"https:\/\/wp.ufpel.edu.br\/progep\/files\/2025\/03\/logo-progep_atualizacao-nome_AZUL.png\" alt=\"\" \/><\/p>\n<div style=\"font-size: 25pt\"><strong>Fale Conosco<\/strong><\/div>\n<\/div>\n<hr class=\"hrModelStyle\" \/>\n<div class=\"descriptionModelStyle\">Descreva a p\u00e1gina nesta se\u00e7\u00e3o. Este \u00e9 um texto de exemplo para visualizar como ficar\u00e1 a informa\u00e7\u00e3o desejada quando posta aqui.<\/div>\n<\/div><\/div>\n\n\n\n<div class=\"wpcf7 no-js\" id=\"wpcf7-f27489-o1\" lang=\"pt-BR\" dir=\"ltr\" data-wpcf7-id=\"27489\">\n<div class=\"screen-reader-response\"><p role=\"status\" aria-live=\"polite\" aria-atomic=\"true\"><\/p> <ul><\/ul><\/div>\n<form action=\"\/progep\/wp-json\/wp\/v2\/pages\/3#wpcf7-f27489-o1\" method=\"post\" class=\"wpcf7-form init\" aria-label=\"Formul\u00e1rios de contato\" novalidate=\"novalidate\" data-status=\"init\">\n<fieldset class=\"hidden-fields-container\"><input type=\"hidden\" name=\"_wpcf7\" value=\"27489\" \/><input type=\"hidden\" name=\"_wpcf7_version\" value=\"6.1.4\" \/><input type=\"hidden\" name=\"_wpcf7_locale\" value=\"pt_BR\" \/><input type=\"hidden\" name=\"_wpcf7_unit_tag\" value=\"wpcf7-f27489-o1\" \/><input type=\"hidden\" name=\"_wpcf7_container_post\" value=\"0\" \/><input type=\"hidden\" name=\"_wpcf7_posted_data_hash\" value=\"\" \/>\n<\/fieldset>\n<div class=\"formsContato\">\n\t<p>Selecione um Assunto\n\t<\/p>\n\t<p><span class=\"wpcf7-form-control-wrap\" data-name=\"destinatario\"><select class=\"wpcf7-form-control wpcf7-select wpcf7-validates-as-required\" aria-required=\"true\" aria-invalid=\"false\" name=\"destinatario\"><option value=\"\">&#8212;Escolha uma op\u00e7\u00e3o&#8212;<\/option><option value=\"Afastamento para P\u00f3s-Gradua\u00e7\u00e3o\">Afastamento para P\u00f3s-Gradua\u00e7\u00e3o<\/option><option value=\"Altera\u00e7\u00e3o de dados cadastrais\">Altera\u00e7\u00e3o de dados cadastrais<\/option><option value=\"Aposentadoria\">Aposentadoria<\/option><option value=\"Atestado Funcional\">Atestado Funcional<\/option><option value=\"Atestado M\u00e9dico\">Atestado M\u00e9dico<\/option><option value=\"Aux\u00edlio Alimenta\u00e7\u00e3o\">Aux\u00edlio Alimenta\u00e7\u00e3o<\/option><option value=\"Aux\u00edlio Funeral\">Aux\u00edlio Funeral<\/option><option value=\"Aux\u00edlio Transporte\">Aux\u00edlio Transporte<\/option><option value=\"Avalia\u00e7\u00e3o de Desempenho\">Avalia\u00e7\u00e3o de Desempenho<\/option><option value=\"Averba\u00e7\u00e3o de Tempo de Servi\u00e7o\">Averba\u00e7\u00e3o de Tempo de Servi\u00e7o<\/option><option value=\"Cadastro de Instrutores\">Cadastro de Instrutores<\/option><option value=\"Contracheque\">Contracheque<\/option><option value=\"Contrata\u00e7\u00e3o de Professor Substituto\">Contrata\u00e7\u00e3o de Professor Substituto<\/option><option value=\"Curso de Capacita\u00e7\u00e3o\">Curso de Capacita\u00e7\u00e3o<\/option><option value=\"Est\u00e1gio Probat\u00f3rio\">Est\u00e1gio Probat\u00f3rio<\/option><option value=\"F\u00e9rias\">F\u00e9rias<\/option><option value=\"FG\/CD\">FG\/CD<\/option><option value=\"Hora Extra\">Hora Extra<\/option><option value=\"Incentivo \u00e0 Qualifica\u00e7\u00e3o\">Incentivo \u00e0 Qualifica\u00e7\u00e3o<\/option><option value=\"Insalubridade\">Insalubridade<\/option><option value=\"Libera\u00e7\u00e3o de Hor\u00e1rio para Educa\u00e7\u00e3o Formal\">Libera\u00e7\u00e3o de Hor\u00e1rio para Educa\u00e7\u00e3o Formal<\/option><option value=\"Licen\u00e7a para Capacita\u00e7\u00e3o\">Licen\u00e7a para Capacita\u00e7\u00e3o<\/option><option value=\"Licen\u00e7a para Tratamento de Sa\u00fade\">Licen\u00e7a para Tratamento de Sa\u00fade<\/option><option value=\"Licen\u00e7as diversas\">Licen\u00e7as diversas<\/option><option value=\"Nomea\u00e7\u00e3o\/Posse\">Nomea\u00e7\u00e3o\/Posse<\/option><option value=\"Pagamentos\">Pagamentos<\/option><option value=\"Plano de Sa\u00fade\">Plano de Sa\u00fade<\/option><option value=\"Progress\u00e3o por Capacita\u00e7\u00e3o\">Progress\u00e3o por Capacita\u00e7\u00e3o<\/option><option value=\"Progress\u00e3o por M\u00e9rito\">Progress\u00e3o por M\u00e9rito<\/option><option value=\"Progress\u00e3o e Promo\u00e7\u00e3o Docente\">Progress\u00e3o e Promo\u00e7\u00e3o Docente<\/option><option value=\"Readapta\u00e7\u00e3o Funcional\">Readapta\u00e7\u00e3o Funcional<\/option><option value=\"Remo\u00e7\u00e3o\">Remo\u00e7\u00e3o<\/option><option value=\"Retribui\u00e7\u00e3o por Titula\u00e7\u00e3o\">Retribui\u00e7\u00e3o por Titula\u00e7\u00e3o<\/option><option value=\"Siapenet\">Siapenet<\/option><option value=\"Outros\">Outros<\/option><\/select><\/span>\n\t<\/p>\n\t<p>Seu nome (obrigat\u00f3rio)\n\t<\/p>\n\t<p><span class=\"wpcf7-form-control-wrap\" data-name=\"your-name\"><input size=\"40\" maxlength=\"400\" class=\"wpcf7-form-control wpcf7-text wpcf7-validates-as-required\" aria-required=\"true\" aria-invalid=\"false\" value=\"\" type=\"text\" name=\"your-name\" \/><\/span>\n\t<\/p>\n\t<p>Seu e-mail (obrigat\u00f3rio)\n\t<\/p>\n\t<p><span class=\"wpcf7-form-control-wrap\" data-name=\"your-email\"><input size=\"40\" maxlength=\"400\" class=\"wpcf7-form-control wpcf7-email wpcf7-validates-as-required wpcf7-text wpcf7-validates-as-email\" aria-required=\"true\" aria-invalid=\"false\" value=\"\" type=\"email\" name=\"your-email\" \/><\/span>\n\t<\/p>\n\t<p>Seu telefone (obrigat\u00f3rio)\n\t<\/p>\n\t<p><span class=\"wpcf7-form-control-wrap\" data-name=\"Seutelefone\"><input size=\"40\" maxlength=\"400\" class=\"wpcf7-form-control wpcf7-tel wpcf7-validates-as-required wpcf7-text wpcf7-validates-as-tel\" aria-required=\"true\" aria-invalid=\"false\" value=\"\" type=\"tel\" name=\"Seutelefone\" \/><\/span>\n\t<\/p>\n\t<p>Sua mensagem\n\t<\/p>\n\t<p><span class=\"wpcf7-form-control-wrap\" data-name=\"your-message\"><textarea cols=\"40\" rows=\"10\" maxlength=\"2000\" class=\"wpcf7-form-control wpcf7-textarea wpcf7-validates-as-required\" aria-required=\"true\" aria-invalid=\"false\" name=\"your-message\"><\/textarea><\/span>\n\t<\/p>\n\t<p><input class=\"wpcf7-form-control wpcf7-submit has-spinner\" type=\"submit\" value=\"Enviar\" \/>\n\t<\/p>\n<\/div><p style=\"display: none !important;\" class=\"akismet-fields-container\" data-prefix=\"_wpcf7_ak_\"><label>&#916;<textarea name=\"_wpcf7_ak_hp_textarea\" cols=\"45\" rows=\"8\" maxlength=\"100\"><\/textarea><\/label><input type=\"hidden\" id=\"ak_js_1\" name=\"_wpcf7_ak_js\" value=\"47\"\/><script>document.getElementById( \"ak_js_1\" ).setAttribute( \"value\", ( new Date() ).getTime() );<\/script><\/p><div class=\"wpcf7-response-output\" aria-hidden=\"true\"><\/div>\n<\/form>\n<\/div>\n\n<hr class=\"hrModelStyle\" \/>\n\n\n<div class=\"wp-block-group\"><div class=\"wp-block-group__inner-container is-layout-constrained wp-block-group-is-layout-constrained\">\n<div class=\"logoTituloModelStyle\"><img class=\"size-medium wp-image-27184 alignleft\" src=\"https:\/\/wp.ufpel.edu.br\/progep\/files\/2025\/03\/logo-progep_atualizacao-nome_AZUL.png\" alt=\"\" \/><\/p>\n<div><strong>Contatos<\/strong><\/div>\n<\/div>\n<hr class=\"hrModelStyle\" \/>\n<div class=\"descriptionModelStyle\">Nesta p\u00e1gina se re\u00fanem os contatos da <strong>Pr\u00f3-Reitoria de Gest\u00e3o de Pessoas<\/strong>, como os contatos das <em>coordenadorias, n\u00facleos e se\u00e7\u00f5es da unidade<\/em>.<\/div>\n<\/div><\/div>\n\n\n<div class=\"contatosNovoStyle\">\n\n<div class=\"cardContato\">\n<h3>Pr\u00f3-Reitoria de Gest\u00e3o com Pessoas<\/h3>\n<hr \/>\n<div><strong>Localiza\u00e7\u00e3o<\/strong>: Sala 213, Pr\u00e9dio da Reitoria<\/div>\n<div><strong>N\u00facleo de Assessoria Administrativa<\/strong>: 3284-3971<\/div>\n<div><strong>E-mail<\/strong>: progep@ufpel.edu.br<\/div>\n<div><strong>Unidade de Atendimento e Secretaria<\/strong>: 3284-3970<\/div>\n<div><strong>Unidade de Atendimento e Secretaria (institucional)<\/strong>: (53)99983-8965<\/div>\n<\/div>\n\n<div class=\"cardContato\">\n<h3>CBP \u2013 Coordena\u00e7\u00e3o de Benef\u00edcios e Pagamentos<\/h3>\n<hr \/>\n<div>Sala 210 da PROGEP<\/div>\n<div><strong>Telefone<\/strong>: 3284-3973<\/div>\n<div><strong>E-mail<\/strong>: cbp@ufpel.edu.br<\/div>\n<div><strong>N\u00facleo Financeiro<\/strong>: 3284-3983<\/div>\n<div><strong>Financeiro \u2013 Whatsapp<\/strong>: 3284-3977<\/div>\n<div><strong>N\u00facleo Financeiro<\/strong>: nuf.progep@ufpel.edu.br<\/div>\n<div><strong>N\u00facleo de Benef\u00edcios<\/strong>: 3284-3982<\/div>\n<div><strong>Benef\u00edcios \u2013 Whatsapp:<\/strong> 3284-3978<\/div>\n<div><strong>N\u00facleo de Benef\u00edcios<\/strong>: beneficios@ufpel.edu.br<\/div>\n<\/div>\n\n\n<div class=\"cardContato\">\n<h3>CSQV \u2013 Coordena\u00e7\u00e3o de Sa\u00fade e Qualidade de Vida<\/h3>\n<hr \/>\n<div>Sala 201 da PROGEP<\/div>\n<div><strong>Telefone<\/strong>: 3284-3981<\/div>\n<div><strong>E-mail<\/strong>: csqv@ufpel.edu.br<\/div>\n<div><strong>Se\u00e7\u00e3o de Per\u00edcia M\u00e9dica<\/strong>: 3284-3985<\/div>\n<div><strong>Se\u00e7\u00e3o de Per\u00edcia M\u00e9dica<\/strong>: pericia.medica@ufpel.edu.br<\/div>\n<\/div>\n\n\n\n<div class=\"cardContato\">\n<h3>CDP \u2013 Coordena\u00e7\u00e3o de Desenvolvimento de Pessoal<\/h3>\n<hr \/>\n<div>Sala 206 da PROGEP<\/div>\n<div><strong>Telefone \u2013 Whatsapp<\/strong>: 3284-3979<\/div>\n<div><strong>Telefone<\/strong>: 3284-3980<\/div>\n<div><strong>Se\u00e7\u00e3o de Desenvolvimento na Carreira dos Servidores &#8211; E-mail<\/strong>: carreira@ufpel.edu.br<\/div>\n<div><strong>Se\u00e7\u00e3o de Forma\u00e7\u00e3o dos Servidores &#8211; E-mail<\/strong>: cdp.capacita@ufpel.edu.br<\/div>\n<\/div>\n\n\n<div class=\"cardContato\">\n<h3>CPP &#8211; Coordena\u00e7\u00e3o de Planejamento de Pessoal<\/h3>\n<hr \/>\n<div>Sala 211 da PROGEP<\/div>\n<div><strong>Telefone<\/strong>: 3284-7313<\/div>\n<div><strong>E-mail<\/strong>: cpp@ufpel.edu.br<\/div>\n<div><strong>N\u00facleo de Cadastro e Movimenta\u00e7\u00e3o de Pessoal (NUCAD)<\/strong>: 3284-3976<\/div>\n<div><strong>NUCAD\u2013 Whatsapp<\/strong>: 3284-3974<\/div>\n<div><strong>NUCAD E-mail<\/strong>: cadastro@ufpel.edu.br<\/div>\n<div><strong>N\u00facleo de Gerenciamento de Concursos e Vagas (NUGEC)<\/strong>: 3284-3976<\/div>\n<div><strong>NUGEC E-mail<\/strong>: concursos@ufpel.edu.br<\/div>\n<\/div>\n\n\n\n\n\n\n<div class=\"cardContato\">\n<h3>COLEP &#8211; Coordena\u00e7\u00e3o de Legisla\u00e7\u00e3o de Pessoal e Controle<\/h3>\n<hr \/>\n<div>Sala 213 da PROGEP<\/div>\n<div><strong>Telefone<\/strong>: 3284-3972<\/div>\n<div><strong>E-mail<\/strong>: colep@ufpel.edu.br<\/div>\n<\/div>\n\n\n\n<\/div>","protected":false},"excerpt":{"rendered":"<p>Fale Conosco Descreva a p\u00e1gina nesta se\u00e7\u00e3o. Este \u00e9 um texto de exemplo para visualizar como ficar\u00e1 a informa\u00e7\u00e3o desejada quando posta aqui. Contatos Nesta p\u00e1gina se re\u00fanem os contatos da Pr\u00f3-Reitoria de Gest\u00e3o de Pessoas, como os contatos das coordenadorias, n\u00facleos e se\u00e7\u00f5es da unidade. Pr\u00f3-Reitoria de Gest\u00e3o com Pessoas Localiza\u00e7\u00e3o: Sala 213, Pr\u00e9dio [&hellip;]<\/p>\n","protected":false},"author":1,"featured_media":0,"parent":0,"menu_order":7,"comment_status":"closed","ping_status":"closed","template":"page-sem-sidebar.php","meta":{"footnotes":""},"class_list":["post-3","page","type-page","status-publish","hentry"],"_links":{"self":[{"href":"https:\/\/wp.ufpel.edu.br\/progep\/wp-json\/wp\/v2\/pages\/3","targetHints":{"allow":["GET"]}}],"collection":[{"href":"https:\/\/wp.ufpel.edu.br\/progep\/wp-json\/wp\/v2\/pages"}],"about":[{"href":"https:\/\/wp.ufpel.edu.br\/progep\/wp-json\/wp\/v2\/types\/page"}],"author":[{"embeddable":true,"href":"https:\/\/wp.ufpel.edu.br\/progep\/wp-json\/wp\/v2\/users\/1"}],"replies":[{"embeddable":true,"href":"https:\/\/wp.ufpel.edu.br\/progep\/wp-json\/wp\/v2\/comments?post=3"}],"version-history":[{"count":3,"href":"https:\/\/wp.ufpel.edu.br\/progep\/wp-json\/wp\/v2\/pages\/3\/revisions"}],"predecessor-version":[{"id":41454,"href":"https:\/\/wp.ufpel.edu.br\/progep\/wp-json\/wp\/v2\/pages\/3\/revisions\/41454"}],"wp:attachment":[{"href":"https:\/\/wp.ufpel.edu.br\/progep\/wp-json\/wp\/v2\/media?parent=3"}],"curies":[{"name":"wp","href":"https:\/\/api.w.org\/{rel}","templated":true}]}}