{"id":29980,"date":"2025-03-06T12:10:06","date_gmt":"2025-03-06T15:10:06","guid":{"rendered":"https:\/\/wp.ufpel.edu.br\/progep\/?page_id=29980"},"modified":"2025-07-04T12:36:54","modified_gmt":"2025-07-04T15:36:54","slug":"sonoplasta","status":"publish","type":"page","link":"https:\/\/wp.ufpel.edu.br\/progep\/sonoplasta\/","title":{"rendered":"Cargos TAE: Sonoplasta"},"content":{"rendered":"\n<div class=\"wp-block-group\"><div class=\"wp-block-group__inner-container is-layout-constrained wp-block-group-is-layout-constrained\">\n<div class=\"logoTituloModelStyle\"><img class=\"size-medium wp-image-27184 alignleft\" src=\"https:\/\/wp.ufpel.edu.br\/progep\/files\/2025\/03\/logo-progep_atualizacao-nome_AZUL.png\" alt=\"\" \/><\/p>\n<div><strong>Sonoplasta<\/strong><\/div>\n<\/div>\n<hr class=\"hrModelStyle\" \/>\n<div class=\"descriptionModelStyle\">Esta p\u00e1gina apresenta os dados referentes a carreira dos\/as servidores\/as.<\/div>\n<\/div><\/div>\n\n\n<div class=\"cargoDescriptionStyle\">\n<div class=\"infoCargo\"><span>N\u00edvel de Classifica\u00e7\u00e3o: <strong>C<\/strong><\/span><br \/>\n<span>Denomina\u00e7\u00e3o do cargo:<br \/>\n<strong> Sonoplasta<\/strong><\/span><br \/>\n<span>C\u00f3digo CBO: 3731-20 ou 3731-05<\/span><\/div>\n<div class=\"requisitosCargo\"><span style=\"font-size: 16pt;padding-bottom: 0.5rem\"><strong>Requisitos de Qualifica\u00e7\u00e3o para Ingresso no Cargo<\/strong>:<\/span><br \/>\n<span><strong>Escolaridade<\/strong>: M\u00e9dio Completo<\/span><br \/>\n<span><strong>Outros<\/strong>: Experi\u00eancia de 06 meses<\/span><br \/>\n<strong><span>Habilita\u00e7\u00e3o Profissional.<\/span><\/strong><\/div>\n<div class=\"descSumaryCargo\"><span style=\"font-size: 16pt;font-weight: bold;padding-bottom: 0.5rem\">Descri\u00e7\u00e3o Sum\u00e1ria do Cargo:<\/span><br \/>\n<span>Operar equipamentos de uma emissora de r\u00e1dio; organizar e executar a programa\u00e7\u00e3o da emissora.  Editar  \u00e1udio   (trilhas   sonoras,   m\u00fasicas,   vinhetas,   comerciais,   chamadas promocionais   e   programas)   e   mixar   \u00e1udio.   No   exerc\u00edcio   das   atividades   mobilizar capacidades de administrar o tempo e de improvisar, al\u00e9m de capacidades comunicativas para interagir com as equipes t\u00e9cnica, de programa\u00e7\u00e3o e comercial. Utilizar recursos de inform\u00e1tica. Auxiliar nas atividades de ensino, pesquisa e extens\u00e3o.<br \/>\nExecutar outras tarefas   de   mesma   natureza   e   n\u00edvel   de complexidade   associadas   ao   ambiente organizacional. <\/span><\/div>\n<\/div>","protected":false},"excerpt":{"rendered":"<p>Sonoplasta Esta p\u00e1gina apresenta os dados referentes a carreira dos\/as servidores\/as. N\u00edvel de Classifica\u00e7\u00e3o: C Denomina\u00e7\u00e3o do cargo: Sonoplasta C\u00f3digo CBO: 3731-20 ou 3731-05 Requisitos de Qualifica\u00e7\u00e3o para Ingresso no Cargo: Escolaridade: M\u00e9dio Completo Outros: Experi\u00eancia de 06 meses Habilita\u00e7\u00e3o Profissional. Descri\u00e7\u00e3o Sum\u00e1ria do Cargo: Operar equipamentos de uma emissora de r\u00e1dio; organizar e executar [&hellip;]<\/p>\n","protected":false},"author":21,"featured_media":0,"parent":0,"menu_order":0,"comment_status":"closed","ping_status":"closed","template":"","meta":{"footnotes":""},"class_list":["post-29980","page","type-page","status-publish","hentry"],"_links":{"self":[{"href":"https:\/\/wp.ufpel.edu.br\/progep\/wp-json\/wp\/v2\/pages\/29980","targetHints":{"allow":["GET"]}}],"collection":[{"href":"https:\/\/wp.ufpel.edu.br\/progep\/wp-json\/wp\/v2\/pages"}],"about":[{"href":"https:\/\/wp.ufpel.edu.br\/progep\/wp-json\/wp\/v2\/types\/page"}],"author":[{"embeddable":true,"href":"https:\/\/wp.ufpel.edu.br\/progep\/wp-json\/wp\/v2\/users\/21"}],"replies":[{"embeddable":true,"href":"https:\/\/wp.ufpel.edu.br\/progep\/wp-json\/wp\/v2\/comments?post=29980"}],"version-history":[{"count":6,"href":"https:\/\/wp.ufpel.edu.br\/progep\/wp-json\/wp\/v2\/pages\/29980\/revisions"}],"predecessor-version":[{"id":34570,"href":"https:\/\/wp.ufpel.edu.br\/progep\/wp-json\/wp\/v2\/pages\/29980\/revisions\/34570"}],"wp:attachment":[{"href":"https:\/\/wp.ufpel.edu.br\/progep\/wp-json\/wp\/v2\/media?parent=29980"}],"curies":[{"name":"wp","href":"https:\/\/api.w.org\/{rel}","templated":true}]}}