{"id":29971,"date":"2025-03-06T12:05:25","date_gmt":"2025-03-06T15:05:25","guid":{"rendered":"https:\/\/wp.ufpel.edu.br\/progep\/?page_id=29971"},"modified":"2025-07-04T12:40:28","modified_gmt":"2025-07-04T15:40:28","slug":"operador-de-maquinas-agricolas","status":"publish","type":"page","link":"https:\/\/wp.ufpel.edu.br\/progep\/operador-de-maquinas-agricolas\/","title":{"rendered":"Cargos TAE: Operador de Maquinas Agr\u00edcolas"},"content":{"rendered":"\n<div class=\"wp-block-group\"><div class=\"wp-block-group__inner-container is-layout-constrained wp-block-group-is-layout-constrained\">\n<div class=\"logoTituloModelStyle\"><img class=\"size-medium wp-image-27184 alignleft\" src=\"https:\/\/wp.ufpel.edu.br\/progep\/files\/2025\/03\/logo-progep_atualizacao-nome_AZUL.png\" alt=\"\" \/><\/p>\n<div style=\"padding: 2rem 0\"><strong>Operador de Maquinas Agr\u00edcolas<\/strong><\/div>\n<\/div>\n<hr class=\"hrModelStyle\" \/>\n<div class=\"descriptionModelStyle\">Esta p\u00e1gina apresenta os dados referentes a carreira dos\/as servidores\/as.<\/div>\n<\/div><\/div>\n\n\n\n<div class=\"cargoDescriptionStyle\">\n<div class=\"infoCargo\"><span>N\u00edvel de Classifica\u00e7\u00e3o: <strong>C<\/strong><\/span><br \/>\n<span>Denomina\u00e7\u00e3o do cargo:<br \/>\n<strong> Operador de Maquinas Agr\u00edcolas<\/strong><\/span><br \/>\n<span>C\u00f3digo CBO: <strong>6410-10<\/strong><\/span><\/div>\n<div class=\"requisitosCargo\"><span style=\"font-size: 16pt;padding-bottom: 0.5rem\"><strong>Requisitos de Qualifica\u00e7\u00e3o para Ingresso no Cargo<\/strong>:<\/span><br \/>\n<span><strong>Escolaridade<\/strong>: Fundamental completo + curso profissionalizante<\/span><br \/>\n<span><strong>Outros<\/strong>: (&#8211;)<\/span><br \/>\n<strong><span>Habilita\u00e7\u00e3o Profissional.<\/span><\/strong><\/div>\n<div class=\"descSumaryCargo\"><span style=\"font-weight: bold;padding-bottom: 0.5rem\">Descri\u00e7\u00e3o Sum\u00e1ria do Cargo:<\/span><br \/>\n<span>Operar m\u00e1quinas agr\u00edcolas motorizadas para desenvolver atividades agr\u00edcolas, utilizando implementos diversos; zelar diariamente pela conserva\u00e7\u00e3o e manuten\u00e7\u00e3o das m\u00e1quinas; executar pequenos servi\u00e7os de mec\u00e2nica fazendo reparos de emerg\u00eancia nas m\u00e1quinas em geral; Empregar medidas de seguran\u00e7a. Auxiliar nas atividades de ensino, pesquisa e extens\u00e3o.<br \/>\nExecutar outras tarefas de mesma natureza ou n\u00edvel de complexidade associado \u00e0 sua especialidade ou ambiente. <\/span><\/div>\n<\/div>","protected":false},"excerpt":{"rendered":"<p>Operador de Maquinas Agr\u00edcolas Esta p\u00e1gina apresenta os dados referentes a carreira dos\/as servidores\/as. N\u00edvel de Classifica\u00e7\u00e3o: C Denomina\u00e7\u00e3o do cargo: Operador de Maquinas Agr\u00edcolas C\u00f3digo CBO: 6410-10 Requisitos de Qualifica\u00e7\u00e3o para Ingresso no Cargo: Escolaridade: Fundamental completo + curso profissionalizante Outros: (&#8211;) Habilita\u00e7\u00e3o Profissional. Descri\u00e7\u00e3o Sum\u00e1ria do Cargo: Operar m\u00e1quinas agr\u00edcolas motorizadas para desenvolver [&hellip;]<\/p>\n","protected":false},"author":21,"featured_media":0,"parent":0,"menu_order":0,"comment_status":"closed","ping_status":"closed","template":"","meta":{"footnotes":""},"class_list":["post-29971","page","type-page","status-publish","hentry"],"_links":{"self":[{"href":"https:\/\/wp.ufpel.edu.br\/progep\/wp-json\/wp\/v2\/pages\/29971","targetHints":{"allow":["GET"]}}],"collection":[{"href":"https:\/\/wp.ufpel.edu.br\/progep\/wp-json\/wp\/v2\/pages"}],"about":[{"href":"https:\/\/wp.ufpel.edu.br\/progep\/wp-json\/wp\/v2\/types\/page"}],"author":[{"embeddable":true,"href":"https:\/\/wp.ufpel.edu.br\/progep\/wp-json\/wp\/v2\/users\/21"}],"replies":[{"embeddable":true,"href":"https:\/\/wp.ufpel.edu.br\/progep\/wp-json\/wp\/v2\/comments?post=29971"}],"version-history":[{"count":8,"href":"https:\/\/wp.ufpel.edu.br\/progep\/wp-json\/wp\/v2\/pages\/29971\/revisions"}],"predecessor-version":[{"id":34654,"href":"https:\/\/wp.ufpel.edu.br\/progep\/wp-json\/wp\/v2\/pages\/29971\/revisions\/34654"}],"wp:attachment":[{"href":"https:\/\/wp.ufpel.edu.br\/progep\/wp-json\/wp\/v2\/media?parent=29971"}],"curies":[{"name":"wp","href":"https:\/\/api.w.org\/{rel}","templated":true}]}}