{"id":29954,"date":"2025-03-06T11:50:09","date_gmt":"2025-03-06T14:50:09","guid":{"rendered":"https:\/\/wp.ufpel.edu.br\/progep\/?page_id=29954"},"modified":"2025-07-04T12:41:25","modified_gmt":"2025-07-04T15:41:25","slug":"fotografo","status":"publish","type":"page","link":"https:\/\/wp.ufpel.edu.br\/progep\/fotografo\/","title":{"rendered":"Cargos TAE: Fot\u00f3grafo"},"content":{"rendered":"\n<div class=\"wp-block-group\"><div class=\"wp-block-group__inner-container is-layout-constrained wp-block-group-is-layout-constrained\">\n<div class=\"logoTituloModelStyle\"><img class=\"size-medium wp-image-27184 alignleft\" src=\"https:\/\/wp.ufpel.edu.br\/progep\/files\/2025\/03\/logo-progep_atualizacao-nome_AZUL.png\" alt=\"\" \/><\/p>\n<div><strong>Fot\u00f3grafo<\/strong><\/div>\n<\/div>\n<hr class=\"hrModelStyle\" \/>\n<div class=\"descriptionModelStyle\">Esta p\u00e1gina apresenta os dados referentes a carreira dos\/as servidores\/as.<\/div>\n<\/div><\/div>\n\n\n<div class=\"cargoDescriptionStyle\">\n<div class=\"infoCargo\"><span>N\u00edvel de Classifica\u00e7\u00e3o: <strong>C<\/strong><\/span><br \/>\n<span>Denomina\u00e7\u00e3o do cargo:<br \/>\n<strong> Fot\u00f3grafo<\/strong><\/span><br \/>\n<span>C\u00f3digo CBO: <strong>2618-05<\/strong><\/span><\/div>\n<div class=\"requisitosCargo\"><span style=\"font-size: 16pt;padding-bottom: 0.5rem\"><strong>Requisitos de Qualifica\u00e7\u00e3o para Ingresso no Cargo<\/strong>:<\/span><br \/>\n<span><strong>Escolaridade<\/strong>: Fundamental Completo<\/span><br \/>\n<span><strong>Outros<\/strong>: Experi\u00eancia de 12 meses<\/span><br \/>\n<strong><span>Habilita\u00e7\u00e3o Profissional.<\/span><\/strong><\/div>\n<div class=\"descSumaryCargo\"><span style=\"font-size: 16pt;font-weight: bold;padding-bottom: 0.5rem\">Descri\u00e7\u00e3o Sum\u00e1ria do Cargo:<\/span><br \/>\n<span>Criar imagens fotogr\u00e1ficas de acontecimentos, pessoas, paisagens, objetos e outros temas, em branco e preto ou colorido. Escolher equipamentos em fun\u00e7\u00e3o de inten\u00e7\u00f5es, \u00e1rea de atua\u00e7\u00e3o e circunst\u00e2ncias; operar c\u00e2mera fotogr\u00e1fica (de pel\u00edcula ou digitais), acess\u00f3rios e equipamentos de ilumina\u00e7\u00e3o; calibrar os equipamentos, monitorar equipamentos de medi\u00e7\u00e3o; operar programas de tratamento de imagens.<br \/>\nConceituar o trabalho fotogr\u00e1fico; interpretar o objeto a ser fotografado; experimentar produtos e t\u00e9cnicas fotogr\u00e1ficas; definir o suporte material da imagem fotogr\u00e1fica; compor a imagem; modular a luz; enquadrar a imagem; registrar a imagem sobre pel\u00edcula ou meio magn\u00e9tico.<br \/>\nRevelar filmes, editar imagem; ampliar fotos; digitalizar imagem; tratar imagem digitalizada ou convencional: brilho, contraste, defini\u00e7\u00e3o e corte; legendar imagem; restaurar, ampliar e retocar imagens fotogr\u00e1ficas. Criar efeitos gr\u00e1ficos em imagens obtidas por processos digitais e reproduzi-las sobre papel ou outro suporte.<br \/>\nProduzir documenta\u00e7\u00e3o referente \u00e0 imagem; contextualizar a imagem fotogr\u00e1fica; documentar a autoria da imagem fotogr\u00e1fica; arquivar os documentos fotogr\u00e1ficos; catalogar documentos fotogr\u00e1ficos. Utilizar recursos de inform\u00e1tica. Auxiliar nas atividades de ensino, pesquisa e extens\u00e3o.<br \/>\nExecutar outras tarefas de mesma natureza e n\u00edvel de complexidade associadas ao ambiente organizacional. <\/span><\/div>\n<\/div>","protected":false},"excerpt":{"rendered":"<p>Fot\u00f3grafo Esta p\u00e1gina apresenta os dados referentes a carreira dos\/as servidores\/as. N\u00edvel de Classifica\u00e7\u00e3o: C Denomina\u00e7\u00e3o do cargo: Fot\u00f3grafo C\u00f3digo CBO: 2618-05 Requisitos de Qualifica\u00e7\u00e3o para Ingresso no Cargo: Escolaridade: Fundamental Completo Outros: Experi\u00eancia de 12 meses Habilita\u00e7\u00e3o Profissional. Descri\u00e7\u00e3o Sum\u00e1ria do Cargo: Criar imagens fotogr\u00e1ficas de acontecimentos, pessoas, paisagens, objetos e outros temas, em [&hellip;]<\/p>\n","protected":false},"author":21,"featured_media":0,"parent":0,"menu_order":0,"comment_status":"closed","ping_status":"closed","template":"","meta":{"_crdt_document":"","footnotes":""},"class_list":["post-29954","page","type-page","status-publish","hentry"],"_links":{"self":[{"href":"https:\/\/wp.ufpel.edu.br\/progep\/wp-json\/wp\/v2\/pages\/29954","targetHints":{"allow":["GET"]}}],"collection":[{"href":"https:\/\/wp.ufpel.edu.br\/progep\/wp-json\/wp\/v2\/pages"}],"about":[{"href":"https:\/\/wp.ufpel.edu.br\/progep\/wp-json\/wp\/v2\/types\/page"}],"author":[{"embeddable":true,"href":"https:\/\/wp.ufpel.edu.br\/progep\/wp-json\/wp\/v2\/users\/21"}],"replies":[{"embeddable":true,"href":"https:\/\/wp.ufpel.edu.br\/progep\/wp-json\/wp\/v2\/comments?post=29954"}],"version-history":[{"count":8,"href":"https:\/\/wp.ufpel.edu.br\/progep\/wp-json\/wp\/v2\/pages\/29954\/revisions"}],"predecessor-version":[{"id":34657,"href":"https:\/\/wp.ufpel.edu.br\/progep\/wp-json\/wp\/v2\/pages\/29954\/revisions\/34657"}],"wp:attachment":[{"href":"https:\/\/wp.ufpel.edu.br\/progep\/wp-json\/wp\/v2\/media?parent=29954"}],"curies":[{"name":"wp","href":"https:\/\/api.w.org\/{rel}","templated":true}]}}