{"id":29951,"date":"2025-03-06T11:47:54","date_gmt":"2025-03-06T14:47:54","guid":{"rendered":"https:\/\/wp.ufpel.edu.br\/progep\/?page_id=29951"},"modified":"2025-07-04T12:41:05","modified_gmt":"2025-07-04T15:41:05","slug":"contramestre-oficio","status":"publish","type":"page","link":"https:\/\/wp.ufpel.edu.br\/progep\/contramestre-oficio\/","title":{"rendered":"Cargos TAE: Contramestre-Of\u00edcio"},"content":{"rendered":"\n<div class=\"wp-block-group\"><div class=\"wp-block-group__inner-container is-layout-constrained wp-block-group-is-layout-constrained\">\n<div class=\"logoTituloModelStyle\"><img class=\"size-medium wp-image-27184 alignleft\" src=\"https:\/\/wp.ufpel.edu.br\/progep\/files\/2025\/03\/logo-progep_atualizacao-nome_AZUL.png\" alt=\"\" \/><\/p>\n<div><strong>Contramestre-Of\u00edcio<\/strong><\/div>\n<\/div>\n<hr class=\"hrModelStyle\" \/>\n<div class=\"descriptionModelStyle\">Descreva a p\u00e1gina nesta se\u00e7\u00e3o. Este \u00e9 um texto de exemplo para visualizar como ficar\u00e1 a informa\u00e7\u00e3o desejada quando posta aqui.<\/div>\n<\/div><\/div>\n\n\n<div class=\"cargoDescriptionStyle\">\n<div class=\"infoCargo\"><span>N\u00edvel de Classifica\u00e7\u00e3o: <strong>C<\/strong><\/span><br \/>\n<span>Denomina\u00e7\u00e3o do cargo:<br \/>\n<strong> Contramestre-Of\u00edcio<\/strong><\/span><br \/>\n<span>C\u00f3digo CBO:\u00a0<\/span><\/div>\n<div class=\"requisitosCargo\"><span style=\"font-size: 16pt;padding-bottom: 0.5rem\"><strong>Requisitos de Qualifica\u00e7\u00e3o para Ingresso no Cargo<\/strong>:<\/span><br \/>\n<span><strong>Escolaridade<\/strong>: Fundamental Completo<\/span><br \/>\n<span><strong>Outros<\/strong>: Experi\u00eancia de 12 meses<\/span><br \/>\n<strong><span>Habilita\u00e7\u00e3o Profissional.<\/span><\/strong><\/div>\n<div class=\"descSumaryCargo\"><span style=\"font-size: 16pt;font-weight: bold;padding-bottom: 0.5rem\">Descri\u00e7\u00e3o Sum\u00e1ria do Cargo:<\/span><br \/>\n<span>Acompanhar e executar os trabalhos de sua especialidade, orientado o correto desempenho das tarefas, bem como, o emprego adequado dos materiais. Manter contato com o Mestre, analisando e discutindo o trabalho a ser executado, estabelecendo o roteiro e o desempenho correto das tarefas. Fazer junto com o t\u00e9cnico da \u00e1rea o levantamento do material a ser utilizado para providenciar a requisi\u00e7\u00e3o junto ao almoxarifado. Orientar os funcion\u00e1rios do setor sobre o correto desempenho das tarefas, acompanhando a sua execu\u00e7\u00e3o. Auxiliar nas atividades de ensino, pesquisa e extens\u00e3o. Executar outras tarefas de mesma natureza e n\u00edvel de complexidade associadas ao ambiente organizacional. <\/span><\/div>\n<\/div>","protected":false},"excerpt":{"rendered":"<p>Contramestre-Of\u00edcio Descreva a p\u00e1gina nesta se\u00e7\u00e3o. Este \u00e9 um texto de exemplo para visualizar como ficar\u00e1 a informa\u00e7\u00e3o desejada quando posta aqui. N\u00edvel de Classifica\u00e7\u00e3o: C Denomina\u00e7\u00e3o do cargo: Contramestre-Of\u00edcio C\u00f3digo CBO:\u00a0 Requisitos de Qualifica\u00e7\u00e3o para Ingresso no Cargo: Escolaridade: Fundamental Completo Outros: Experi\u00eancia de 12 meses Habilita\u00e7\u00e3o Profissional. Descri\u00e7\u00e3o Sum\u00e1ria do Cargo: Acompanhar e [&hellip;]<\/p>\n","protected":false},"author":21,"featured_media":0,"parent":0,"menu_order":0,"comment_status":"closed","ping_status":"closed","template":"","meta":{"footnotes":""},"class_list":["post-29951","page","type-page","status-publish","hentry"],"_links":{"self":[{"href":"https:\/\/wp.ufpel.edu.br\/progep\/wp-json\/wp\/v2\/pages\/29951","targetHints":{"allow":["GET"]}}],"collection":[{"href":"https:\/\/wp.ufpel.edu.br\/progep\/wp-json\/wp\/v2\/pages"}],"about":[{"href":"https:\/\/wp.ufpel.edu.br\/progep\/wp-json\/wp\/v2\/types\/page"}],"author":[{"embeddable":true,"href":"https:\/\/wp.ufpel.edu.br\/progep\/wp-json\/wp\/v2\/users\/21"}],"replies":[{"embeddable":true,"href":"https:\/\/wp.ufpel.edu.br\/progep\/wp-json\/wp\/v2\/comments?post=29951"}],"version-history":[{"count":6,"href":"https:\/\/wp.ufpel.edu.br\/progep\/wp-json\/wp\/v2\/pages\/29951\/revisions"}],"predecessor-version":[{"id":34656,"href":"https:\/\/wp.ufpel.edu.br\/progep\/wp-json\/wp\/v2\/pages\/29951\/revisions\/34656"}],"wp:attachment":[{"href":"https:\/\/wp.ufpel.edu.br\/progep\/wp-json\/wp\/v2\/media?parent=29951"}],"curies":[{"name":"wp","href":"https:\/\/api.w.org\/{rel}","templated":true}]}}