{"id":29934,"date":"2025-03-06T11:34:59","date_gmt":"2025-03-06T14:34:59","guid":{"rendered":"https:\/\/wp.ufpel.edu.br\/progep\/?page_id=29934"},"modified":"2025-07-04T12:43:14","modified_gmt":"2025-07-04T15:43:14","slug":"auxiliar-de-veterinaria-e-zootecnia","status":"publish","type":"page","link":"https:\/\/wp.ufpel.edu.br\/progep\/auxiliar-de-veterinaria-e-zootecnia\/","title":{"rendered":"Cargos TAE: Auxiliar de Veterin\u00e1ria e Zootecnia"},"content":{"rendered":"\n<div class=\"wp-block-group\"><div class=\"wp-block-group__inner-container is-layout-constrained wp-block-group-is-layout-constrained\">\n<div class=\"logoTituloModelStyle\"><img class=\"size-medium wp-image-27184 alignleft\" src=\"https:\/\/wp.ufpel.edu.br\/progep\/files\/2025\/03\/logo-progep_atualizacao-nome_AZUL.png\" alt=\"\" \/><\/p>\n<div style=\"padding: 2rem 0\"><strong>Auxiliar de Veterin\u00e1ria e Zootecnia<\/strong><\/div>\n<\/div>\n<hr class=\"hrModelStyle\" \/>\n<div class=\"descriptionModelStyle\">Esta p\u00e1gina apresenta os dados referentes a carreira dos\/as servidores\/as.<\/div>\n<\/div><\/div>\n\n\n<div class=\"cargoDescriptionStyle\">\n<div class=\"infoCargo\"><span>N\u00edvel de Classifica\u00e7\u00e3o: <strong>C<\/strong><\/span><br \/>\n<span>Denomina\u00e7\u00e3o do cargo:<br \/>\n<strong> Auxiliar de Veterin\u00e1ria e Zootecnia<\/strong><\/span><br \/>\n<span>C\u00f3digo CBO: <strong>5193-05<\/strong><\/span><\/div>\n<div class=\"requisitosCargo\"><span style=\"font-size: 16pt;padding-bottom: 0.5rem\"><strong>Requisitos de Qualifica\u00e7\u00e3o para Ingresso no Cargo<\/strong>:<\/span><br \/>\n<span><strong>Escolaridade<\/strong>: Fundamental Completo<\/span><br \/>\n<span><strong>Outros<\/strong>: Experi\u00eancia de 12 meses<\/span><br \/>\n<strong><span>Habilita\u00e7\u00e3o Profissional.<\/span><\/strong><\/div>\n<div class=\"descSumaryCargo\"><span style=\"font-size: 16pt;font-weight: bold;padding-bottom: 0.5rem\">Descri\u00e7\u00e3o Sum\u00e1ria do Cargo:<\/span><br \/>\n<span>Realizar procedimentos de enfermagem veterin\u00e1ria.<br \/>\nEsterilizar instrumentos cir\u00fargicos, cl\u00ednicos e de laborat\u00f3rios veterin\u00e1rios; manter as salas de cirurgia, de exames e de tratamento cl\u00ednico ou farmac\u00eautico em condi\u00e7\u00f5es de uso; proceder \u00e0 limpeza do material utilizado; conter os animais durante os exames; empacotar material cir\u00fargico; preparar material para aulas pr\u00e1tica, exames, tratamento e cirurgias; informar ao superior imediato as condi\u00e7\u00f5es do material utilizado nos exames e cirurgias; executar o pr\u00e9 e o p\u00f3s-operat\u00f3rio; auxiliar na coleta de material para exames; participar de vacina\u00e7\u00f5es e trabalho de insemina\u00e7\u00e3o artificial. Organizar o local de trabalho, manter a limpeza do local de trabalho;   preencher   ficha   do   animal   (cadastro);   conferir   dados   do   animal   (ficha   ou identifica\u00e7\u00e3o); organizar o atendimento (hor\u00e1rio de tosa e banho); controlar estoques; repor material e medicamentos; controlar \u00f3bitos; embalar e encaminhar cad\u00e1ver para necropsia; enviar   material   coletado   para   exames   cl\u00ednicos;   lubrificar,   limpar,   resfriar   e   desinfetar equipamentos. Trabalhar em conformidade a normas e procedimentos de seguran\u00e7a, higiene e sa\u00fade. Auxiliar nas atividades de ensino, pesquisa e extens\u00e3o. Executar outras tarefas de mesma natureza ou n\u00edvel de complexidade associado \u00e0 sua especialidade ou ambiente. <\/span><\/div>\n<\/div>","protected":false},"excerpt":{"rendered":"<p>Auxiliar de Veterin\u00e1ria e Zootecnia Esta p\u00e1gina apresenta os dados referentes a carreira dos\/as servidores\/as. N\u00edvel de Classifica\u00e7\u00e3o: C Denomina\u00e7\u00e3o do cargo: Auxiliar de Veterin\u00e1ria e Zootecnia C\u00f3digo CBO: 5193-05 Requisitos de Qualifica\u00e7\u00e3o para Ingresso no Cargo: Escolaridade: Fundamental Completo Outros: Experi\u00eancia de 12 meses Habilita\u00e7\u00e3o Profissional. Descri\u00e7\u00e3o Sum\u00e1ria do Cargo: Realizar procedimentos de enfermagem [&hellip;]<\/p>\n","protected":false},"author":21,"featured_media":0,"parent":0,"menu_order":0,"comment_status":"closed","ping_status":"closed","template":"","meta":{"footnotes":""},"class_list":["post-29934","page","type-page","status-publish","hentry"],"_links":{"self":[{"href":"https:\/\/wp.ufpel.edu.br\/progep\/wp-json\/wp\/v2\/pages\/29934","targetHints":{"allow":["GET"]}}],"collection":[{"href":"https:\/\/wp.ufpel.edu.br\/progep\/wp-json\/wp\/v2\/pages"}],"about":[{"href":"https:\/\/wp.ufpel.edu.br\/progep\/wp-json\/wp\/v2\/types\/page"}],"author":[{"embeddable":true,"href":"https:\/\/wp.ufpel.edu.br\/progep\/wp-json\/wp\/v2\/users\/21"}],"replies":[{"embeddable":true,"href":"https:\/\/wp.ufpel.edu.br\/progep\/wp-json\/wp\/v2\/comments?post=29934"}],"version-history":[{"count":8,"href":"https:\/\/wp.ufpel.edu.br\/progep\/wp-json\/wp\/v2\/pages\/29934\/revisions"}],"predecessor-version":[{"id":34541,"href":"https:\/\/wp.ufpel.edu.br\/progep\/wp-json\/wp\/v2\/pages\/29934\/revisions\/34541"}],"wp:attachment":[{"href":"https:\/\/wp.ufpel.edu.br\/progep\/wp-json\/wp\/v2\/media?parent=29934"}],"curies":[{"name":"wp","href":"https:\/\/api.w.org\/{rel}","templated":true}]}}