{"id":29929,"date":"2025-03-06T11:31:43","date_gmt":"2025-03-06T14:31:43","guid":{"rendered":"https:\/\/wp.ufpel.edu.br\/progep\/?page_id=29929"},"modified":"2025-07-04T12:42:59","modified_gmt":"2025-07-04T15:42:59","slug":"auxiliar-de-enfermagem","status":"publish","type":"page","link":"https:\/\/wp.ufpel.edu.br\/progep\/auxiliar-de-enfermagem\/","title":{"rendered":"Cargos TAE: Auxiliar de Enfermagem"},"content":{"rendered":"\n<div class=\"wp-block-group\"><div class=\"wp-block-group__inner-container is-layout-constrained wp-block-group-is-layout-constrained\">\n<div class=\"logoTituloModelStyle\"><img class=\"size-medium wp-image-27184 alignleft\" src=\"https:\/\/wp.ufpel.edu.br\/progep\/files\/2025\/03\/logo-progep_atualizacao-nome_AZUL.png\" alt=\"\" \/><\/p>\n<div><strong>Auxiliar de Enfermagem<\/strong><\/div>\n<\/div>\n<hr class=\"hrModelStyle\" \/>\n<div class=\"descriptionModelStyle\">Esta p\u00e1gina apresenta os dados referentes a carreira dos\/as servidores\/as.<\/div>\n<\/div><\/div>\n\n\n<div class=\"cargoDescriptionStyle\">\n<div class=\"infoCargo\"><span>N\u00edvel de Classifica\u00e7\u00e3o: <strong>C<\/strong><\/span><br \/>\n<span>Denomina\u00e7\u00e3o do cargo:<br \/>\n<strong> Auxiliar de Enfermagem<\/strong><\/span><br \/>\n<span>C\u00f3digo CBO: <strong>3222-30<\/strong><\/span><\/div>\n<div class=\"requisitosCargo\"><span style=\"font-size: 16pt;padding-bottom: 0.5rem\"><strong>Requisitos de Qualifica\u00e7\u00e3o para Ingresso no Cargo<\/strong>:<\/span><br \/>\n<span><strong>Escolaridade<\/strong>: M\u00e9dio Completo + profissionalizante COREN<\/span><br \/>\n<span><strong>Outros<\/strong>: (&#8211;)<\/span><br \/>\n<strong><span>Habilita\u00e7\u00e3o Profissional: <\/span><\/strong><span>Registro no Conselho competente. Decreto n\u00ba 94.406, de 08 de junho 1987 regulamenta a profiss\u00e3o de Auxiliar de Enfermagem.<\/span><\/div>\n<div class=\"descSumaryCargo\"><span style=\"font-size: 16pt;font-weight: bold;padding-bottom: 0.5rem\">Descri\u00e7\u00e3o Sum\u00e1ria do Cargo:<\/span><br \/>\n<span>Prestar assist\u00eancia ao paciente, atuando sob supervis\u00e3o de enfermeiro; trabalhar em conformidade com as boas pr\u00e1ticas, normas e procedimentos de biosseguran\u00e7a. Auxiliar nas atividades de ensino, pesquisa e extens\u00e3o. <\/span><\/div>\n<div class=\"atividadesCargo\"><span style=\"font-size: 16pt;font-weight: bold\">Descri\u00e7\u00e3o de Atividades T\u00edpicas do Cargo:<\/span><br \/>\n<span>\u2022 Preparar o paciente para consultas, exames e tratamentos.<strong><br \/>\n\u2022 Observar, reconhecer e descrever sinais e sintomas, ao n\u00edvel de sua qualifica\u00e7\u00e3o.<br \/>\n<\/strong>\u2022 Executar tratamentos especificamente prescritos, ou de rotina, al\u00e9m de outras atividades de enfermagem, tais como: ministrar medicamentos por via oral e parenteral; realizar controle h\u00eddrico; fazer curativos.<strong><br \/>\n\u2022 Aplicar oxigenoterapia, nebuliza\u00e7\u00e3o, enteroclisma, enema e calor ou frio.<br \/>\n<\/strong>\u2022 Executar tarefas referentes \u00e0 conserva\u00e7\u00e3o e aplica\u00e7\u00e3o de vacinas.<strong><br \/>\n\u2022 Efetuar o controle de pacientes e de comunicantes em doen\u00e7as transmiss\u00edveis.<br \/>\n\u2022<\/strong> Realizar testes e proceder \u00e0 sua leitura, para subs\u00eddio de diagn\u00f3stico.<strong><br \/>\n\u2022 Colher material para exames laboratoriais.<br \/>\n<\/strong>\u2022 Prestar cuidados de enfermagem pr\u00e9 e p\u00f3s-operat\u00f3rios.<strong><br \/>\n\u2022 Circular em sala de cirurgia e, se necess\u00e1rio, instrumentar.<br \/>\n<\/strong>\u2022 Executar atividades de desinfec\u00e7\u00e3o e esteriliza\u00e7\u00e3o.<strong><br \/>\n\u2022 Prestar cuidados de higiene e conforto ao paciente e zelar por sua seguran\u00e7a.<br \/>\n<\/strong>\u2022 Alimentar o paciente ou auxili\u00e1-lo a alimentar-se.<strong><br \/>\n\u2022 Zelar pela limpeza e ordem do material, de equipamentos e de depend\u00eancia de unidades de sa\u00fade.<br \/>\n<\/strong>\u2022 Integrar a equipe de sa\u00fade.<strong><br \/>\n\u2022 Participar de atividades de educa\u00e7\u00e3o em sa\u00fade.<br \/>\n<\/strong>\u2022 Orientar os pacientes na p\u00f3s-consulta, quanto ao cumprimento das prescri\u00e7\u00f5es de enfermagem e m\u00e9dicas.<strong><br \/>\n\u2022 Auxiliar o enfermeiro e o t\u00e9cnico de enfermagem na execu\u00e7\u00e3o dos programas de educa\u00e7\u00e3o para a sa\u00fade.<br \/>\n<\/strong>\u2022 Executar os trabalhos de rotina vinculados \u00e0 alta de pacientes.<strong><br \/>\n\u2022 Participar dos procedimentos p\u00f3s-morte.<br \/>\n<\/strong>\u2022 Utilizar recursos de inform\u00e1tica.<strong><br \/>\n\u2022 Executar outras tarefas de mesma natureza e n\u00edvel de complexidade associadas ao ambiente organizacional.<\/strong><\/span><\/div>\n<\/div>","protected":false},"excerpt":{"rendered":"<p>Auxiliar de Enfermagem Esta p\u00e1gina apresenta os dados referentes a carreira dos\/as servidores\/as. N\u00edvel de Classifica\u00e7\u00e3o: C Denomina\u00e7\u00e3o do cargo: Auxiliar de Enfermagem C\u00f3digo CBO: 3222-30 Requisitos de Qualifica\u00e7\u00e3o para Ingresso no Cargo: Escolaridade: M\u00e9dio Completo + profissionalizante COREN Outros: (&#8211;) Habilita\u00e7\u00e3o Profissional: Registro no Conselho competente. Decreto n\u00ba 94.406, de 08 de junho 1987 [&hellip;]<\/p>\n","protected":false},"author":21,"featured_media":0,"parent":0,"menu_order":0,"comment_status":"closed","ping_status":"closed","template":"","meta":{"footnotes":""},"class_list":["post-29929","page","type-page","status-publish","hentry"],"_links":{"self":[{"href":"https:\/\/wp.ufpel.edu.br\/progep\/wp-json\/wp\/v2\/pages\/29929","targetHints":{"allow":["GET"]}}],"collection":[{"href":"https:\/\/wp.ufpel.edu.br\/progep\/wp-json\/wp\/v2\/pages"}],"about":[{"href":"https:\/\/wp.ufpel.edu.br\/progep\/wp-json\/wp\/v2\/types\/page"}],"author":[{"embeddable":true,"href":"https:\/\/wp.ufpel.edu.br\/progep\/wp-json\/wp\/v2\/users\/21"}],"replies":[{"embeddable":true,"href":"https:\/\/wp.ufpel.edu.br\/progep\/wp-json\/wp\/v2\/comments?post=29929"}],"version-history":[{"count":8,"href":"https:\/\/wp.ufpel.edu.br\/progep\/wp-json\/wp\/v2\/pages\/29929\/revisions"}],"predecessor-version":[{"id":34662,"href":"https:\/\/wp.ufpel.edu.br\/progep\/wp-json\/wp\/v2\/pages\/29929\/revisions\/34662"}],"wp:attachment":[{"href":"https:\/\/wp.ufpel.edu.br\/progep\/wp-json\/wp\/v2\/media?parent=29929"}],"curies":[{"name":"wp","href":"https:\/\/api.w.org\/{rel}","templated":true}]}}