{"id":29924,"date":"2025-03-06T11:26:05","date_gmt":"2025-03-06T14:26:05","guid":{"rendered":"https:\/\/wp.ufpel.edu.br\/progep\/?page_id=29924"},"modified":"2025-07-04T12:43:34","modified_gmt":"2025-07-04T15:43:34","slug":"auxiliar-de-biblioteca","status":"publish","type":"page","link":"https:\/\/wp.ufpel.edu.br\/progep\/auxiliar-de-biblioteca\/","title":{"rendered":"Cargos TAE: Auxiliar de Biblioteca"},"content":{"rendered":"\n<div class=\"wp-block-group\"><div class=\"wp-block-group__inner-container is-layout-constrained wp-block-group-is-layout-constrained\">\n<div class=\"logoTituloModelStyle\"><img class=\"size-medium wp-image-27184 alignleft\" src=\"https:\/\/wp.ufpel.edu.br\/progep\/files\/2025\/03\/logo-progep_atualizacao-nome_AZUL.png\" alt=\"\" \/><\/p>\n<div><strong>Auxiliar de Biblioteca<\/strong><\/div>\n<\/div>\n<hr class=\"hrModelStyle\" \/>\n<div class=\"descriptionModelStyle\">Esta p\u00e1gina apresenta os dados referentes a carreira dos\/as servidores\/as.<\/div>\n<\/div><\/div>\n\n\n<div class=\"cargoDescriptionStyle\">\n<div class=\"infoCargo\"><span>N\u00edvel de Classifica\u00e7\u00e3o: <strong>C<\/strong><\/span><br \/>\n<span>Denomina\u00e7\u00e3o do cargo:<br \/>\n<strong>\u00a0Auxiliar de Biblioteca<\/strong><\/span><br \/>\n<span>C\u00f3digo CBO: <strong>3711-05<\/strong><\/span><\/div>\n<div class=\"requisitosCargo\"><span style=\"font-size: 16pt;padding-bottom: 0.5rem\"><strong>Requisitos de Qualifica\u00e7\u00e3o para Ingresso no Cargo<\/strong>:<\/span><br \/>\n<span><strong>Escolaridade<\/strong>: Fundamental Completo<\/span><br \/>\n<span><strong>Outros<\/strong>: Experi\u00eancia de 12 meses<\/span><br \/>\n<strong><span>Habilita\u00e7\u00e3o Profissional.<\/span><\/strong><\/div>\n<div class=\"descSumaryCargo\"><span style=\"font-size: 16pt;font-weight: bold;padding-bottom: 0.5rem\">Descri\u00e7\u00e3o Sum\u00e1ria do Cargo:<\/span><br \/>\n<span>Atuar no tratamento, recupera\u00e7\u00e3o e dissemina\u00e7\u00e3o da informa\u00e7\u00e3o e executar atividades especializadas e administrativas relacionadas \u00e0 rotina de unidades ou centros de documenta\u00e7\u00e3o ou informa\u00e7\u00e3o, quer no atendimento ao usu\u00e1rio, quer na administra\u00e7\u00e3o do acervo, ou na manuten\u00e7\u00e3o de bancos de dados. Colaborar no controle e na conserva\u00e7\u00e3o de equipamentos. Realizar manuten\u00e7\u00e3o do acervo. Participar de treinamentos e programas de atualiza\u00e7\u00e3o. Auxiliar nas atividades de ensino, pesquisa e extens\u00e3o. Utilizar recursos de inform\u00e1tica.<br \/>\nExecutar outras tarefas de mesma natureza e n\u00edvel de complexidade associadas ao ambiente organizacional. <\/span><\/div>\n<\/div>","protected":false},"excerpt":{"rendered":"<p>Auxiliar de Biblioteca Esta p\u00e1gina apresenta os dados referentes a carreira dos\/as servidores\/as. N\u00edvel de Classifica\u00e7\u00e3o: C Denomina\u00e7\u00e3o do cargo: \u00a0Auxiliar de Biblioteca C\u00f3digo CBO: 3711-05 Requisitos de Qualifica\u00e7\u00e3o para Ingresso no Cargo: Escolaridade: Fundamental Completo Outros: Experi\u00eancia de 12 meses Habilita\u00e7\u00e3o Profissional. Descri\u00e7\u00e3o Sum\u00e1ria do Cargo: Atuar no tratamento, recupera\u00e7\u00e3o e dissemina\u00e7\u00e3o da informa\u00e7\u00e3o [&hellip;]<\/p>\n","protected":false},"author":21,"featured_media":0,"parent":0,"menu_order":0,"comment_status":"closed","ping_status":"closed","template":"","meta":{"footnotes":""},"class_list":["post-29924","page","type-page","status-publish","hentry"],"_links":{"self":[{"href":"https:\/\/wp.ufpel.edu.br\/progep\/wp-json\/wp\/v2\/pages\/29924","targetHints":{"allow":["GET"]}}],"collection":[{"href":"https:\/\/wp.ufpel.edu.br\/progep\/wp-json\/wp\/v2\/pages"}],"about":[{"href":"https:\/\/wp.ufpel.edu.br\/progep\/wp-json\/wp\/v2\/types\/page"}],"author":[{"embeddable":true,"href":"https:\/\/wp.ufpel.edu.br\/progep\/wp-json\/wp\/v2\/users\/21"}],"replies":[{"embeddable":true,"href":"https:\/\/wp.ufpel.edu.br\/progep\/wp-json\/wp\/v2\/comments?post=29924"}],"version-history":[{"count":6,"href":"https:\/\/wp.ufpel.edu.br\/progep\/wp-json\/wp\/v2\/pages\/29924\/revisions"}],"predecessor-version":[{"id":34664,"href":"https:\/\/wp.ufpel.edu.br\/progep\/wp-json\/wp\/v2\/pages\/29924\/revisions\/34664"}],"wp:attachment":[{"href":"https:\/\/wp.ufpel.edu.br\/progep\/wp-json\/wp\/v2\/media?parent=29924"}],"curies":[{"name":"wp","href":"https:\/\/api.w.org\/{rel}","templated":true}]}}