{"id":29921,"date":"2025-03-06T11:23:37","date_gmt":"2025-03-06T14:23:37","guid":{"rendered":"https:\/\/wp.ufpel.edu.br\/progep\/?page_id=29921"},"modified":"2025-07-04T12:44:13","modified_gmt":"2025-07-04T15:44:13","slug":"almoxarife","status":"publish","type":"page","link":"https:\/\/wp.ufpel.edu.br\/progep\/almoxarife\/","title":{"rendered":"Cargos TAE: Almoxarife"},"content":{"rendered":"\n<div class=\"wp-block-group\"><div class=\"wp-block-group__inner-container is-layout-constrained wp-block-group-is-layout-constrained\">\n<div class=\"logoTituloModelStyle\"><img class=\"size-medium wp-image-27184 alignleft\" src=\"https:\/\/wp.ufpel.edu.br\/progep\/files\/2025\/03\/logo-progep_atualizacao-nome_AZUL.png\" alt=\"\" \/><\/p>\n<div><strong>Almoxarife<\/strong><\/div>\n<\/div>\n<hr class=\"hrModelStyle\" \/>\n<div class=\"descriptionModelStyle\">Esta p\u00e1gina apresenta os dados referentes a carreira dos\/as servidores\/as.<\/div>\n<\/div><\/div>\n\n\n<div class=\"cargoDescriptionStyle\">\n<div class=\"infoCargo\"><span>N\u00edvel de Classifica\u00e7\u00e3o: <strong>C<\/strong><\/span><br \/>\n<span>Denomina\u00e7\u00e3o do cargo:<br \/>\n<strong>\u00a0Almoxarife<\/strong><\/span><br \/>\n<span>C\u00f3digo CBO:\u00a0<\/span><\/div>\n<div class=\"requisitosCargo\"><span style=\"font-size: 16pt;padding-bottom: 0.5rem\"><strong>Requisitos de Qualifica\u00e7\u00e3o para Ingresso no Cargo<\/strong>:<\/span><br \/>\n<span><strong>Escolaridade<\/strong>: M\u00e9dio Completo<\/span><br \/>\n<span><strong>Outros<\/strong>: Experi\u00eancia de 06 meses<\/span><br \/>\n<strong><span>Habilita\u00e7\u00e3o Profissional.<\/span><\/strong><\/div>\n<div class=\"descSumaryCargo\"><span style=\"font-size: 16pt;font-weight: bold;padding-bottom: 0.5rem\">Descri\u00e7\u00e3o Sum\u00e1ria do Cargo:<\/span><br \/>\n<span>Organizar e manter o almoxarifado, executar recebimento, estocagem, distribui\u00e7\u00e3o, registro e invent\u00e1rio de mat\u00e9rias-primas e mercadorias adquiridas e confeccionadas na universidade. Utilizar recursos de inform\u00e1tica. Executar outras tarefas de mesma natureza e n\u00edvel de complexidade associadas ao ambiente organizacional. <\/span><\/div>\n<\/div>","protected":false},"excerpt":{"rendered":"<p>Almoxarife Esta p\u00e1gina apresenta os dados referentes a carreira dos\/as servidores\/as. N\u00edvel de Classifica\u00e7\u00e3o: C Denomina\u00e7\u00e3o do cargo: \u00a0Almoxarife C\u00f3digo CBO:\u00a0 Requisitos de Qualifica\u00e7\u00e3o para Ingresso no Cargo: Escolaridade: M\u00e9dio Completo Outros: Experi\u00eancia de 06 meses Habilita\u00e7\u00e3o Profissional. Descri\u00e7\u00e3o Sum\u00e1ria do Cargo: Organizar e manter o almoxarifado, executar recebimento, estocagem, distribui\u00e7\u00e3o, registro e invent\u00e1rio de [&hellip;]<\/p>\n","protected":false},"author":21,"featured_media":0,"parent":0,"menu_order":0,"comment_status":"closed","ping_status":"closed","template":"","meta":{"footnotes":""},"class_list":["post-29921","page","type-page","status-publish","hentry"],"_links":{"self":[{"href":"https:\/\/wp.ufpel.edu.br\/progep\/wp-json\/wp\/v2\/pages\/29921","targetHints":{"allow":["GET"]}}],"collection":[{"href":"https:\/\/wp.ufpel.edu.br\/progep\/wp-json\/wp\/v2\/pages"}],"about":[{"href":"https:\/\/wp.ufpel.edu.br\/progep\/wp-json\/wp\/v2\/types\/page"}],"author":[{"embeddable":true,"href":"https:\/\/wp.ufpel.edu.br\/progep\/wp-json\/wp\/v2\/users\/21"}],"replies":[{"embeddable":true,"href":"https:\/\/wp.ufpel.edu.br\/progep\/wp-json\/wp\/v2\/comments?post=29921"}],"version-history":[{"count":7,"href":"https:\/\/wp.ufpel.edu.br\/progep\/wp-json\/wp\/v2\/pages\/29921\/revisions"}],"predecessor-version":[{"id":34665,"href":"https:\/\/wp.ufpel.edu.br\/progep\/wp-json\/wp\/v2\/pages\/29921\/revisions\/34665"}],"wp:attachment":[{"href":"https:\/\/wp.ufpel.edu.br\/progep\/wp-json\/wp\/v2\/media?parent=29921"}],"curies":[{"name":"wp","href":"https:\/\/api.w.org\/{rel}","templated":true}]}}