{"id":29910,"date":"2025-03-06T11:17:57","date_gmt":"2025-03-06T14:17:57","guid":{"rendered":"https:\/\/wp.ufpel.edu.br\/progep\/?page_id=29910"},"modified":"2025-07-04T12:45:38","modified_gmt":"2025-07-04T15:45:38","slug":"assistente-de-tecnologia-da-informacao","status":"publish","type":"page","link":"https:\/\/wp.ufpel.edu.br\/progep\/assistente-de-tecnologia-da-informacao\/","title":{"rendered":"Cargos TAE: Assistente de Tecnologia da Informa\u00e7\u00e3o"},"content":{"rendered":"\n<div class=\"wp-block-group\"><div class=\"wp-block-group__inner-container is-layout-constrained wp-block-group-is-layout-constrained\">\n<div class=\"logoTituloModelStyle\"><img class=\"size-medium wp-image-27184 alignleft\" src=\"https:\/\/wp.ufpel.edu.br\/progep\/files\/2025\/03\/logo-progep_atualizacao-nome_AZUL.png\" alt=\"\" \/><\/p>\n<div style=\"padding: 2rem 0\"><strong>Assistente de Tecnologia da Informa\u00e7\u00e3o<\/strong><\/div>\n<\/div>\n<hr class=\"hrModelStyle\" \/>\n<div class=\"descriptionModelStyle\">Esta p\u00e1gina apresenta os dados referentes a carreira dos\/as servidores\/as.<\/div>\n<\/div><\/div>\n\n\n<div class=\"cargoDescriptionStyle\">\n<div class=\"infoCargo\"><span>N\u00edvel de Classifica\u00e7\u00e3o: <strong>C<\/strong><\/span><br \/>\n<span>Denomina\u00e7\u00e3o do cargo:<br \/>\n<strong>\u00a0Assistente de Tecnologia da Informa\u00e7\u00e3o<\/strong><\/span><br \/>\n<span>C\u00f3digo CBO:\u00a0<\/span><\/div>\n<div class=\"requisitosCargo\"><span style=\"font-size: 16pt;padding-bottom: 0.5rem\"><strong>Requisitos de Qualifica\u00e7\u00e3o para Ingresso no Cargo<\/strong>:<\/span><br \/>\n<span><strong>Escolaridade<\/strong>: M\u00e9dio Completo<\/span><br \/>\n<span><strong>Outros<\/strong>: Experi\u00eancia de 06 meses<\/span><br \/>\n<strong><span>Habilita\u00e7\u00e3o Profissional.<\/span><\/strong><\/div>\n<div class=\"descSumaryCargo\"><span style=\"font-size: 16pt;font-weight: bold;padding-bottom: 0.5rem\">Descri\u00e7\u00e3o Sum\u00e1ria do Cargo:<\/span><br \/>\n<span>Auxiliar o (analista de tecnologia da informa\u00e7\u00e3o) (operador de processamento de dados) dando-lhe condi\u00e7\u00f5es para processar o programa. Auxiliar nas atividades de ensino, pesquisa e extens\u00e3o. Executar e controlar projetos de sistemas de informa\u00e7\u00e3o; planejar e pesquisar novas t\u00e9cnicas e metodologias na sua \u00e1rea de atua\u00e7\u00e3o; desenvolver, testar, implantar, documentar e manter programas de computador; utilizar aplicativos de apoio \u00e0 atividade administrativa; avaliar a performance de sistemas de informa\u00e7\u00e3o; implantar, manter e operar infra-estrutura e servi\u00e7os de redes de comunica\u00e7\u00e3o; configurar e executar manuten\u00e7\u00f5es corretivas e preventivas de software, hardware e infra-estrutura de rede; realizar vistoria, per\u00edcia, laudo e parecer t\u00e9cnico em sua \u00e1rea de atua\u00e7\u00e3o; instalar e administrar sistemas operacionais e aplicativos; elaborar, orientar e participar de programas de capacita\u00e7\u00e3o na \u00e1rea; garantir a execu\u00e7\u00e3o das pol\u00edticas de seguran\u00e7a e uso aceit\u00e1vel para os recursos computacionais; prestar assist\u00eancia t\u00e9cnica na utiliza\u00e7\u00e3o de recursos de inform\u00e1tica; atender e apoiar o usu\u00e1rio na instala\u00e7\u00e3o de software, configura\u00e7\u00e3o de equipamentos e uso dos recursos da informa\u00e7\u00e3o; efetuar c\u00f3pias de seguran\u00e7a;Auxiliar nas atividades de ensino, pesquisa e extens\u00e3o.<br \/>\nExecutar outras tarefas de mesma natureza e n\u00edvel de complexidade associadas ao ambiente organizacional. <\/span><\/div>\n<\/div>","protected":false},"excerpt":{"rendered":"<p>Assistente de Tecnologia da Informa\u00e7\u00e3o Esta p\u00e1gina apresenta os dados referentes a carreira dos\/as servidores\/as. N\u00edvel de Classifica\u00e7\u00e3o: C Denomina\u00e7\u00e3o do cargo: \u00a0Assistente de Tecnologia da Informa\u00e7\u00e3o C\u00f3digo CBO:\u00a0 Requisitos de Qualifica\u00e7\u00e3o para Ingresso no Cargo: Escolaridade: M\u00e9dio Completo Outros: Experi\u00eancia de 06 meses Habilita\u00e7\u00e3o Profissional. Descri\u00e7\u00e3o Sum\u00e1ria do Cargo: Auxiliar o (analista de tecnologia [&hellip;]<\/p>\n","protected":false},"author":21,"featured_media":0,"parent":0,"menu_order":0,"comment_status":"closed","ping_status":"closed","template":"","meta":{"footnotes":""},"class_list":["post-29910","page","type-page","status-publish","hentry"],"_links":{"self":[{"href":"https:\/\/wp.ufpel.edu.br\/progep\/wp-json\/wp\/v2\/pages\/29910","targetHints":{"allow":["GET"]}}],"collection":[{"href":"https:\/\/wp.ufpel.edu.br\/progep\/wp-json\/wp\/v2\/pages"}],"about":[{"href":"https:\/\/wp.ufpel.edu.br\/progep\/wp-json\/wp\/v2\/types\/page"}],"author":[{"embeddable":true,"href":"https:\/\/wp.ufpel.edu.br\/progep\/wp-json\/wp\/v2\/users\/21"}],"replies":[{"embeddable":true,"href":"https:\/\/wp.ufpel.edu.br\/progep\/wp-json\/wp\/v2\/comments?post=29910"}],"version-history":[{"count":10,"href":"https:\/\/wp.ufpel.edu.br\/progep\/wp-json\/wp\/v2\/pages\/29910\/revisions"}],"predecessor-version":[{"id":34524,"href":"https:\/\/wp.ufpel.edu.br\/progep\/wp-json\/wp\/v2\/pages\/29910\/revisions\/34524"}],"wp:attachment":[{"href":"https:\/\/wp.ufpel.edu.br\/progep\/wp-json\/wp\/v2\/media?parent=29910"}],"curies":[{"name":"wp","href":"https:\/\/api.w.org\/{rel}","templated":true}]}}