{"id":29902,"date":"2025-03-06T11:08:32","date_gmt":"2025-03-06T14:08:32","guid":{"rendered":"https:\/\/wp.ufpel.edu.br\/progep\/?page_id=29902"},"modified":"2026-01-22T15:57:21","modified_gmt":"2026-01-22T18:57:21","slug":"administrador-de-edificios","status":"publish","type":"page","link":"https:\/\/wp.ufpel.edu.br\/progep\/administrador-de-edificios\/","title":{"rendered":"Cargos TAE: Administrador de Edif\u00edcios"},"content":{"rendered":"\n<div class=\"wp-block-group\"><div class=\"wp-block-group__inner-container is-layout-constrained wp-block-group-is-layout-constrained\">\n<div class=\"logoTituloModelStyle\"><img class=\"size-medium wp-image-27184 alignleft\" src=\"https:\/\/wp.ufpel.edu.br\/progep\/files\/2025\/03\/logo-progep_atualizacao-nome_AZUL.png\" alt=\"\" \/>\n<div><strong>Administrador de Edif\u00edcios<\/strong><\/div>\n<\/div>\n<hr class=\"hrModelStyle\" \/>\n<div class=\"descriptionModelStyle\">Esta p\u00e1gina apresenta os dados referentes a carreira dos\/as servidores\/as.<\/div>\n<\/div><\/div>\n\n\n<div class=\"cargoDescriptionStyle\">\n<div class=\"infoCargo\">N\u00edvel de Classifica\u00e7\u00e3o: <strong>C<\/strong><br \/>Denomina\u00e7\u00e3o do cargo:<br \/><strong>\u00a0Administrador de Edif\u00edcios<\/strong><br \/>C\u00f3digo CBO: <strong>5101-10<\/strong><\/div>\n<div class=\"requisitosCargo\"><span style=\"font-size: 16pt;padding-bottom: 0.5rem\"><strong>Requisitos de Qualifica\u00e7\u00e3o para Ingresso no Cargo<\/strong>:<\/span><br \/><strong>Escolaridade<\/strong>: M\u00e9dio Completo<br \/><strong>Outros<\/strong>: (&#8211;)<br \/><strong>Habilita\u00e7\u00e3o Profissional.<\/strong><\/div>\n<div class=\"descSumaryCargo\"><span style=\"font-size: 16pt;font-weight: bold;padding-bottom: 0.5rem\">Descri\u00e7\u00e3o Sum\u00e1ria do Cargo:<\/span><br \/>\nAdministrar edif\u00edcios organizando, acompanhando e controlando os servi\u00e7os de manuten\u00e7\u00e3o, limpeza e recupera\u00e7\u00e3o para mant\u00ea-los dentro dos padr\u00f5es de ordem, higiene e seguran\u00e7a; avaliar o desempenho de funcion\u00e1rios, a execu\u00e7\u00e3o de servi\u00e7os e relat\u00f3rios de opera\u00e7\u00e3o e de avalia\u00e7\u00e3o e verificar manuten\u00e7\u00e3o de instala\u00e7\u00f5es, equipamentos e utens\u00edlios.<br \/>\n<strong> Planejar rotinas de trabalho em administra\u00e7\u00e3o de edif\u00edcios<\/strong>.<br \/>\n<strong>Coordenar equipe de trabalho.<\/strong><br \/>\nVerificar manuten\u00e7\u00e3o de instala\u00e7\u00f5es, equipamento e utens\u00edlios.<br \/>\n<strong>Manter as atividades necess\u00e1rias \u00e0 preserva\u00e7\u00e3o de jardins e \u00e1reas verdes em torno dos pr\u00e9dios.<\/strong><br \/>\nRealizar pequenos reparos relacionados \u00e0 manuten\u00e7\u00e3o hidr\u00e1ulica e el\u00e9trica das edifica\u00e7\u00f5es.<br \/>\n<strong> Auxiliar nas atividades de ensino, pesquisa e extens\u00e3o.<\/strong><br \/>\nUtilizar recursos de inform\u00e1tica. Executar outras tarefas de mesma natureza e n\u00edvel de complexidade associadas ao ambiente organizacional.<\/div>\n<\/div>","protected":false},"excerpt":{"rendered":"<p>Administrador de Edif\u00edcios Esta p\u00e1gina apresenta os dados referentes a carreira dos\/as servidores\/as. N\u00edvel de Classifica\u00e7\u00e3o: CDenomina\u00e7\u00e3o do cargo:\u00a0Administrador de Edif\u00edciosC\u00f3digo CBO: 5101-10 Requisitos de Qualifica\u00e7\u00e3o para Ingresso no Cargo:Escolaridade: M\u00e9dio CompletoOutros: (&#8211;)Habilita\u00e7\u00e3o Profissional. Descri\u00e7\u00e3o Sum\u00e1ria do Cargo: Administrar edif\u00edcios organizando, acompanhando e controlando os servi\u00e7os de manuten\u00e7\u00e3o, limpeza e recupera\u00e7\u00e3o para mant\u00ea-los dentro dos [&hellip;]<\/p>\n","protected":false},"author":21,"featured_media":0,"parent":0,"menu_order":0,"comment_status":"closed","ping_status":"closed","template":"","meta":{"footnotes":""},"class_list":["post-29902","page","type-page","status-publish","hentry"],"_links":{"self":[{"href":"https:\/\/wp.ufpel.edu.br\/progep\/wp-json\/wp\/v2\/pages\/29902","targetHints":{"allow":["GET"]}}],"collection":[{"href":"https:\/\/wp.ufpel.edu.br\/progep\/wp-json\/wp\/v2\/pages"}],"about":[{"href":"https:\/\/wp.ufpel.edu.br\/progep\/wp-json\/wp\/v2\/types\/page"}],"author":[{"embeddable":true,"href":"https:\/\/wp.ufpel.edu.br\/progep\/wp-json\/wp\/v2\/users\/21"}],"replies":[{"embeddable":true,"href":"https:\/\/wp.ufpel.edu.br\/progep\/wp-json\/wp\/v2\/comments?post=29902"}],"version-history":[{"count":4,"href":"https:\/\/wp.ufpel.edu.br\/progep\/wp-json\/wp\/v2\/pages\/29902\/revisions"}],"predecessor-version":[{"id":40247,"href":"https:\/\/wp.ufpel.edu.br\/progep\/wp-json\/wp\/v2\/pages\/29902\/revisions\/40247"}],"wp:attachment":[{"href":"https:\/\/wp.ufpel.edu.br\/progep\/wp-json\/wp\/v2\/media?parent=29902"}],"curies":[{"name":"wp","href":"https:\/\/api.w.org\/{rel}","templated":true}]}}