{"id":29879,"date":"2025-03-06T10:09:02","date_gmt":"2025-03-06T13:09:02","guid":{"rendered":"https:\/\/wp.ufpel.edu.br\/progep\/?page_id=29879"},"modified":"2025-07-04T13:01:35","modified_gmt":"2025-07-04T16:01:35","slug":"tecnico-em-saneamento","status":"publish","type":"page","link":"https:\/\/wp.ufpel.edu.br\/progep\/tecnico-em-saneamento\/","title":{"rendered":"Cargos TAE: T\u00e9cnico em Saneamento"},"content":{"rendered":"\n<div class=\"wp-block-group\"><div class=\"wp-block-group__inner-container is-layout-constrained wp-block-group-is-layout-constrained\">\n<div class=\"logoTituloModelStyle\"><img class=\"size-medium wp-image-27184 alignleft\" src=\"https:\/\/wp.ufpel.edu.br\/progep\/files\/2025\/03\/logo-progep_atualizacao-nome_AZUL.png\" alt=\"\" \/><\/p>\n<div><strong>T\u00e9cnico em Saneamento<\/strong><\/div>\n<\/div>\n<hr class=\"hrModelStyle\" \/>\n<div class=\"descriptionModelStyle\">Esta p\u00e1gina apresenta os dados referentes a carreira dos\/as servidores\/as.<\/div>\n<\/div><\/div>\n\n\n<div class=\"cargoDescriptionStyle\">\n<div class=\"infoCargo\">N\u00edvel de Classifica\u00e7\u00e3o:\u00a0<strong>D<\/strong><br \/>\nDenomina\u00e7\u00e3o do cargo:<br \/>\n<strong>\u00a0T\u00e9cnico em Saneamento<\/strong><br \/>\nC\u00f3digo CBO: <strong>3122-10<\/strong><\/div>\n<div class=\"requisitosCargo\"><span style=\"font-size: 16pt;padding-bottom: 0.5rem\"><strong>Requisitos de Qualifica\u00e7\u00e3o para Ingresso no Cargo<\/strong>:<\/span><br \/>\n<strong>Escolaridade<\/strong>: M\u00e9dio Profissionalizante ou M\u00e9dio Completo + Curso T\u00e9cnico<br \/>\n<strong>Outros<\/strong>: (&#8211;)<br \/>\n<strong>Habilita\u00e7\u00e3o Profissional: <\/span><\/strong>Registro no Conselho competente \u2013 Resolu\u00e7\u00e3o n\u00ba 262, de 28 de julho de 1979 \u2013 CONFEA.<\/div>\n<div class=\"descSumaryCargo\"><span style=\"font-size: 16pt;font-weight: bold;padding-bottom: 0.5rem\">Descri\u00e7\u00e3o Sum\u00e1ria do Cargo:<\/span><br \/>\nPlanejar a execu\u00e7\u00e3o do trabalho e supervisionar equipes de trabalhadores de constru\u00e7\u00e3o de obras de infra-estrutura. Auxiliar engenheiros no desenvolvimento de projetos, no levantamento e tabula\u00e7\u00e3o de dados e na vistoria t\u00e9cnica.<br \/>\nAssessorar nas atividades de ensino, pesquisa e extens\u00e3o. <\/div>\n<div class=\"atividadesCargo\"><span style=\"font-size: 16pt;font-weight: bold\">Descri\u00e7\u00e3o de Atividades T\u00edpicas do Cargo:<\/span><br \/>\n<strong>\u2022 Planejar o trabalho:<br \/>\n<\/strong>Dimensionar recursos (humanos, materiais e equipamentos); especificar materiais; programar a execu\u00e7\u00e3o dos servi\u00e7os; elaborar cronograma; preparar o local de trabalho; requisitar materiais.<strong><br \/>\n\u2022 Supervisionar equipes:<br \/>\n<\/strong>Programar os servi\u00e7os; elaborar escalas de hor\u00e1rios de trabalho; treinar equipes; verificar a utiliza\u00e7\u00e3o de equipamentos de prote\u00e7\u00e3o; contatar \u00f3rg\u00e3os municipais, estaduais ou federais para possibilitar a execu\u00e7\u00e3o do trabalho; fiscalizar aplica\u00e7\u00e3o de normas e regulamentos; supervisionar o cumprimento de tarefas.<strong><br \/>\n\u2022 Fazer levantamento e tabula\u00e7\u00e3o de dados:<br \/>\n<\/strong>Fazer vistoria t\u00e9cnica; planejar a forma de obten\u00e7\u00e3o dos dados; instalar equipamentos para coleta de dados; elaborar croqui; analisar dados coletados.<strong><br \/>\n\u2022 Desenvolver projetos de infra-estrutura:<br \/>\n<\/strong>Efetuar levantamento topogr\u00e1fico; elaborar anteprojeto; empregar normas t\u00e9cnicas; elaborar projetos de infra-estrutura; solicitar projetos complementares; discutir o projeto; fiscalizar a elabora\u00e7\u00e3o e an\u00e1lise final de projetos terceirizados; compatibilizar poss\u00edveis interfer\u00eancias de projetos; revisar os projetos; detalhar o projeto; submeter o projeto \u00e0 aprova\u00e7\u00e3o; elaborar memorial descritivo; pesquisar novas tecnologias.<strong><br \/>\n\u2022 Estruturar coleta de res\u00edduos s\u00f3lidos:<br \/>\n<\/strong>Diagnosticar a realidade do local; Identificar as caracter\u00edsticas dos res\u00edduos; elaborar roteiro de coleta e, ou varri\u00e7\u00e3o; aprovar roteiro de coleta; planejar campanhas educativas para coleta de res\u00edduos s\u00f3lidos; supervisionar campanha educativa; Implantar roteiros de coleta e, ou varri\u00e7\u00e3o; ajustar modifica\u00e7\u00f5es nos roteiros; emitir relat\u00f3rio final; controlar par\u00e2metros desejados.<strong><br \/>\n\u2022 Or\u00e7ar obras:<br \/>\n<\/strong>Analisar contrato de obras; levantar dados quantitativos de projetos; elaborar composi\u00e7\u00f5es unit\u00e1rias; elaborar mem\u00f3ria de c\u00e1lculo; elaborar planilhas de custos diretos e indiretos;cotar insumos e servi\u00e7os; elaborar cronograma f\u00edsico-financeiro.<strong><br \/>\n\u2022 Realizar vistorias t\u00e9cnicas:<br \/>\n<\/strong>Analisar origem das solicita\u00e7\u00f5es; verificar tipo de vistoria; identificar poss\u00edveis causas do pro-blema; elaborar registro do problema (croqui, fotografias, filmagens e medi\u00e7\u00f5es); propor solu\u00e7\u00f5es para resolu\u00e7\u00e3o de problemas; emitir parecer t\u00e9cnico.<strong><br \/>\n\u2022 Preservar o meio ambiente:<br \/>\n<\/strong>Montar banco de dados com as informa\u00e7\u00f5es de solos e bacias hidrogr\u00e1ficas; efetuar vistorias e per\u00edcias t\u00e9cnicas circundantes ao ecossistema local; coletar dados referentes \u00e0 fauna e flora; identificar fontes de polui\u00e7\u00e3o; respeitar normas, leis e decretos ambientais; supervisionar servi\u00e7os de recupera\u00e7\u00e3o de \u00e1reas degradadas; elaborar planta cadastral da regi\u00e3o; sugerir formas de minimiza\u00e7\u00e3o de impactos ambientais; instruir equipes de trabalho para a preserva\u00e7\u00e3o do meio ambiente; implantar projetos de reflorestamento e recupera\u00e7\u00e3o de matas partici-par da elabora\u00e7\u00e3o de planos de seguran\u00e7a das \u00e1reas de mananciais; estruturar campanhas de preven\u00e7\u00e3o e combate a inc\u00eandios; propor a\u00e7\u00f5es preventivas; aplicar a\u00e7\u00f5es corretivas.<strong><br \/>\n\u2022 Realizar trabalhos em laborat\u00f3rio:<br \/>\n<\/strong>Coletar amostras; preparar ensaios; preparar amostras de acordo com as especifica\u00e7\u00f5es; realizar ensaios; calcular ensaios; elaborar planilhas dos ensaios realizados; elaborar relat\u00f3rios; controlar a qualidade dos produtos e servi\u00e7os.<strong><br \/>\n\u2022 Realizar compras de materiais e equipamentos:<br \/>\n<\/strong>Especificar materiais e equipamentos; codificar materiais e, ou equipamentos; realizar inspe\u00e7\u00f5es t\u00e9cnicas de materiais e, ou equipamentos; contatar fornecedores e, ou usu\u00e1rios; avaliar perfil de fornecedores e, ou usu\u00e1rios; cadastrar fornecedores e, ou usu\u00e1rios; realizar demonstra\u00e7\u00e3o t\u00e9cnica do produto; realizar visitas t\u00e9cnicas junto a fornecedores e, ou usu\u00e1rios; participar do desenvolvimento de materiais e produtos alternativos; negociar propostas; emitir ordem de compra; emitir relat\u00f3rio de viabilidade t\u00e9cnico-financeira.<strong><br \/>\n\u2022 Padronizar procedimentos t\u00e9cnicos:<br \/>\n<\/strong>Fixar par\u00e2metros t\u00e9cnicos; identificar procedimentos t\u00e9cnicos; participar da elabora\u00e7\u00e3o e revis\u00e3o das normas e procedimentos; participar da montagem e revis\u00e3o de manuais t\u00e9cnicos; gerenciar arquivo t\u00e9cnico; participar do desenvolvimento das normas e procedimentos.<strong><br \/>\n\u2022 Utilizar recursos de inform\u00e1tica.<br \/>\n\u2022 Trabalhar de acordo com normas de higiene, sa\u00fade e seguran\u00e7a no trabalho.<br \/>\n\u2022Executar outras tarefas de mesma natureza e n\u00edvel de complexidade associadas ao ambiente organizacional.<\/strong><\/div>\n<\/div>","protected":false},"excerpt":{"rendered":"<p>T\u00e9cnico em Saneamento Esta p\u00e1gina apresenta os dados referentes a carreira dos\/as servidores\/as. N\u00edvel de Classifica\u00e7\u00e3o:\u00a0D Denomina\u00e7\u00e3o do cargo: \u00a0T\u00e9cnico em Saneamento C\u00f3digo CBO: 3122-10 Requisitos de Qualifica\u00e7\u00e3o para Ingresso no Cargo: Escolaridade: M\u00e9dio Profissionalizante ou M\u00e9dio Completo + Curso T\u00e9cnico Outros: (&#8211;) Habilita\u00e7\u00e3o Profissional: Registro no Conselho competente \u2013 Resolu\u00e7\u00e3o n\u00ba 262, de 28 [&hellip;]<\/p>\n","protected":false},"author":21,"featured_media":0,"parent":0,"menu_order":0,"comment_status":"closed","ping_status":"closed","template":"","meta":{"footnotes":""},"class_list":["post-29879","page","type-page","status-publish","hentry"],"_links":{"self":[{"href":"https:\/\/wp.ufpel.edu.br\/progep\/wp-json\/wp\/v2\/pages\/29879","targetHints":{"allow":["GET"]}}],"collection":[{"href":"https:\/\/wp.ufpel.edu.br\/progep\/wp-json\/wp\/v2\/pages"}],"about":[{"href":"https:\/\/wp.ufpel.edu.br\/progep\/wp-json\/wp\/v2\/types\/page"}],"author":[{"embeddable":true,"href":"https:\/\/wp.ufpel.edu.br\/progep\/wp-json\/wp\/v2\/users\/21"}],"replies":[{"embeddable":true,"href":"https:\/\/wp.ufpel.edu.br\/progep\/wp-json\/wp\/v2\/comments?post=29879"}],"version-history":[{"count":5,"href":"https:\/\/wp.ufpel.edu.br\/progep\/wp-json\/wp\/v2\/pages\/29879\/revisions"}],"predecessor-version":[{"id":34710,"href":"https:\/\/wp.ufpel.edu.br\/progep\/wp-json\/wp\/v2\/pages\/29879\/revisions\/34710"}],"wp:attachment":[{"href":"https:\/\/wp.ufpel.edu.br\/progep\/wp-json\/wp\/v2\/media?parent=29879"}],"curies":[{"name":"wp","href":"https:\/\/api.w.org\/{rel}","templated":true}]}}