{"id":29849,"date":"2025-03-06T09:21:51","date_gmt":"2025-03-06T12:21:51","guid":{"rendered":"https:\/\/wp.ufpel.edu.br\/progep\/?page_id=29849"},"modified":"2025-07-28T14:18:02","modified_gmt":"2025-07-28T17:18:02","slug":"tecnico-em-protese-dentaria","status":"publish","type":"page","link":"https:\/\/wp.ufpel.edu.br\/progep\/tecnico-em-protese-dentaria\/","title":{"rendered":"Cargos TAE: T\u00e9cnico em Pr\u00f3tese Dent\u00e1ria"},"content":{"rendered":"\n<div class=\"wp-block-group\"><div class=\"wp-block-group__inner-container is-layout-constrained wp-block-group-is-layout-constrained\">\n<div class=\"logoTituloModelStyle\"><img class=\"size-medium wp-image-27184 alignleft\" src=\"https:\/\/wp.ufpel.edu.br\/progep\/files\/2025\/03\/logo-progep_atualizacao-nome_AZUL.png\" alt=\"\" \/><\/p>\n<div style=\"padding: 2rem 0\"><strong>T\u00e9cnico em Pr\u00f3tese Dent\u00e1ria<\/strong><\/div>\n<\/div>\n<hr class=\"hrModelStyle\" \/>\n<div class=\"descriptionModelStyle\">Esta p\u00e1gina apresenta os dados referentes a carreira dos\/as servidores\/as.<\/div>\n<\/div><\/div>\n\n\n<div class=\"cargoDescriptionStyle\">\n<div class=\"infoCargo\">N\u00edvel de Classifica\u00e7\u00e3o:\u00a0<strong>D<\/strong><br \/>\nDenomina\u00e7\u00e3o do cargo:<br \/>\n<strong>\u00a0T\u00e9cnico em Pr\u00f3tese Dent\u00e1ria<\/strong><br \/>\nC\u00f3digo CBO: <strong>3224 &#8211; 10<\/strong><\/div>\n<div class=\"requisitosCargo\"><span style=\"font-size: 16pt;padding-bottom: 0.5rem\"><strong>Requisitos de Qualifica\u00e7\u00e3o para Ingresso no Cargo<\/strong>:<\/span><br \/>\n<strong>Escolaridade<\/strong>: M\u00e9dio Profissionalizante ou M\u00e9dio Completo + Curso T\u00e9cnico<br \/>\n<strong>Outros<\/strong>:<strong> (&#8211;)<\/strong><br \/>\n<strong>Habilita\u00e7\u00e3o Profissional: <\/strong>Registro no Conselho competente. Lei n\u00ba 6.710, de 05 de novembro de 1979 &#8211; Disp\u00f5e sobre a profiss\u00e3o de T\u00e9cnico em pr\u00f3tese Dent\u00e1ria e determina outras providencias. &#8211; Decreto n\u00ba 87.689, de 11 de outubro de 1982 &#8211; Regulamenta a Lei n\u00ba 6.710\/79.<\/div>\n<div class=\"descSumaryCargo\"><span style=\"font-size: 16pt;font-weight: bold;padding-bottom: 0.5rem\">Descri\u00e7\u00e3o Sum\u00e1ria do Cargo:<\/span><br \/>\nPlanejam o trabalho t\u00e9cnico-odontol\u00f3gico, de n\u00edvel m\u00e9dio, em consult\u00f3rios, cl\u00ednicas, laborat\u00f3rios de pr\u00f3tese e em \u00f3rg\u00e3os p\u00fablicos de sa\u00fade. Previnem doen\u00e7a bucal participando de projetos educativos e de orienta\u00e7\u00e3o de higiene bucal. Confeccionam e reparam pr\u00f3teses dent\u00e1rias humanas, animais e art\u00edsticas. Executam procedimentos odontol\u00f3gicos sob supervis\u00e3o do cirurgi\u00e3o dentista. Administram pessoal e recursos financeiros e materiais.<br \/>\nMobilizam capacidades de comunica\u00e7\u00e3o em palestras, orienta\u00e7\u00f5es e discuss\u00f5es t\u00e9cnicas. As atividades s\u00e3o exercidas conforme normas e procedimentos t\u00e9cnicos e de biosseguran\u00e7a.<br \/>\nAssessorar nas atividades de ensino, pesquisa e extens\u00e3o.<\/div>\n<div class=\"atividadesCargo\"><span style=\"font-size: 16pt;font-weight: bold\">Descri\u00e7\u00e3o de Atividades T\u00edpicas do Cargo:<\/span><br \/>\n<strong>\u2022 Planejar o trabalho t\u00e9cnico-odontol\u00f3gico:<\/strong><br \/>\nElaborar projetos para a sa\u00fade bucal; interpretar informa\u00e7\u00f5es t\u00e9cnicas; preparar equipamen-tos e instrumental para o uso; sugerir ao cliente op\u00e7\u00f5es de materiais de higiene bucal e ou tipos de pr\u00f3tese; obter modelo de estudo; confeccionar enceramento diagn\u00f3stico; estimar prazos.<br \/>\n<strong>\u2022 Prevenir doen\u00e7a bucal:<\/strong><br \/>\nExecutar projetos educativos.<br \/>\n<strong>\u2022 Confeccionar pr\u00f3teses dent\u00e1rias humanas, animais e art\u00edsticas:<\/strong><br \/>\nConfeccionar o modelo de trabalho; avaliar modelos e preparos dos dentes; delinear a pr\u00f3tese remov\u00edvel de v\u00e1rios tipos; confeccionar moldeiras e ou provis\u00f3rios; confeccionar base de prova; escolher a cor da pr\u00f3tese, direto com o paciente; definir forma e tamanho do(s) dente(s); montar dentes; esculpir anatomia dental e ceroplastia gengiva; preparar grampos e molas; posicionar expansores; confeccionar estruturas met\u00e1licas; soldar estrutura met\u00e1lica; usinar estruturas met\u00e1licas; confeccionar estruturas cer\u00e2micas e de resina; restaurar dentes; ajustar tecnicamente a pr\u00f3tese no articulador; dar acabamento e polimento em pr\u00f3teses.<br \/>\n\u2022<strong> Executar procedimentos odontol\u00f3gicos sob supervis\u00e3o:<\/strong><br \/>\nAvaliar resultados: est\u00e9tico, t\u00e9cnico e funcional; condensar materiais; esculpir materiais ; polir dentes e restaura\u00e7\u00f5es;\u00a0 verificar resultado dos procedimentos; consertar pr\u00f3teses.<br \/>\n<strong>\u2022 Administrar recursos:<\/strong><br \/>\nControlar estoque de material e instrumental.<br \/>\n\u2022<strong> Trabalhar com seguran\u00e7a:<\/strong><br \/>\nUsar equipamentos de prote\u00e7\u00e3o individual (EPI); fazer assepsia da sala e ou equipamentos; desinfectar instrumental e ou moldagens; tomar vacinas; precaver-se contra efeitos adversos<br \/>\ndos produtos; providenciar medi\u00e7\u00f5es (luz, ru\u00eddo, circula\u00e7\u00e3o de ar); providenciar o acondicio-namento e destino do lixo; seguir padr\u00f5es ergon\u00f4micos; cumprir normas complementares de<br \/>\nbiosseguran\u00e7a e seguran\u00e7a.<br \/>\n<strong>\u2022 Comunicar-se:<\/strong><br \/>\nMinistrar palestras educativas; discutir t\u00e9cnicas de execu\u00e7\u00e3o de trabalho; registrar informa-\u00e7\u00f5es t\u00e9cnicas; informar m\u00e9todos de trabalho; instruir na instala\u00e7\u00e3o e higieniza\u00e7\u00e3o de pr\u00f3teses dent\u00e1rias.<br \/>\n<strong>\u2022 Executar outras tarefas de mesma natureza e n\u00edvel de complexidade associadas ao ambiente organizacional.<\/strong><br \/>\n<\/div>\n<\/div>","protected":false},"excerpt":{"rendered":"<p>T\u00e9cnico em Pr\u00f3tese Dent\u00e1ria Esta p\u00e1gina apresenta os dados referentes a carreira dos\/as servidores\/as. N\u00edvel de Classifica\u00e7\u00e3o:\u00a0D Denomina\u00e7\u00e3o do cargo: \u00a0T\u00e9cnico em Pr\u00f3tese Dent\u00e1ria C\u00f3digo CBO: 3224 &#8211; 10 Requisitos de Qualifica\u00e7\u00e3o para Ingresso no Cargo: Escolaridade: M\u00e9dio Profissionalizante ou M\u00e9dio Completo + Curso T\u00e9cnico Outros: (&#8211;) Habilita\u00e7\u00e3o Profissional: Registro no Conselho competente. Lei n\u00ba [&hellip;]<\/p>\n","protected":false},"author":21,"featured_media":0,"parent":0,"menu_order":0,"comment_status":"closed","ping_status":"closed","template":"","meta":{"footnotes":""},"class_list":["post-29849","page","type-page","status-publish","hentry"],"_links":{"self":[{"href":"https:\/\/wp.ufpel.edu.br\/progep\/wp-json\/wp\/v2\/pages\/29849","targetHints":{"allow":["GET"]}}],"collection":[{"href":"https:\/\/wp.ufpel.edu.br\/progep\/wp-json\/wp\/v2\/pages"}],"about":[{"href":"https:\/\/wp.ufpel.edu.br\/progep\/wp-json\/wp\/v2\/types\/page"}],"author":[{"embeddable":true,"href":"https:\/\/wp.ufpel.edu.br\/progep\/wp-json\/wp\/v2\/users\/21"}],"replies":[{"embeddable":true,"href":"https:\/\/wp.ufpel.edu.br\/progep\/wp-json\/wp\/v2\/comments?post=29849"}],"version-history":[{"count":8,"href":"https:\/\/wp.ufpel.edu.br\/progep\/wp-json\/wp\/v2\/pages\/29849\/revisions"}],"predecessor-version":[{"id":35546,"href":"https:\/\/wp.ufpel.edu.br\/progep\/wp-json\/wp\/v2\/pages\/29849\/revisions\/35546"}],"wp:attachment":[{"href":"https:\/\/wp.ufpel.edu.br\/progep\/wp-json\/wp\/v2\/media?parent=29849"}],"curies":[{"name":"wp","href":"https:\/\/api.w.org\/{rel}","templated":true}]}}