{"id":29831,"date":"2025-03-05T14:46:55","date_gmt":"2025-03-05T17:46:55","guid":{"rendered":"https:\/\/wp.ufpel.edu.br\/progep\/?page_id=29831"},"modified":"2025-07-04T12:56:31","modified_gmt":"2025-07-04T15:56:31","slug":"tecnico-em-musica","status":"publish","type":"page","link":"https:\/\/wp.ufpel.edu.br\/progep\/tecnico-em-musica\/","title":{"rendered":"Cargos TAE: T\u00e9cnico em M\u00fasica"},"content":{"rendered":"\n<div class=\"wp-block-group\"><div class=\"wp-block-group__inner-container is-layout-constrained wp-block-group-is-layout-constrained\">\n<div class=\"logoTituloModelStyle\"><img class=\"size-medium wp-image-27184 alignleft\" src=\"https:\/\/wp.ufpel.edu.br\/progep\/files\/2025\/03\/logo-progep_atualizacao-nome_AZUL.png\" alt=\"\" \/><\/p>\n<div><strong>T\u00e9cnico em M\u00fasica<\/strong><\/div>\n<\/div>\n<hr class=\"hrModelStyle\" \/>\n<div class=\"descriptionModelStyle\">Esta p\u00e1gina apresenta os dados referentes a carreira dos\/as servidores\/as.<\/div>\n<\/div><\/div>\n\n\n<div class=\"cargoDescriptionStyle\">\n<div class=\"infoCargo\">N\u00edvel de Classifica\u00e7\u00e3o:\u00a0<strong>D<\/strong><br \/>\nDenomina\u00e7\u00e3o do cargo:<br \/>\n<strong>\u00a0T\u00e9cnico em M\u00fasica<\/strong><br \/>\nC\u00f3digo CBO: <strong>4110-10<\/strong><\/div>\n<div class=\"requisitosCargo\"><span style=\"font-size: 16pt;padding-bottom: 0.5rem\"><strong>Requisitos de Qualifica\u00e7\u00e3o para Ingresso no Cargo<\/strong>:<\/span><br \/>\n<strong>Escolaridade<\/strong>: M\u00e9dio Profissionalizante ou M\u00e9dio Completo + Curso T\u00e9cnico<br \/>\n<strong>Outros<\/strong>: (&#8211;)<br \/>\n<strong>Habilita\u00e7\u00e3o Profissional.<\/strong><\/div>\n<div class=\"descSumaryCargo\"><span style=\"font-size: 16pt;font-weight: bold;padding-bottom: 0.5rem\">Descri\u00e7\u00e3o Sum\u00e1ria do Cargo:<\/span><br \/>\nExecutar instrumentos musicais; assistir ao professor, programador de shows ou diretor art\u00edstico; executar tarefas de copista e arquivista de m\u00fasica. Colaborar na prepara\u00e7\u00e3o e programa\u00e7\u00e3o de peri\u00f3dicos, aulas de m\u00fasica e organiza\u00e7\u00e3o de exames e julgamento de provas.<br \/>\nAssessorar nas atividades de ensino, pesquisa e extens\u00e3o. <\/span><\/div>\n<div class=\"atividadesCargo\"><span style=\"font-size: 16pt;font-weight: bold\">Descri\u00e7\u00e3o de Atividades T\u00edpicas do Cargo:<\/span><br \/>\n\u2022Cuidar da prepara\u00e7\u00e3o t\u00e9cnica das m\u00fasicas programadas, estudando as individualmente.<strong><br \/>\n\u2022 Estudar e ensaiar partituras.<br \/>\n\u2022<\/strong> Participar de todos os ensaios, apresenta\u00e7\u00f5es e atividades.<strong><br \/>\n\u2022 Executar tarefas de copista de m\u00fasica.<br \/>\n\u2022 <\/strong>Arquivar a partitura c\u00f3pia e o original, conforme t\u00e9cnica adequada.<strong><br \/>\n\u2022 Dispor partituras para utiliza\u00e7\u00e3o em exibi\u00e7\u00f5es e\/ou aprendizagem.<br \/>\n\u2022<\/strong> Zelar pela manuten\u00e7\u00e3o e conserva\u00e7\u00e3o do arquivo de partituras.<br \/>\n<strong>\u2022 Utilizar recursos de inform\u00e1tica.<br \/>\n\u2022<\/strong> Executar outras tarefas de mesma natureza e n\u00edvel de complexidade associadas ao ambiente organizacional.<\/div>\n<\/div>","protected":false},"excerpt":{"rendered":"<p>T\u00e9cnico em M\u00fasica Esta p\u00e1gina apresenta os dados referentes a carreira dos\/as servidores\/as. N\u00edvel de Classifica\u00e7\u00e3o:\u00a0D Denomina\u00e7\u00e3o do cargo: \u00a0T\u00e9cnico em M\u00fasica C\u00f3digo CBO: 4110-10 Requisitos de Qualifica\u00e7\u00e3o para Ingresso no Cargo: Escolaridade: M\u00e9dio Profissionalizante ou M\u00e9dio Completo + Curso T\u00e9cnico Outros: (&#8211;) Habilita\u00e7\u00e3o Profissional. Descri\u00e7\u00e3o Sum\u00e1ria do Cargo: Executar instrumentos musicais; assistir ao professor, [&hellip;]<\/p>\n","protected":false},"author":21,"featured_media":0,"parent":0,"menu_order":0,"comment_status":"closed","ping_status":"closed","template":"","meta":{"footnotes":""},"class_list":["post-29831","page","type-page","status-publish","hentry"],"_links":{"self":[{"href":"https:\/\/wp.ufpel.edu.br\/progep\/wp-json\/wp\/v2\/pages\/29831","targetHints":{"allow":["GET"]}}],"collection":[{"href":"https:\/\/wp.ufpel.edu.br\/progep\/wp-json\/wp\/v2\/pages"}],"about":[{"href":"https:\/\/wp.ufpel.edu.br\/progep\/wp-json\/wp\/v2\/types\/page"}],"author":[{"embeddable":true,"href":"https:\/\/wp.ufpel.edu.br\/progep\/wp-json\/wp\/v2\/users\/21"}],"replies":[{"embeddable":true,"href":"https:\/\/wp.ufpel.edu.br\/progep\/wp-json\/wp\/v2\/comments?post=29831"}],"version-history":[{"count":4,"href":"https:\/\/wp.ufpel.edu.br\/progep\/wp-json\/wp\/v2\/pages\/29831\/revisions"}],"predecessor-version":[{"id":34704,"href":"https:\/\/wp.ufpel.edu.br\/progep\/wp-json\/wp\/v2\/pages\/29831\/revisions\/34704"}],"wp:attachment":[{"href":"https:\/\/wp.ufpel.edu.br\/progep\/wp-json\/wp\/v2\/media?parent=29831"}],"curies":[{"name":"wp","href":"https:\/\/api.w.org\/{rel}","templated":true}]}}