{"id":29824,"date":"2025-02-28T15:48:49","date_gmt":"2025-02-28T18:48:49","guid":{"rendered":"https:\/\/wp.ufpel.edu.br\/progep\/?page_id=29824"},"modified":"2025-07-04T12:56:15","modified_gmt":"2025-07-04T15:56:15","slug":"tecnico-em-meteorologia","status":"publish","type":"page","link":"https:\/\/wp.ufpel.edu.br\/progep\/tecnico-em-meteorologia\/","title":{"rendered":"Cargos TAE: T\u00e9cnico em Meteorologia"},"content":{"rendered":"\n<div class=\"wp-block-group\"><div class=\"wp-block-group__inner-container is-layout-constrained wp-block-group-is-layout-constrained\">\n<div class=\"logoTituloModelStyle\"><img class=\"size-medium wp-image-27184 alignleft\" src=\"https:\/\/wp.ufpel.edu.br\/progep\/files\/2025\/03\/logo-progep_atualizacao-nome_AZUL.png\" alt=\"\" \/><\/p>\n<div><strong>T\u00e9cnico em Meteorologia<\/strong><\/div>\n<\/div>\n<hr class=\"hrModelStyle\" \/>\n<div class=\"descriptionModelStyle\">Esta p\u00e1gina apresenta os dados referentes a carreira dos\/as servidores\/as.<\/div>\n<\/div><\/div>\n\n\n<div class=\"cargoDescriptionStyle\">\n<div class=\"infoCargo\">N\u00edvel de Classifica\u00e7\u00e3o:\u00a0<strong>D<\/strong><br \/>\nDenomina\u00e7\u00e3o do cargo:<br \/>\n<strong>\u00a0T\u00e9cnico em Meteorologia<\/strong><br \/>\nC\u00f3digo CBO: <strong>3115-10<\/strong><\/div>\n<div class=\"requisitosCargo\"><span style=\"font-size: 16pt;padding-bottom: 0.5rem\"><strong>Requisitos de Qualifica\u00e7\u00e3o para Ingresso no Cargo<\/strong>:<br \/>\n<strong>Escolaridade<\/strong>: 2\u00ba grau completo\/profissionalizante e\/ou de especializa\u00e7\u00e3o<br \/>\n<strong>Outros<\/strong>: \u00a0<strong>(\u2013)<\/strong><br \/>\n<strong>Habilita\u00e7\u00e3o Profissional.<\/strong><\/div>\n<div class=\"descSumaryCargo\"><span style=\"font-size: 16pt;font-weight: bold;padding-bottom: 0.5rem\">Descri\u00e7\u00e3o Sum\u00e1ria do Cargo:<\/span><br \/>\nRealizar investiga\u00e7\u00f5es sobre as condi\u00e7\u00f5es meteorol\u00f3gicas de uma \u00e1rea geogr\u00e1fica determinada, recolhendo dados por meio de instrumentos e equipamentos de observa\u00e7\u00e3o apropriados, a fim de fornecer descri\u00e7\u00e3o e previs\u00e3o das mesmas. <\/div>\n<div class=\"atividadesCargo\"><span style=\"font-size: 16pt;font-weight: bold\">Descri\u00e7\u00e3o de Atividades T\u00edpicas do Cargo:<\/span><br \/>\n\u2022 Realizar observa\u00e7\u00f5es metereol\u00f3gicas de superf\u00edcie e altitude, utilizando radioteolitos, radiossa\u00eddas, bal\u00f5es, sat\u00e9lites artificiais, e outros meios apropriados, para obter sobre as condi\u00e7\u00f5es atmosf\u00e9ricas.<strong><br \/>\n\u2022 Manter contatos com outras esta\u00e7\u00f5es ou postos meteorol\u00f3gicos, servindo de comunica\u00e7\u00e3o formal ou codificada para receber e transmitir informa\u00e7\u00f5es meteorol\u00f3gicas.<br \/>\n\u2022<\/strong> Organizar e codificar os dados recebidos e as medi\u00e7\u00f5es efetuadas, empregando simbologia espec\u00edfica, para facilitar sua utiliza\u00e7\u00e3o.<strong><br \/>\n\u2022 Analisar os dados obtidos, interpretando-os e correlacionando-os entre si, para efetuar a descri\u00e7\u00e3o e previs\u00e3o das condi\u00e7\u00f5es meteorol\u00f3gicas.<br \/>\n\u2022 <\/strong>Elaborar cartas, gr\u00e1ficos e diagramas meteorol\u00f3gicos, baseando-se nos dados recolhidos.<strong><br \/>\n\u2022 Efetuar a manuten\u00e7\u00e3o do instrumental meteorol\u00f3gico, vistoriando-o regularmente, para garantir seu perfeito funcionamento.<br \/>\n\u2022 <\/strong>Pode especializar-se em determinado campo da meteorologia ou de sua aplica\u00e7\u00e3o e ser designado de acordo com a especializa\u00e7\u00e3o.<strong><br \/>\n\u2022 Executar outras tarefas de mesma natureza e n\u00edvel de dificuldade.<\/strong><\/div>\n<\/div>","protected":false},"excerpt":{"rendered":"<p>T\u00e9cnico em Meteorologia Esta p\u00e1gina apresenta os dados referentes a carreira dos\/as servidores\/as. N\u00edvel de Classifica\u00e7\u00e3o:\u00a0D Denomina\u00e7\u00e3o do cargo: \u00a0T\u00e9cnico em Meteorologia C\u00f3digo CBO: 3115-10 Requisitos de Qualifica\u00e7\u00e3o para Ingresso no Cargo: Escolaridade: 2\u00ba grau completo\/profissionalizante e\/ou de especializa\u00e7\u00e3o Outros: \u00a0(\u2013) Habilita\u00e7\u00e3o Profissional. Descri\u00e7\u00e3o Sum\u00e1ria do Cargo: Realizar investiga\u00e7\u00f5es sobre as condi\u00e7\u00f5es meteorol\u00f3gicas de uma [&hellip;]<\/p>\n","protected":false},"author":21,"featured_media":0,"parent":0,"menu_order":0,"comment_status":"closed","ping_status":"closed","template":"","meta":{"footnotes":""},"class_list":["post-29824","page","type-page","status-publish","hentry"],"_links":{"self":[{"href":"https:\/\/wp.ufpel.edu.br\/progep\/wp-json\/wp\/v2\/pages\/29824","targetHints":{"allow":["GET"]}}],"collection":[{"href":"https:\/\/wp.ufpel.edu.br\/progep\/wp-json\/wp\/v2\/pages"}],"about":[{"href":"https:\/\/wp.ufpel.edu.br\/progep\/wp-json\/wp\/v2\/types\/page"}],"author":[{"embeddable":true,"href":"https:\/\/wp.ufpel.edu.br\/progep\/wp-json\/wp\/v2\/users\/21"}],"replies":[{"embeddable":true,"href":"https:\/\/wp.ufpel.edu.br\/progep\/wp-json\/wp\/v2\/comments?post=29824"}],"version-history":[{"count":9,"href":"https:\/\/wp.ufpel.edu.br\/progep\/wp-json\/wp\/v2\/pages\/29824\/revisions"}],"predecessor-version":[{"id":34703,"href":"https:\/\/wp.ufpel.edu.br\/progep\/wp-json\/wp\/v2\/pages\/29824\/revisions\/34703"}],"wp:attachment":[{"href":"https:\/\/wp.ufpel.edu.br\/progep\/wp-json\/wp\/v2\/media?parent=29824"}],"curies":[{"name":"wp","href":"https:\/\/api.w.org\/{rel}","templated":true}]}}