{"id":29810,"date":"2025-02-28T15:01:20","date_gmt":"2025-02-28T18:01:20","guid":{"rendered":"https:\/\/wp.ufpel.edu.br\/progep\/?page_id=29810"},"modified":"2025-07-04T12:55:57","modified_gmt":"2025-07-04T15:55:57","slug":"tecnico-em-instrumentacao","status":"publish","type":"page","link":"https:\/\/wp.ufpel.edu.br\/progep\/tecnico-em-instrumentacao\/","title":{"rendered":"Cargos TAE: T\u00e9cnico em Instrumenta\u00e7\u00e3o"},"content":{"rendered":"\n<div class=\"wp-block-group\"><div class=\"wp-block-group__inner-container is-layout-constrained wp-block-group-is-layout-constrained\">\n<div class=\"logoTituloModelStyle\"><img class=\"size-medium wp-image-27184 alignleft\" src=\"https:\/\/wp.ufpel.edu.br\/progep\/files\/2025\/03\/logo-progep_atualizacao-nome_AZUL.png\" alt=\"\" \/><\/p>\n<div><strong>T\u00e9cnico em Instrumenta\u00e7\u00e3o<\/strong><\/div>\n<\/div>\n<hr class=\"hrModelStyle\" \/>\n<div class=\"descriptionModelStyle\">Esta p\u00e1gina apresenta os dados referentes a carreira dos\/as servidores\/as.<\/div>\n<\/div><\/div>\n\n\n<div class=\"cargoDescriptionStyle\">\n<div class=\"infoCargo\">N\u00edvel de Classifica\u00e7\u00e3o:\u00a0<strong>D<\/strong><br \/>\nDenomina\u00e7\u00e3o do cargo:<br \/>\n<strong>T\u00e9cnico em Instrumenta\u00e7\u00e3o<\/strong><br \/>\nC\u00f3digo CBO: <strong>3224-05<\/strong><\/div>\n<div class=\"requisitosCargo\"><span style=\"font-size: 16pt;padding-bottom: 0.5rem\"><strong>Requisitos de Qualifica\u00e7\u00e3o para Ingresso no Cargo<\/strong>:<\/span><br \/>\n<strong>Escolaridade<\/strong>: M\u00e9dio Profissionalizante ou M\u00e9dio Completo + Curso T\u00e9cnico<br \/>\n<strong>Outros<\/strong>:\u00a0\u00a0<strong>(\u2013)<\/strong><br \/>\n<strong>Habilita\u00e7\u00e3o Profissional<\/strong><strong>.<\/strong><\/div>\n<div class=\"descSumaryCargo\"><span style=\"font-size: 16pt;font-weight: bold;padding-bottom: 0.5rem\">Descri\u00e7\u00e3o Sum\u00e1ria do Cargo:<\/span><br \/>\nAnalisar tecnicamente a aquisi\u00e7\u00e3o de produtos e servi\u00e7os de medi\u00e7\u00e3o e de controle.<br \/>\nGerenciar documenta\u00e7\u00e3o t\u00e9cnica e sistemas de confiabilidade; podem coordenar equipes de trabalho; fazer medi\u00e7\u00e3o. Calibrar padr\u00f5es, equipamentos, sistemas e instrumentos de medi\u00e7\u00e3o e de controle. Executar, avaliar e realizar manuten\u00e7\u00e3o preventiva e ou corretiva de equipamentos e instrumentos de medi\u00e7\u00e3o e de controle. Desenvolver, testar, calibrar, operam e reparar instrumentos, aparelhos e equipamentos de medi\u00e7\u00e3o e controles el\u00e9tricos, mec\u00e2nicos, eletromec\u00e2nicos, eletro-hidr\u00e1ulicos e eletr\u00f4nicos.<br \/>\nAssessorar nas atividades de ensino, pesquisa e extens\u00e3o. <\/div>\n<div class=\"atividadesCargo\"><span style=\"font-size: 16pt;font-weight: bold\">Descri\u00e7\u00e3o de Atividades T\u00edpicas do Cargo:<\/span><br \/>\n<strong>\u2022 Contribuir no desenvolvimento de projetos de sistemas de medi\u00e7\u00e3o e controle:<br \/>\n<\/strong>Identificar as vari\u00e1veis envolvidas no processo; determinar posi\u00e7\u00f5es de medi\u00e7\u00e3o e controle de processo; especificar instrumentos de sistemas de medi\u00e7\u00e3o e controle; propor sistema de medi\u00e7\u00e3o e controle; avaliar o desempenho de sistemas de medi\u00e7\u00e3o e controle.<strong><br \/>\n\u2022 Analisar tecnicamente a aquisi\u00e7\u00e3o de produtos e servi\u00e7os de medi\u00e7\u00e3o e controle:<br \/>\n<\/strong>Estabelecer os objetivos da an\u00e1lise; Indicar fornecedores potenciais de produtos e servi\u00e7os de medi\u00e7\u00e3o e controle; testar as caracter\u00edsticas t\u00e9cnicas de produtos e servi\u00e7os dos diversos fornecedores; emitir parecer t\u00e9cnico sobre produtos e servi\u00e7os de medi\u00e7\u00e3o e controle.<strong><br \/>\n\u2022 Gerenciar documenta\u00e7\u00e3o:<br \/>\n<\/strong>Elaborar, analisar e atualizar procedimentos, instru\u00e7\u00f5es t\u00e9cnicas e gerenciais; cadastrar instrumentos de medi\u00e7\u00e3o e controle; elaborar fichas e formul\u00e1rios de registros; emitir laudos e certificados da calibra\u00e7\u00e3o de equipamentos e instrumentos de medi\u00e7\u00e3o e controle; arquivar documenta\u00e7\u00e3o t\u00e9cnica e gerencial gerenciar sistema de confiabilidade; elaborar sistema de codifica\u00e7\u00e3o; estabelecer freq\u00fc\u00eancia de calibra\u00e7\u00e3o; controlar prazos para calibra\u00e7\u00e3o; validar resultados da calibra\u00e7\u00e3o; participar de auditorias internas e externas.<strong><br \/>\n\u2022 Determinar valores de grandezas (medir):<br \/>\n<\/strong>Ler e interpretar desenho t\u00e9cnico; selecionar m\u00e9todos e princ\u00edpios de medi\u00e7\u00e3o; operar padr\u00f5es, equipamentos, sistemas e instrumentos de medi\u00e7\u00e3o e controle; realizar ensaios f\u00edsicos-mec\u00e2nicos; conservar padr\u00f5es, equipamentos, sistemas e instrumentos de medi\u00e7\u00e3o e controle.<strong><br \/>\n\u2022 Calibrar padr\u00f5es, equipamentos, sistemas e instrumentos de medi\u00e7\u00e3o e controle:<br \/>\n<\/strong>Identificar especifica\u00e7\u00f5es t\u00e9cnicas e padr\u00f5es de equipamentos, sistemas e instrumentos de medi\u00e7\u00e3o e controle; monitorar as condi\u00e7\u00f5es ambientais para a calibra\u00e7\u00e3o; inspecionar visualmente padr\u00f5es, equipamentos, sistemas e instrumentos de medi\u00e7\u00e3o e controle; determinar o procedimento de calibra\u00e7\u00e3o; calcular os resultados das medi\u00e7\u00f5es; interpretar os resultados das medi\u00e7\u00f5es; ajustar equipamentos, sistemas e instrumentos de medi\u00e7\u00e3o e controle.<strong><br \/>\n\u2022 Realizar manuten\u00e7\u00e3o de instrumentos de medi\u00e7\u00e3o e controle:<br \/>\n<\/strong>Retirar instrumentos de medi\u00e7\u00e3o e controle; identificar disfun\u00e7\u00f5es em instrumentos de medi\u00e7\u00e3o e controle; relacionar custos e benef\u00edcios da manuten\u00e7\u00e3o; reparar componentes danificados de instrumentos de medi\u00e7\u00e3o e controle; substituir componentes danificados de instrumentos de medi\u00e7\u00e3o e controle; instalar instrumentos de medi\u00e7\u00e3o e controle; planejar manuten\u00e7\u00e3o preventiva, preditiva e corretiva.<strong><br \/>\n\u2022 Utilizar recursos de inform\u00e1tica.<br \/>\n\u2022 Executar outras tarefas de mesma natureza e n\u00edvel de complexidade associadas ao ambiente organizacional.<\/strong><\/div>\n<\/div>","protected":false},"excerpt":{"rendered":"<p>T\u00e9cnico em Instrumenta\u00e7\u00e3o Esta p\u00e1gina apresenta os dados referentes a carreira dos\/as servidores\/as. N\u00edvel de Classifica\u00e7\u00e3o:\u00a0D Denomina\u00e7\u00e3o do cargo: T\u00e9cnico em Instrumenta\u00e7\u00e3o C\u00f3digo CBO: 3224-05 Requisitos de Qualifica\u00e7\u00e3o para Ingresso no Cargo: Escolaridade: M\u00e9dio Profissionalizante ou M\u00e9dio Completo + Curso T\u00e9cnico Outros:\u00a0\u00a0(\u2013) Habilita\u00e7\u00e3o Profissional. Descri\u00e7\u00e3o Sum\u00e1ria do Cargo: Analisar tecnicamente a aquisi\u00e7\u00e3o de produtos e [&hellip;]<\/p>\n","protected":false},"author":21,"featured_media":0,"parent":0,"menu_order":0,"comment_status":"closed","ping_status":"closed","template":"","meta":{"footnotes":""},"class_list":["post-29810","page","type-page","status-publish","hentry"],"_links":{"self":[{"href":"https:\/\/wp.ufpel.edu.br\/progep\/wp-json\/wp\/v2\/pages\/29810","targetHints":{"allow":["GET"]}}],"collection":[{"href":"https:\/\/wp.ufpel.edu.br\/progep\/wp-json\/wp\/v2\/pages"}],"about":[{"href":"https:\/\/wp.ufpel.edu.br\/progep\/wp-json\/wp\/v2\/types\/page"}],"author":[{"embeddable":true,"href":"https:\/\/wp.ufpel.edu.br\/progep\/wp-json\/wp\/v2\/users\/21"}],"replies":[{"embeddable":true,"href":"https:\/\/wp.ufpel.edu.br\/progep\/wp-json\/wp\/v2\/comments?post=29810"}],"version-history":[{"count":7,"href":"https:\/\/wp.ufpel.edu.br\/progep\/wp-json\/wp\/v2\/pages\/29810\/revisions"}],"predecessor-version":[{"id":34702,"href":"https:\/\/wp.ufpel.edu.br\/progep\/wp-json\/wp\/v2\/pages\/29810\/revisions\/34702"}],"wp:attachment":[{"href":"https:\/\/wp.ufpel.edu.br\/progep\/wp-json\/wp\/v2\/media?parent=29810"}],"curies":[{"name":"wp","href":"https:\/\/api.w.org\/{rel}","templated":true}]}}