{"id":29805,"date":"2025-02-28T14:32:50","date_gmt":"2025-02-28T17:32:50","guid":{"rendered":"https:\/\/wp.ufpel.edu.br\/progep\/?page_id=29805"},"modified":"2025-07-04T12:55:40","modified_gmt":"2025-07-04T15:55:40","slug":"tecnico-em-higiene-dental","status":"publish","type":"page","link":"https:\/\/wp.ufpel.edu.br\/progep\/tecnico-em-higiene-dental\/","title":{"rendered":"Cargos TAE: T\u00e9cnico em Higiene Dental"},"content":{"rendered":"\n<div class=\"wp-block-group\"><div class=\"wp-block-group__inner-container is-layout-constrained wp-block-group-is-layout-constrained\">\n<div class=\"logoTituloModelStyle\"><img class=\"size-medium wp-image-27184 alignleft\" src=\"https:\/\/wp.ufpel.edu.br\/progep\/files\/2025\/03\/logo-progep_atualizacao-nome_AZUL.png\" alt=\"\" \/><\/p>\n<div><strong>T\u00e9cnico em Higiene Dental<\/strong><\/div>\n<\/div>\n<hr class=\"hrModelStyle\" \/>\n<div class=\"descriptionModelStyle\">Esta p\u00e1gina apresenta os dados referentes a carreira dos\/as servidores\/as.<\/div>\n<\/div><\/div>\n\n\n<div class=\"cargoDescriptionStyle\">\n<div class=\"infoCargo\">&gt;N\u00edvel de Classifica\u00e7\u00e3o:\u00a0<strong>D<\/strong><br \/>\nDenomina\u00e7\u00e3o do cargo:<br \/>\n<strong>\u00a0T\u00e9cnico em Higiene Dental<\/strong><br \/>\nC\u00f3digo CBO: <strong>3224-05<\/strong><\/div>\n<div class=\"requisitosCargo\"><span style=\"font-size: 16pt;padding-bottom: 0.5rem\"><strong>Requisitos de Qualifica\u00e7\u00e3o para Ingresso no Cargo<\/strong>:<\/span><br \/>\n<strong>Escolaridade<\/strong>: M\u00e9dio Profissionalizante ou M\u00e9dio Completo + Curso T\u00e9cnico<br \/>\n<strong>Outros<\/strong>: \u00a0<strong>(\u2013)<\/strong><br \/>\n<strong>Habilita\u00e7\u00e3o Profissional: <\/strong>Registro no Conselho competente<strong>.<\/strong><\/div>\n<div class=\"descSumaryCargo\"><span style=\"font-size: 16pt;font-weight: bold;padding-bottom: 0.5rem\">Descri\u00e7\u00e3o Sum\u00e1ria do Cargo:<\/span><br \/>\nPlanejar o trabalho t\u00e9cnico-odontol\u00f3gico, de n\u00edvel m\u00e9dio, em consult\u00f3rios, cl\u00ednicas, laborat\u00f3rios de pr\u00f3tese e em \u00f3rg\u00e3os p\u00fablicos de sa\u00fade. Prevenir doen\u00e7a bucal participando de projetos educativos e de orienta\u00e7\u00e3o de higiene bucal. Confeccionar e reparar pr\u00f3teses dent\u00e1rias humanas, animais e art\u00edsticas. Executar procedimentos odontol\u00f3gicos sob supervis\u00e3o do cirurgi\u00e3o dentista. Mobilizar capacidades de comunica\u00e7\u00e3o em palestras, orienta\u00e7\u00f5es e discuss\u00f5es t\u00e9cnicas. As atividades s\u00e3o exercidas conforme normas e procedimentos t\u00e9cnicos e de biosseguran\u00e7a.<br \/>\nAssessorar nas atividades de ensino, pesquisa e extens\u00e3o. <\/div>\n<div class=\"atividadesCargo\"><span style=\"font-size: 16pt;font-weight: bold\">Descri\u00e7\u00e3o de Atividades T\u00edpicas do Cargo:<\/span><br \/>\n<strong>\u2022 Planejar o trabalho t\u00e9cnico-odontol\u00f3gico:<br \/>\n<\/strong>Agendar consultas; triar pacientes; realizar a anamnese do paciente; elaborar projetos para a sa\u00fade bucal; interpretar informa\u00e7\u00f5es t\u00e9cnicas; agilizar o atendimento odontol\u00f3gico; preparar equipamentos e instrumental para o uso; sugerir ao cliente op\u00e7\u00f5es de materiais de higiene bucal e ou tipos de pr\u00f3tese; estimar prazos.<strong><br \/>\n\u2022 Prevenir doen\u00e7a bucal:<br \/>\n<\/strong>Executar projetos educativos; ensinar t\u00e9cnicas de higiene bucal; evidenciar placa bacteriana;<br \/>\nrealizar escova\u00e7\u00e3o supervisionada; atuar junto \u00e0 equipe de elabora\u00e7\u00e3o do \u00edndice epidemiol\u00f3gico; aplicar m\u00e9todos preventivos para controle da c\u00e1rie dental.<strong><br \/>\n\u2022 Confeccionar pr\u00f3teses dent\u00e1rias humanas, animais e art\u00edsticas:<br \/>\n<\/strong>Confeccionar moldeiras e ou provis\u00f3rios; escolher a cor da pr\u00f3tese, direto com o paciente; definir forma e tamanho do(s) dente(s); restaurar dentes; ajustar tecnicamente a pr\u00f3tese no articulador; dar acabamento e polimento em pr\u00f3teses; confeccionar modelos em gesso; va-zar moldes; montar modelos em articuladores; prensar pe\u00e7as prot\u00e9ticas em resina acr\u00edlica; fundir pe\u00e7as met\u00e1licas; executar inclus\u00f5es simples; reproduzir modelos.<strong><br \/>\n\u2022 Executar procedimentos odontol\u00f3gicos sob supervis\u00e3o:<br \/>\n<\/strong>Efetuar profilaxia; realizar isolamento absoluto e ou relativo; aplicar selante; aplicar cariost\u00e1ti-co nos dentes; aplicar fl\u00faor t\u00f3pico; fazer tomada e ou revela\u00e7\u00e3o de raios-X, periapical e oclusal; sondar a profundidade da bolsa periodontal; efetuar raspagem supragengival; inserir ma-teriais; condensar materiais; esculpir materiais; polir dentes e restaura\u00e7\u00f5es; remover suturas; moldar arcada dent\u00e1ria; fixar provis\u00f3rios; verificar resultado dos procedimentos<strong>.<br \/>\n\u2022 Administrar pessoal e recursos financeiros e materiais:<br \/>\n<\/strong>Controlar entrada e sa\u00edda de trabalhos; estabelecer metas de trabalho; treinar pessoal auxiliar; distribuir trabalhos programados para o dia; coordenar auxiliares; supervisionar auxiliares; estabelecer roteiro de entrega e retirada dos trabalhos; preparar or\u00e7amentos; controlar estoque de material e instrumental.<strong><br \/>\n\u2022 Trabalhar com seguran\u00e7a:<br \/>\n<\/strong>Usar equipamentos de prote\u00e7\u00e3o individual (EPI); fazer assepsia da sala e ou equipamentos; desinfectar instrumental e ou moldagens; esterilizar instrumental; providenciar o acondicionamento e destino do lixo; acondicionar materiais perfurocortante para descarte; seguir padr\u00f5es ergon\u00f4micos; armazenar material esterilizado; cumprir normas complementares de biosseguran\u00e7a e seguran\u00e7a.<strong><br \/>\n\u2022 Utilizar recursos de inform\u00e1tica.<br \/>\n\u2022Executar outras tarefas de mesma natureza e n\u00edvel de complexidade associadas ao ambiente organizacional.<\/strong><\/div>\n<\/div>","protected":false},"excerpt":{"rendered":"<p>T\u00e9cnico em Higiene Dental Esta p\u00e1gina apresenta os dados referentes a carreira dos\/as servidores\/as. &gt;N\u00edvel de Classifica\u00e7\u00e3o:\u00a0D Denomina\u00e7\u00e3o do cargo: \u00a0T\u00e9cnico em Higiene Dental C\u00f3digo CBO: 3224-05 Requisitos de Qualifica\u00e7\u00e3o para Ingresso no Cargo: Escolaridade: M\u00e9dio Profissionalizante ou M\u00e9dio Completo + Curso T\u00e9cnico Outros: \u00a0(\u2013) Habilita\u00e7\u00e3o Profissional: Registro no Conselho competente. Descri\u00e7\u00e3o Sum\u00e1ria do Cargo: [&hellip;]<\/p>\n","protected":false},"author":21,"featured_media":0,"parent":0,"menu_order":0,"comment_status":"closed","ping_status":"closed","template":"","meta":{"footnotes":""},"class_list":["post-29805","page","type-page","status-publish","hentry"],"_links":{"self":[{"href":"https:\/\/wp.ufpel.edu.br\/progep\/wp-json\/wp\/v2\/pages\/29805","targetHints":{"allow":["GET"]}}],"collection":[{"href":"https:\/\/wp.ufpel.edu.br\/progep\/wp-json\/wp\/v2\/pages"}],"about":[{"href":"https:\/\/wp.ufpel.edu.br\/progep\/wp-json\/wp\/v2\/types\/page"}],"author":[{"embeddable":true,"href":"https:\/\/wp.ufpel.edu.br\/progep\/wp-json\/wp\/v2\/users\/21"}],"replies":[{"embeddable":true,"href":"https:\/\/wp.ufpel.edu.br\/progep\/wp-json\/wp\/v2\/comments?post=29805"}],"version-history":[{"count":7,"href":"https:\/\/wp.ufpel.edu.br\/progep\/wp-json\/wp\/v2\/pages\/29805\/revisions"}],"predecessor-version":[{"id":34700,"href":"https:\/\/wp.ufpel.edu.br\/progep\/wp-json\/wp\/v2\/pages\/29805\/revisions\/34700"}],"wp:attachment":[{"href":"https:\/\/wp.ufpel.edu.br\/progep\/wp-json\/wp\/v2\/media?parent=29805"}],"curies":[{"name":"wp","href":"https:\/\/api.w.org\/{rel}","templated":true}]}}